{"id":5587,"date":"2019-10-30T15:21:59","date_gmt":"2019-10-30T14:21:59","guid":{"rendered":"https:\/\/quantum.com.pl\/?post_type=product&#038;p=5587"},"modified":"2020-05-17T22:41:05","modified_gmt":"2020-05-17T20:41:05","slug":"roc254a","status":"publish","type":"product","link":"https:\/\/quantum.com.pl\/pl\/product\/roc254a\/","title":{"rendered":"ROC254A"},"content":{"rendered":"<h4>Virtual superkomputer bez wentylatora 19&#8243;1U Rackmount jest nap\u0119dzany przez procesor Intel\u00ae Xeon\u00aeD-1541 (2.1 GHz, 8 Cores, 16 Threads, 12 MB Cache), zapewniaj\u0105c doskona\u0142\u0105 wydajno\u015b\u0107 przetwarzania danych i wysok\u0105 elastyczno\u015b\u0107 aplikacji.<\/h4>\n<p>&nbsp;<\/p>\n<p>Dzi\u0119ki 44 mm wysoko\u015bci i 380 mm g\u0142\u0119boko\u015bci nadaje si\u0119 zar\u00f3wno do monta\u017cu typu &#8222;rack mount&#8221;, &#8222;wall mount&#8221;, jak i monta\u017cu samodzielnego. Rury cieplne i radiatory s\u0105 skonstruowane zar\u00f3wno na poziomie komponent\u00f3w, jak i samego systemu. Otwory wentylacyjne o strukturze plastra miodu s\u0105 umiejscowione u g\u00f3ry, po bokach i z ty\u0142u, aby umo\u017cliwi\u0107 naturalne ch\u0142odzenie konwekcyjne.<\/p>\n<p>Konstrukcja zasilacza ROC254A jest przystosowana do zasilania pr\u0105dem przemiennym o napi\u0119ciu 100\u2013240V, co umo\u017cliwia elastyczne stosowanie. ROC254A spe\u0142nia wymagania dla wbudowanych aplikacji komputerowych do zastosowa\u0144 przemys\u0142owych, w\u0142\u0105czaj\u0105c w to przemys\u0142ow\u0105 platform\u0119 komputerow\u0105, transakcje, multimedialn\u0105 stacj\u0119 robocz\u0105, komputer samochodowy czy serwer sieciowy.<\/p>\n<h4>Cechy szczeg\u00f3lne:<\/h4>\n<ul>\n<li>Zgodno\u015b\u0107 z MIL-STD 810G<\/li>\n<li>Procesor Intel\u00ae Xeon\u00ae D-1541<\/li>\n<li>Do 128 GB rejestracji ECC RDIMM DDR4-2400 MHz<\/li>\n<li>1 x VGA, 6 x porty USB<\/li>\n<li>2 x Gigabit Ethernet, 1 x IPMI<\/li>\n<li>1 x gniazdo rozszerze\u0144 PCIe 3.0 x16<\/li>\n<li>Rozszerzona temperatura pracy: -10\u00b0C do 60\u00b0C<\/li>\n<\/ul>\n<p><img loading=\"lazy\" decoding=\"async\" class=\"aligncenter size-full wp-image-5597\" src=\"https:\/\/quantum.com.pl\/wp-content\/uploads\/2019\/10\/ROC254A_Picture.jpeg\" alt=\"ROC254A\" width=\"1058\" height=\"600\" srcset=\"https:\/\/quantum.com.pl\/wp-content\/uploads\/2019\/10\/ROC254A_Picture.jpeg 1058w, https:\/\/quantum.com.pl\/wp-content\/uploads\/2019\/10\/ROC254A_Picture-300x170.jpeg 300w, https:\/\/quantum.com.pl\/wp-content\/uploads\/2019\/10\/ROC254A_Picture-768x436.jpeg 768w, https:\/\/quantum.com.pl\/wp-content\/uploads\/2019\/10\/ROC254A_Picture-1024x581.jpeg 1024w, https:\/\/quantum.com.pl\/wp-content\/uploads\/2019\/10\/ROC254A_Picture-860x488.jpeg 860w, https:\/\/quantum.com.pl\/wp-content\/uploads\/2019\/10\/ROC254A_Picture-600x340.jpeg 600w\" sizes=\"auto, (max-width: 1058px) 100vw, 1058px\" \/><\/p>\n<h4>Dwustronne rozwi\u0105zanie termiczne, konstrukcja bez wentylatora dla niewielkich rozmiar\u00f3w 1U<\/h4>\n<p>Mimo po\u0142\u0105czenia du\u017cej mocy obliczeniowej procesora i wydajno\u015bci karty graficznej generuj\u0105cych spore ciep\u0142o, PERFECTRON zapewnia ponadprzeci\u0119tn\u0105 termiczn\u0105 konstrukcj\u0119 systemu, a tym samym \u2013 doskona\u0142\u0105 funkcjonalno\u015b\u0107 w wymagaj\u0105cym \u015brodowisku. ROC254A przyjmuje dwustronne rozwi\u0105zanie termiczne, miedziany rozpraszacz ciep\u0142a bezpo\u015brednio styka si\u0119 ze \u017ar\u00f3d\u0142em ciep\u0142a w komponentach procesora i graficznym GPU, aby szybko je zaabsorbowa\u0107 i przenie\u015b\u0107 do heat pipe&#8217;a; heat pipe z kolei przeprowadza dwufazowy transfer ciep\u0142a, polegaj\u0105cy na zmianie fazy ciecz-para, a aluminiowy radiator szybko rozprasza ciep\u0142o do otaczaj\u0105cego powietrza.\u00a0Obie strony rozwi\u0105zania termicznego s\u0105 skierowane g\u0142\u00f3wnie dla procesora. Dzi\u0119ki unikalnej konstrukcji termicznej PERFECTRON jest w stanie zintegrowa\u0107 procesor o wysokim zu\u017cyciu energii z tak w\u0105skim systemem bez wentylatora, jakim jest 1U.<\/p>\n<p><img loading=\"lazy\" decoding=\"async\" class=\"aligncenter size-full wp-image-5599\" src=\"https:\/\/quantum.com.pl\/wp-content\/uploads\/2019\/10\/ROC254A_Picture2.jpeg\" alt=\"ROC254A\" width=\"412\" height=\"514\" srcset=\"https:\/\/quantum.com.pl\/wp-content\/uploads\/2019\/10\/ROC254A_Picture2.jpeg 412w, https:\/\/quantum.com.pl\/wp-content\/uploads\/2019\/10\/ROC254A_Picture2-240x300.jpeg 240w\" sizes=\"auto, (max-width: 412px) 100vw, 412px\" \/><\/p>\n<p>P\u0142yta g\u0142\u00f3wna systemu<\/p>\n<p><strong>1. Funkcje p\u0142yty g\u0142\u00f3wnej<\/strong><\/p>\n<p>P\u0142yta g\u0142\u00f3wna oferuje optymalizacj\u0119 infrastruktury, \u0142\u0105cz\u0105c wydajno\u015b\u0107 i zaawansowan\u0105 inteligencj\u0119 procesor\u00f3w Intel\u00ae Xeon\u00ae w g\u0119sty, energooszcz\u0119dny system-on-a-chip. Dzi\u0119ki niezawodno\u015bci klasy serwerowej, dost\u0119pno\u015bci i \u0142atwo\u015bci serwisowania (RAS), czym cechuje si\u0119 nasz produkt, jest on w stanie zapewni\u0107 zr\u00f3wnowa\u017cone obliczenia, pami\u0119\u0107 masow\u0105 oraz skuteczne zastosowania jako inteligentne urz\u0105dzenia brzegowe. Zaawansowane komponenty technologiczne oferuj\u0105 najlepsze rozwi\u0105zania zoptymalizowane pod k\u0105tem obci\u0105\u017cenia roboczego i d\u0142ug\u0105 \u017cywotno\u015b\u0107 dzi\u0119ki rodzinie procesor\u00f3w Intel\u00ae Xeon\u00ae D z maksymalnie 128 GB pami\u0119ci DDR4 ECC RDIMM pracuj\u0105cej z cz\u0119stotliwo\u015bci\u0105 2133 MHz, USB 3.0 I\/O, 6 x pami\u0119ci SATA 3.0 lub podw\u00f3jnych 10 port\u00f3w sieciowych GbE LAN.<\/p>\n<p><strong>2. Zasilanie AC-in<\/strong><\/p>\n<p>ROC254A obs\u0142uguje zasilanie pr\u0105dem przemiennym o napi\u0119ciu od 100 do 240V, umo\u017cliwiaj\u0105c stosowanie systemu w r\u00f3\u017cnych typach mocy. Konstrukcja szerokiego zakresu mocy zapewnia niezawodno\u015b\u0107 i d\u0142u\u017csz\u0105 \u017cywotno\u015b\u0107 systemu. Nag\u0142y spadek lub wzrost mocy nie powoduje absolutnie \u017cadnego zagro\u017cenia dla tego inteligentnego systemu.<\/p>\n<h4>3. Niewielki rozmiar<\/h4>\n<p>ROC254A to kompaktowy system klasy przemys\u0142owej niewymagaj\u0105cy do pracy wentylatora. Dzi\u0119ki g\u0142\u0119boko\u015bci zaledwie 380 mm i wysoko\u015bci 44 mm, produkt ten o wielko\u015bci 1U wyr\u00f3\u017cnia si\u0119 zwart\u0105, ale trwa\u0142\u0105 konstrukcj\u0105 zewn\u0119trzn\u0105 i wysoce funkcjonaln\u0105 struktur\u0105 wewn\u0119trzn\u0105.<\/p>\n<p>&nbsp;<\/p>\n<h4>Dane techniczne:<\/h4>\n\n<table id=\"tablepress-256\" class=\"tablepress tablepress-id-256 tbody-has-connected-cells\">\n<thead>\n<tr class=\"row-1\">\n\t<th class=\"column-1\"><strong>Operating Temp.\t<\/strong><\/th><td class=\"column-2\"><\/td><th class=\"column-3\">-20\u00b0C ~ +60\u00b0C<br \/>\n<\/th>\n<\/tr>\n<\/thead>\n<tbody class=\"row-striping row-hover\">\n<tr class=\"row-2\">\n\t<td rowspan=\"5\" class=\"column-1\"><strong>System<\/strong><\/td><td class=\"column-2\">CPU<\/td><td class=\"column-3\">Intel\u00ae 22nm Ivy Bridge Processor (Mobile) socket(rPGA988)<br \/>\n<br \/>\nIntel\u00ae Core\u2122 i7-3610QE (4C x 3.3 GHZ), 6M L2 cache (45W)<br \/>\n<br \/>\nIntel\u00ae Core\u2122 i5-3610ME (2C x 2.7 GHZ), 3M L2 cache (35W)<br \/>\n<br \/>\nIntel\u00ae Core\u2122 i3-3120ME (2C x 2.4 GHZ), 3M L2 cache (35W)<\/td>\n<\/tr>\n<tr class=\"row-3\">\n\t<td class=\"column-2\">Chipset<\/td><td class=\"column-3\">Intel\u00ae QM77 Express Chipset (Intel\u00ae BD82QM77 PCH)<br \/>\n<\/td>\n<\/tr>\n<tr class=\"row-4\">\n\t<td class=\"column-2\">Memory Type<\/td><td class=\"column-3\">2 x 204-pin SO-DIMM DDR3 1333\/1600 MHz up to 16GB<br \/>\n<\/td>\n<\/tr>\n<tr class=\"row-5\">\n\t<td class=\"column-2\">Expansion Slot\t<br \/>\n<\/td><td class=\"column-3\">2 x PCI by PCIe x 1, from PCH<br \/>\n<br \/>\n1 x Mini PCIe for GEN2<\/td>\n<\/tr>\n<tr class=\"row-6\">\n\t<td class=\"column-2\">Storage Device<\/td><td class=\"column-3\">\t2 x 2.5\" SATA HDD\/SSD (Easy Swap 2.5\" HDD cage)<br \/>\nSupports RAID 0,1<\/td>\n<\/tr>\n<tr class=\"row-7\">\n\t<td rowspan=\"5\" class=\"column-1\"><strong>Front I\/O\t<\/strong><\/td><td class=\"column-2\">Power Button<\/td><td class=\"column-3\">1<\/td>\n<\/tr>\n<tr class=\"row-8\">\n\t<td class=\"column-2\">Power LED<\/td><td class=\"column-3\">1<\/td>\n<\/tr>\n<tr class=\"row-9\">\n\t<td class=\"column-2\">HDD LED<\/td><td class=\"column-3\">1<\/td>\n<\/tr>\n<tr class=\"row-10\">\n\t<td class=\"column-2\">USB<\/td><td class=\"column-3\">2 x USB 2.0<br \/>\n<\/td>\n<\/tr>\n<tr class=\"row-11\">\n\t<td class=\"column-2\">Reset<\/td><td class=\"column-3\">1<\/td>\n<\/tr>\n<tr class=\"row-12\">\n\t<td rowspan=\"9\" class=\"column-1\"><strong>Rear I\/O\t<\/strong><\/td><td class=\"column-2\">VGA<\/td><td class=\"column-3\">1 x 15-pin VGA connector (female)<br \/>\n<\/td>\n<\/tr>\n<tr class=\"row-13\">\n\t<td class=\"column-2\">DVI-D<\/td><td class=\"column-3\">1 x 25-pin DVI-D connector (female)<br \/>\n<\/td>\n<\/tr>\n<tr class=\"row-14\">\n\t<td class=\"column-2\">HDMI<\/td><td class=\"column-3\">1 x 19-pin HDMI A Type connector (female)<br \/>\n<\/td>\n<\/tr>\n<tr class=\"row-15\">\n\t<td class=\"column-2\">Ethernet<\/td><td class=\"column-3\">Intel\u00ae 82579LM &amp; 82574IT GbE LAN (support 10\/100\/1000 Mbps for x2 RJ45 ports)<br \/>\n<\/td>\n<\/tr>\n<tr class=\"row-16\">\n\t<td class=\"column-2\">Audio<\/td><td class=\"column-3\">Mic-in, Line-out<br \/>\n<\/td>\n<\/tr>\n<tr class=\"row-17\">\n\t<td class=\"column-2\">COM<\/td><td class=\"column-3\">1 x RS232\/422\/485<br \/>\n<\/td>\n<\/tr>\n<tr class=\"row-18\">\n\t<td class=\"column-2\"><\/td><td class=\"column-3\"><strong>Serial Signals<br \/>\n<\/strong><\/td>\n<\/tr>\n<tr class=\"row-19\">\n\t<td class=\"column-2\"><\/td><td class=\"column-3\">RS232: DCD-, RXD, TXD, DTR-, GND, DSR-, RTS-, CTS-<br \/>\n<br \/>\nRS422: TX-, RX+, TX+, RX-, GND,<br \/>\n<br \/>\nRS485: DATA-, DATA+, GND<\/td>\n<\/tr>\n<tr class=\"row-20\">\n\t<td class=\"column-2\">USB<\/td><td class=\"column-3\">4 x USB 3.0<br \/>\n<\/td>\n<\/tr>\n<tr class=\"row-21\">\n\t<td rowspan=\"2\" class=\"column-1\"><strong>OS support list\t<\/strong><\/td><td class=\"column-2\">Windows<\/td><td class=\"column-3\">Windows 7 x32\/ x64\u3001Windows 8.1 x32\/ x64\u3001Windows 10 x32\/ x64TBD<br \/>\n<\/td>\n<\/tr>\n<tr class=\"row-22\">\n\t<td class=\"column-2\">Linux<\/td><td class=\"column-3\">Open SUSE 12.2\u3001Ubuntu 12.04<\/td>\n<\/tr>\n<tr class=\"row-23\">\n\t<td rowspan=\"5\" class=\"column-1\"><strong>Mechanical and Environment<br \/>\n<\/strong><\/td><td class=\"column-2\">Power Requirement<\/td><td class=\"column-3\">100V to 240V AC-in<br \/>\n<\/td>\n<\/tr>\n<tr class=\"row-24\">\n\t<td class=\"column-2\">Dimension<\/td><td class=\"column-3\">440 x 44 x 380 mm (17.32\" x 1.73\" x 14.96\")<br \/>\n<\/td>\n<\/tr>\n<tr class=\"row-25\">\n\t<td class=\"column-2\">Operating Temp.<\/td><td class=\"column-3\">-20 to 60\u00b0C (ambient with air flow)<br \/>\n<\/td>\n<\/tr>\n<tr class=\"row-26\">\n\t<td class=\"column-2\">Storage Temp.<\/td><td class=\"column-3\">-20 to 80\u00b0C<br \/>\n<\/td>\n<\/tr>\n<tr class=\"row-27\">\n\t<td class=\"column-2\">Relative Humidity<\/td><td class=\"column-3\">10% to 90%, non-condensing<br \/>\n<\/td>\n<\/tr>\n<tr class=\"row-28\">\n\t<td class=\"column-1\"><strong>Certifications<br \/>\n<\/strong><\/td><td class=\"column-2\">EMC<\/td><td class=\"column-3\">CE, FCC<\/td>\n<\/tr>\n<\/tbody>\n<\/table>\n<!-- #tablepress-256 from cache -->\n<div id=\"tw-target-text-container\" class=\"tw-ta-container tw-nfl\">\n<pre id=\"tw-target-text\" class=\"tw-data-text tw-text-large tw-ta\" dir=\"ltr\" data-placeholder=\"T\u0142umaczenie\"><\/pre>\n<\/div>\n","protected":false},"excerpt":{"rendered":"<p>Virtual superkomputer bez wentylatora 19&#8243;1U Rackmount jest nap\u0119dzany przez procesor Intel\u00ae Xeon\u00aeD-1541 (2.1 GHz, 8 Cores, 16 Threads, 12 MB Cache), zapewniaj\u0105c doskona\u0142\u0105 wydajno\u015b\u0107 przetwarzania danych i wysok\u0105 elastyczno\u015b\u0107 aplikacji.<\/p>\n","protected":false},"featured_media":11172,"template":"","meta":{"_acf_changed":false,"inline_featured_image":false,"_monsterinsights_skip_tracking":false,"_monsterinsights_sitenote_active":false,"_monsterinsights_sitenote_note":"","_monsterinsights_sitenote_category":0},"product_brand":[],"product_cat":[742,509,739],"product_tag":[],"class_list":{"0":"post-5587","1":"product","2":"type-product","3":"status-publish","4":"has-post-thumbnail","6":"product_cat-1u-fanless-server","7":"product_cat-perfectron","8":"product_cat-servery-rack-19","10":"first","11":"instock","12":"shipping-taxable","13":"product-type-simple"},"acf":[],"_links":{"self":[{"href":"https:\/\/quantum.com.pl\/pl\/wp-json\/wp\/v2\/product\/5587","targetHints":{"allow":["GET"]}}],"collection":[{"href":"https:\/\/quantum.com.pl\/pl\/wp-json\/wp\/v2\/product"}],"about":[{"href":"https:\/\/quantum.com.pl\/pl\/wp-json\/wp\/v2\/types\/product"}],"wp:featuredmedia":[{"embeddable":true,"href":"https:\/\/quantum.com.pl\/pl\/wp-json\/wp\/v2\/media\/11172"}],"wp:attachment":[{"href":"https:\/\/quantum.com.pl\/pl\/wp-json\/wp\/v2\/media?parent=5587"}],"wp:term":[{"taxonomy":"product_brand","embeddable":true,"href":"https:\/\/quantum.com.pl\/pl\/wp-json\/wp\/v2\/product_brand?post=5587"},{"taxonomy":"product_cat","embeddable":true,"href":"https:\/\/quantum.com.pl\/pl\/wp-json\/wp\/v2\/product_cat?post=5587"},{"taxonomy":"product_tag","embeddable":true,"href":"https:\/\/quantum.com.pl\/pl\/wp-json\/wp\/v2\/product_tag?post=5587"}],"curies":[{"name":"wp","href":"https:\/\/api.w.org\/{rel}","templated":true}]}}