{"id":5634,"date":"2019-10-30T19:34:37","date_gmt":"2019-10-30T18:34:37","guid":{"rendered":"https:\/\/quantum.com.pl\/?post_type=product&#038;p=5634"},"modified":"2020-08-25T23:07:20","modified_gmt":"2020-08-25T21:07:20","slug":"horus420","status":"publish","type":"product","link":"https:\/\/quantum.com.pl\/pl\/product\/horus420\/","title":{"rendered":"HORUS420"},"content":{"rendered":"<h4>Rackmount 2U 19&#8243; z procesorem Intel\u00ae Skylake i7-6700, grafika NVIDIA GTX950M, 2x 10GbE, 2x 2,5&#8243; SSD, \u0142atwa tacka wymienna, 2x 12V DC-in, obs\u0142uga rozszerzonej temperatury<br \/>\nNVIDIA\u00ae GTX950M (rdzenie CUDA: 640) \/ GTX1060 (rdzenie CUDA: 1280) \/ GTX1080 (rdzenie CUDA: 2560)<\/h4>\n<ul>\n<li>Intel\u00ae Skylake i7-6700 (4 rdzenie, 4 GHz)<\/li>\n<li>4 x XR-DIMM DDR4 do 64 GB<\/li>\n<li>Karta graficzna NVIDIA GTX950M \/ GTX1060M<\/li>\n<li>Podw\u00f3jny 10 GbE<\/li>\n<li>4 x GbE, 6 x USB<\/li>\n<li>\u0141atwa wymiana tacki 2 x 2,5&#8243; HDD \/ SSD<\/li>\n<li>2 x 12V DC-in<\/li>\n<li>Obs\u0142uga rozszerzonego zakresu temperatur<\/li>\n<li>NVIDIA\u00ae GTX950M (rdzenie CUDA: 640) \/ GTX1060 (rdzenie CUDA: 1280) \/ GTX1080 (rdzenie CUDA: 2560)<\/li>\n<\/ul>\n<p>HORUS420 zosta\u0142 zaprojektowany z procesorem Intel 6. generacji Skylake i7-6700, kt\u00f3ry charakteryzuje si\u0119 wyj\u0105tkow\u0105 wydajno\u015bci\u0105 procesora dzi\u0119ki 4 rdzeniom o taktowaniu do 4 GHz. System w szczeg\u00f3lno\u015bci opiera si\u0119 na\u00a0 karcie graficznej NVIDIA GTX950M z rdzeniami CUDA 640 w celu zapewnienia wysokiej wydajno\u015bci przetwarzania obrazu. Dzi\u0119ki podw\u00f3jnemu 10 GbE, zapewnia wysok\u0105 wydajno\u015b\u0107 transmisji bez op\u00f3\u017anie\u0144 w przypadku masowych danych. HORUS420 posiada solidn\u0105 konstrukcj\u0119 i wysok\u0105 funkcjonalno\u015b\u0107 dzi\u0119ki systemowi zaprojektowanemu specjalnie z dwustronnym rozwi\u0105zaniem termicznym, pozwalaj\u0105cym prezentowa\u0107 najwy\u017csz\u0105 wydajno\u015b\u0107 w trudnych warunkach. HORUS420 obs\u0142uguje rozszerzon\u0105 temperatur\u0119 od -40\u00b0C do 50\u00b0C i wej\u015bcie 2x 2x DC, rezerwuj\u0105c jedno dodatkowe wej\u015bcie 12V DC. U\u017cytkownik mo\u017ce wybra\u0107 lepsz\u0105 kart\u0119 graficzn\u0105 pod k\u0105tem wymaga\u0144 aplikacji i wyposa\u017cy\u0107 wystarczaj\u0105ce \u017ar\u00f3d\u0142o zasilania.<\/p>\n<h4>Dwustronne rozwi\u0105zanie termiczne zapewniaj\u0105ce najwy\u017csz\u0105 wydajno\u015b\u0107 systemu<\/h4>\n<p>Dzi\u0119ki po\u0142\u0105czeniu wysokiej klasy mocy obliczeniowej procesora i graficznej mocy generowanej przez procesor graficzny, STACKRACK zapewnia ponadprzeci\u0119tn\u0105 konstrukcj\u0119 termiczn\u0105, gwarantuj\u0105c doskona\u0142\u0105 wydajno\u015b\u0107 systemu w krytycznym \u015brodowisku. HORUS420 innowacyjnie adoptuje dwustronne rozwi\u0105zanie termiczne z miedzianym rozpraszaczem ciep\u0142a bezpo\u015brednio stykaj\u0105cym si\u0119 z komponentami \u017ar\u00f3de\u0142 ciep\u0142a oraz graficznego procesora, w celu szybkiej absorpcji ciep\u0142a. Nast\u0119pnie przenoszone jest do rury cieplnej. (Rura cieplna to dwufazowy transfer ciep\u0142a polegaj\u0105cy na zmianie fazy ciecz-para cieczy roboczej, kt\u00f3ra mo\u017ce zapewni\u0107 wysok\u0105 wydajno\u015b\u0107 przenoszenia ciep\u0142a). Aluminiowy radiator szybko rozprasza ciep\u0142o do otaczaj\u0105cego powietrza. Z jednej strony rozwi\u0105zanie termiczne dotyczy g\u0142\u00f3wnie procesora Core i7-6700 65 W, a z drugiej &#8211; rozprasza ciep\u0142o w karcie graficznej GTX950M. Dzi\u0119ki unikalnej konstrukcji termicznej HORUS420 mo\u017ce zapewni\u0107 wysok\u0105 wydajno\u015b\u0107 i niezawodno\u015b\u0107 w trudnych warunkach. Dzi\u0119ki zintegrowaniu opcjonalnych zestaw\u00f3w aktywnych wentylator\u00f3w ch\u0142odz\u0105cych, procesor systemowy i7-6700 i GPU GTX950M pracuj\u0105 na pe\u0142nych obrotach bez zak\u0142\u00f3ce\u0144 podczas pracy w \u015brodowisku o podwy\u017cszonej temperaturze -40\u00b0C do 50\u00b0C.<\/p>\n<h4>Dual 10 GbE oferuje wysok\u0105 wydajno\u015b\u0107 i stabiln\u0105 transmisj\u0119<\/h4>\n<p>W \u015bwiecie zaawansowanych technologii u\u017cytkownik oczekuje szybkiej pr\u0119dko\u015bci na urz\u0105dzeniach. STACKRACK HORUS420 oferuje podw\u00f3jny system 10 GbE pozwalaj\u0105cy na szybk\u0105 transmisj\u0119 bez \u017cadnych op\u00f3\u017anie\u0144 i stabiln\u0105 transmisj\u0119. Dzi\u0119ki 10 GbE HORUS420 zapewnia kluczowe ulepszenia pod wzgl\u0119dem przepustowo\u015bci, op\u00f3\u017anienia, skalowalno\u015bci, niezawodno\u015bci i wydajno\u015bci aplikacji w por\u00f3wnaniu z tradycyjnym GbE.<\/p>\n<h4>Wbudowana karta graficzna dla maksymalnie 6 niezale\u017cnych wyj\u015b\u0107 wy\u015bwietlacza<\/h4>\n<p>HORUS420 wbudowuje kart\u0119 graficzn\u0105 z NVIDIA GTX950M \/ GTX1060M zgodnie z wymaganiami u\u017cytkownika. System z kart\u0105 graficzn\u0105 GTX950M mo\u017ce obs\u0142ugiwa\u0107 do 5 niezale\u017cnych wyj\u015b\u0107; z kart\u0105 graficzn\u0105 NVIDIA GTX1060M mo\u017ce obs\u0142u\u017cy\u0107 do 6 niezale\u017cnych wy\u015bwietlaczy. Dzi\u0119ki poziomej instalacji karty graficznej HORUS420 jest w stanie uzyska\u0107 niewielki rozmiar 2U pomimo dodatkowego modu\u0142u graficznego. Atrakcyjno\u015b\u0107 HORUS420A polega na jego\u00a0 kreatywno\u015bci, skalowalno\u015bci i funkcjonalno\u015bci. Mo\u017ce elastycznie dopasowywa\u0107 si\u0119 do r\u00f3\u017cnych \u015brodowisk, bez wzgl\u0119du na to, czy jest umieszczony w maszynowni czy w sterowni.<\/p>\n<h4>Wydajny procesor Intel Skylake Core i7-6700<\/h4>\n<p>HORUS420 jest oparty na p\u0142ycie g\u0142\u00f3wnej ABX formatu ATX, zasilanej przez procesor Skylake Core i7-6700 6. generacji Intel, procesor Skylake o doskona\u0142ej wydajno\u015bci procesora i grafiki, zapewniaj\u0105cy czterordzeniowe taktowanie do 4 GHz przy niewielkich rozmiarach w rackmonut 2U.<\/p>\n<h4>Bogaty interfejs I\/O<\/h4>\n<p>HORUS420 wyposa\u017cono w rozbudowany interfejs I\/O, aby spe\u0142ni\u0107 r\u00f3\u017cne wymagania aplikacji. P\u0142yta obs\u0142uguje cztery pami\u0119ci RAM XR-DIMM o pojemno\u015bci do 64 GB, oferuje 4x LAN, 10x USB i 6x COM do pod\u0142\u0105czania urz\u0105dze\u0144, a 4x Mini PCIe, 1x PCIex8 i 1x PCIex4 mog\u0105 doda\u0107 dodatkowe funkcje dla r\u00f3\u017cnych wymaga\u0144. Z gniazdem MXM mo\u017cna zintegrowa\u0107 kart\u0119 graficzn\u0105 w celu przetwarzania obrazu.<\/p>\n","protected":false},"excerpt":{"rendered":"<p>HORUS420 zosta\u0142 zaprojektowany z procesorem Intel 6. generacji Skylake i7-6700, kt\u00f3ry charakteryzuje si\u0119 wyj\u0105tkow\u0105 wydajno\u015bci\u0105 procesora dzi\u0119ki 4 rdzeniom o taktowaniu do 4 GHz. System w szczeg\u00f3lno\u015bci opiera si\u0119 na\u00a0 karcie graficznej NVIDIA GTX950M z rdzeniami CUDA 640 w celu zapewnienia wysokiej wydajno\u015bci przetwarzania obrazu. Dzi\u0119ki podw\u00f3jnemu 10 GbE, zapewnia wysok\u0105 wydajno\u015b\u0107 transmisji bez op\u00f3\u017anie\u0144 w przypadku masowych danych.<\/p>\n","protected":false},"featured_media":11140,"template":"","meta":{"_acf_changed":false,"inline_featured_image":false,"_monsterinsights_skip_tracking":false,"_monsterinsights_sitenote_active":false,"_monsterinsights_sitenote_note":"","_monsterinsights_sitenote_category":0},"product_brand":[],"product_cat":[1595,509,701],"product_tag":[],"class_list":{"0":"post-5634","1":"product","2":"type-product","3":"status-publish","4":"has-post-thumbnail","6":"product_cat-obudowy-serwery","7":"product_cat-perfectron","8":"product_cat-serwery-gpu","10":"first","11":"instock","12":"shipping-taxable","13":"product-type-simple"},"acf":[],"_links":{"self":[{"href":"https:\/\/quantum.com.pl\/pl\/wp-json\/wp\/v2\/product\/5634","targetHints":{"allow":["GET"]}}],"collection":[{"href":"https:\/\/quantum.com.pl\/pl\/wp-json\/wp\/v2\/product"}],"about":[{"href":"https:\/\/quantum.com.pl\/pl\/wp-json\/wp\/v2\/types\/product"}],"wp:featuredmedia":[{"embeddable":true,"href":"https:\/\/quantum.com.pl\/pl\/wp-json\/wp\/v2\/media\/11140"}],"wp:attachment":[{"href":"https:\/\/quantum.com.pl\/pl\/wp-json\/wp\/v2\/media?parent=5634"}],"wp:term":[{"taxonomy":"product_brand","embeddable":true,"href":"https:\/\/quantum.com.pl\/pl\/wp-json\/wp\/v2\/product_brand?post=5634"},{"taxonomy":"product_cat","embeddable":true,"href":"https:\/\/quantum.com.pl\/pl\/wp-json\/wp\/v2\/product_cat?post=5634"},{"taxonomy":"product_tag","embeddable":true,"href":"https:\/\/quantum.com.pl\/pl\/wp-json\/wp\/v2\/product_tag?post=5634"}],"curies":[{"name":"wp","href":"https:\/\/api.w.org\/{rel}","templated":true}]}}