{"id":5643,"date":"2019-10-30T20:22:48","date_gmt":"2019-10-30T19:22:48","guid":{"rendered":"https:\/\/quantum.com.pl\/?post_type=product&#038;p=5643"},"modified":"2020-08-25T23:07:20","modified_gmt":"2020-08-25T21:07:20","slug":"horus422a","status":"publish","type":"product","link":"https:\/\/quantum.com.pl\/pl\/product\/horus422a\/","title":{"rendered":"HORUS422A"},"content":{"rendered":"<h4>Rackmount 2U 19&#8243; z procesorem Intel\u00ae Skylake i7-6700, grafika NVIDIA GTX950M, 2x 10GbE, 2x 2,5&#8243; SSD, \u0142atwa tacka wymienna, 2x 12V DC-in, obs\u0142uga rozszerzonej temperatury 5\u00b0C~50\u00b0C<br \/>\nNVIDIA\u00ae GTX950M (rdzenie CUDA: 640) \/ GTX1060 (rdzenie CUDA: 1280) \/ GTX1080 (rdzenie CUDA: 2560)<\/h4>\n<ul>\n<li>Zgodno\u015b\u0107 z MIL-STD 810G<\/li>\n<li>Rdze\u0144 Intel\u00ae 6. generacji i7-6700TE<\/li>\n<li>4 x XR-DIMM DDR4 do 64 GB<\/li>\n<li>Karta RAID RocketRAID 840A<\/li>\n<li>4 x RJ45 LAN, 6 x USB, 1 x konsola RS232<\/li>\n<li>Tacka SSD \/ HDD 12 x 2,5&#8243; Easy swap<\/li>\n<li>Rozszerzona temperatura 5\u00b0C ~ 50\u00b0C<\/li>\n<li>NVIDIA\u00ae GTX950M (rdzenie CUDA: 640) \/ GTX1060 (rdzenie CUDA: 1280) \/ GTX1080 (rdzenie CUDA: 2560)<\/li>\n<\/ul>\n<p>HORUS422A zosta\u0142 zaprojektowany z procesorem Intel 6. generacji Skylake i7-6700TE, kt\u00f3ry oferuje wyj\u0105tkow\u0105 wydajno\u015b\u0107 z czterordzeniowymi cz\u0119stotliwo\u015bciami zegara do 3,4 GHz. System szczeg\u00f3lnie wbudowany w kart\u0119 Highpoint RocketRAID 840A SATA RAID obs\u0142uguje do 12 nap\u0119d\u00f3w SATA \/ SSD.<\/p>\n<p>HORUS422A posiada solidn\u0105 konstrukcj\u0119 i wysok\u0105 funkcjonalno\u015b\u0107 oraz system zaprojektowany specjalnie z dwustronnym rozwi\u0105zaniem termicznym, pozwalaj\u0105cy prezentowa\u0107 najwy\u017csz\u0105 wydajno\u015b\u0107 w trudnych warunkach.<\/p>\n<h4>Dwustronne rozwi\u0105zanie termiczne zapewniaj\u0105ce najwy\u017csz\u0105 wydajno\u015b\u0107 systemu<\/h4>\n<p>Dzi\u0119ki po\u0142\u0105czeniu wysokiej klasy mocy obliczeniowej procesora i graficznej mocy generowanej przez procesor graficzny, STACKRACK zapewnia ponadprzeci\u0119tn\u0105 konstrukcj\u0119 termiczn\u0105, gwarantuj\u0105c doskona\u0142\u0105 wydajno\u015b\u0107 systemu w krytycznym \u015brodowisku. HORUS422 innowacyjnie adoptuje dwustronne rozwi\u0105zanie termiczne z miedzianym rozpraszaczem ciep\u0142a bezpo\u015brednio stykaj\u0105cym si\u0119 z komponentami \u017ar\u00f3de\u0142 ciep\u0142a oraz graficznego procesora, w celu szybkiej absorpcji ciep\u0142a. Nast\u0119pnie przenoszone jest do rury cieplnej. (Rura cieplna to dwufazowy transfer ciep\u0142a polegaj\u0105cy na zmianie fazy ciecz-para cieczy roboczej, kt\u00f3ra mo\u017ce zapewni\u0107 wysok\u0105 wydajno\u015b\u0107 przenoszenia ciep\u0142a). Aluminiowy radiator szybko rozprasza ciep\u0142o do otaczaj\u0105cego powietrza. Z jednej strony rozwi\u0105zanie termiczne dotyczy g\u0142\u00f3wnie procesora Core i7-6700TE 35W, a z drugiej &#8211; rozprasza ciep\u0142o w karcie graficznej RocketRAID 840A. Dzi\u0119ki unikalnej konstrukcji termicznej HORUS422 mo\u017ce zapewni\u0107 wysok\u0105 wydajno\u015b\u0107 i niezawodno\u015b\u0107 w trudnych warunkach.<\/p>\n<h4>Maksymalizowanie wydajno\u015bci pami\u0119ci SATA SSD<\/h4>\n<p>Wydajno\u015b\u0107 RAID 5 Do 6000 MB\/s!<\/p>\n<p>Adaptery magistrali hosta RocketRAID 800 to najszybsze w bran\u017cy kontrolery SATA RAID. Interfejs hosta PCIe Generacja 3.0 i dedykowane kana\u0142y SATA 6 Gb\/s pracuj\u0105 w tandemie, zapewniaj\u0105c niezak\u0142\u00f3con\u0105 wydajno\u015b\u0107 transferu do 16 dysk\u00f3w SSD lub dysk\u00f3w twardych.<\/p>\n<h4>Wydajny procesor Intel Skylake Core i7-6700TE<\/h4>\n<p>HORUS422A jest oparty na p\u0142ycie g\u0142\u00f3wnej formatu ATX ABX oraz na Skylake Core i7-6700TE sz\u00f3stej generacji Intel. Procesor Skylake o doskona\u0142ej wydajno\u015bci procesora i grafiki, zapewnia czterordzeniowe taktowanie do 3,4 GHz w por\u00f3wnaniu do niewielkiego rozmiaru rackmount 2U.<\/p>\n<h4>Bogaty interfejs I\/O<\/h4>\n<p>HORUS422 wyposa\u017cono w rozbudowany interfejs I\/O, aby spe\u0142ni\u0107 r\u00f3\u017cne wymagania aplikacji. P\u0142yta obs\u0142uguje cztery pami\u0119ci RAM XR-DIMM o pojemno\u015bci do 64 GB, oferuje 4x LAN, 10x USB i 6x COM do pod\u0142\u0105czania urz\u0105dze\u0144, a 4x Mini PCIe, 1x PCIex8 i 1x PCIex4 mog\u0105 doda\u0107 dodatkowe funkcje dla r\u00f3\u017cnych wymaga\u0144. Z gniazdem MXM mo\u017cna zintegrowa\u0107 kart\u0119 graficzn\u0105 w celu przetwarzania obrazu.<\/p>\n","protected":false},"excerpt":{"rendered":"<p>HORUS422A zosta\u0142 zaprojektowany z procesorem Intel 6. generacji Skylake i7-6700TE, kt\u00f3ry oferuje wyj\u0105tkow\u0105 wydajno\u015b\u0107 z czterordzeniowymi cz\u0119stotliwo\u015bciami zegara do 3,4 GHz. System szczeg\u00f3lnie wbudowany w kart\u0119 Highpoint RocketRAID 840A SATA RAID obs\u0142uguje do 12 nap\u0119d\u00f3w SATA \/ SSD.<\/p>\n","protected":false},"featured_media":11142,"template":"","meta":{"_acf_changed":false,"inline_featured_image":false,"_monsterinsights_skip_tracking":false,"_monsterinsights_sitenote_active":false,"_monsterinsights_sitenote_note":"","_monsterinsights_sitenote_category":0},"product_brand":[],"product_cat":[1595,509,701],"product_tag":[],"class_list":{"0":"post-5643","1":"product","2":"type-product","3":"status-publish","4":"has-post-thumbnail","6":"product_cat-obudowy-serwery","7":"product_cat-perfectron","8":"product_cat-serwery-gpu","10":"first","11":"instock","12":"shipping-taxable","13":"product-type-simple"},"acf":[],"_links":{"self":[{"href":"https:\/\/quantum.com.pl\/pl\/wp-json\/wp\/v2\/product\/5643","targetHints":{"allow":["GET"]}}],"collection":[{"href":"https:\/\/quantum.com.pl\/pl\/wp-json\/wp\/v2\/product"}],"about":[{"href":"https:\/\/quantum.com.pl\/pl\/wp-json\/wp\/v2\/types\/product"}],"wp:featuredmedia":[{"embeddable":true,"href":"https:\/\/quantum.com.pl\/pl\/wp-json\/wp\/v2\/media\/11142"}],"wp:attachment":[{"href":"https:\/\/quantum.com.pl\/pl\/wp-json\/wp\/v2\/media?parent=5643"}],"wp:term":[{"taxonomy":"product_brand","embeddable":true,"href":"https:\/\/quantum.com.pl\/pl\/wp-json\/wp\/v2\/product_brand?post=5643"},{"taxonomy":"product_cat","embeddable":true,"href":"https:\/\/quantum.com.pl\/pl\/wp-json\/wp\/v2\/product_cat?post=5643"},{"taxonomy":"product_tag","embeddable":true,"href":"https:\/\/quantum.com.pl\/pl\/wp-json\/wp\/v2\/product_tag?post=5643"}],"curies":[{"name":"wp","href":"https:\/\/api.w.org\/{rel}","templated":true}]}}