{"id":5652,"date":"2019-10-30T21:19:00","date_gmt":"2019-10-30T20:19:00","guid":{"rendered":"https:\/\/quantum.com.pl\/?post_type=product&#038;p=5652"},"modified":"2020-08-25T23:07:21","modified_gmt":"2020-08-25T21:07:21","slug":"horus428a","status":"publish","type":"product","link":"https:\/\/quantum.com.pl\/pl\/product\/horus428a\/","title":{"rendered":"HORUS428A"},"content":{"rendered":"<h4>Serwer Rack 2U 19&#8243;(MIL-STD-810G) nap\u0119dzany przez procesor Intel\u00ae Core i7-6700TE, dysk SSD \/ HDD z 8 kieszeniami 2,5&#8243;, obs\u0142uga RAID SAS, temperatura pracy 0\u00b0C ~ 50\u00b0C<br \/>\nNVIDIA\u00ae GTX950M (rdzenie CUDA: 640) \/ GTX1060 (rdzenie CUDA: \/<br \/>\nKarta graficzna GTX1080 (rdzenie CUDA: 2560)<\/h4>\n<ul>\n<li>Zgodno\u015b\u0107 z MIL-STD 810G<\/li>\n<li>Rdze\u0144 Intel\u00ae 6. generacji i7-6700<\/li>\n<li>4 x DDR4 XR-DIMM do 64 GB<\/li>\n<li>Karta SAS RAID<\/li>\n<li>4 x RJ45 LAN, 6 x USB, 1 x port Diplay, 1 x HDMI<\/li>\n<li>8 x 2,5&#8243; \u0142atwa wymiana tacki SSD \/ HDD<\/li>\n<li>Rozszerzona temperatura 0\u00b0C ~ 50\u00b0C<\/li>\n<li>NVIDIA\u00ae GTX950M (rdzenie CUDA: 640) \/ GTX1060M (rdzenie CUDA: \/ GTX1080 (rdzenie CUDA: 2560)<\/li>\n<\/ul>\n<p>Wytrzyma\u0142y system HORUS428A zasilany przez Intel\u00ae Skylake Core i7 6700 (4C x 3,4 GHz do 4,0 GHz), kt\u00f3ry zosta\u0142 zaprojektowany i przetestowany, aby sprosta\u0107 wymaganiom wojskowego poziomu wytrzyma\u0142o\u015bci (MIL-STD-810G) i udowodni\u0142, \u017ce system jest niezawodny (antywibracyjny i wstrz\u0105sowy, szeroki zakres temperatur pracy [0 \u2103 ~ 50 \u2103]) wystarczaj\u0105cy do pracy w trudnych warunkach. Ponadto bogaty I\/O zapewnia maksymaln\u0105 elastyczno\u015b\u0107 w zakresie integracji i konfiguracji z szerok\u0105 gam\u0105 podsystem\u00f3w. HORUS428A to system o wyj\u0105tkowej wydajno\u015bci procesora, bogatym i funkcjonalnym I\/O oraz zmaksymalizowanej wytrzyma\u0142o\u015bci &#8211; z pewno\u015bci\u0105 przyczynia si\u0119 do poprawy jako\u015bci wszystkich operacji naziemnych, morskich i lotniczych.<\/p>\n<h4>Zaawansowany procesor (Intel\u00ae Skylake Core i7 6700)<\/h4>\n<p>HORUS428A jest zastosowany z jednym z najnowszych procesor\u00f3w &#8211; Intel\u00ae Skylake Core i7-6700 &#8211; kt\u00f3ry jest mikroarchitektur\u0105 wykorzystuj\u0105c\u0105 14 mn, tak samo jak jego poprzednik Broadwell. Ten 4-rdzeniowy 8-gwintowy procesor pracuje ze \u015bredni\u0105 cz\u0119stotliwo\u015bci\u0105 taktowania 3,4 GHz, ale jest w stanie przetwarza\u0107 8 rdzeni w architekturze 8 gwint\u00f3w i przyspiesza\u0107 do 4,0 GHz dzi\u0119ki technologii Intel\u00ae Turbo Boost 2.0 podczas szczytowych obci\u0105\u017ce\u0144.<\/p>\n<p><strong>Najlepszy projekt termiczny dla wysokiej klasy procesora<\/strong><\/p>\n<p>PERFECTRON to dostawca rozwi\u0105za\u0144 zorientowanych na badania i rozw\u00f3j, specjalizuj\u0105cych si\u0119 w opracowywaniu wytrzyma\u0142ych system\u00f3w, kt\u00f3re wspieraj\u0105 wysok\u0105 odporno\u015b\u0107 na wstrz\u0105sy i wibracje oraz szeroki zakres temperatur pracy. Aby poradzi\u0107 sobie z wysokim TDP procesora Intel\u00ae Skylake Core i7 6700 (65 W), zastosowano w HORUS428A specjaln\u0105 konstrukcj\u0119 termiczn\u0105 zwan\u0105 \u201edwustronn\u0105 konstrukcj\u0105 termiczn\u0105\u201d. Z ka\u017cdej strony zastosowano trzy r\u00f3\u017cne typy modu\u0142\u00f3w termicznych (miedziane rozpraszacze ciep\u0142a, rury cieplne z par\u0105 ciek\u0142\u0105, aluminiowy radiator), aby uzyska\u0107 skuteczne i wydajne rozpraszanie ciep\u0142a zar\u00f3wno po prawej, jak i po lewej stronie.<\/p>\n<h4>Ogromna pojemno\u015b\u0107<\/h4>\n<p>Cechami HORUS428A jest nie tylko jego niezwyk\u0142a wydajno\u015b\u0107, ale tak\u017ce bogate interfejsy I\/O. HORUS428A jest wyposa\u017cony w 6 x USB (4 x USB 3.0, 2 x USB 2.0), 4 x LAN, 1 x moc wyj\u015bciow\u0105. Dodatkowo, 8 dysk\u00f3w masywnych (do 2 TB) jest instalowanych jako dyski SSD SAS RAID usuwalne, kt\u00f3re mo\u017cna \u0142atwo zamienia\u0107 bez magazynowania systemu.<\/p>\n<h4>Podstawa wytrzyma\u0142ego serwera HORUS428A<\/h4>\n<p>P\u0142yta g\u0142\u00f3wna systemu AB20 jest zastosowana w HORUS428A. Zosta\u0142a opracowana przez PERFECTRON, kt\u00f3ry specjalizuje si\u0119 w opracowywaniu zar\u00f3wno wzmocnionych wbudowanych p\u0142yt, jak i system\u00f3w. Ta wzmocniona p\u0142yta g\u0142\u00f3wna ATX AB20 jest zasilana przez procesor Intel\u00ae Skylake\u00ae Core &#x2122; i7-6700 6. generacji i obs\u0142uguje wytrzyma\u0142\u0105 pami\u0119\u0107 XR-DIMM 64 GB DDR4 oraz liczne interfejsy I \/ O. Jest wystarczaj\u0105co wytrzyma\u0142y, aby dzia\u0142a\u0107 w trudnych warunkach wojskowych.<\/p>\n<ol>\n<li>Obs\u0142uga procesora Intel\u00ae Core &#x2122; i7-6700<\/li>\n<li>4 x XR-DIMM DDR4 do 64 GB<\/li>\n<li>Rozszerzenie: 1x PCIe (x16), 4 x mPCIe (obs\u0142uguje 2 x mSATA), 6 x SATAIII<\/li>\n<li>2 x USB 2.0, 4 x USB 3.0, 4 x GbE, 6 x COM<\/li>\n<li>Multi Display: Obs\u0142uguje VGA, HDMI, DisplayPort<\/li>\n<li>Rozszerzona temperatura pracy: -40\u00b0C ~ 85\u00b0C<\/li>\n<\/ol>\n","protected":false},"excerpt":{"rendered":"<p>Wytrzyma\u0142y system HORUS428A zasilany przez Intel\u00ae Skylake Core i7 6700 (4C x 3,4 GHz do 4,0 GHz), kt\u00f3ry zosta\u0142 zaprojektowany i przetestowany, aby sprosta\u0107 wymaganiom wojskowego poziomu wytrzyma\u0142o\u015bci (MIL-STD-810G) i udowodni\u0142, \u017ce system jest niezawodny (antywibracyjny i wstrz\u0105sowy, szeroki zakres temperatur pracy [0 \u2103 ~ 50 \u2103]) wystarczaj\u0105cy do pracy w trudnych warunkach.<\/p>\n","protected":false},"featured_media":11144,"template":"","meta":{"_acf_changed":false,"inline_featured_image":false,"_monsterinsights_skip_tracking":false,"_monsterinsights_sitenote_active":false,"_monsterinsights_sitenote_note":"","_monsterinsights_sitenote_category":0},"product_brand":[],"product_cat":[1595,509,701],"product_tag":[],"class_list":{"0":"post-5652","1":"product","2":"type-product","3":"status-publish","4":"has-post-thumbnail","6":"product_cat-obudowy-serwery","7":"product_cat-perfectron","8":"product_cat-serwery-gpu","10":"first","11":"instock","12":"shipping-taxable","13":"product-type-simple"},"acf":[],"_links":{"self":[{"href":"https:\/\/quantum.com.pl\/pl\/wp-json\/wp\/v2\/product\/5652","targetHints":{"allow":["GET"]}}],"collection":[{"href":"https:\/\/quantum.com.pl\/pl\/wp-json\/wp\/v2\/product"}],"about":[{"href":"https:\/\/quantum.com.pl\/pl\/wp-json\/wp\/v2\/types\/product"}],"wp:featuredmedia":[{"embeddable":true,"href":"https:\/\/quantum.com.pl\/pl\/wp-json\/wp\/v2\/media\/11144"}],"wp:attachment":[{"href":"https:\/\/quantum.com.pl\/pl\/wp-json\/wp\/v2\/media?parent=5652"}],"wp:term":[{"taxonomy":"product_brand","embeddable":true,"href":"https:\/\/quantum.com.pl\/pl\/wp-json\/wp\/v2\/product_brand?post=5652"},{"taxonomy":"product_cat","embeddable":true,"href":"https:\/\/quantum.com.pl\/pl\/wp-json\/wp\/v2\/product_cat?post=5652"},{"taxonomy":"product_tag","embeddable":true,"href":"https:\/\/quantum.com.pl\/pl\/wp-json\/wp\/v2\/product_tag?post=5652"}],"curies":[{"name":"wp","href":"https:\/\/api.w.org\/{rel}","templated":true}]}}