{"id":5663,"date":"2019-10-30T22:29:49","date_gmt":"2019-10-30T21:29:49","guid":{"rendered":"https:\/\/quantum.com.pl\/?post_type=product&#038;p=5663"},"modified":"2020-08-25T23:07:20","modified_gmt":"2020-08-25T21:07:20","slug":"horus330-x2","status":"publish","type":"product","link":"https:\/\/quantum.com.pl\/pl\/product\/horus330-x2\/","title":{"rendered":"HORUS330-X2"},"content":{"rendered":"<h4>Bezg\u0142o\u015bny serwer GPU o mocy 1,5 U, Procesor Intel\u00ae Xeon\u00ae D, karta graficzna MXM, pr\u0105d sta\u0142y od 9 V do 36 V, temperatura pracy od -20\u00b0C do 50\u00b0C<br \/>\nNVIDIA\u00ae GTX950M (rdzenie CUDA: 640) \/ GTX1050 (rdzenie CUDA: 640) \/ GTX1060 (rdzenie CUDA: 1280)<\/h4>\n<ul>\n<li>Zgodno\u015b\u0107 z MIL-STD 810G<\/li>\n<li>Procesor Intel\u00ae Xeon\u00ae D-1548<\/li>\n<li>2 x DDR4 SO-DIMM do 32 GB pami\u0119ci RAM<\/li>\n<li>Obs\u0142uga kart graficznych MXM<\/li>\n<li>4 x Intel\u00ae Gigabit Ethernet<\/li>\n<li>2 x magistrala CAN<\/li>\n<li>4 x USB, 1 x COM<\/li>\n<li>9V to 36V DC-in<\/li>\n<li>Temp. pracy -20\u00b0C ~ 50\u00b0C<\/li>\n<li>NVIDIA\u00ae GTX950M (rdzenie CUDA: 640) \/ GTX1050 (rdzenie CUDA: 640) \/ GTX1060 (rdzenie CUDA: 1280)<\/li>\n<\/ul>\n<p>HORUS330-X2, 1,5 U bezg\u0142o\u015bny, wytrzyma\u0142y wentylator GPU to pot\u0119\u017cny system nap\u0119dzany przez wielordzeniowy procesor Intel\u00ae Xeon D-1548 (8-rdzeniowy), obs\u0142uguje 2,0 GHz, taktowanie do 2,6 GHz, zapewniaj\u0105ce wysok\u0105 wydajno\u015b\u0107 obliczeniow\u0105. HORUS330-X2 ma nie tylko wyj\u0105tkow\u0105 wydajno\u015b\u0107 procesora, ale tak\u017ce zintegrowan\u0105 kart\u0119 graficzn\u0105 NVIDIA\u00ae GTX950M \/ GTX1050Ti, kt\u00f3ra umo\u017cliwia stosowanie wszelkiego rodzaju aplikacji. HORUS330-X2 zapewnia bogate interfejsy, takie jak 4 x USB 3.0, 1 x port COM, 2 x DisplayPort i 4 x porty LAN. HORUS330-X2 posiada solidn\u0105 konstrukcj\u0119 i wysok\u0105 funkcjonalno\u015b\u0107, a specjalne podw\u00f3jne rozwi\u0105zanie termiczne pozwala\u00a0 prezentowa\u0107 najwy\u017csz\u0105 wydajno\u015b\u0107 w trudnych warunkach. Dzi\u0119ki wytrzyma\u0142ej konstrukcji, system mo\u017cna stosowa\u0107 w automatyzacji o wysokiej klasie oraz w systemie informacji pasa\u017cerskiej w dziedzinie wojska, transportu itp.<\/p>\n<p>Dzi\u0119ki po\u0142\u0105czeniu wysokiej klasy oblicze\u0144 procesora i graficznej mocy generowanej przez procesor graficzny, STACKRACK k\u0142adzie nacisk na zapewnienie ponadprzeci\u0119tnej konstrukcji termicznej, gwarantuj\u0105cej doskona\u0142\u0105 wydajno\u015b\u0107 systemu w krytycznym \u015brodowisku. HORUS330-X2 innowacyjnie adoptuje dwustronne rozwi\u0105zanie termiczne, z miedzianym rozpraszaczem ciep\u0142a bezpo\u015brednio dotykaj\u0105cym procesora komponent\u00f3w \u017ar\u00f3d\u0142a ciep\u0142a i graficznego procesora graficznego w celu szybkiego poch\u0142aniania ciep\u0142a, a nast\u0119pnie przeniesienia do rury cieplnej; rura cieplna to dwufazowy transfer ciep\u0142a polegaj\u0105cy na zmianie fazy ciecz-para cieczy roboczej, kt\u00f3ra mo\u017ce zapewni\u0107 wysok\u0105 wydajno\u015b\u0107 przenoszenia ciep\u0142a. Aluminiowy radiator szybko rozprasza ciep\u0142o do otaczaj\u0105cego powietrza. Z jednej strony rozwi\u0105zanie termiczne dotyczy g\u0142\u00f3wnie procesora Xeon\u00ae D-1548 45 W, a z drugiej strony rozprasza ciep\u0142o w graficznej karcie graficznej GTX950M \/ GTX1050Ti. Dzi\u0119ki unikalnej konstrukcji termicznej, HORUS330-X2 mo\u017ce zapewni\u0107 wysok\u0105 wydajno\u015b\u0107 i niezawodno\u015b\u0107 podczas pracy w rozszerzonym zakresie temperatur od -20\u00b0C do 50\u00b0C.<\/p>\n<p>HORUS330-X2 jest instalowany z kart\u0105 graficzn\u0105 NVIDIA GTX1050Ti GPU (CUDA 768, cz\u0119stotliwo\u015b\u0107 taktowania 1493 MHz), co pozwala na generowanie doskona\u0142ej rozdzielczo\u015bci oraz obs\u0142uguje wysok\u0105 wydajno\u015b\u0107 i p\u0142ynno\u015b\u0107 przetwarzania obrazu przy konkurencyjnym znaku G3D i niskim zu\u017cyciu energii. System cechuje si\u0119 ogromn\u0105 przewag\u0105 w przetwarzaniu obrazu, w tym mapowaniem 2D \/ 3D i przetwarzaniem obrazu w czasie rzeczywistym dla pojazdu autonomicznego, systemem nadzoru do sterowni, innymi systemami nawigacji, radaru, wykrywania, czujnik\u00f3w i lasera na wszystkich urz\u0105dzeniach morskich, naziemnych i powietrznych oraz w przemy\u015ble obronnym, jak i przemys\u0142owym.<\/p>\n<h4>Rozszerzenia I\/O<\/h4>\n<p>HORUS330-X2 zosta\u0142 zaprojektowany, aby spe\u0142ni\u0107 wymagania r\u00f3\u017cnych aplikacji. Opr\u00f3cz standardowego interfejsu I\/O, HORUS330-X2 wyposa\u017cony jest w cztery porty LAN, port COM, magistral\u0119 CAN i 2 moce wyj\u015bciowe z GTX1050Ti. Dzi\u0119ki tym rozszerzeniom HORUS330-X2 mo\u017cna stosowa\u0107 w sterowni lub w aplikacjach pojazd\u00f3w bez kierowcy.<\/p>\n<h4>Wspornik 19&#8243;rackmount<\/h4>\n<p>Mo\u017cliwo\u015b\u0107 utrzymania HORUS330-X2 w cabinecie jest r\u00f3wnie\u017c ulepszonym sposobem na zapewnienie bezpiecze\u0144stwa twojego serwera. STACKRACK zaprojektowa\u0142 19-calowy wspornik do monta\u017cu w stojaku, kt\u00f3ry pozwala na umieszczenie HORUS330-X2 wewn\u0105trz cabinetu w celu ochrony przed zmianami klimatu, kurzem i szkodnikami.<\/p>\n","protected":false},"excerpt":{"rendered":"<p>HORUS330-X2, 1,5 U bezg\u0142o\u015bny, wytrzyma\u0142y wentylator GPU to pot\u0119\u017cny system nap\u0119dzany przez wielordzeniowy procesor Intel\u00ae Xeon D-1548 (8-rdzeniowy), obs\u0142uguje 2,0 GHz, taktowanie do 2,6 GHz, zapewniaj\u0105ce wysok\u0105 wydajno\u015b\u0107 obliczeniow\u0105. HORUS330-X2 ma nie tylko wyj\u0105tkow\u0105 wydajno\u015b\u0107 procesora, ale tak\u017ce zintegrowan\u0105 kart\u0119 graficzn\u0105 NVIDIA\u00ae GTX950M \/ GTX1050Ti, kt\u00f3ra umo\u017cliwia stosowanie wszelkiego rodzaju aplikacji.<\/p>\n","protected":false},"featured_media":11138,"template":"","meta":{"_acf_changed":false,"inline_featured_image":false,"_monsterinsights_skip_tracking":false,"_monsterinsights_sitenote_active":false,"_monsterinsights_sitenote_note":"","_monsterinsights_sitenote_category":0},"product_brand":[],"product_cat":[1595,509,701],"product_tag":[],"class_list":{"0":"post-5663","1":"product","2":"type-product","3":"status-publish","4":"has-post-thumbnail","6":"product_cat-obudowy-serwery","7":"product_cat-perfectron","8":"product_cat-serwery-gpu","10":"first","11":"instock","12":"shipping-taxable","13":"product-type-simple"},"acf":[],"_links":{"self":[{"href":"https:\/\/quantum.com.pl\/pl\/wp-json\/wp\/v2\/product\/5663","targetHints":{"allow":["GET"]}}],"collection":[{"href":"https:\/\/quantum.com.pl\/pl\/wp-json\/wp\/v2\/product"}],"about":[{"href":"https:\/\/quantum.com.pl\/pl\/wp-json\/wp\/v2\/types\/product"}],"wp:featuredmedia":[{"embeddable":true,"href":"https:\/\/quantum.com.pl\/pl\/wp-json\/wp\/v2\/media\/11138"}],"wp:attachment":[{"href":"https:\/\/quantum.com.pl\/pl\/wp-json\/wp\/v2\/media?parent=5663"}],"wp:term":[{"taxonomy":"product_brand","embeddable":true,"href":"https:\/\/quantum.com.pl\/pl\/wp-json\/wp\/v2\/product_brand?post=5663"},{"taxonomy":"product_cat","embeddable":true,"href":"https:\/\/quantum.com.pl\/pl\/wp-json\/wp\/v2\/product_cat?post=5663"},{"taxonomy":"product_tag","embeddable":true,"href":"https:\/\/quantum.com.pl\/pl\/wp-json\/wp\/v2\/product_tag?post=5663"}],"curies":[{"name":"wp","href":"https:\/\/api.w.org\/{rel}","templated":true}]}}