{"id":5737,"date":"2019-10-31T12:21:34","date_gmt":"2019-10-31T11:21:34","guid":{"rendered":"https:\/\/quantum.com.pl\/?post_type=product&#038;p=5737"},"modified":"2022-02-18T14:18:25","modified_gmt":"2022-02-18T13:18:25","slug":"per6760a-serveryrack19","status":"publish","type":"product","link":"https:\/\/quantum.com.pl\/pl\/product\/per6760a-serveryrack19\/","title":{"rendered":"PER6760A"},"content":{"rendered":"<h4>System typu \u201erugged\u201d bez wentylatora Intel\u00ae QM77 z procesorem Intel\u00ae Ivy Bridge Core&#x2122; i7\/i5\/i3, GPU AMD E6760 DPx4,\u00a0szerokim zakresem DC-in od 9V do 24V oraz rozszerzon\u0105 tolerancj\u0105 temperatury (-20 do 60\u00b0C).<\/h4>\n<p>&nbsp;<\/p>\n<p>PER6760A jest przeznaczony do aplikacji wymagaj\u0105cych wielu wy\u015bwietlaczy o wysokiej rozdzielczo\u015bci, a dzi\u0119ki procesorowi Core i CPU moc obliczeniowa jest znakomita. Produkt ten jest w stanie oferowa\u0107 nieprzerwanie doskona\u0142\u0105 cz\u0119stotliwo\u015b\u0107 taktowania 2.3 GHz bez d\u0142awienia procesora. W przypadku monitoringu, sterowni i rozwi\u0105za\u0144 \u015bciennych do telewizor\u00f3w, wy\u015bwietlanie na wielu wy\u015bwietlaczach jest niezb\u0119dn\u0105 cech\u0105. Procesor graficzny zaspokaja t\u0119 potrzeb\u0119, ale r\u00f3wnie\u017c wytwarza znaczne ilo\u015bci ciep\u0142a. Unikalna technika do rozpraszania ciep\u0142a (stworzona przez PERFECTRON) polega na zastosowaniu rur grzewczych i du\u017cych radiator\u00f3w, aby stworzy\u0107 kompletne \u015brodowisko niewymagaj\u0105ce wentylatora.<\/p>\n<p>Szeroki zakres DC-in w konstrukcji z zasilaczem ATX (od 9V do 24V) mo\u017ce chroni\u0107 system przed nag\u0142ymi wahaniami pr\u0105du. Aby zapobiega\u0107 awariom spowodowanym wypadkami lub kolizjami, PER6760A jest wyposa\u017cony w cztery gumowe n\u00f3\u017cki z przodu, co chroni I\/O i wy\u0142\u0105cznik zasilania przed ewentualnymi uszkodzeniami. Uchwyty klasy przemys\u0142owej zamontowane po dw\u00f3ch stronach systemu gwarantuj\u0105 z kolei \u0142atw\u0105 instalacj\u0119 oraz maksymaln\u0105 mobilno\u015b\u0107.<\/p>\n<p>Procesor graficzny AMD E6760 odpowiednio korzysta z mocy GPU, zapewniaj\u0105c barwne i \u017cywe wy\u015bwietlanie zar\u00f3wno w trybie klonowania, jak i rozszerzonym! Obs\u0142uguje szeroki zakres mocy wej\u015bciowej 9V ~ 24V DC-in (przez listw\u0119 zaciskow\u0105).<\/p>\n<h4>Cechy szczeg\u00f3lne:<\/h4>\n<ul>\n<li>Procesor Intel\u00ae Ivy Bridge + Intel QM77 PCH<\/li>\n<li>Wiele wy\u015bwietlaczy: VGA, DVI, HDMI (podw\u00f3jny niezale\u017cny wy\u015bwietlacz)<\/li>\n<li>4 x port wy\u015bwietlacza (4*HD, pojedynczy wy\u015bwietlacz 4K)<\/li>\n<li>Bogaty interfejs I\/O z 5 portami COM, 8 USB, 2 LAN<\/li>\n<li>2 x 2,5\u201d SATA HDD\/SSD<\/li>\n<li>Elastyczna rozbudowa dzi\u0119ki 1 x miniPCIe i 1 x PCI<\/li>\n<li>2 x RJ45 dla po\u0142\u0105czenia Ethernet<\/li>\n<li>Konstrukcja szerokim napi\u0119ciu DC-in (9-24V)<\/li>\n<li>Rozszerzona temperatura pracy: od -20 do 60\u00b0C<\/li>\n<\/ul>\n<p><img loading=\"lazy\" decoding=\"async\" class=\"aligncenter size-full wp-image-5455\" src=\"https:\/\/quantum.com.pl\/wp-content\/uploads\/2019\/10\/PER6760A-sides.jpeg\" alt=\"PER6760A sides\" width=\"1058\" height=\"603\" srcset=\"https:\/\/quantum.com.pl\/wp-content\/uploads\/2019\/10\/PER6760A-sides.jpeg 1058w, https:\/\/quantum.com.pl\/wp-content\/uploads\/2019\/10\/PER6760A-sides-300x171.jpeg 300w, https:\/\/quantum.com.pl\/wp-content\/uploads\/2019\/10\/PER6760A-sides-768x438.jpeg 768w, https:\/\/quantum.com.pl\/wp-content\/uploads\/2019\/10\/PER6760A-sides-1024x584.jpeg 1024w, https:\/\/quantum.com.pl\/wp-content\/uploads\/2019\/10\/PER6760A-sides-860x490.jpeg 860w, https:\/\/quantum.com.pl\/wp-content\/uploads\/2019\/10\/PER6760A-sides-600x342.jpeg 600w\" sizes=\"auto, (max-width: 1058px) 100vw, 1058px\" \/><\/p>\n<h4>Zintegrowane rozwi\u0105zanie termiczne &#8211; po\u0142\u0105czenie czterech heat pipe&#8217;\u00f3w z czystej miedzi i miedzianego heat sinka<\/h4>\n<p>INS8335A, z dynamicznym 4-rdzeniowym procesorem 45W Core i7-3610QE , wymaga rozwi\u0105zania termicznego na r\u00f3wnie wysokim poziomie. Aby osi\u0105gn\u0105\u0107 maksymalne rozpraszanie ciep\u0142a, zaprojektowanie i wdro\u017cenie rur ciep\u0142a jest z\u0142otym kluczem. W tym przypadku zastosowano miedziany radiator i pasywnie ch\u0142odzon\u0105 obudow\u0119, aby stworzy\u0107 skuteczne \u015brodowisko rozpraszania. Struktura czterech heat pipe&#8217;\u00f3w z czystej miedzi ma zapewni\u0107 najwy\u017csz\u0105 sprawno\u015b\u0107 ciepln\u0105. Rurki cieplne s\u0105 w stanie szybko rozproszy\u0107 ciep\u0142o generowane przez wewn\u0119trzny rdze\u0144 procesora podczas jego przetwarzania. Zgodnie z wynikami test\u00f3w Perfectron, ka\u017cda rura cieplna z czystej miedzi ma zdolno\u015b\u0107 rozpraszania 9W ciep\u0142a.<\/p>\n<p>Po\u0142\u0105czenie heat pipe&#8217;\u00f3w przenosi zdolno\u015b\u0107 rozpraszania ciep\u0142a na nowy poziom. Specjalnie zaprojektowany oraz precyzyjnie zintegrowany radiator strukturalny i wbudowane rury cieplne stanowi\u0105 doskona\u0142e rozwi\u0105zanie termiczne bez wentylatora. Gdy procesor osi\u0105ga 100% pe\u0142nej mocy, zastosowanie czterech rur ciep\u0142a z czystej miedzi o grubo\u015bci 6 mm (minimum) pozwala utrzyma\u0107 pe\u0142n\u0105 pr\u0119dko\u015b\u0107 &#8211; 2.3 Ghz!<\/p>\n<h4>Skuteczne urz\u0105dzenia ch\u0142odz\u0105ce dla maksymalnego rozpraszania ciep\u0142a<\/h4>\n<p>Unikalny radiator i rurka ciep\u0142a Perfectron zosta\u0142y zaprojektowane z wielk\u0105 precyzj\u0105. Ka\u017cdy z kluczowych element\u00f3w odprowadzaj\u0105cych ciep\u0142o jest dostosowywany do indywidualnych potrzeb, zgodnie z inn\u0105 struktur\u0105 wewn\u0119trzn\u0105 i zewn\u0119trzn\u0105. Specjalnie zaprojektowany radiator z czystej miedzi jest obrabiany za pomoc\u0105 najbardziej precyzyjnej technologii CNC, przecinaj\u0105c cztery \u015bcie\u017cki o szeroko\u015bci 6,1 mm, dzi\u0119ki czemu rury cieplne o szeroko\u015bci 6 mm mog\u0105 by\u0107 bezproblemowo dopasowane. W por\u00f3wnaniu z konwencjonalnymi sta\u0142ymi przewodnikami ciep\u0142a, takimi jak aluminium, mied\u017a, granit i grafit, kt\u00f3rych przewodno\u015b\u0107 cieplna wynosi od zaledwie 250W\/m\u2022K do 1500W\/m\u2022K, efektywna konstrukcja rurki cieplnej Perfectron o imponuj\u0105co wysokiej przewodno\u015bci cieplnej (5000W\/m\u2022K do 200000W\/m\u2022K), kt\u00f3ra jest 40 razy wy\u017csza ni\u017c standardowe aluminium, gwarantuje na\u0142adowanie systemu do maksymalnej pr\u0119dko\u015bci turbodo\u0142adowania przy minimalnym ca\u0142kowitym wp\u0142ywie.<\/p>\n<p>&nbsp;<\/p>\n<h4>P\u0142yta g\u0142\u00f3wna systemu: Mini-ITX SBC INS8335A<\/h4>\n<p>&nbsp;<\/p>\n<p><strong>1. Wszechmocny procesor Intel Core i7<\/strong><\/p>\n<p>Wytrzyma\u0142y system wymaga jeszcze silniejszego serca, kt\u00f3re podtrzyma \u017cycie we wszystkich trudnych aplikacjach. PER6760A jest zasilany procesorem Intel Core i7, dzi\u0119ki czemu zar\u00f3wno moc obliczeniowa, jak i wytrzyma\u0142o\u015b\u0107 s\u0105 nie do zdarcia.<\/p>\n<p><strong>2. Przemys\u0142owe uchwyty i ergonomiczna konstrukcja<\/strong><\/p>\n<p>Umieszczone z boku dwa wyj\u0105tkowo niezawodne uchwyty klasy przemys\u0142owej sprawiaj\u0105, \u017ce system mo\u017cna \u0142atwo zainstalowa\u0107 i przenosi\u0107.<\/p>\n<p><strong>3. Gumowe n\u00f3\u017cki<\/strong><\/p>\n<p>Cztery gumowe n\u00f3\u017cki s\u0105 zainstalowane z przodu, aby chroni\u0107 przednie I\/O i wy\u0142\u0105cznik zasilania przed uszkodzeniem.<\/p>\n<p><strong>4. Kompleksowa konstrukcja termiczna<\/strong><\/p>\n<p>PER6760A sk\u0142ada si\u0119 z czterech rurek cieplnych z czystej miedzi oraz pasywnego rozpraszacza ciep\u0142a z miedzi i aluminium. Po obu stronach systemu znajduj\u0105 si\u0119 aluminiowe radiatory, kt\u00f3re zwi\u0119kszaj\u0105 zdolno\u015b\u0107 rozpraszania do zupe\u0142nie nowego poziomu.<\/p>\n<p>&nbsp;<\/p>\n<h4>GPU: AMD E6760<\/h4>\n<p>&nbsp;<\/p>\n<p><strong>Pot\u0119\u017cna moc graficzna<\/strong><\/p>\n<p>Wydajny procesor graficzny E6760 AMD zapewnia PER6760A mo\u017cliwo\u015b\u0107 obs\u0142ugi czterech niezale\u017cnych port\u00f3w wy\u015bwietlania. Ka\u017cdy port obs\u0142uguje do czterech rozdzielczo\u015bci ekranu HD o rozdzielczo\u015bci pojedynczego 4K.<\/p>\n<ul>\n<li>Obs\u0142uga gniazda procesora Intel\u00ae 22nm Ivy Bridge typu i7\/i5\/ i3<\/li>\n<li>Wiele wy\u015bwietlaczy: VGA, DVI, HDMI (podw\u00f3jny niezale\u017cny wy\u015bwietlacz)<\/li>\n<li>4 x port wy\u015bwietlacza (4*HD, pojedynczy ekran 4K)<\/li>\n<li>Dwa porty LAN GbE<\/li>\n<li>4 x USB 3.0 \/ 4 x USB 2.0<\/li>\n<li>5 x porty COM (3 x RS232, 2 x RS232\/422\/485)<\/li>\n<li>Obs\u0142uga szeroki zakres mocy wej\u015bciowej 9V ~ 24V DC-in (przez listw\u0119 zaciskow\u0105)<\/li>\n<li>Obs\u0142uga rozszerzonej temperatury: od -20 do +60\u00b0C<\/li>\n<\/ul>\n<h4>Dane techniczne:<\/h4>\n\n<table id=\"tablepress-248\" class=\"tablepress tablepress-id-248 tbody-has-connected-cells\">\n<thead>\n<tr class=\"row-1\">\n\t<th class=\"column-1\"><strong>MODEL<\/strong><\/th><th colspan=\"2\" class=\"column-2\">PER335A-UT<br \/>\n<\/th>\n<\/tr>\n<\/thead>\n<tbody class=\"row-striping row-hover\">\n<tr class=\"row-2\">\n\t<td class=\"column-1\"><strong>Operating Temp.\t<\/strong><\/td><td colspan=\"2\" class=\"column-2\">-40\u00b0C ~ +60\u00b0C<br \/>\n<\/td>\n<\/tr>\n<tr class=\"row-3\">\n\t<td rowspan=\"5\" class=\"column-1\"><strong>System<\/strong><\/td><td class=\"column-2\">CPU<\/td><td class=\"column-3\">Intel\u00ae 22nm Ivy Bridge Processor (Mobile) socket (rPGA988)<br \/>\nIntel\u00ae 22nm Ivy Bridge Processor (Mobile) socket (rPGA988)<br \/>\nIntel\u00ae Core\u2122 i5-3610ME 2.7 GHz (3M Cache, 35W)<br \/>\nIntel\u00ae Core\u2122 i3-3120ME 2.4 GHz (3M Cache, 35W)<\/td>\n<\/tr>\n<tr class=\"row-4\">\n\t<td class=\"column-2\">Chipset<\/td><td class=\"column-3\">Intel\u00ae QM77 Express Chipset (Intel\u00ae BD82QM77 PCH)<br \/>\n<\/td>\n<\/tr>\n<tr class=\"row-5\">\n\t<td class=\"column-2\">Memory Type<\/td><td class=\"column-3\">2 x 204-pin SO-DIMM support up to 16 GB dual channel DDR3<br \/>\n<\/td>\n<\/tr>\n<tr class=\"row-6\">\n\t<td class=\"column-2\">Expansion Slot\t<br \/>\n<\/td><td class=\"column-3\">1 x Mini PCIe for GEN2<br \/>\n<br \/>\n<\/td>\n<\/tr>\n<tr class=\"row-7\">\n\t<td class=\"column-2\">Storage Device<\/td><td class=\"column-3\">2 x 2.5\" SATA HDD\/SSD<br \/>\n<\/td>\n<\/tr>\n<tr class=\"row-8\">\n\t<td rowspan=\"5\" class=\"column-1\"><strong>Front I\/O\t<\/strong><\/td><td class=\"column-2\">Power Button<\/td><td class=\"column-3\">1<\/td>\n<\/tr>\n<tr class=\"row-9\">\n\t<td class=\"column-2\">Power LED<\/td><td class=\"column-3\">1<\/td>\n<\/tr>\n<tr class=\"row-10\">\n\t<td class=\"column-2\">HDD LED<\/td><td class=\"column-3\">1<\/td>\n<\/tr>\n<tr class=\"row-11\">\n\t<td class=\"column-2\">USB<\/td><td class=\"column-3\">4 x USB 2.0<br \/>\n<\/td>\n<\/tr>\n<tr class=\"row-12\">\n\t<td class=\"column-2\">COM<\/td><td class=\"column-3\">2 x RS232\/with 5V\/12V selectable<br \/>\n<br \/>\n1 x RS232<br \/>\n<br \/>\n1 x RS232\/422\/485<\/td>\n<\/tr>\n<tr class=\"row-13\">\n\t<td rowspan=\"11\" class=\"column-1\"><strong>Rear I\/O\t<\/strong><\/td><td class=\"column-2\">VGA<\/td><td class=\"column-3\">1 x 15-pin VGA connector (female)<br \/>\n<\/td>\n<\/tr>\n<tr class=\"row-14\">\n\t<td class=\"column-2\">DVI-D<\/td><td class=\"column-3\">1 x 25-pin DVI-D connector (female)<br \/>\n<\/td>\n<\/tr>\n<tr class=\"row-15\">\n\t<td class=\"column-2\">HDMI<\/td><td class=\"column-3\">1 x 19-pin HDMI A Type connector (female)<br \/>\n<\/td>\n<\/tr>\n<tr class=\"row-16\">\n\t<td class=\"column-2\">Ethernet<\/td><td class=\"column-3\">Intel\u00ae 82579LM &amp; 82574IT GbE LAN (support 10\/100\/1000 Mbps for x2 RJ45 ports)<br \/>\n<\/td>\n<\/tr>\n<tr class=\"row-17\">\n\t<td class=\"column-2\">Audio<\/td><td class=\"column-3\">Mic-in, Line-in, Line-out<br \/>\n<\/td>\n<\/tr>\n<tr class=\"row-18\">\n\t<td rowspan=\"3\" class=\"column-2\">COM<\/td><td class=\"column-3\">1x RS232\/422\/485 with 5V\/12V selectable<br \/>\n<\/td>\n<\/tr>\n<tr class=\"row-19\">\n\t<td class=\"column-3\"><strong>Serial Signals<\/strong><\/td>\n<\/tr>\n<tr class=\"row-20\">\n\t<td class=\"column-3\">RS232: DCD-, RXD, TXD, DTR-, GND, DSR-, RTS-, CTS-<br \/>\nRS422: TX-, RX+, TX+, RX-, GND,<br \/>\nRS485: DATA-, DATA+, GND<\/td>\n<\/tr>\n<tr class=\"row-21\">\n\t<td class=\"column-2\">USB<\/td><td class=\"column-3\">4 x USB 3.0<br \/>\n<\/td>\n<\/tr>\n<tr class=\"row-22\">\n\t<td class=\"column-2\">Antenna<\/td><td class=\"column-3\">Reserved two antenna holes<br \/>\n<\/td>\n<\/tr>\n<tr class=\"row-23\">\n\t<td class=\"column-2\">Power Input<\/td><td class=\"column-3\">9V to 24V DC-in (by terminal block)<br \/>\n<\/td>\n<\/tr>\n<tr class=\"row-24\">\n\t<td rowspan=\"2\" class=\"column-1\"><strong>OS support list\t<\/strong><\/td><td class=\"column-2\">Windows<\/td><td class=\"column-3\">Windows 7\u3001Windows 8.1<br \/>\n<\/td>\n<\/tr>\n<tr class=\"row-25\">\n\t<td class=\"column-2\">Linux<\/td><td class=\"column-3\">Open SUSE 12.2\u3001Ubuntu 12.04\u3001Fedora<br \/>\n<\/td>\n<\/tr>\n<tr class=\"row-26\">\n\t<td class=\"column-1\"><\/td><td colspan=\"2\" class=\"column-2\"><strong>Mechanical and Environment<br \/>\n<\/strong><\/td>\n<\/tr>\n<tr class=\"row-27\">\n\t<td class=\"column-1\">Power Requirement<\/td><td colspan=\"2\" class=\"column-2\">9V to 24V DC-in<br \/>\n<\/td>\n<\/tr>\n<tr class=\"row-28\">\n\t<td class=\"column-1\">Dimension<\/td><td colspan=\"2\" class=\"column-2\">370 x 77 x 240 mm (14.6\" x 3.0\" x 9.4\")<br \/>\n<\/td>\n<\/tr>\n<tr class=\"row-29\">\n\t<td class=\"column-1\">Operating Temp.<\/td><td colspan=\"2\" class=\"column-2\">-40\u00b0C ~ +70\u00b0C (ambient with air flow)<br \/>\n<\/td>\n<\/tr>\n<tr class=\"row-30\">\n\t<td class=\"column-1\">Storage Temp.<\/td><td colspan=\"2\" class=\"column-2\">-40\u00b0C ~ +85\u00b0C<br \/>\n<\/td>\n<\/tr>\n<tr class=\"row-31\">\n\t<td class=\"column-1\">Relative Humidity<\/td><td colspan=\"2\" class=\"column-2\">10% to 90%, non-condensing<br \/>\n<\/td>\n<\/tr>\n<tr class=\"row-32\">\n\t<td class=\"column-1\"><\/td><td colspan=\"2\" class=\"column-2\"><strong>Certifications<br \/>\n<\/strong><\/td>\n<\/tr>\n<tr class=\"row-33\">\n\t<td class=\"column-1\">Vibration test<\/td><td class=\"column-2\">IEC 60068-2-64\t<br \/>\n<\/td><td class=\"column-3\">\t<br \/>\nRandom Vibration test<br \/>\n<br \/>\nFrequency: 5Hz to 500Hz<br \/>\n<br \/>\nAcceleration: 3.0 g rms<br \/>\n<br \/>\nTest Axis: X, Y, Z axis<br \/>\n<br \/>\nTest Time: 30Min (Each axis)<\/td>\n<\/tr>\n<tr class=\"row-34\">\n\t<td class=\"column-1\">Shock test<\/td><td class=\"column-2\">IEC 60068-2-27\t<br \/>\n<\/td><td class=\"column-3\">Shock test<br \/>\n<br \/>\nWave form: Half Sine Wave<br \/>\n<br \/>\nAcceleration: 25g<br \/>\n<br \/>\nDuration Time: 11ms<\/td>\n<\/tr>\n<tr class=\"row-35\">\n\t<td colspan=\"2\" class=\"column-1\">EMC<\/td><td class=\"column-3\">CE, FCC<\/td>\n<\/tr>\n<\/tbody>\n<\/table>\n<!-- #tablepress-248 from cache -->\n","protected":false},"excerpt":{"rendered":"<p>System typu \u201erugged\u201d bez wentylatora Intel\u00ae QM77 z procesorem Intel\u00ae Ivy Bridge Core&#x2122; i7\/i5\/i3, GPU AMD E6760 DPx4,\u00a0szerokim zakresem DC-in od 9V do 24V oraz rozszerzon\u0105 tolerancj\u0105 temperatury (-20 do 60\u00b0C).<\/p>\n","protected":false},"featured_media":11160,"template":"","meta":{"_acf_changed":false,"inline_featured_image":false,"_monsterinsights_skip_tracking":false,"_monsterinsights_sitenote_active":false,"_monsterinsights_sitenote_note":"","_monsterinsights_sitenote_category":0},"product_brand":[],"product_cat":[746,509,739],"product_tag":[],"class_list":{"0":"post-5737","1":"product","2":"type-product","3":"status-publish","4":"has-post-thumbnail","6":"product_cat-4u-fanless-server-2","7":"product_cat-perfectron","8":"product_cat-servery-rack-19","10":"first","11":"instock","12":"shipping-taxable","13":"product-type-simple"},"acf":[],"_links":{"self":[{"href":"https:\/\/quantum.com.pl\/pl\/wp-json\/wp\/v2\/product\/5737","targetHints":{"allow":["GET"]}}],"collection":[{"href":"https:\/\/quantum.com.pl\/pl\/wp-json\/wp\/v2\/product"}],"about":[{"href":"https:\/\/quantum.com.pl\/pl\/wp-json\/wp\/v2\/types\/product"}],"wp:featuredmedia":[{"embeddable":true,"href":"https:\/\/quantum.com.pl\/pl\/wp-json\/wp\/v2\/media\/11160"}],"wp:attachment":[{"href":"https:\/\/quantum.com.pl\/pl\/wp-json\/wp\/v2\/media?parent=5737"}],"wp:term":[{"taxonomy":"product_brand","embeddable":true,"href":"https:\/\/quantum.com.pl\/pl\/wp-json\/wp\/v2\/product_brand?post=5737"},{"taxonomy":"product_cat","embeddable":true,"href":"https:\/\/quantum.com.pl\/pl\/wp-json\/wp\/v2\/product_cat?post=5737"},{"taxonomy":"product_tag","embeddable":true,"href":"https:\/\/quantum.com.pl\/pl\/wp-json\/wp\/v2\/product_tag?post=5737"}],"curies":[{"name":"wp","href":"https:\/\/api.w.org\/{rel}","templated":true}]}}