{"id":5741,"date":"2019-10-31T18:49:52","date_gmt":"2019-10-31T17:49:52","guid":{"rendered":"https:\/\/quantum.com.pl\/?post_type=product&#038;p=5741"},"modified":"2020-08-25T23:07:20","modified_gmt":"2020-08-25T21:07:20","slug":"horus330","status":"publish","type":"product","link":"https:\/\/quantum.com.pl\/pl\/product\/horus330\/","title":{"rendered":"HORUS330"},"content":{"rendered":"<h4>Bezg\u0142o\u015bny serwer GPU o mocy 1,5 U Procesor Intel\u00ae Core i7-6820EQ 6. generacji, procesor graficzny NVIDIA\u00ae GTX950M, pr\u0105d sta\u0142y od 9 do 36 V, temperatura pracy od -20\u00b0C do 60\u00b0C | NVIDIA\u00ae GTX950M (rdzenie CUDA: 640) \/ GTX1050 (rdzenie CUDA: 640) \/ GTX1060 (rdzenie CUDA: 1280)<\/h4>\n<ul>\n<li>Intel\u00ae Skylake-H Core i7-6820EQ (4C x 2.8 \/ 3.5GHz, 45W)<\/li>\n<li>Zintegrowany procesor graficzny NVIDIA\u00ae GTX950M (CUDA 640, cz\u0119stotliwo\u015b\u0107 taktowania 914 MHz)<\/li>\n<li>2 x DDR4 SO-DIMM do 32 GB pami\u0119ci<\/li>\n<li>2 x 2,5&#8243; Easy Swap SSD \/ HDD tray<\/li>\n<li>2 x RJ45 LAN, 4 x USB 3.0<\/li>\n<li>2 x gniazdo rozszerze\u0144 mPCIe (jedno obs\u0142ugiwane z mSATA)<\/li>\n<li>9 V do 36 V DC-in, 12V DC-in dla karty graficznej MXM (opcjonalnie)<\/li>\n<li>2 x rozszerzenie I\/O (mo\u017cna dostosowa\u0107 za pomoc\u0105 2 x magistrali CAN \/ GbE LAN \/ DisplayPort \/ COM)<\/li>\n<li>Rozszerzona temperatura pracy -20\u00b0C do 60\u00b0C<\/li>\n<li>NVIDIA\u00ae GTX950M (rdzenie CUDA: 640) \/ GTX1050 (rdzenie CUDA: 640) \/ GTX1060 (rdzenie CUDA: 1280)<\/li>\n<\/ul>\n<p>HORUS330, 1,5 U, bezg\u0142o\u015bny, wentylator typu ,,rugged&#8221; GPU to pot\u0119\u017cny system nap\u0119dzany przez mobilny procesor Intel\u00ae Skylake-H 6. generacji. Czterordzeniowy procesor i7-6820EQ obs\u0142uguje 2,8 GHz i taktowanie do 3,5 GHz, co zapewnia wysok\u0105 wydajno\u015b\u0107 obliczeniow\u0105. HORUS330 ma nie tylko wyj\u0105tkowo wydajny procesor, ale tak\u017ce zintegrowan\u0105 kart\u0119 graficzn\u0105 NVIDIA\u00ae GTX950M, umo\u017cliwiaj\u0105c\u0105 stosowanie wszelkiego rodzaju aplikacji. HORUS330 zapewnia bogate I\/O, takie jak 4 x USB 3.0, 1 x port COM, 2 x DisplayPort i 2 x porty LAN. HORUS330 posiada solidn\u0105 konstrukcj\u0119 i wysok\u0105 funkcjonalno\u015b\u0107, a specjalne podw\u00f3jne rozwi\u0105zanie termiczne pozwala pot\u0119\u017cnemu systemowi prezentowa\u0107 najwy\u017csz\u0105 wydajno\u015b\u0107 w trudnych warunkach. Dzi\u0119ki wytrzyma\u0142ej konstrukcji, system nadaje si\u0119 do zastosowania w automatyzacji o wysokiej klasie oraz w systemie informacji pasa\u017cerskiej w wojsku, transporcie itp.<\/p>\n<h4>Podw\u00f3jne rozwi\u0105zanie termiczne zapewnia najwy\u017csz\u0105 wydajno\u015b\u0107 systemu<\/h4>\n<p>Dzi\u0119ki po\u0142\u0105czeniu wysokiej klasy mocy obliczeniowej procesora i graficznej mocy generowanej przez procesor graficzny, STACKRACK k\u0142adzie nacisk na zapewnienie ponadprzeci\u0119tnej konstrukcji termicznej, gwarantuj\u0105cej doskona\u0142\u0105 wydajno\u015b\u0107 systemu w krytycznym \u015brodowisku. HORUS330 innowacyjnie adoptuje dwustronne rozwi\u0105zanie termiczne z miedzianym rozpraszaczem ciep\u0142a bezpo\u015brednio dotykaj\u0105cym procesora komponent\u00f3w \u017ar\u00f3d\u0142a ciep\u0142a i graficznego procesora graficznego, w celu szybkiej absorpcji ciep\u0142a. Nast\u0119pnie przenosi je do rury cieplnej. Rura cieplna to dwufazowy transfer ciep\u0142a polegaj\u0105cy na zmianie fazy ciecz-para cieczy roboczej, kt\u00f3ra mo\u017ce zapewni\u0107 wysok\u0105 wydajno\u015b\u0107 przenoszenia ciep\u0142a. Aluminiowy radiator szybko rozprasza ciep\u0142o do otaczaj\u0105cego powietrza. Z jednej strony rozwi\u0105zanie termiczne dotyczy g\u0142\u00f3wnie procesora Core i7-6820 45 W, a z drugiej strony rozprasza ciep\u0142o w graficznej karcie graficznej GTX950M. Dzi\u0119ki unikalnej konstrukcji termicznej, HORUS330 mo\u017ce zapewni\u0107 wysok\u0105 wydajno\u015b\u0107 i niezawodno\u015b\u0107 podczas pracy w rozszerzonym zakresie temperatur od -20\u00b0C do 60\u00b0C.<\/p>\n<h4>NVIDIA GTX950M GPU &#8211; osza\u0142amiaj\u0105ca grafika<\/h4>\n<p>HORUS330 jest instalowany z kart\u0105 graficzn\u0105 NVIDIA GTX950M GPU (CUDA 640, taktowanie zegara 914 MHz), co pozwala na generowanie doskona\u0142ej rozdzielczo\u015bci oraz obs\u0142uguje wysok\u0105 wydajno\u015b\u0107 i p\u0142ynno\u015b\u0107 przetwarzania obrazu przy konkurencyjnym znaku G3D i niskim zu\u017cyciu energii. System cechuje si\u0119 ogromn\u0105 przewag\u0105 w wykorzystaniu przetwarzania obrazu, w tym mapowaniem 2D \/ 3D i przetwarzaniem obrazu w czasie rzeczywistym dla pojazdu autonomicznego, systemem nadzoru do sterowni, innymi systemami nawigacji, radaru, wykrywania, czujnik\u00f3w i lasera na wszystkich urz\u0105dzeniach morskich, naziemnych oraz powietrznych &#8211; zar\u00f3wno w przemy\u015ble obronnym, jak i przemys\u0142owym.<\/p>\n<h4>Rozszerzenia I\/O<\/h4>\n<p>HORUS330 zosta\u0142 zaprojektowany, aby spe\u0142ni\u0107 wymagania r\u00f3\u017cnych aplikacji. Opr\u00f3cz standardowego interfejsu I\/O, HORUS330 wyposa\u017cony jest w dwa rozszerzenia I\/O na tylnym panelu, aby zapewni\u0107 wi\u0119ksz\u0105 elastyczno\u015b\u0107 i by\u0107 bardziej przyjazny dla u\u017cytkownika. Posiada dodatkowe funkcje, takie jak opcjonalny poczw\u00f3rny port LAN z modu\u0142u Ethernet MT321, magistrala CAN \/ GPS i 4 wyj\u015bcia wy\u015bwietlania z GTX95OM. Dzi\u0119ki tym rozszerzeniom HORUS330 mo\u017cna \u0142atwo zastosowa\u0107 do sterowni lub w aplikacjach pojazd\u00f3w bez kierowcy.<\/p>\n<h4>Wspornik 19&#8243; rackmount<\/h4>\n<p>Zdolno\u015b\u0107 utrzymania HORUS330 w cabinecie jest r\u00f3wnie\u017c ulepszonym sposobem na zabezpieczenie twojego serwera. STACKRACK zaprojektowa\u0142 19-calowy wspornik do monta\u017cu w stojaku, kt\u00f3ry pozwala na umieszczenie HORUS330 wewn\u0105trz cabinetu w celu ochrony przed zmianami klimatu, kurzem i szkodnikami.<\/p>\n","protected":false},"excerpt":{"rendered":"<p>HORUS330, 1,5 U, bezg\u0142o\u015bny, wentylator typu ,,rugged&#8221; GPU to pot\u0119\u017cny system nap\u0119dzany przez mobilny procesor Intel\u00ae Skylake-H 6. generacji. Czterordzeniowy procesor i7-6820EQ obs\u0142uguje 2,8 GHz i taktowanie do 3,5 GHz, co zapewnia wysok\u0105 wydajno\u015b\u0107 obliczeniow\u0105. HORUS330 ma nie tylko wyj\u0105tkowo wydajny procesor, ale tak\u017ce zintegrowan\u0105 kart\u0119 graficzn\u0105 NVIDIA\u00ae GTX950M, umo\u017cliwiaj\u0105c\u0105 stosowanie wszelkiego rodzaju aplikacji.<\/p>\n","protected":false},"featured_media":11134,"template":"","meta":{"_acf_changed":false,"inline_featured_image":false,"_monsterinsights_skip_tracking":false,"_monsterinsights_sitenote_active":false,"_monsterinsights_sitenote_note":"","_monsterinsights_sitenote_category":0},"product_brand":[],"product_cat":[1595,509,701],"product_tag":[],"class_list":{"0":"post-5741","1":"product","2":"type-product","3":"status-publish","4":"has-post-thumbnail","6":"product_cat-obudowy-serwery","7":"product_cat-perfectron","8":"product_cat-serwery-gpu","10":"first","11":"instock","12":"shipping-taxable","13":"product-type-simple"},"acf":[],"_links":{"self":[{"href":"https:\/\/quantum.com.pl\/pl\/wp-json\/wp\/v2\/product\/5741","targetHints":{"allow":["GET"]}}],"collection":[{"href":"https:\/\/quantum.com.pl\/pl\/wp-json\/wp\/v2\/product"}],"about":[{"href":"https:\/\/quantum.com.pl\/pl\/wp-json\/wp\/v2\/types\/product"}],"wp:featuredmedia":[{"embeddable":true,"href":"https:\/\/quantum.com.pl\/pl\/wp-json\/wp\/v2\/media\/11134"}],"wp:attachment":[{"href":"https:\/\/quantum.com.pl\/pl\/wp-json\/wp\/v2\/media?parent=5741"}],"wp:term":[{"taxonomy":"product_brand","embeddable":true,"href":"https:\/\/quantum.com.pl\/pl\/wp-json\/wp\/v2\/product_brand?post=5741"},{"taxonomy":"product_cat","embeddable":true,"href":"https:\/\/quantum.com.pl\/pl\/wp-json\/wp\/v2\/product_cat?post=5741"},{"taxonomy":"product_tag","embeddable":true,"href":"https:\/\/quantum.com.pl\/pl\/wp-json\/wp\/v2\/product_tag?post=5741"}],"curies":[{"name":"wp","href":"https:\/\/api.w.org\/{rel}","templated":true}]}}