{"id":5788,"date":"2019-10-31T21:32:52","date_gmt":"2019-10-31T20:32:52","guid":{"rendered":"https:\/\/quantum.com.pl\/?post_type=product&#038;p=5788"},"modified":"2020-08-25T23:07:22","modified_gmt":"2020-08-25T21:07:22","slug":"sr200-x2","status":"publish","type":"product","link":"https:\/\/quantum.com.pl\/pl\/product\/sr200-x2\/","title":{"rendered":"SR200-X2"},"content":{"rendered":"<h4>System Intel\u00ae QM170 MIL-STD typ\u00f3w ,,fanless&#8221; i ,,rugged&#8221; z procesorem Haswell Intel\u00ae Core&#x2122; i7-6820EQ, procesor graficzny NVIDIA GTX950M GPU, 4 niezale\u017cne porty DisplayPort, wej\u015bcie od 9 do 36 V pr\u0105du sta\u0142ego, szeroki zakres temperatur (od -40\u00b0C do 60\u00b0C)<\/h4>\n<ul>\n<li>Zgodno\u015b\u0107 z MIL-STD 810G<\/li>\n<li>Procesor Skylake 6. generacji Intel\u00ae Core&#x2122; i7-6820EQ<\/li>\n<li>Do 32 GB pami\u0119ci RAM DDR4<\/li>\n<li>SATAIII NAND na p\u0142ycie nap\u0119d do 64 GB<\/li>\n<li>Niezale\u017cne wy\u015bwietlacze NVIDIA GTX950M o rozdzielczo\u015bci 2 x DP<\/li>\n<li>2 x gniazdo rozszerze\u0144 mPCIe (jeden uk\u0142ad z mSATA)<\/li>\n<li>2 x Intel\u00ae\u00a0Gigabit Ethernet<\/li>\n<li>4 x USB 3.0, 1 x COM port<\/li>\n<li>9V to 36V DC-in<\/li>\n<li>Szeroki zakres temperatury pracy (-40\u00b0C do 60\u00b0C)<\/li>\n<\/ul>\n<p>SR200-X2, EBX to solidny system nap\u0119dzany procesorem Intel Skylake 6. generacji i wbudowanym chipsetem, zintegrowanym z kart\u0105 graficzn\u0105 Nvidia GTX950M, kt\u00f3ra obs\u0142uguje 2 niezale\u017cne z\u0142\u0105cza DisplayPort. Procesor i7-6820EQ plus mikrouk\u0142ad Intel\u00ae QM170 obs\u0142uguje taktowanie 2,8 GHz, do 3,5 GHz. Cztery rdzenie (opcja turbo &#8211; do 8 rdzeni), dostosowane do du\u017cej ilo\u015bci przetwarzania danych. Opr\u00f3cz mocy obliczeniowej, system jest w stanie przetrwa\u0107 w trudnych warunkach od -40\u00b0C do 60\u00b0C, a wytrzyma\u0142o\u015b\u0107 na wibracje i wstrz\u0105sy potwierdza standard MIL-810G. Dzi\u0119ki po\u0142\u0105czeniu du\u017cej mocy obliczeniowej procesora i bogatych wej\u015b\u0107 ekranowych, SR200-X2 jest idealnym przeno\u015bnym rozwi\u0105zaniem dla wytrzyma\u0142ych konsol i stacji roboczych, transportu, kontroli obrony, umo\u017cliwiaj\u0105cym natychmiastowe i dok\u0142adne wy\u015bwietlanie informacji na du\u017cym ekranie w celu uzyskania rozwi\u0105za\u0144 na czas.<\/p>\n<h4>Rozwi\u0105zanie termiczne dla systemu typu ,,fanless&#8221;<\/h4>\n<p>STACKRACK zaprojektowa\u0142 unikaln\u0105 obudow\u0119, kt\u00f3ra mo\u017ce by\u0107 uk\u0142adana w stosy zar\u00f3wno w poziomie, jak i w pionie. Aluminiowa obudowa radiatora umo\u017cliwia dwustronne rozpraszanie ciep\u0142a. STACKRACK adoptuje wy\u0142\u0105cznie specjalny materia\u0142 promieniuj\u0105cy ciep\u0142o i \u0142\u0105czy si\u0119 ze specjalnym ci\u0119ciem CNC wykutym w specjalnie do tego przeznaczonym metalu. Opr\u00f3cz specjalnej obudowy radiatora, SR200-X2 innowacyjnie adoptuje dwa rodzaje miedzianych rozpraszaczy ciep\u0142a. Kszta\u0142t i rozmiar rozpraszacza s\u0105 dostosowane do indywidualnych potrzeb w oparciu o rozmieszczenie \u017ar\u00f3de\u0142 ciep\u0142a modu\u0142u CPU i modu\u0142u graficznego. Bior\u0105c pod uwag\u0119 r\u00f3\u017cnic\u0119 mi\u0119dzy p\u0142yt\u0105 g\u0142\u00f3wn\u0105 a radiatorem, STACKRACK oferuje dwa rozpraszacze ciep\u0142a o r\u00f3\u017cnych grubo\u015bciach. Po\u0142\u0105czenie wszystkich element\u00f3w konstrukcji termicznych mo\u017ce alternatywnie zast\u0105pi\u0107 tradycyjny wentylator, a tak\u017ce zapewnia wysok\u0105 niezawodno\u015b\u0107 i stabilno\u015b\u0107 podczas pracy w szerokim zakresie temperatur od -40\u00b0C do 60\u00b0C.<\/p>\n<ol>\n<li><strong>Procesor Intel\u00ae Core i7 wbudowany na p\u0142ycie &#8211; SR200 jest oparty na EBX SBC<\/strong> &#8211; OXY5739A, zasilany czterordzeniowym procesorem Intel Skylake i7-6820EQ oraz chipsetem QM170 wbudowanym na p\u0142ycie. Dzi\u0119ki wbudowanemu procesorowi, przewodzenie ciep\u0142a i po\u0142\u0105cze\u0144 o wysokiej g\u0119sto\u015bci pomi\u0119dzy p\u0142yt\u0105 g\u0142\u00f3wn\u0105 a elementami jest mniejsze, co zmniejsza MB z kryzysu przegrzania. Opr\u00f3cz przegrzania, wbudowanie na p\u0142ycie zapewnia najlepszy poziom ochrony przed wstrz\u0105sami i wibracjami, eliminuj\u0105c niepotrzebne obawy zwi\u0105zane ze s\u0142abym po\u0142\u0105czeniem, jakie mo\u017ce spowodowa\u0107 typ gniazda procesora.<\/li>\n<li><strong>Dwa niezale\u017cne z\u0142\u0105cza DisplayPort<\/strong> &#8211; SR200 doda\u0142 kart\u0119 graficzn\u0105 NVIDIA poprzez interfejs PCIe\/104, obs\u0142uguj\u0105c 2 niezale\u017cne z\u0142\u0105cza DisplayPort nap\u0119dzane przez GPU GTX950M. GTX950M posiada wysokie punkty CUDA640, co reprezentuje jego wysok\u0105 wydajno\u015b\u0107 obliczeniow\u0105 i zu\u017cywa moc przy maksymalnej mocy 55 W. \u0141\u0105czenie za pomoc\u0105 interfejsu PCIe\/104, kt\u00f3ry zwi\u0119ksza odporno\u015b\u0107 na wstrz\u0105sy i wibracje, umo\u017cliwia bezproblemowe po\u0142\u0105czenie.<\/li>\n<li><strong>Szeroki zakres wej\u015bciowy pr\u0105du sta\u0142ego<\/strong> &#8211; SR200-X2 obs\u0142uguje napi\u0119cie sta\u0142e od 9 V do 36 V, elastyczno\u015b\u0107 niesta\u0142ego poboru mocy sprawia, \u017ce \u200b\u200bjest on w stanie przetrwa\u0107 trudne korby silnika i przej\u015bciowe sytuacje przepi\u0119cia.<\/li>\n<\/ol>\n","protected":false},"excerpt":{"rendered":"<p>SR200-X2, EBX to solidny system nap\u0119dzany procesorem Intel Skylake 6. generacji i wbudowanym chipsetem, zintegrowanym z kart\u0105 graficzn\u0105 Nvidia GTX950M, kt\u00f3ra obs\u0142uguje 2 niezale\u017cne z\u0142\u0105cza DisplayPort. Procesor i7-6820EQ plus mikrouk\u0142ad Intel\u00ae QM170 obs\u0142uguje taktowanie 2,8 GHz, do 3,5 GHz. Cztery rdzenie (opcja turbo &#8211; do 8 rdzeni), dostosowane do du\u017cej ilo\u015bci przetwarzania danych.<\/p>\n","protected":false},"featured_media":11154,"template":"","meta":{"_acf_changed":false,"inline_featured_image":false,"_monsterinsights_skip_tracking":false,"_monsterinsights_sitenote_active":false,"_monsterinsights_sitenote_note":"","_monsterinsights_sitenote_category":0},"product_brand":[],"product_cat":[1595,509,701],"product_tag":[],"class_list":{"0":"post-5788","1":"product","2":"type-product","3":"status-publish","4":"has-post-thumbnail","6":"product_cat-obudowy-serwery","7":"product_cat-perfectron","8":"product_cat-serwery-gpu","10":"first","11":"instock","12":"shipping-taxable","13":"product-type-simple"},"acf":[],"_links":{"self":[{"href":"https:\/\/quantum.com.pl\/pl\/wp-json\/wp\/v2\/product\/5788","targetHints":{"allow":["GET"]}}],"collection":[{"href":"https:\/\/quantum.com.pl\/pl\/wp-json\/wp\/v2\/product"}],"about":[{"href":"https:\/\/quantum.com.pl\/pl\/wp-json\/wp\/v2\/types\/product"}],"wp:featuredmedia":[{"embeddable":true,"href":"https:\/\/quantum.com.pl\/pl\/wp-json\/wp\/v2\/media\/11154"}],"wp:attachment":[{"href":"https:\/\/quantum.com.pl\/pl\/wp-json\/wp\/v2\/media?parent=5788"}],"wp:term":[{"taxonomy":"product_brand","embeddable":true,"href":"https:\/\/quantum.com.pl\/pl\/wp-json\/wp\/v2\/product_brand?post=5788"},{"taxonomy":"product_cat","embeddable":true,"href":"https:\/\/quantum.com.pl\/pl\/wp-json\/wp\/v2\/product_cat?post=5788"},{"taxonomy":"product_tag","embeddable":true,"href":"https:\/\/quantum.com.pl\/pl\/wp-json\/wp\/v2\/product_tag?post=5788"}],"curies":[{"name":"wp","href":"https:\/\/api.w.org\/{rel}","templated":true}]}}