{"id":5808,"date":"2019-10-31T22:43:53","date_gmt":"2019-10-31T21:43:53","guid":{"rendered":"https:\/\/quantum.com.pl\/?post_type=product&#038;p=5808"},"modified":"2020-08-25T23:07:20","modified_gmt":"2020-08-25T21:07:20","slug":"cpt320","status":"publish","type":"product","link":"https:\/\/quantum.com.pl\/pl\/product\/cpt320\/","title":{"rendered":"CPT320"},"content":{"rendered":"<h4>Komputer GPU AI Fusion z procesorem Intel\u00ae 9. generacji Core i7-9700TE, 2 x 2,5&#8243; SSD \/ HDD, procesor graficzny NVIDIA\u00aeGTX1060 (rdzenie CUDA: 1280), temperatura pracy -20\u00b0C ~ 60\u00b0C<\/h4>\n<ul>\n<li>Konstrukcja zapewniaj\u0105ca niezawodno\u015b\u0107 w wymagaj\u0105cych warunkach MIL-STD-810G &#8211; termiczne, wstrz\u0105sowe, wibracyjne, wilgotno\u015bciowe \/ EMI \/ EMC<\/li>\n<li>Procesor Intel\u00ae Core i7-9700TE 9. generacji (turbo 1,8 GHz do 3,8 GHz, 8 rdzeni)<\/li>\n<li>2 x DDR4 SO-DIMM do 32 GB<\/li>\n<li>Karta graficzna NVIDIA\u00aeGTX1060 (rdzenie CUDA: 1280)<\/li>\n<li>4 x RJ45 LAN, 4 x USB, 5 x DP<\/li>\n<li>2 x 2.5&#8243; SSD\/HDD<\/li>\n<li>Szeroki zakres temperatury pracy (-20\u00b0C do 60\u00b0C)<\/li>\n<\/ul>\n<p>CPT320, komputer AI Fusion nap\u0119dzany procesorem Intel\u00ae 9. generacji Core i7-9700TE (3,8 GHz, 8 rdzeni), oferuj\u0105cy jeszcze wi\u0119ksz\u0105 wydajno\u015b\u0107 procesora i grafiki. Dodatkowo wyposa\u017cony w procesor graficzny NVIDIA\u00aeGTX1060 (rdzenie CUDA: 1280), CPT320 ma niezwyk\u0142\u0105 wydajno\u015b\u0107 przetwarzania obrazu, a system mo\u017ce obs\u0142ugiwa\u0107 do 5 port\u00f3w DisplayPort, umo\u017cliwiaj\u0105c stosowanie wielu wy\u015bwietlaczy. CPT320 jest wyposa\u017cony jednocze\u015bnie w maksymalnie cztery porty Ethernet, cztery porty USB 3.0 oraz opcjonalne porty COM i magistral\u0119 CAN, co zapewnia wysok\u0105 wydajno\u015b\u0107 wej\u015bciow\u0105 i wyj\u015bciow\u0105. DDR4 mie\u015bci do 32 GB &#8211; system zaprojektowano tak, aby mia\u0142 ogromne mo\u017cliwo\u015bci przechowywania i analizy danych. CPT320 jest przeznaczony do pracy w rozszerzonym zakresie temperatur od -20\u00b0C do 60\u00b0C oraz w wymagaj\u0105cych warunkach termicznych, wstrz\u0105s\u00f3w, wibracji, wilgotno\u015bci \/ EMI \/ EMC MIL-STD-810G.<\/p>\n<h4>Pojazd bez kierowcy i jego ,,Core Brain&#8221;<\/h4>\n<p>Pojazd bez kierowcy wymaga wielu czujnik\u00f3w, takich jak LiDAR, kamer, kt\u00f3re s\u0142u\u017c\u0105 do wykrywania otoczenia oraz napotykanych przeszk\u00f3d. Obraz wytworzony przez LiDAR i kamery musi zosta\u0107 przeanalizowany i por\u00f3wnany, by nast\u0119pnie okre\u015bli\u0107 wynik decyzyjny wskazuj\u0105cy system kontroli, kt\u00f3ry zareaguje na sytuacj\u0119. CPT320 wpasowuje si\u0119 do wymaga\u0144 technologii bez sterownik\u00f3w. Dzi\u0119ki procesorowi graficznemu NVIDIA\u00aeGTX1060 (rdzenie CUDA: 1280) obraz dostarczany przez czujniki mo\u017ce by\u0107 skutecznie przetwarzany i analizowany, a tak\u017ce przez procesor Intel\u00ae Corei7 9. generacji i pami\u0119\u0107 DDR4 32 GB, kt\u00f3re razem znacznie zwi\u0119kszaj\u0105 szybko\u015b\u0107 analizy danych. Posiadaj\u0105c 5 port\u00f3w DisplayPort, CPT320 jest w stanie wy\u015bwietla\u0107 wiele obraz\u00f3w w poje\u017adzie, w tym bezpo\u015bredni obraz wykryty przez LiDAR i kamery, informacje dla pasa\u017cer\u00f3w i interfejs operacyjny. CPT320 jest niew\u0105tpliwie wyj\u0105tkowym rozwi\u0105zaniem, kt\u00f3re odgrywa wa\u017cn\u0105 rol\u0119 w technologii jazdy samodzielnej i syntezie AI.<\/p>\n<h4>Opatentowane rozwi\u0105zanie termiczne<\/h4>\n<p>STACKRACK zaprojektowa\u0142 unikaln\u0105 obudow\u0119, kt\u00f3ra mo\u017ce by\u0107 uk\u0142adana w stosy zar\u00f3wno w poziomie, jak i w pionie. Aluminiowa obudowa radiatora umo\u017cliwia dwustronne rozpraszanie ciep\u0142a. STACKRACK adoptuje wy\u0142\u0105cznie specjalny materia\u0142 promieniuj\u0105cy ciep\u0142o i \u0142\u0105czy si\u0119 ze specjalnym ci\u0119ciem CNC wykutym w specjalnie do tego przeznaczonym metalu. Opr\u00f3cz specjalnej obudowy radiatora, CPT320 innowacyjnie adoptuje dwa rodzaje miedzianych rozpraszaczy ciep\u0142a. Kszta\u0142t i rozmiar rozpraszacza s\u0105 dostosowane do indywidualnych potrzeb w oparciu o rozmieszczenie \u017ar\u00f3de\u0142 ciep\u0142a modu\u0142u CPU i modu\u0142u graficznego. Bior\u0105c pod uwag\u0119 r\u00f3\u017cnic\u0119 mi\u0119dzy p\u0142yt\u0105 g\u0142\u00f3wn\u0105 a radiatorem, STACKRACK oferuje dwa rozpraszacze ciep\u0142a o r\u00f3\u017cnych grubo\u015bciach. Po\u0142\u0105czenie wszystkich element\u00f3w konstrukcji termicznych mo\u017ce alternatywnie zast\u0105pi\u0107 tradycyjny wentylator, a tak\u017ce zapewnia wysok\u0105 niezawodno\u015b\u0107 i stabilno\u015b\u0107 podczas pracy w szerokim zakresie temperatur od -20\u00b0C do 60\u00b0C.<\/p>\n<h4>MIL-STD-810G przeznaczony do wysokiej adaptacji \u015brodowiskowej<\/h4>\n<p>CPT320 zosta\u0142 zaprojektowany tak, aby spe\u0142nia\u0142 norm\u0119 MIL-STD-810G dotycz\u0105c\u0105 wstrz\u0105s\u00f3w i wibracji. Standard MIL-STD-810G jest uwa\u017cany za najbardziej presti\u017cowy, kt\u00f3ry gwarantuje osi\u0105ganie najwy\u017cszej jako\u015bci i stabilno\u015b\u0107 podczas pracy w r\u00f3\u017cnych warunkach, szczeg\u00f3lnie w pojazdach, kt\u00f3re mog\u0105 przemieszcza\u0107 si\u0119 przez nieprzebadany teren, powoduj\u0105c nag\u0142e wstrz\u0105sy lub okazjonalne wibracje.<\/p>\n","protected":false},"excerpt":{"rendered":"<p>CPT320, komputer AI Fusion nap\u0119dzany procesorem Intel\u00ae 9. generacji Core i7-9700TE (3,8 GHz, 8 rdzeni), oferuj\u0105cy jeszcze wi\u0119ksz\u0105 wydajno\u015b\u0107 procesora i grafiki. Dodatkowo wyposa\u017cony w procesor graficzny NVIDIA\u00aeGTX1060 (rdzenie CUDA: 1280), CPT320 ma niezwyk\u0142\u0105 wydajno\u015b\u0107 przetwarzania obrazu, a system mo\u017ce obs\u0142ugiwa\u0107 do 5 port\u00f3w DisplayPort, umo\u017cliwiaj\u0105c stosowanie wielu wy\u015bwietlaczy.<\/p>\n","protected":false},"featured_media":11132,"template":"","meta":{"_acf_changed":false,"inline_featured_image":false,"_monsterinsights_skip_tracking":false,"_monsterinsights_sitenote_active":false,"_monsterinsights_sitenote_note":"","_monsterinsights_sitenote_category":0},"product_brand":[],"product_cat":[1595,509,701],"product_tag":[],"class_list":{"0":"post-5808","1":"product","2":"type-product","3":"status-publish","4":"has-post-thumbnail","6":"product_cat-obudowy-serwery","7":"product_cat-perfectron","8":"product_cat-serwery-gpu","10":"first","11":"instock","12":"shipping-taxable","13":"product-type-simple"},"acf":[],"_links":{"self":[{"href":"https:\/\/quantum.com.pl\/pl\/wp-json\/wp\/v2\/product\/5808","targetHints":{"allow":["GET"]}}],"collection":[{"href":"https:\/\/quantum.com.pl\/pl\/wp-json\/wp\/v2\/product"}],"about":[{"href":"https:\/\/quantum.com.pl\/pl\/wp-json\/wp\/v2\/types\/product"}],"wp:featuredmedia":[{"embeddable":true,"href":"https:\/\/quantum.com.pl\/pl\/wp-json\/wp\/v2\/media\/11132"}],"wp:attachment":[{"href":"https:\/\/quantum.com.pl\/pl\/wp-json\/wp\/v2\/media?parent=5808"}],"wp:term":[{"taxonomy":"product_brand","embeddable":true,"href":"https:\/\/quantum.com.pl\/pl\/wp-json\/wp\/v2\/product_brand?post=5808"},{"taxonomy":"product_cat","embeddable":true,"href":"https:\/\/quantum.com.pl\/pl\/wp-json\/wp\/v2\/product_cat?post=5808"},{"taxonomy":"product_tag","embeddable":true,"href":"https:\/\/quantum.com.pl\/pl\/wp-json\/wp\/v2\/product_tag?post=5808"}],"curies":[{"name":"wp","href":"https:\/\/api.w.org\/{rel}","templated":true}]}}