{"id":5818,"date":"2019-11-20T07:40:47","date_gmt":"2019-11-20T06:40:47","guid":{"rendered":"https:\/\/quantum.com.pl\/?post_type=product&#038;p=5818"},"modified":"2020-08-26T00:02:27","modified_gmt":"2020-08-25T22:02:27","slug":"he104-60w","status":"publish","type":"product","link":"https:\/\/quantum.com.pl\/pl\/product\/he104-60w\/","title":{"rendered":"HE104: 60W"},"content":{"rendered":"<h4>HE104: Zasilacz &#8222;rugged&#8221; PC104 o mocy 60 W<\/h4>\n<p>HE104 to wysokowydajny konwerter DC na DC o mocy 60W, zapewniaj\u0105cy wyj\u015bcia 5V, 12V, -12V (opcjonalnie), -5V (opcjonalnie). HE104 zosta\u0142 specjalnie zaprojektowany do zastosowa\u0144 w pojazdach wymagaj\u0105cych niskiego poziomu ha\u0142asu, ma szeroki zakres wej\u015bciowy 6-40V i jest idealny do akumulator\u00f3w oraz nieregulowanych aplikacji wej\u015bciowych.<\/p>\n<p>Obw\u00f3d ochrony wej\u015bciowej zawiera filtr wej\u015bciowy, trzy wytrzyma\u0142e t\u0142umiki przej\u015bciowe (5000W), zabezpieczenie przed odwrotn\u0105 polaryzacj\u0105 Mosfet i aktywny ogranicznik przepi\u0119\u0107 obwodu z Mosfet.<\/p>\n<p>Wyj\u015bcie HE104 5V to synchroniczny regulator buck, kt\u00f3ry zapewnia doskona\u0142\u0105 regulacj\u0119 linii i obci\u0105\u017cenia oraz t\u0119tnienie ha\u0142asu poni\u017cej 20mV. Niski poziom ha\u0142asu sprawia, \u017ce \u200b\u200bHE104 jest idealny do stosowania w samolotach i zastosowaniach wojskowych lub wsz\u0119dzie tam, gdzie nale\u017cy zminimalizowa\u0107 EMI lub RFI.<\/p>\n<p>Wyj\u015bcie HE104 12V to z kolei synchroniczny regulator boost, kt\u00f3ry przekszta\u0142ca szyn\u0119 5V w 12V. Pozwala to g\u0142\u00f3wnemu wej\u015bciu zmie\u015bci\u0107 si\u0119 w zakresie napi\u0119cia od niskiego 6V do 40V, przy jednoczesnym utrzymaniu zar\u00f3wno wyj\u015bciowego napi\u0119cia 5V, jak i 12V w ramach okre\u015blonych poziom\u00f3w.<\/p>\n<p>HE104 ma optoizolowane wej\u015bcie on\/off(SD), co pozwala na zdalny sygna\u0142 pomi\u0119dzy 6 a 40V do kontroli operacji on\/off wyj\u015b\u0107. Po zainstalowaniu zworki JP2 (domy\u015blnie) wyj\u015bcia zostan\u0105 automatycznie w\u0142\u0105czone, gdy g\u0142\u00f3wne zasilanie jest pod\u0142\u0105czone do CN1.<\/p>\n<p>HE104 jest zgodny z PC\/104 z 16-bit magistral\u0105 PC\/104. Wszystkie generowane napi\u0119cia s\u0105 dostarczane do bloku pomocniczego z\u0142\u0105cza zasilania CN2. Wyjmowana g\u0142\u00f3wna wtyczka zasilania pozwala na \u0142atw\u0105 instalacj\u0119 HE104.<\/p>\n<h4>Cechy szczeg\u00f3lne:<\/h4>\n<ul>\n<li>Konwerter DC na DC dla aplikacji wbudowanych<\/li>\n<li>Trzyetapowy z aktywnym t\u0142umieniem przej\u015bciowym ogranicznika przepi\u0119\u0107 na zasilaniu wej\u015bciowym<\/li>\n<li>Dzia\u0142a z\u00a0 6V DC do 40V DC input<\/li>\n<li>Rozmiar PC\/104 i otwory monta\u017cowe<\/li>\n<li>Maksymalna moc wyj\u015bciowa zasilacza 60 W<\/li>\n<li>5V, 12V, -12V (opcjonalnie) i -5V (opcjonalnie)<\/li>\n<li>Zakres temperatur od -40 do 85\u00b0C (na radiatorze)<\/li>\n<li>Transoptor od 6 do 40V input do zdalnej kontroli\u00a0 on\/off<\/li>\n<li>Ochrona przed odwrotn\u0105 polaryzacj\u0105<\/li>\n<\/ul>\n<h4>Dane techniczne:<\/h4>\n<p>PARAMETRY ELEKTRYCZNE<\/p>\n<ul>\n<li>5V output* 12.0A<\/li>\n<li>12V output 2.5A<\/li>\n<li>-5V output 0.4A<\/li>\n<li>-12V output 0.5A<\/li>\n<\/ul>\n<p>NAPI\u0118CIE WEJ\u015aCIOWE<\/p>\n<ul>\n<li>6 to 40VDC<\/li>\n<\/ul>\n<p>CECHY MECHANICZNE I \u015aRODOWISKOWE<\/p>\n<ul>\n<li>Rozmiar: (szer. x d\u0142. x wys.)**** 3.55\u201d x 3.75\u201d x 0.60\u201d<\/li>\n<li>Waga: 6.08 oz\/172.37 gram\u00f3w<\/li>\n<li>Zakres temperatur: -40 do +85\u00b0C<\/li>\n<\/ul>\n<p>WYDAJNO\u015a\u0106<\/p>\n<ul>\n<li>Peak to Peak ripple* &lt;20mV<\/li>\n<li>Load Regulation** &lt;60mV<\/li>\n<li>Line Regulation** 40mV<\/li>\n<li>Output Temp. Drift** &lt;40mV<\/li>\n<li>Output Ripple** 20mV<\/li>\n<li>Efficiency up to 95%<\/li>\n<\/ul>\n","protected":false},"excerpt":{"rendered":"<p>HE104 to wysokowydajny konwerter DC na DC o mocy 60W, zapewniaj\u0105cy wyj\u015bcia 5V, 12V, -12V (opcjonalnie), -5V (opcjonalnie). HE104 zosta\u0142 specjalnie zaprojektowany do zastosowa\u0144 w pojazdach wymagaj\u0105cych niskiego poziomu ha\u0142asu, ma szeroki zakres wej\u015bciowy 6-40V i jest idealny do akumulator\u00f3w oraz nieregulowanych aplikacji wej\u015bciowych.<\/p>\n","protected":false},"featured_media":10948,"template":"","meta":{"_acf_changed":false,"inline_featured_image":false,"_monsterinsights_skip_tracking":false,"_monsterinsights_sitenote_active":false,"_monsterinsights_sitenote_note":"","_monsterinsights_sitenote_category":0},"product_brand":[],"product_cat":[1613,791,793,789],"product_tag":[],"class_list":{"0":"post-5818","1":"product","2":"type-product","3":"status-publish","4":"has-post-thumbnail","6":"product_cat-akcesoria-peryferia","7":"product_cat-power-ups-pl","8":"product_cat-standard-power-supplies-pl","9":"product_cat-tri-m-pl","11":"first","12":"instock","13":"shipping-taxable","14":"product-type-simple"},"acf":[],"_links":{"self":[{"href":"https:\/\/quantum.com.pl\/pl\/wp-json\/wp\/v2\/product\/5818","targetHints":{"allow":["GET"]}}],"collection":[{"href":"https:\/\/quantum.com.pl\/pl\/wp-json\/wp\/v2\/product"}],"about":[{"href":"https:\/\/quantum.com.pl\/pl\/wp-json\/wp\/v2\/types\/product"}],"wp:featuredmedia":[{"embeddable":true,"href":"https:\/\/quantum.com.pl\/pl\/wp-json\/wp\/v2\/media\/10948"}],"wp:attachment":[{"href":"https:\/\/quantum.com.pl\/pl\/wp-json\/wp\/v2\/media?parent=5818"}],"wp:term":[{"taxonomy":"product_brand","embeddable":true,"href":"https:\/\/quantum.com.pl\/pl\/wp-json\/wp\/v2\/product_brand?post=5818"},{"taxonomy":"product_cat","embeddable":true,"href":"https:\/\/quantum.com.pl\/pl\/wp-json\/wp\/v2\/product_cat?post=5818"},{"taxonomy":"product_tag","embeddable":true,"href":"https:\/\/quantum.com.pl\/pl\/wp-json\/wp\/v2\/product_tag?post=5818"}],"curies":[{"name":"wp","href":"https:\/\/api.w.org\/{rel}","templated":true}]}}