{"id":5835,"date":"2019-11-20T11:27:16","date_gmt":"2019-11-20T10:27:16","guid":{"rendered":"https:\/\/quantum.com.pl\/?post_type=product&#038;p=5835"},"modified":"2020-08-26T00:02:27","modified_gmt":"2020-08-25T22:02:27","slug":"he104-dx-60w","status":"publish","type":"product","link":"https:\/\/quantum.com.pl\/pl\/product\/he104-dx-60w\/","title":{"rendered":"HE104-DX: 60W"},"content":{"rendered":"<p>HE104-DX jest zasilaczem typu &#8222;rugged&#8221; o mocy 60W PC\/104 DC-DC. HE104-DX jest specjalnie zaprojektowany do trudnych wymaga\u0144 aplikacji samochodowych i ma wytrzyma\u0142e t\u0142umiki przej\u015bciowe (3000W; zar\u00f3wno na g\u0142\u00f3wnych, jak i wt\u00f3rnych wej\u015bciach), kt\u00f3re utrzymuj\u0105 napi\u0119cie wej\u015bciowe na bezpiecznym poziomie, przy jednoczesnym zachowaniu normalnej pracy zasilacza.<\/p>\n<p>HE104-DX to najnowocze\u015bniejsza konstrukcja oparta na Mosfet, kt\u00f3ra zapewnia znakomit\u0105 regulacj\u0119 linii i obci\u0105\u017cenia przy wydajno\u015bci do 95 procent. Organiczne kondensatory p\u00f3\u0142przewodnikowe zapewniaj\u0105 filtrowanie, kt\u00f3re redukuje szum t\u0119tnienia poni\u017cej 20mV. Niski poziom ha\u0142asu sprawia, \u017ce \u200b\u200bHE104-DX jest idealny do u\u017cytku na pok\u0142adzie samolotu, w zastosowaniach wojskowych lub wsz\u0119dzie tam, gdzie konieczne jest zminimalizowanie EMI lub RFI.<\/p>\n<p>HE104-DX ma szeroki zakres wej\u015bciowy 6 &#8211; 40V DC (&gt; 6:1). Wyj\u015bcia +5V, +12V, -5V i -12V DC s\u0105 kontrolowane przez regulator o sta\u0142ej cz\u0119stotliwo\u015bci, kt\u00f3ry zapewnia doskona\u0142\u0105 odpowied\u017a przej\u015bciow\u0105 linii i obci\u0105\u017cenia. HE104-DX jest r\u00f3wnie\u017c dost\u0119pny w ni\u017cszej cenie, tylko w konfiguracji +5V i + 12V, HE104-DXL.<\/p>\n<p>HE104-DX to kompaktowa konstrukcja o wymiarach 3,55\u201d x 3,775\u201d x 0,9\u201d i ma temperatur\u0119 robocz\u0105 w\u00a0 zakresie od -40\u00b0 do +85\u00b0C.<\/p>\n<h4>Cechy szczeg\u00f3lne:<\/h4>\n<ul>\n<li>Wysoka wydajno\u015b\u0107<\/li>\n<li>Praca w rozszerzonej temperaturze<\/li>\n<li>Wytrzyma\u0142a konstrukcja<\/li>\n<li>Izolacja wysokiego napi\u0119cia<\/li>\n<li>Przej\u015bciowe t\u0142umienie<\/li>\n<li>Czysta i filtrowana moc dla magistrali PC\/104<\/li>\n<\/ul>\n<h4>Parametry elektryczne:<\/h4>\n<ul>\n<li>5V output* 12A<\/li>\n<li>12V output 2.5A<\/li>\n<li>-5V output 400 mA<\/li>\n<li>-12V output 500 mA<\/li>\n<\/ul>\n<h4>Napi\u0119cie wej\u015bciowe:<\/h4>\n<ul>\n<li>6 to 40VDC<\/li>\n<\/ul>\n<h4>Cechy mechaniczne i \u015brodowiskowe:<\/h4>\n<ul>\n<li>Size (W x L x H)**** 3.55\u201d x 3.75\u201d x 0.55\u201d<\/li>\n<li>Weight 6.08 oz\/172.37 grams<\/li>\n<li>Temperature Range -40 to +85\u00b0C<\/li>\n<\/ul>\n<h4>Wydajno\u015b\u0107:<\/h4>\n<ul>\n<li>Peak to Peak ripple* &lt;20mV<\/li>\n<li>Load Regulation** &lt;60mV<\/li>\n<li>Line Regulation** 40mV<\/li>\n<li>Output Temp. Drift** &lt;40mV<\/li>\n<li>Output Ripple** 20mV<\/li>\n<li>Quiescent Current*** 2mA<\/li>\n<li>Efficiency up to 95%<\/li>\n<\/ul>\n","protected":false},"excerpt":{"rendered":"<p>HE104-DX jest zasilaczem typu &#8222;rugged&#8221; o mocy 60W PC\/104 DC-DC. HE104-DX jest specjalnie zaprojektowany do trudnych wymaga\u0144 aplikacji samochodowych i ma wytrzyma\u0142e t\u0142umiki przej\u015bciowe (3000W; zar\u00f3wno na g\u0142\u00f3wnych, jak i wt\u00f3rnych wej\u015bciach), kt\u00f3re utrzymuj\u0105 napi\u0119cie wej\u015bciowe na bezpiecznym poziomie, przy jednoczesnym zachowaniu normalnej pracy zasilacza.<\/p>\n","protected":false},"featured_media":10944,"template":"","meta":{"_acf_changed":false,"inline_featured_image":false,"_monsterinsights_skip_tracking":false,"_monsterinsights_sitenote_active":false,"_monsterinsights_sitenote_note":"","_monsterinsights_sitenote_category":0},"product_brand":[],"product_cat":[1613,791,793,789],"product_tag":[],"class_list":{"0":"post-5835","1":"product","2":"type-product","3":"status-publish","4":"has-post-thumbnail","6":"product_cat-akcesoria-peryferia","7":"product_cat-power-ups-pl","8":"product_cat-standard-power-supplies-pl","9":"product_cat-tri-m-pl","11":"first","12":"instock","13":"shipping-taxable","14":"product-type-simple"},"acf":[],"_links":{"self":[{"href":"https:\/\/quantum.com.pl\/pl\/wp-json\/wp\/v2\/product\/5835","targetHints":{"allow":["GET"]}}],"collection":[{"href":"https:\/\/quantum.com.pl\/pl\/wp-json\/wp\/v2\/product"}],"about":[{"href":"https:\/\/quantum.com.pl\/pl\/wp-json\/wp\/v2\/types\/product"}],"wp:featuredmedia":[{"embeddable":true,"href":"https:\/\/quantum.com.pl\/pl\/wp-json\/wp\/v2\/media\/10944"}],"wp:attachment":[{"href":"https:\/\/quantum.com.pl\/pl\/wp-json\/wp\/v2\/media?parent=5835"}],"wp:term":[{"taxonomy":"product_brand","embeddable":true,"href":"https:\/\/quantum.com.pl\/pl\/wp-json\/wp\/v2\/product_brand?post=5835"},{"taxonomy":"product_cat","embeddable":true,"href":"https:\/\/quantum.com.pl\/pl\/wp-json\/wp\/v2\/product_cat?post=5835"},{"taxonomy":"product_tag","embeddable":true,"href":"https:\/\/quantum.com.pl\/pl\/wp-json\/wp\/v2\/product_tag?post=5835"}],"curies":[{"name":"wp","href":"https:\/\/api.w.org\/{rel}","templated":true}]}}