{"id":5853,"date":"2019-11-20T11:47:32","date_gmt":"2019-11-20T10:47:32","guid":{"rendered":"https:\/\/quantum.com.pl\/?post_type=product&#038;p=5853"},"modified":"2020-08-26T00:02:27","modified_gmt":"2020-08-25T22:02:27","slug":"he104-75w","status":"publish","type":"product","link":"https:\/\/quantum.com.pl\/pl\/product\/he104-75w\/","title":{"rendered":"HE104-75W"},"content":{"rendered":"<h4>HE104-75W: Zasilacz PC104 o wysokiej wydajno\u015bci 75W<\/h4>\n<p>Do zastosowa\u0144 wymagaj\u0105cych konwertera zasilania DC-DC PC104, kt\u00f3ry dostarcza do 75W mocy, Tri-M oferuje HE104-75W. Produkt ten jest idealny do stosowania w aplikacjach mobilnych 12VDC i 24VDC, w kt\u00f3rych moc ze \u017ar\u00f3d\u0142a pr\u0105du sta\u0142ego (wej\u015bcie) musi zosta\u0107 przekszta\u0142cona (wyj\u015bcie), aby dopasowa\u0107 j\u0105 do wymaga\u0144 energetycznych aplikacji &#8211; zazwyczaj komputer wbudowany.<\/p>\n<p>Wydajno\u015b\u0107 HE wynosi ponad 90% &#8211; wy\u017csza wydajno\u015b\u0107 oznacza, \u017ce \u200b\u200bgenerowane jest mniej ciep\u0142a &#8211; i jest przeznaczona do pracy w aplikacjach o podwy\u017cszonej temperaturze, w kt\u00f3rych temperatura ta mo\u017ce wynosi\u0107 od -40\u00b0C do +85\u00b0C.<\/p>\n<p>Skoki napi\u0119cia wej\u015bciowego, kt\u00f3re wykraczaj\u0105 poza okno napi\u0119cia wej\u015bciowego (9VDC do 40VDC) s\u0105 zarz\u0105dzane przez przej\u015bciowe t\u0142umiki ograniczaj\u0105ce napi\u0119cie wej\u015bciowe przy jednoczesnym utrzymaniu normalnej mocy wyj\u015bciowej.<\/p>\n<p>HE104-75W zosta\u0142 zaprojektowany tak, aby zminimalizowa\u0107 generowany ha\u0142as lub ewentualne zak\u0142\u00f3cenia, dzi\u0119ki czemu mo\u017cna go stosowa\u0107 w pojazdach powietrznych lub naziemnych, kt\u00f3re napotykaj\u0105 EMI lub RFI.<\/p>\n<h4>Zalety:<\/h4>\n<ul>\n<li>Wysoka wydajno\u015b\u0107<\/li>\n<li>Praca w rozszerzonej temperaturze<\/li>\n<li>Wytrzyma\u0142a konstrukcja<\/li>\n<li>Przej\u015bciowe t\u0142umienie<\/li>\n<li>Czysta i filtrowana moc dla magistrali PC\/104<\/li>\n<\/ul>\n<h4>Parametry elektryczne:<\/h4>\n<ul>\n<li>5V output 15A<\/li>\n<li>12V output 3A<\/li>\n<li>-12V output 0.5A<\/li>\n<\/ul>\n<h4>Zakres napi\u0119cia wej\u015bciowego:<\/h4>\n<ul>\n<li>6V to 40V DC<\/li>\n<\/ul>\n<h4>Wydajno\u015b\u0107:<\/h4>\n<ul>\n<li>Load Regulation (5V output) &lt; 60mV<\/li>\n<li>Line Regulation (5V output) 40mV<\/li>\n<li>Output temp. drift (5V output) &lt; 40mV<\/li>\n<li>Switching Frequency 312kHz<\/li>\n<li>Output Ripple (5V output) &lt; 20mV<\/li>\n<li>Conducted Susceptibility (5V output) &gt; 57db<\/li>\n<li>Efficiency Up to 90%<\/li>\n<li>Temperature range -40\u00b0 to 85\u00b0C<\/li>\n<\/ul>\n<h4>Cechy mechaniczne i \u015brodowiskowe:<\/h4>\n<ul>\n<li>Temperature Range* -40\u00b0 to 85\u00b0C<\/li>\n<li>Form Factor PC\/104<\/li>\n<li>Dimensions (excluding PC\/104 pins) 3.55\u201dW x 3.75\u201dL x 0.6\u201dH<\/li>\n<li>Weight 6.08oz \/ 172.37g<\/li>\n<\/ul>\n","protected":false},"excerpt":{"rendered":"<p>Do zastosowa\u0144 wymagaj\u0105cych konwertera zasilania DC-DC PC104, kt\u00f3ry dostarcza do 75W mocy, Tri-M oferuje HE104-75W. Produkt ten jest idealny do stosowania w aplikacjach mobilnych 12VDC i 24VDC, w kt\u00f3rych moc ze \u017ar\u00f3d\u0142a pr\u0105du sta\u0142ego (wej\u015bcie) musi zosta\u0107 przekszta\u0142cona (wyj\u015bcie), aby dopasowa\u0107 j\u0105 do wymaga\u0144 energetycznych aplikacji &#8211; zazwyczaj komputer wbudowany.<\/p>\n","protected":false},"featured_media":10940,"template":"","meta":{"_acf_changed":false,"inline_featured_image":false,"_monsterinsights_skip_tracking":false,"_monsterinsights_sitenote_active":false,"_monsterinsights_sitenote_note":"","_monsterinsights_sitenote_category":0},"product_brand":[],"product_cat":[1613,791,793,789],"product_tag":[],"class_list":{"0":"post-5853","1":"product","2":"type-product","3":"status-publish","4":"has-post-thumbnail","6":"product_cat-akcesoria-peryferia","7":"product_cat-power-ups-pl","8":"product_cat-standard-power-supplies-pl","9":"product_cat-tri-m-pl","11":"first","12":"instock","13":"shipping-taxable","14":"product-type-simple"},"acf":[],"_links":{"self":[{"href":"https:\/\/quantum.com.pl\/pl\/wp-json\/wp\/v2\/product\/5853","targetHints":{"allow":["GET"]}}],"collection":[{"href":"https:\/\/quantum.com.pl\/pl\/wp-json\/wp\/v2\/product"}],"about":[{"href":"https:\/\/quantum.com.pl\/pl\/wp-json\/wp\/v2\/types\/product"}],"wp:featuredmedia":[{"embeddable":true,"href":"https:\/\/quantum.com.pl\/pl\/wp-json\/wp\/v2\/media\/10940"}],"wp:attachment":[{"href":"https:\/\/quantum.com.pl\/pl\/wp-json\/wp\/v2\/media?parent=5853"}],"wp:term":[{"taxonomy":"product_brand","embeddable":true,"href":"https:\/\/quantum.com.pl\/pl\/wp-json\/wp\/v2\/product_brand?post=5853"},{"taxonomy":"product_cat","embeddable":true,"href":"https:\/\/quantum.com.pl\/pl\/wp-json\/wp\/v2\/product_cat?post=5853"},{"taxonomy":"product_tag","embeddable":true,"href":"https:\/\/quantum.com.pl\/pl\/wp-json\/wp\/v2\/product_tag?post=5853"}],"curies":[{"name":"wp","href":"https:\/\/api.w.org\/{rel}","templated":true}]}}