{"id":5864,"date":"2019-11-20T13:20:21","date_gmt":"2019-11-20T12:20:21","guid":{"rendered":"https:\/\/quantum.com.pl\/?post_type=product&#038;p=5864"},"modified":"2020-08-26T00:02:27","modified_gmt":"2020-08-25T22:02:27","slug":"he104dx-108w","status":"publish","type":"product","link":"https:\/\/quantum.com.pl\/pl\/product\/he104dx-108w\/","title":{"rendered":"HE104+DX: 108W"},"content":{"rendered":"<h4>HE104+DX: zasilacz 108W PC104-Plus<\/h4>\n<p>HE104+DX jest przeznaczony do niskoszumowych kompaktowych system\u00f3w komputerowych, ma szeroki zakres wej\u015bciowy 6-40 V (&gt; 6:1) i jest idealny do zastosowa\u0144 z akumulatorami lub nieregulowanymi wej\u015bciami. HE104+DX jest specjalnie zaprojektowany do aplikacji samochodowych i ma wytrzyma\u0142e t\u0142umiki przej\u015bciowe (9000W; zar\u00f3wno na g\u0142\u00f3wnych, jak i wt\u00f3rnych wej\u015bciach), kt\u00f3re utrzymuj\u0105 napi\u0119cie wej\u015bciowe na bezpiecznym poziomie, przy jednoczesnym zachowaniu normalnej pracy zasilacza.<\/p>\n<p>HE104+DX to kompaktowy zasilacz z najnowocze\u015bniejsz\u0105 konstrukcj\u0105 opart\u0105 na Mosfet zapewniaj\u0105c\u0105 znakomit\u0105 regulacj\u0119 linii i obci\u0105\u017cenia przy wydajno\u015bci do 90 procent. Organiczne kondensatory p\u00f3\u0142przewodnikowe zapewniaj\u0105 filtrowanie, kt\u00f3re redukuje szum t\u0119tnienia poni\u017cej 20mV. Niski poziom ha\u0142asu sprawia, \u017ce \u200b\u200bHE104+DX jest idealny do u\u017cytku na pok\u0142adzie samolotu, w zastosowaniach wojskowych lub wsz\u0119dzie tam, gdzie konieczne jest zminimalizowanie EMI lub RFI. Wyj\u015bcia + 5VDC i + 12VDC s\u0105 kontrolowane przez regulator o sta\u0142ej cz\u0119stotliwo\u015bci, kt\u00f3ry zapewnia doskona\u0142\u0105 odpowied\u017a przej\u015bciow\u0105 linii i obci\u0105\u017cenia.<\/p>\n<p>HE104+DX ma optoizolowane wej\u015bcie on\/off (SD) do kontroli wyj\u015b\u0107 HE104+DX. Aby w\u0142\u0105czy\u0107 wyj\u015bcia HE104+DX, do wej\u015bcia SD nale\u017cy pod\u0142\u0105czy\u0107 sygna\u0142 od 6 do 40V. Je\u015bli zdalne sterowanie nie jest wymagane, wej\u015bcie SD mo\u017cna pod\u0142\u0105czy\u0107 do g\u0142\u00f3wnego wej\u015bcia zasilania. Zdalny sygna\u0142 6 do 40V musi by\u0107 pod\u0142\u0105czony do wsp\u00f3lnego HE104+DX. Je\u015bli wej\u015bcie SD jest pod\u0142\u0105czone bezpo\u015brednio do g\u0142\u00f3wnego z\u0142\u0105cza zasilania wej\u015bciowego, wsp\u00f3lne dla wej\u015bcia SD jest ju\u017c zrobione. HE104+DX jest teraz zgodny z RoHS.<\/p>\n<h4>Zalety:<\/h4>\n<ul>\n<li>Wysoka wydajno\u015b\u0107<\/li>\n<li>Praca w rozszerzonej temperaturze<\/li>\n<li>Wytrzyma\u0142a konstrukcja<\/li>\n<li>Przej\u015bciowe t\u0142umienie<\/li>\n<li>Czysta i filtrowana moc dla magistrali PC\/104<\/li>\n<\/ul>\n<h4>Parametry elektryczne:<\/h4>\n<ul>\n<li>5V output 15A<\/li>\n<li>12V output 3A<\/li>\n<li>3.3V output 10A<\/li>\n<li>-12V output 0.5<\/li>\n<\/ul>\n<h4>Napi\u0119cie wej\u015bciowe:<\/h4>\n<ul>\n<li>6 to 40V<\/li>\n<\/ul>\n<h4>Cechy mechaniczne i \u015brodowiskowe:<\/h4>\n<ul>\n<li>Temperature Range -40\u00baC to +85\u00baC<\/li>\n<li>PC\/104 size &amp; mounting holes with PC\/104 and PCI-104 (Plus) busses<\/li>\n<li>3.55&#8243;W x 3.75&#8243;L x 0.6&#8243;H<\/li>\n<li>Weight 6.08 oz\/172.37 grams<\/li>\n<\/ul>\n<h4>Wydajno\u015b\u0107:<\/h4>\n<ul>\n<li>Load Regulation (5V output) &lt;60mV<\/li>\n<li>Line Regulation 40mV<\/li>\n<li>Output temp. drift (5V output) &lt;40mV<\/li>\n<li>Switching Freq. 300kHz<\/li>\n<li>Max. Input Transient 125V for 100msec<\/li>\n<li>Output Ripple (5V output) &lt;20mV<\/li>\n<li>Conducted Susceptibility (5V output) &gt;57db<\/li>\n<li>Efficiency (5V output) Up to 90%<\/li>\n<\/ul>\n","protected":false},"excerpt":{"rendered":"<p>HE104+DX jest przeznaczony do niskoszumowych kompaktowych system\u00f3w komputerowych, ma szeroki zakres wej\u015bciowy 6-40 V (&gt; 6:1) i jest idealny do zastosowa\u0144 z akumulatorami lub nieregulowanymi wej\u015bciami. HE104+DX jest specjalnie zaprojektowany do aplikacji samochodowych i ma wytrzyma\u0142e t\u0142umiki przej\u015bciowe (9000W; zar\u00f3wno na g\u0142\u00f3wnych, jak i wt\u00f3rnych wej\u015bciach), kt\u00f3re utrzymuj\u0105 napi\u0119cie wej\u015bciowe na bezpiecznym poziomie, przy jednoczesnym zachowaniu normalnej pracy zasilacza.<\/p>\n","protected":false},"featured_media":10942,"template":"","meta":{"_acf_changed":false,"inline_featured_image":false,"_monsterinsights_skip_tracking":false,"_monsterinsights_sitenote_active":false,"_monsterinsights_sitenote_note":"","_monsterinsights_sitenote_category":0},"product_brand":[],"product_cat":[1613,791,793,789],"product_tag":[],"class_list":{"0":"post-5864","1":"product","2":"type-product","3":"status-publish","4":"has-post-thumbnail","6":"product_cat-akcesoria-peryferia","7":"product_cat-power-ups-pl","8":"product_cat-standard-power-supplies-pl","9":"product_cat-tri-m-pl","11":"first","12":"instock","13":"shipping-taxable","14":"product-type-simple"},"acf":[],"_links":{"self":[{"href":"https:\/\/quantum.com.pl\/pl\/wp-json\/wp\/v2\/product\/5864","targetHints":{"allow":["GET"]}}],"collection":[{"href":"https:\/\/quantum.com.pl\/pl\/wp-json\/wp\/v2\/product"}],"about":[{"href":"https:\/\/quantum.com.pl\/pl\/wp-json\/wp\/v2\/types\/product"}],"wp:featuredmedia":[{"embeddable":true,"href":"https:\/\/quantum.com.pl\/pl\/wp-json\/wp\/v2\/media\/10942"}],"wp:attachment":[{"href":"https:\/\/quantum.com.pl\/pl\/wp-json\/wp\/v2\/media?parent=5864"}],"wp:term":[{"taxonomy":"product_brand","embeddable":true,"href":"https:\/\/quantum.com.pl\/pl\/wp-json\/wp\/v2\/product_brand?post=5864"},{"taxonomy":"product_cat","embeddable":true,"href":"https:\/\/quantum.com.pl\/pl\/wp-json\/wp\/v2\/product_cat?post=5864"},{"taxonomy":"product_tag","embeddable":true,"href":"https:\/\/quantum.com.pl\/pl\/wp-json\/wp\/v2\/product_tag?post=5864"}],"curies":[{"name":"wp","href":"https:\/\/api.w.org\/{rel}","templated":true}]}}