{"id":5876,"date":"2019-11-20T13:43:32","date_gmt":"2019-11-20T12:43:32","guid":{"rendered":"https:\/\/quantum.com.pl\/?post_type=product&#038;p=5876"},"modified":"2020-08-26T00:02:27","modified_gmt":"2020-08-25T22:02:27","slug":"he-hp-100w","status":"publish","type":"product","link":"https:\/\/quantum.com.pl\/pl\/product\/he-hp-100w\/","title":{"rendered":"HE-HP: 100W"},"content":{"rendered":"<h4>100-watowy wysokowydajny modu\u0142 DC-DC PSU PC104<\/h4>\n<p>HE-HP to wysokowydajny modu\u0142 zasilania pr\u0105dem sta\u0142ym o napi\u0119ciu 100W, dostarczaj\u0105cy wyj\u015bcia +5V i +12V. HE-HP jest przeznaczony do <span style=\"font-weight: 400;\">niskoszumowych kompaktowych system\u00f3w komputerowych, ma szeroki zakres wej\u015bciowy<\/span> 6-40 V (&gt; 6:1)<span style=\"font-weight: 400;\">\u00a0i jest idealny do zastosowa\u0144 z akumulatorami lub nieregulowanymi wej\u015bciami.<\/span> HE-HP zosta\u0142 specjalnie zaprojektowany do zasilania pojazd\u00f3w i ma cztery wytrzyma\u0142e t\u0142umiki przej\u015bciowe (zapewniaj\u0105ce ochron\u0119 6000W), kt\u00f3re utrzymuj\u0105 napi\u0119cie wej\u015bciowe na bezpiecznym poziomie <span style=\"font-weight: 400;\">przy jednoczesnym zachowaniu normalnej pracy zasilacza.<\/span><\/p>\n<p>HE-HP to najnowocze\u015bniejsza konstrukcja oparta na Mosfecie, zapewniaj\u0105ca znakomit\u0105 regulacj\u0119 linii i obci\u0105\u017cenia przy wydajno\u015bci do 95 procent. Organiczne kondensatory p\u00f3\u0142przewodnikowe zapewniaj\u0105 filtrowanie, kt\u00f3re redukuje szum t\u0119tnienia poni\u017cej 20mV. Niski poziom ha\u0142asu sprawia, \u017ce \u200b\u200bHE-HP jest idealny do stosowania na pok\u0142adach samolot\u00f3w, w zastosowaniach wojskowych lub wsz\u0119dzie tam, gdzie konieczne jest zminimalizowanie EMI lub RFI. Wyj\u015bcia +5VDC i +12VDC s\u0105 sterowane przez regulator, kt\u00f3ry zapewnia doskona\u0142\u0105 odpowied\u017a przej\u015bciow\u0105 linii i obci\u0105\u017cenia.<\/p>\n<p>HE-HP ma optoizolowane wej\u015bcie on\/off (SD), co pozwala na zdalne sterowanie.<\/p>\n<p>HE-HP ma footprint PC\/104 z otworami monta\u017cowymi PC\/104. Wszystkie generowane napi\u0119cia s\u0105 dostarczane do bloku z\u0142\u0105cza.<\/p>\n<h4>Zalety:<\/h4>\n<ul>\n<li>Wysoka wydajno\u015b\u0107<\/li>\n<li>Praca w rozszerzonej temperaturze<\/li>\n<li>Wytrzyma\u0142a konstrukcja<\/li>\n<li>Przej\u015bciowe t\u0142umienie<\/li>\n<li>Zgodny z PC104<\/li>\n<\/ul>\n<h4>Parametry elektryczne:<\/h4>\n<ul>\n<li>Output (5V) * 5V @ 20.0A<\/li>\n<li>Output (12V) 12V @ 2.5A<\/li>\n<li>Output Total (Max) 100 Watt<\/li>\n<li>Input (Main) 6V to 40V<\/li>\n<\/ul>\n<h4>Cechy \u015brodowiskowe i mechaniczne:<\/h4>\n<ul>\n<li>Dimensions (W x L X H) 3.55\u201d x 3.75\u201d x 0.60\u201d<\/li>\n<li>Mounting PC\/104 Footprint<\/li>\n<li>Weight 6.08 oz \/ 172.37 grams<\/li>\n<li>Operating Temperature -40\u00baC to +85\u00baC<\/li>\n<li>Relative Humidity 5% to 95% (non-condensing)<\/li>\n<\/ul>\n<h4>Wydajno\u015b\u0107:<\/h4>\n<ul>\n<li>Peak to Peak ripple * &lt;20mV<\/li>\n<li>Load regulation ** &lt;60mV<\/li>\n<li>Line regulation ** 40mV<\/li>\n<li>Output temp. drift ** &lt;40mV<\/li>\n<li>Switching frequency 75kHz<\/li>\n<li>Max. input transient 125V for 100ms<\/li>\n<li>Output ripple &lt;20mV<\/li>\n<li>Conducted susceptibility &gt;57db<\/li>\n<li>Efficiency up to 90%<\/li>\n<li>Quiescent current *** 1.3mA<\/li>\n<\/ul>\n","protected":false},"excerpt":{"rendered":"<p>HE-HP to wysokowydajny modu\u0142 zasilania pr\u0105dem sta\u0142ym o napi\u0119ciu 100W, dostarczaj\u0105cy wyj\u015bcia +5V i +12V. HE-HP jest przeznaczony do <span style=\"font-weight: 400;\">niskoszumowych kompaktowych system\u00f3w komputerowych, ma szeroki zakres wej\u015bciowy<\/span> 6-40 V (&gt; 6:1)<span style=\"font-weight: 400;\">\u00a0i jest idealny do zastosowa\u0144 z akumulatorami lub nieregulowanymi wej\u015bciami.<\/span> HE-HP zosta\u0142 specjalnie zaprojektowany do zasilania pojazd\u00f3w i ma cztery wytrzyma\u0142e t\u0142umiki przej\u015bciowe (zapewniaj\u0105ce ochron\u0119 6000W), kt\u00f3re utrzymuj\u0105 napi\u0119cie wej\u015bciowe na bezpiecznym poziomie <span style=\"font-weight: 400;\">przy jednoczesnym zachowaniu normalnej pracy zasilacza.<\/span><\/p>\n","protected":false},"featured_media":10938,"template":"","meta":{"_acf_changed":false,"inline_featured_image":false,"_monsterinsights_skip_tracking":false,"_monsterinsights_sitenote_active":false,"_monsterinsights_sitenote_note":"","_monsterinsights_sitenote_category":0},"product_brand":[],"product_cat":[1613,791,793,789],"product_tag":[],"class_list":{"0":"post-5876","1":"product","2":"type-product","3":"status-publish","4":"has-post-thumbnail","6":"product_cat-akcesoria-peryferia","7":"product_cat-power-ups-pl","8":"product_cat-standard-power-supplies-pl","9":"product_cat-tri-m-pl","11":"first","12":"instock","13":"shipping-taxable","14":"product-type-simple"},"acf":[],"_links":{"self":[{"href":"https:\/\/quantum.com.pl\/pl\/wp-json\/wp\/v2\/product\/5876","targetHints":{"allow":["GET"]}}],"collection":[{"href":"https:\/\/quantum.com.pl\/pl\/wp-json\/wp\/v2\/product"}],"about":[{"href":"https:\/\/quantum.com.pl\/pl\/wp-json\/wp\/v2\/types\/product"}],"wp:featuredmedia":[{"embeddable":true,"href":"https:\/\/quantum.com.pl\/pl\/wp-json\/wp\/v2\/media\/10938"}],"wp:attachment":[{"href":"https:\/\/quantum.com.pl\/pl\/wp-json\/wp\/v2\/media?parent=5876"}],"wp:term":[{"taxonomy":"product_brand","embeddable":true,"href":"https:\/\/quantum.com.pl\/pl\/wp-json\/wp\/v2\/product_brand?post=5876"},{"taxonomy":"product_cat","embeddable":true,"href":"https:\/\/quantum.com.pl\/pl\/wp-json\/wp\/v2\/product_cat?post=5876"},{"taxonomy":"product_tag","embeddable":true,"href":"https:\/\/quantum.com.pl\/pl\/wp-json\/wp\/v2\/product_tag?post=5876"}],"curies":[{"name":"wp","href":"https:\/\/api.w.org\/{rel}","templated":true}]}}