{"id":5887,"date":"2019-11-21T06:40:28","date_gmt":"2019-11-21T05:40:28","guid":{"rendered":"https:\/\/quantum.com.pl\/?post_type=product&#038;p=5887"},"modified":"2020-08-26T00:02:26","modified_gmt":"2020-08-25T22:02:26","slug":"hesc-serd-60w","status":"publish","type":"product","link":"https:\/\/quantum.com.pl\/pl\/product\/hesc-serd-60w\/","title":{"rendered":"HESC-SERD: 60W"},"content":{"rendered":"<h4>HESC-SERD: 60-watowy wysokowydajny kompaktowy zasilacz portu szeregowego<\/h4>\n<p>HESC-SERD to wysokowydajny kompaktowy zasilacz DC na DC o mocy 60W, dostarczaj\u0105cy wyj\u015bcia +5V, -5V, +12V i -12V. HESC-SERD zawiera r\u00f3wnie\u017c mikrokontroler oparty na pami\u0119ci flash, kt\u00f3ry zapewnia zaawansowane zarz\u0105dzanie energi\u0105, inteligentn\u0105 \u0142adowark\u0119 baterii i port szeregowy RS232. HESC-SERD jest przeznaczony do kompaktowych niskoszumowych system\u00f3w komputerowych, ma szeroki zakres wej\u015bciowy 6-50V (&gt; 8:1) i jest idealny do zastosowa\u0144 z bateriami lub nieregulowanymi wej\u015bciami. HESC-SERD jest specjalnie zaprojektowany do zastosowa\u0144 w pojazdach i ma wytrzyma\u0142e t\u0142umiki przej\u015bciowe (9000W), kt\u00f3re utrzymuj\u0105 g\u0142\u00f3wne napi\u0119cie wej\u015bciowe na bezpiecznym poziomie, zachowuj\u0105c przy tym normalne dzia\u0142anie zasilacza.<\/p>\n<p>HESC-SERD to najnowocze\u015bniejsza konstrukcja oparta na Mosfecie, pozwalaj\u0105ca na znakomit\u0105 regulacj\u0119 linii i obci\u0105\u017cenia przy wydajno\u015bci do 95 procent. Organiczne kondensatory p\u00f3\u0142przewodnikowe zapewniaj\u0105 filtrowanie, kt\u00f3re redukuje szum t\u0119tnienia poni\u017cej 20 mV. Niski poziom ha\u0142asu sprawia, \u017ce \u200b\u200bHESC-SERD <span style=\"font-weight: 400;\">jest idealny do stosowania na pok\u0142adach samolot\u00f3w, w zastosowaniach wojskowych lub wsz\u0119dzie tam, gdzie konieczne jest zminimalizowanie EMI lub RFI.<\/span> Wyj\u015bcia +5V DC i +12V DC <span style=\"font-weight: 400;\">s\u0105 sterowane przez regulator, kt\u00f3ry zapewnia doskona\u0142\u0105 odpowied\u017a przej\u015bciow\u0105 linii i obci\u0105\u017cenia.<\/span><\/p>\n<p>HESC-SERD zapewnia do czterech etap\u00f3w \u0142adowania baterii. Mo\u017ce \u0142adowa\u0107 akumulatory \u00a0Lead-Acid, NiCd i NiMh, a tak\u017ce jest kompatybilny z SMBus poziom 3. Pr\u0105dy \u0142adowania wynosz\u0105 do 4A, a napi\u0119cia \u0142adowania akumulatora od 9.5 do 35V.<\/p>\n<p>HESC-SERD posiada zaawansowane funkcje zarz\u0105dzania energi\u0105, kt\u00f3re pozwalaj\u0105 na czasow\u0105 kontrol\u0119 on\/off, informacje o zmianach w g\u0142\u00f3wnym zasilaniu i zmianach stanu akumulatora. Dla przyk\u0142adu, HESC-SERD mo\u017cna zaprogramowa\u0107 tak, aby wy\u0142\u0105cza\u0142 wyj\u015bcia w 60 sekund, a nast\u0119pnie w\u0142\u0105cza\u0142 si\u0119 ponownie 12 godzin p\u00f3\u017aniej.<\/p>\n<p>Rozmiar HESC-SERD to 3.55 x 3.775 cala, co odpowiada rozmiarem standardowi PC\/104 i ma taki sam wz\u00f3r otwor\u00f3w monta\u017cowych jak standard PC\/104. Jednak HESC-SERD nie dostarcza z\u0142\u0105czy magistrali PC\/104. Wszystkie generowane napi\u0119cia s\u0105 dostarczane do wymiennego, wtykowego z\u0142\u0105cza. Wyjmowana wtyczka pozwala na \u0142atw\u0105 instalacj\u0119 HESC-SERD. Port szeregowy RS232 znajduje si\u0119 na headerze pinowym 2 x 5 rz\u0119d\u00f3w.<\/p>\n<p>HESC-SERD mo\u017cna skonfigurowa\u0107 tak, aby spe\u0142nia\u0142 prawie wszystkie potrzeby zwi\u0105zane z zasilaniem i \u0142adowaniem akumulator\u00f3w w kompaktowych aplikacjach, niezale\u017cnie od tego, czy jest to prosta aplikacja +5V, czy te\u017c zapewnia zasilanie dla pod\u015bwietlanych paneli LCD lub pe\u0142nego zasilacza UPS (konfiguracja nieprzerwanego zasilania).<\/p>\n<h4>Zalety:<\/h4>\n<ul>\n<li>Wysoka wydajno\u015b\u0107<\/li>\n<li>Praca w rozszerzonej temperaturze<\/li>\n<li>Wytrzyma\u0142a konstrukcja<\/li>\n<li>Przej\u015bciowe t\u0142umienie<\/li>\n<li>Power\/OS<\/li>\n<li>Inteligentne \u0142adowanie<\/li>\n<li>Rozmiar PC104<\/li>\n<\/ul>\n<h4>Parametry elektryczne:<\/h4>\n<ul>\n<li>+5V output* 12.0A<\/li>\n<li>+12V output 2.5A<\/li>\n<li>-5 output 0.4A<\/li>\n<li>-12V output 0.5A<\/li>\n<\/ul>\n<h4>Napi\u0119cie wej\u015bciowe:<\/h4>\n<ul>\n<li>6 to 50VDC<\/li>\n<\/ul>\n<h4>\u0141adowanie:<\/h4>\n<ul>\n<li>Charge Current 0A to 4.0 A<\/li>\n<li>Charging Voltage 10V to 35V<\/li>\n<\/ul>\n<h4>Cechy \u015brodowiskowe i mechaniczne:<\/h4>\n<ul>\n<li>Size (W x L x H)**** 3.55\u201d x 3.75\u201d x 0.55\u201d<\/li>\n<li>Weight 7.30oz \/ 206.95g<\/li>\n<li>Temperature Range -40 to +85\u00b0C<\/li>\n<\/ul>\n<h4>Wydajno\u015b\u0107:<\/h4>\n<ul>\n<li>Peak to Peak ripple* &lt;20mV<\/li>\n<li>Load Regulation** &lt;60mV<\/li>\n<li>Line Regulation** 40mV<\/li>\n<li>Output Temp. Drift** &lt;40mV<\/li>\n<li>Output Ripple** 20mV<\/li>\n<li>Quiescent Current*** 2mA<\/li>\n<li>Soft Start: 5V start up risetime = 10 msec<\/li>\n<li>Efficiency up to 95%<\/li>\n<\/ul>\n","protected":false},"excerpt":{"rendered":"<p>HESC-SERD to wysokowydajny kompaktowy zasilacz DC na DC o mocy 60W, dostarczaj\u0105cy wyj\u015bcia +5V, -5V, +12V i -12V. HESC-SERD zawiera r\u00f3wnie\u017c mikrokontroler oparty na pami\u0119ci flash, kt\u00f3ry zapewnia zaawansowane zarz\u0105dzanie energi\u0105, inteligentn\u0105 \u0142adowark\u0119 baterii i port szeregowy RS232. HESC-SERD jest przeznaczony do kompaktowych niskoszumowych system\u00f3w komputerowych, ma szeroki zakres wej\u015bciowy 6-50V (&gt; 8:1) i jest idealny do zastosowa\u0144 z bateriami lub nieregulowanymi wej\u015bciami. HESC-SERD jest specjalnie zaprojektowany do zastosowa\u0144 w pojazdach i ma wytrzyma\u0142e t\u0142umiki przej\u015bciowe (9000W), kt\u00f3re utrzymuj\u0105 g\u0142\u00f3wne napi\u0119cie wej\u015bciowe na bezpiecznym poziomie, zachowuj\u0105c przy tym normalne dzia\u0142anie zasilacza.<\/p>\n","protected":false},"featured_media":10946,"template":"","meta":{"_acf_changed":false,"inline_featured_image":false,"_monsterinsights_skip_tracking":false,"_monsterinsights_sitenote_active":false,"_monsterinsights_sitenote_note":"","_monsterinsights_sitenote_category":0},"product_brand":[],"product_cat":[1613,791,796,789],"product_tag":[],"class_list":{"0":"post-5887","1":"product","2":"type-product","3":"status-publish","4":"has-post-thumbnail","6":"product_cat-akcesoria-peryferia","7":"product_cat-power-ups-pl","8":"product_cat-smart-power-supplies-en-2","9":"product_cat-tri-m-pl","11":"first","12":"instock","13":"shipping-taxable","14":"product-type-simple"},"acf":[],"_links":{"self":[{"href":"https:\/\/quantum.com.pl\/pl\/wp-json\/wp\/v2\/product\/5887","targetHints":{"allow":["GET"]}}],"collection":[{"href":"https:\/\/quantum.com.pl\/pl\/wp-json\/wp\/v2\/product"}],"about":[{"href":"https:\/\/quantum.com.pl\/pl\/wp-json\/wp\/v2\/types\/product"}],"wp:featuredmedia":[{"embeddable":true,"href":"https:\/\/quantum.com.pl\/pl\/wp-json\/wp\/v2\/media\/10946"}],"wp:attachment":[{"href":"https:\/\/quantum.com.pl\/pl\/wp-json\/wp\/v2\/media?parent=5887"}],"wp:term":[{"taxonomy":"product_brand","embeddable":true,"href":"https:\/\/quantum.com.pl\/pl\/wp-json\/wp\/v2\/product_brand?post=5887"},{"taxonomy":"product_cat","embeddable":true,"href":"https:\/\/quantum.com.pl\/pl\/wp-json\/wp\/v2\/product_cat?post=5887"},{"taxonomy":"product_tag","embeddable":true,"href":"https:\/\/quantum.com.pl\/pl\/wp-json\/wp\/v2\/product_tag?post=5887"}],"curies":[{"name":"wp","href":"https:\/\/api.w.org\/{rel}","templated":true}]}}