{"id":5921,"date":"2019-11-21T07:25:18","date_gmt":"2019-11-21T06:25:18","guid":{"rendered":"https:\/\/quantum.com.pl\/?post_type=product&#038;p=5921"},"modified":"2020-08-26T00:02:26","modified_gmt":"2020-08-25T22:02:26","slug":"hps3512-203w","status":"publish","type":"product","link":"https:\/\/quantum.com.pl\/pl\/product\/hps3512-203w\/","title":{"rendered":"HPS3512: 203W"},"content":{"rendered":"<h4>203W Max PC104 PSU z oprogramowaniem uk\u0142adowym HPS-UPS<\/h4>\n<p>HPS3512 to zasilacz PC104 o wysokiej mocy i wysokiej wydajno\u015bci, dostarczaj\u0105cy wyj\u015bcia +3.3V, +5V i +12V. HPS3512 zawiera tak\u017ce mikrokontroler oparty na pami\u0119ci flash, kt\u00f3ry zapewnia zaawansowane zarz\u0105dzanie energi\u0105, oraz port szeregowy RS232. HPS3512 zosta\u0142 przeznaczony do kompaktowych niskoszumowych system\u00f3w komputerowych, ma szeroki zakres wej\u015bciowy 6-40V (&gt; 6:1) i jest idealny do zastosowa\u0144 z bateriami lub nieregulowanymi wej\u015bciami. HPS3512 jest specjalnie zaprojektowany do zastosowa\u0144 w pojazdach i ma wytrzyma\u0142e t\u0142umiki przej\u015bciowe (do 18000W), kt\u00f3re utrzymuj\u0105 napi\u0119cie wej\u015bciowe na bezpiecznym poziomie, zachowuj\u0105c przy tym normalne dzia\u0142anie zasilacza.<\/p>\n<p>HPS3512 <span style=\"font-weight: 400;\">to najnowocze\u015bniejsza konstrukcja oparta na Mosfecie, pozwalaj\u0105ca na znakomit\u0105 regulacj\u0119 linii i obci\u0105\u017cenia przy wydajno\u015bci do 90 procent. <\/span>Organiczne kondensatory p\u00f3\u0142przewodnikowe (OSC-CON) i polimeryzowane kondensatory p\u00f3\u0142przewodnikowe organiczne (POSCAP) zapewniaj\u0105 filtrowanie, kt\u00f3re redukuje szum t\u0119tnienia poni\u017cej 20 mV. Niski poziom ha\u0142asu sprawia, \u017ce \u200b\u200bHPS3512 jest idealny do stosowania na pok\u0142adzie samolotu, w wojsku lub wsz\u0119dzie tam, gdzie konieczne jest zminimalizowanie EMI lub RFI. Kontrolery zapewniaj\u0105 doskona\u0142\u0105 odpowied\u017a przej\u015bciow\u0105 linii i obci\u0105\u017cenia na wyj\u015bciach +5VDC i +12VDC.<\/p>\n<p>HPS3512 <span style=\"font-weight: 400;\">ma zaawansowane funkcje zarz\u0105dzania zasilaniem, kt\u00f3re pozwalaj\u0105 na czasow\u0105 kontrol\u0119 on\/off, informacje o zmianach w g\u0142\u00f3wnym zasilaniu<\/span> i statusie zasilania wt\u00f3rnego. Dla przyk\u0142adu, HPS3512 mo\u017cna zaprogramowa\u0107 tak, aby wy\u0142\u0105cza\u0142 wyj\u015bcia w 60 sekund, a nast\u0119pnie w\u0142\u0105cza\u0142 si\u0119 ponownie 12 godzin p\u00f3\u017aniej.<\/p>\n<p>Rozmiar HPS3512 to 3.55 x 3.775 cala, co odpowiada rozmiarem standardowi PC\/104 i ma taki sam wz\u00f3r otwor\u00f3w monta\u017cowych jak standard PC\/104. Jednak HPS3512 nie zawiera z\u0142\u0105czy magistrali PC\/104. Wszystkie generowane napi\u0119cia s\u0105 dostarczane do wymiennego z\u0142\u0105cza. Wyjmowana wtyczka pozwala na \u0142atw\u0105 instalacj\u0119 HPS3512. Port szeregowy RS232 znajduje si\u0119 na <span style=\"font-weight: 400;\">headerze pinowym 2 x 5 rz\u0119d\u00f3w.<\/span><\/p>\n<p>HPS3512 <span style=\"font-weight: 400;\">mo\u017cna skonfigurowa\u0107 tak, aby spe\u0142nia\u0142 prawie wszystkie potrzeby zwi\u0105zane z zasilaniem i \u0142adowaniem akumulator\u00f3w w kompaktowych aplikacjach, niezale\u017cnie od tego, czy jest to prosta aplikacja +5V, czy te\u017c zapewnia zasilanie dla pod\u015bwietlanych paneli LCD.<\/span><\/p>\n<h4>Zalety:<\/h4>\n<ul>\n<li>Wysoka wydajno\u015b\u0107<\/li>\n<li>Praca w rozszerzonej temperaturze<\/li>\n<li>Wytrzyma\u0142a konstrukcja<\/li>\n<li>Przej\u015bciowe t\u0142umienie<\/li>\n<li>Power\/OS<\/li>\n<li>Zasilacz Smart PC104<\/li>\n<\/ul>\n<h4>Parametry elektryczne:<\/h4>\n<ul>\n<li>+3.3V output 10A<\/li>\n<li>+5 output 15A<\/li>\n<li>+12V output 5A<\/li>\n<li>+5VSB output 7A<\/li>\n<\/ul>\n<h4>Napi\u0119cie wej\u015bciowe:<\/h4>\n<ul>\n<li>6 to 40VDC<\/li>\n<\/ul>\n<h4>Cechy \u015brodowiskowe i mechaniczne:<\/h4>\n<ul>\n<li>Size (W x L x H)**** 3.55\u201d x 3.775\u201d x 0.6\u201d<\/li>\n<li>Weight 7.30oz \/ 206.95g<\/li>\n<li>Temperature Range -40 to +85\u00b0C<\/li>\n<\/ul>\n<h4>Wydajno\u015b\u0107:<\/h4>\n<ul>\n<li>Load Regulation* &lt;60mV<\/li>\n<li>Line Regulation* 40mV<\/li>\n<li>Output Temp. Drift* &lt;40mV<\/li>\n<li>Output Ripple* 20mV<\/li>\n<li>Switching Frequency 320-330kHz<\/li>\n<li>Maximum Input Transient 125V for100Msec<\/li>\n<li>Conducted Susceptibility &gt;57db<\/li>\n<li>Efficiency up to 90%<\/li>\n<\/ul>\n","protected":false},"excerpt":{"rendered":"<p>HPS3512 to zasilacz PC104 o wysokiej mocy i wysokiej wydajno\u015bci, dostarczaj\u0105cy wyj\u015bcia +3.3V, +5V i +12V. HPS3512 zawiera tak\u017ce mikrokontroler oparty na pami\u0119ci flash, kt\u00f3ry zapewnia zaawansowane zarz\u0105dzanie energi\u0105, oraz port szeregowy RS232. HPS3512 zosta\u0142 przeznaczony do kompaktowych niskoszumowych system\u00f3w komputerowych, ma szeroki zakres wej\u015bciowy 6-40V (&gt; 6:1) i jest idealny do zastosowa\u0144 z bateriami lub nieregulowanymi wej\u015bciami. HPS3512 jest specjalnie zaprojektowany do zastosowa\u0144 w pojazdach i ma wytrzyma\u0142e t\u0142umiki przej\u015bciowe (do 18000W), kt\u00f3re utrzymuj\u0105 napi\u0119cie wej\u015bciowe na bezpiecznym poziomie, zachowuj\u0105c przy tym normalne dzia\u0142anie zasilacza.<\/p>\n","protected":false},"featured_media":10952,"template":"","meta":{"_acf_changed":false,"inline_featured_image":false,"_monsterinsights_skip_tracking":false,"_monsterinsights_sitenote_active":false,"_monsterinsights_sitenote_note":"","_monsterinsights_sitenote_category":0},"product_brand":[],"product_cat":[1613,791,796,789],"product_tag":[],"class_list":{"0":"post-5921","1":"product","2":"type-product","3":"status-publish","4":"has-post-thumbnail","6":"product_cat-akcesoria-peryferia","7":"product_cat-power-ups-pl","8":"product_cat-smart-power-supplies-en-2","9":"product_cat-tri-m-pl","11":"first","12":"instock","13":"shipping-taxable","14":"product-type-simple"},"acf":[],"_links":{"self":[{"href":"https:\/\/quantum.com.pl\/pl\/wp-json\/wp\/v2\/product\/5921","targetHints":{"allow":["GET"]}}],"collection":[{"href":"https:\/\/quantum.com.pl\/pl\/wp-json\/wp\/v2\/product"}],"about":[{"href":"https:\/\/quantum.com.pl\/pl\/wp-json\/wp\/v2\/types\/product"}],"wp:featuredmedia":[{"embeddable":true,"href":"https:\/\/quantum.com.pl\/pl\/wp-json\/wp\/v2\/media\/10952"}],"wp:attachment":[{"href":"https:\/\/quantum.com.pl\/pl\/wp-json\/wp\/v2\/media?parent=5921"}],"wp:term":[{"taxonomy":"product_brand","embeddable":true,"href":"https:\/\/quantum.com.pl\/pl\/wp-json\/wp\/v2\/product_brand?post=5921"},{"taxonomy":"product_cat","embeddable":true,"href":"https:\/\/quantum.com.pl\/pl\/wp-json\/wp\/v2\/product_cat?post=5921"},{"taxonomy":"product_tag","embeddable":true,"href":"https:\/\/quantum.com.pl\/pl\/wp-json\/wp\/v2\/product_tag?post=5921"}],"curies":[{"name":"wp","href":"https:\/\/api.w.org\/{rel}","templated":true}]}}