{"id":5932,"date":"2019-11-21T07:50:11","date_gmt":"2019-11-21T06:50:11","guid":{"rendered":"https:\/\/quantum.com.pl\/?post_type=product&#038;p=5932"},"modified":"2020-08-26T00:02:24","modified_gmt":"2020-08-25T22:02:24","slug":"v12sc-ser-ups","status":"publish","type":"product","link":"https:\/\/quantum.com.pl\/pl\/product\/v12sc-ser-ups\/","title":{"rendered":"V12SC-SER[-UPS]"},"content":{"rendered":"<h4>PC\/104 UPS i uniwersalna \u0142adowarka z obs\u0142ug\u0105 paneli s\u0142onecznych<\/h4>\n<p>&nbsp;<\/p>\n<p>V12SC-SER po zintegrowaniu z zapasowym \u017ar\u00f3d\u0142em zasilania jest wytrzyma\u0142ym systemem bezprzerwowego zasilania (UPS) o napi\u0119ciu do 12V@ 5A i 5V@ 1A do u\u017cytku w odleg\u0142ych i nieprzyjaznych \u015brodowiskach. V12SC-SER mo\u017ce by\u0107 zasilany z panelu s\u0142onecznego lub ze \u017ar\u00f3d\u0142a zasilania pojazdu. Zabezpieczenie mocy wej\u015bciowej zosta\u0142o zaprojektowane zgodnie z MIL-STD-1275 i mo\u017ce obs\u0142ugiwa\u0107 stany przej\u015bciowe i zrzuty obci\u0105\u017cenia wyst\u0119puj\u0105ce w ci\u0119\u017ckich pojazdach, takich jak du\u017ce ci\u0119\u017car\u00f3wki g\u00f3rnicze.<\/p>\n<p>Footprint PC\/104 mo\u017cna \u0142atwo zintegrowa\u0107 z innymi modu\u0142ami, takimi jak CPU, modu\u0142y komunikacyjne czy I\/O. Uniwersalna \u0142adowarka mo\u017ce obs\u0142ugiwa\u0107 NiCd, NiMh, SLA, Li-Ion, ultra kondensatory i zapasowe \u017ar\u00f3d\u0142a zasilania SMBus. V12SC-SER-UPS zawiera wbudowane akumulatory NiMh zapewniaj\u0105ce 6.3 Wh energii zapasowej.<\/p>\n<p>V12SC-SER ma dwa porty RS232 do monitorowania i kontroli danych. Jeden port ma izolacj\u0119 2500Vrms i zawiera 5V@ 200 mA, co czyni go idealnym do zdalnych czujnik\u00f3w nat\u0119\u017cenia \u015bwiat\u0142a s\u0142onecznego i temperatury w panelach s\u0142onecznych. Drugi port zawiera 5V@ 1A energii dla urz\u0105dze\u0144 takich, jak CPU o niskiej mocy. Zasilanie 5V na portach szeregowych mo\u017cna niezale\u017cnie prze\u0142\u0105cza\u0107 na wyj\u015bcie 12V.<\/p>\n<p>Trzy pe\u0142nokolorowe wska\u017aniki LED RGB na V12SC-SER zapewniaj\u0105 status operacyjny, a dodatkowe trzy zewn\u0119trzne wska\u017aniki LED RGB mo\u017cna wykorzysta\u0107 do zdalnego wskazywania statusu. Diody LED mog\u0105 by\u0107 kontrolowane zdalnie przez porty RS232, umo\u017cliwiaj\u0105c wskazanie jeszcze innych funkcji.<\/p>\n<h4>Zalety:<\/h4>\n<ul>\n<li>Kompatybilny z panelem s\u0142onecznym (gdy energia z panelu s\u0142onecznego jest niewystarczaj\u0105ca, V12SC uzupe\u0142nia si\u0119, pobieraj\u0105c energi\u0119 z rezerwowego \u017ar\u00f3d\u0142a zasilania)<\/li>\n<li>Kompatybilny z footprintem i wysoko\u015bci\u0105 PC\/104<\/li>\n<li>Szeroki zakres wej\u015bciowy, od 7V do 40V DC<\/li>\n<li>Przej\u015bciowe t\u0142umienie zaprojektowane zgodnie z MIL-STD-1275<\/li>\n<li>Odporno\u015b\u0107 na wypadki mechaniczne i wibracje zaprojektowana zgodnie z ML-STD-810<\/li>\n<li>Uniwersalna \u0142adowarka wielochemiczna, obs\u0142uguje NiCd, NiMh, SLA, Li-Ion, ultrakondensatory i SMBus<\/li>\n<li>Szeroki zakres temperatur pracy<\/li>\n<li>Izolowany port RS232 do zdalnych czujnik\u00f3w i monitorowania danych wraz z izolowanym 5V do zasilania zdalnych czujnik\u00f3w<\/li>\n<\/ul>\n<h4>Zakres napi\u0119cia wej\u015bciowego i ochrona:<\/h4>\n<ul>\n<li>7 to 40VDC input range<\/li>\n<li>Transient surge stopper designed to MIL-STD-1275 levels<\/li>\n<li>12A high current fuse on input<br \/>\n(Note: V12SC-SER-UPS is limited to a maximum of 35 watts by the capabilities of the onboard NiMh batteries)<\/li>\n<\/ul>\n<h4>Moc wyj\u015bciowa:<\/h4>\n<ul>\n<li>12V @ 5A<\/li>\n<li>5V @ 1A (on serial port 2, CN10)<\/li>\n<li>5V @ 0.2A (isolated 5V on serial port 1, CN9)<\/li>\n<\/ul>\n<h4>Zapasowe \u0142adowanie i ochrona zasilania:<\/h4>\n<ul>\n<li>9 to 20V @7A charging<\/li>\n<li>8.4V @ 6.3 watt-hr [22,600 joules] (nominal V12SC-SER-UPS)<\/li>\n<li>High current fuse 10A rated, socketed and field replaceable<\/li>\n<li>High temperature thermal cutout 84C rated (V12SC-SER-UPS)<\/li>\n<\/ul>\n<h4>Cechy mechaniczne i \u015brodowiskowe:<\/h4>\n<ul>\n<li>Footprint: 3.55 x 3.775&#8243; [90 x 96mm]<\/li>\n<li>Height: 0.6&#8243; [15.24mm]<\/li>\n<li>Weight (V12SC-SER) 2.9 oz [82 grams]<\/li>\n<li>Weight (V12SC-SER-UPS) 6.1 oz [173 grams]<\/li>\n<\/ul>\n<h4>\u015arodowisko:<\/h4>\n<ul>\n<li>-40 to 185degF [-40 to 85degC] (V12SC-SER)<\/li>\n<li>-14 to 122degF [-10 to 50degC] (V12SC-SER-UPS, limited by onboard batteries)<\/li>\n<\/ul>\n","protected":false},"excerpt":{"rendered":"<p>V12SC-SER po zintegrowaniu z zapasowym \u017ar\u00f3d\u0142em zasilania jest wytrzyma\u0142ym systemem bezprzerwowego zasilania (UPS) o napi\u0119ciu do 12V@ 5A i 5V@ 1A do u\u017cytku w odleg\u0142ych i nieprzyjaznych \u015brodowiskach. V12SC-SER mo\u017ce by\u0107 zasilany z panelu s\u0142onecznego lub ze \u017ar\u00f3d\u0142a zasilania pojazdu. Zabezpieczenie mocy wej\u015bciowej zosta\u0142o zaprojektowane zgodnie z MIL-STD-1275 i mo\u017ce obs\u0142ugiwa\u0107 stany przej\u015bciowe i zrzuty obci\u0105\u017cenia wyst\u0119puj\u0105ce w ci\u0119\u017ckich pojazdach, takich jak du\u017ce ci\u0119\u017car\u00f3wki g\u00f3rnicze.<\/p>\n","protected":false},"featured_media":10974,"template":"","meta":{"_acf_changed":false,"inline_featured_image":false,"_monsterinsights_skip_tracking":false,"_monsterinsights_sitenote_active":false,"_monsterinsights_sitenote_note":"","_monsterinsights_sitenote_category":0},"product_brand":[],"product_cat":[1613,791,796,789],"product_tag":[],"class_list":{"0":"post-5932","1":"product","2":"type-product","3":"status-publish","4":"has-post-thumbnail","6":"product_cat-akcesoria-peryferia","7":"product_cat-power-ups-pl","8":"product_cat-smart-power-supplies-en-2","9":"product_cat-tri-m-pl","11":"first","12":"instock","13":"shipping-taxable","14":"product-type-simple"},"acf":[],"_links":{"self":[{"href":"https:\/\/quantum.com.pl\/pl\/wp-json\/wp\/v2\/product\/5932","targetHints":{"allow":["GET"]}}],"collection":[{"href":"https:\/\/quantum.com.pl\/pl\/wp-json\/wp\/v2\/product"}],"about":[{"href":"https:\/\/quantum.com.pl\/pl\/wp-json\/wp\/v2\/types\/product"}],"wp:featuredmedia":[{"embeddable":true,"href":"https:\/\/quantum.com.pl\/pl\/wp-json\/wp\/v2\/media\/10974"}],"wp:attachment":[{"href":"https:\/\/quantum.com.pl\/pl\/wp-json\/wp\/v2\/media?parent=5932"}],"wp:term":[{"taxonomy":"product_brand","embeddable":true,"href":"https:\/\/quantum.com.pl\/pl\/wp-json\/wp\/v2\/product_brand?post=5932"},{"taxonomy":"product_cat","embeddable":true,"href":"https:\/\/quantum.com.pl\/pl\/wp-json\/wp\/v2\/product_cat?post=5932"},{"taxonomy":"product_tag","embeddable":true,"href":"https:\/\/quantum.com.pl\/pl\/wp-json\/wp\/v2\/product_tag?post=5932"}],"curies":[{"name":"wp","href":"https:\/\/api.w.org\/{rel}","templated":true}]}}