{"id":5940,"date":"2019-11-21T08:05:35","date_gmt":"2019-11-21T07:05:35","guid":{"rendered":"https:\/\/quantum.com.pl\/?post_type=product&#038;p=5940"},"modified":"2020-08-26T00:02:25","modified_gmt":"2020-08-25T22:02:25","slug":"tps1000-35w-42w","status":"publish","type":"product","link":"https:\/\/quantum.com.pl\/pl\/product\/tps1000-35w-42w\/","title":{"rendered":"TPS1000: 35W, 42W"},"content":{"rendered":"<h4>Konwerter DC-DC z podw\u00f3jnym wyj\u015bciem PC104 Power 5V@7A i 12V@3.5A<\/h4>\n<p>&nbsp;<\/p>\n<p>TPS1000-512 to ultra-wysokowydajny, podw\u00f3jnie programowalny konwerter wyj\u015bciowy DC-DC PC104. Trzystopniowa ochrona wej\u015bcia z wbudowanym Power OS daje pewno\u015b\u0107, \u017ce \u200b\u200bsystem jest zabezpieczony przed skokami napi\u0119cia i przej\u015bciami. Rozszerzony zakres temperatur pracy i solidna konstrukcja umo\u017cliwiaj\u0105 niezawodne u\u017cytkowanie TPS1000-512 w ekstremalnie trudnych warunkach. Trzykolorowe diody LED RGB zapewniaj\u0105 wizualne wskazanie wej\u015bcia, wyj\u015bcia i dzia\u0142ania TPS1000-512.<\/p>\n<h4>Zalety:<\/h4>\n<ul>\n<li>Moc o bardzo wysokiej wydajno\u015bci<\/li>\n<li>Praca w rozszerzonej temperaturze<\/li>\n<li>Wytrzyma\u0142a konstrukcja<\/li>\n<li>Power OS<\/li>\n<li>Przej\u015bciowe t\u0142umienie<\/li>\n<li>Format PC104<\/li>\n<\/ul>\n<h4><\/h4>\n<h4>Specyfikacja:<\/h4>\n<ul>\n<li><strong>10,000W Transient Protection<\/strong><br \/>\nActive voltage clamping<br \/>\nReverse polarity<\/li>\n<li><strong>Input Voltage Range<\/strong><br \/>\n4.5V to 33V DC<\/li>\n<li><strong>Standard Output<\/strong><br \/>\n5V @ 7A max., 12V @ 3.5A max.<\/li>\n<li><strong>High Efficiency<\/strong><br \/>\nUp to 96%<\/li>\n<li><strong>Extended Temperature<\/strong><br \/>\n-40\u00b0C to +85\u00b0C<\/li>\n<li><strong>Shock &amp; Vibration<\/strong><br \/>\nTested to meet MIL-STD-810G<\/li>\n<li><strong>Communication<\/strong><br \/>\nUSB: CDC &amp; MSC<br \/>\nRS232: TTL<\/li>\n<li><strong>Indicator LEDs<\/strong><br \/>\n3 Full colour: Input, Output &amp; Status<br \/>\nProgrammable<\/li>\n<\/ul>\n","protected":false},"excerpt":{"rendered":"<p>TPS1000-512 to ultra-wysokowydajny, podw\u00f3jnie programowalny konwerter wyj\u015bciowy DC-DC PC104.<\/p>\n","protected":false},"featured_media":10966,"template":"","meta":{"_acf_changed":false,"inline_featured_image":false,"_monsterinsights_skip_tracking":false,"_monsterinsights_sitenote_active":false,"_monsterinsights_sitenote_note":"","_monsterinsights_sitenote_category":0},"product_brand":[],"product_cat":[1613,791,796,789],"product_tag":[],"class_list":{"0":"post-5940","1":"product","2":"type-product","3":"status-publish","4":"has-post-thumbnail","6":"product_cat-akcesoria-peryferia","7":"product_cat-power-ups-pl","8":"product_cat-smart-power-supplies-en-2","9":"product_cat-tri-m-pl","11":"first","12":"instock","13":"shipping-taxable","14":"product-type-simple"},"acf":[],"_links":{"self":[{"href":"https:\/\/quantum.com.pl\/pl\/wp-json\/wp\/v2\/product\/5940","targetHints":{"allow":["GET"]}}],"collection":[{"href":"https:\/\/quantum.com.pl\/pl\/wp-json\/wp\/v2\/product"}],"about":[{"href":"https:\/\/quantum.com.pl\/pl\/wp-json\/wp\/v2\/types\/product"}],"wp:featuredmedia":[{"embeddable":true,"href":"https:\/\/quantum.com.pl\/pl\/wp-json\/wp\/v2\/media\/10966"}],"wp:attachment":[{"href":"https:\/\/quantum.com.pl\/pl\/wp-json\/wp\/v2\/media?parent=5940"}],"wp:term":[{"taxonomy":"product_brand","embeddable":true,"href":"https:\/\/quantum.com.pl\/pl\/wp-json\/wp\/v2\/product_brand?post=5940"},{"taxonomy":"product_cat","embeddable":true,"href":"https:\/\/quantum.com.pl\/pl\/wp-json\/wp\/v2\/product_cat?post=5940"},{"taxonomy":"product_tag","embeddable":true,"href":"https:\/\/quantum.com.pl\/pl\/wp-json\/wp\/v2\/product_tag?post=5940"}],"curies":[{"name":"wp","href":"https:\/\/api.w.org\/{rel}","templated":true}]}}