{"id":5963,"date":"2019-11-21T11:09:18","date_gmt":"2019-11-21T10:09:18","guid":{"rendered":"https:\/\/quantum.com.pl\/?post_type=product&#038;p=5963"},"modified":"2020-08-26T00:02:25","modified_gmt":"2020-08-25T22:02:25","slug":"tpsi1085-85w-izolowany","status":"publish","type":"product","link":"https:\/\/quantum.com.pl\/pl\/product\/tpsi1085-85w-izolowany\/","title":{"rendered":"TPSi1085: 85W, izolowany"},"content":{"rendered":"<h4>Izolowany zasilacz &#8222;embedded&#8221; DC\/DC 85W<\/h4>\n<p>&nbsp;<\/p>\n<p>TPSi1085 to izolowany zasilacz &#8222;embedded&#8221; PC\/104-Plus oferuj\u0105cy izolacj\u0119 wej\u015bcia\/wyj\u015bcia 2250V, ochron\u0119 przej\u015bciow\u0105 6000W, aktywne clamping napi\u0119cia wej\u015bciowego, szeroki zakres wej\u015bciowy od +9V do +33V DC i maksymaln\u0105 wydajno\u015b\u0107 88%. Ta wytrzyma\u0142a konstrukcja dzia\u0142a w rozszerzonym zakresie temperatur od -40\u00b0 C do +85\u00b0C (od -40\u00b0F do +185\u00b0F) i jest wyposa\u017cona w szybko roz\u0142\u0105czane wtyczki z gniazdami dla \u0142atwej instalacji.<\/p>\n<p>Galwanicznie izolowany i zabezpieczony przed zwarciem, TPSi1075 oferuje dwa standardowe wyj\u015bcia: +3.3V@8A i +5V@17A o \u0142\u0105cznej \u0142\u0105cznej mocy 85W. To izolowane rozwi\u0105zanie zasilania zapewnia r\u00f3wnie\u017c funkcj\u0119 zdalnego wy\u0142\u0105czania, sygnalizacj\u0119 awarii zasilania i trzy dwukolorowe wska\u017aniki LED stanu. W przypadku po\u0142\u0105cze\u0144 PC\/104-Plus dost\u0119pne s\u0105 r\u00f3wnie\u017c headery 8-bitowe, 16-bitowe i PCI z wersjami magistrali passthrough\/non-passsthrough.<\/p>\n<p>TPSi1085 jest idealnym rozwi\u0105zaniem dla aplikacji wymagaj\u0105cych <span style=\"font-weight: 400;\">czystej izolowanej mocy<\/span>. <span style=\"font-weight: 400;\">Ta niewielka obudowa o wysokiej g\u0119sto\u015bci i niebywa\u0142ym SWaP (rozmiar, waga i wydajno\u015b\u0107) sprawiaj\u0105, \u017ce produkt ten jest odpowiedni dla zastosowa\u0144 wojskowych, lotniczych, transportowych i przemys\u0142owych.<\/span><\/p>\n<h4>Zalety:<\/h4>\n<ul>\n<li>Wysoka wydajno\u015b\u0107<\/li>\n<li>Praca w rozszerzonej temperaturze<\/li>\n<li>Wytrzyma\u0142a konstrukcja<\/li>\n<li>Izolacja wysokiego napi\u0119cia<\/li>\n<li>Przej\u015bciowe t\u0142umienie<\/li>\n<li>Czysta i filtrowana moc dla magistrali PC\/104<\/li>\n<li>Power\/OS<\/li>\n<\/ul>\n<h4>Parametry elektryczne:<\/h4>\n<ul>\n<li>Input Voltage Range +9V to +33V DC<\/li>\n<li>+3.3V Output 8A Max.<\/li>\n<li>+5V Output 17A Max.<\/li>\n<li>Maximum Combined Power 85W Total*<\/li>\n<li>Efficiency Up to 88%*<\/li>\n<li>Isolation Voltage 2250V Max.<\/li>\n<li>Transient Supression 6000W Total<\/li>\n<li>Output Ripple\/Noise** Typ 20mV, max 75mV<\/li>\n<li>Line Regulation** \u00b10.05% Max.<\/li>\n<li>Load Regulation** \u00b10.06% Max.<\/li>\n<li>Switching Frequency 267kHz (5V), 1.01mHz (3.3V)<\/li>\n<li>Current Limiting Fuse Onboard 15A (on input source)<\/li>\n<li>Quiescent current 22mA (LEDs &amp; Outputs Off)<\/li>\n<\/ul>\n<h4>Parametry mechaniczne:<\/h4>\n<ul>\n<li>Dimensions PC\/104 compliant, 90mm x 96mm x 15mm (3.55\u201d x 3.775\u201d x 0.6\u201d)<\/li>\n<li>Weight 110g (3.9oz) no plugs, 117g (4.1oz) with plugs<\/li>\n<\/ul>\n<h4>Parametry \u015brodowiskowe:<\/h4>\n<ul>\n<li>Operating Temperature* -40\u00b0C to +85\u00b0C (-40\u00b0F to 185\u00b0F)<\/li>\n<li>Thermal Protection\/Shutdown +120\u00b0C (248\u00b0F)<\/li>\n<\/ul>\n","protected":false},"excerpt":{"rendered":"<p>TPSi1085 to izolowany zasilacz &#8222;embedded&#8221; PC\/104-Plus oferuj\u0105cy izolacj\u0119 wej\u015bcia\/wyj\u015bcia 2250V, ochron\u0119 przej\u015bciow\u0105 6000W, aktywne clamping napi\u0119cia wej\u015bciowego, szeroki zakres wej\u015bciowy od +9V do +33V DC i maksymaln\u0105 wydajno\u015b\u0107 88%. Ta wytrzyma\u0142a konstrukcja dzia\u0142a w rozszerzonym zakresie temperatur od -40\u00b0 C do +85\u00b0C (od -40\u00b0F do +185\u00b0F) i jest wyposa\u017cona w szybko roz\u0142\u0105czane wtyczki z gniazdami dla \u0142atwej instalacji.<\/p>\n","protected":false},"featured_media":10970,"template":"","meta":{"_acf_changed":false,"inline_featured_image":false,"_monsterinsights_skip_tracking":false,"_monsterinsights_sitenote_active":false,"_monsterinsights_sitenote_note":"","_monsterinsights_sitenote_category":0},"product_brand":[],"product_cat":[1613,791,796,789],"product_tag":[],"class_list":{"0":"post-5963","1":"product","2":"type-product","3":"status-publish","4":"has-post-thumbnail","6":"product_cat-akcesoria-peryferia","7":"product_cat-power-ups-pl","8":"product_cat-smart-power-supplies-en-2","9":"product_cat-tri-m-pl","11":"first","12":"instock","13":"shipping-taxable","14":"product-type-simple"},"acf":[],"_links":{"self":[{"href":"https:\/\/quantum.com.pl\/pl\/wp-json\/wp\/v2\/product\/5963","targetHints":{"allow":["GET"]}}],"collection":[{"href":"https:\/\/quantum.com.pl\/pl\/wp-json\/wp\/v2\/product"}],"about":[{"href":"https:\/\/quantum.com.pl\/pl\/wp-json\/wp\/v2\/types\/product"}],"wp:featuredmedia":[{"embeddable":true,"href":"https:\/\/quantum.com.pl\/pl\/wp-json\/wp\/v2\/media\/10970"}],"wp:attachment":[{"href":"https:\/\/quantum.com.pl\/pl\/wp-json\/wp\/v2\/media?parent=5963"}],"wp:term":[{"taxonomy":"product_brand","embeddable":true,"href":"https:\/\/quantum.com.pl\/pl\/wp-json\/wp\/v2\/product_brand?post=5963"},{"taxonomy":"product_cat","embeddable":true,"href":"https:\/\/quantum.com.pl\/pl\/wp-json\/wp\/v2\/product_cat?post=5963"},{"taxonomy":"product_tag","embeddable":true,"href":"https:\/\/quantum.com.pl\/pl\/wp-json\/wp\/v2\/product_tag?post=5963"}],"curies":[{"name":"wp","href":"https:\/\/api.w.org\/{rel}","templated":true}]}}