{"id":5977,"date":"2019-11-21T12:05:48","date_gmt":"2019-11-21T11:05:48","guid":{"rendered":"https:\/\/quantum.com.pl\/?post_type=product&#038;p=5977"},"modified":"2020-08-26T00:02:26","modified_gmt":"2020-08-25T22:02:26","slug":"hpsc104-ser-160w","status":"publish","type":"product","link":"https:\/\/quantum.com.pl\/pl\/product\/hpsc104-ser-160w\/","title":{"rendered":"HPSC104-SER: 160W"},"content":{"rendered":"<h4>HPSC104-SER: zasilacz pojazd\u00f3w z inteligentnym \u0142adowaniem, 160W, zgodny z PC104<\/h4>\n<p>&nbsp;<\/p>\n<p>HPSC104-SER to konwerter DC-DC, kt\u00f3ry zawiera mikrokontroler oparty na pami\u0119ci flash i \u0142adowark\u0119 4A do zaawansowanego zarz\u0105dzania energi\u0105 i inteligentnego \u0142adowania baterii. W po\u0142\u0105czeniu ze standardowym zestawem akumulator\u00f3w Tri-M lub modu\u0142em super-cap, HPSC104-SER mo\u017ce by\u0107 u\u017cywany jako bezprzerwowe \u017ar\u00f3d\u0142o zasilania (UPS) dla systemu PC\/104. HPSC104-SER jest przeznaczony do niskoszumowych system\u00f3w komputerowych &#8222;embedded&#8221;, ma szeroki zakres wej\u015bciowy od 6 do 40V DC i jest idealny do akumulator\u00f3w lub nieregulowanych aplikacji wej\u015bciowych.<\/p>\n<p>HPSC104-SER zapewnia do czterech etap\u00f3w \u0142adowania akumulatora i mo\u017ce \u0142adowa\u0107 akumulatory SLA, NiCd i NiMh oraz akumulatory drugiego i trzeciego poziomu zgodne z SMBus. Pr\u0105dy \u0142adowania wynosz\u0105 do 4A, a napi\u0119cia \u0142adowania akumulator\u00f3w od 10V do 35V DC. HPSC104-SER posiada zaawansowane funkcje zarz\u0105dzania energi\u0105, pozwalaj\u0105ce na czasow\u0105 kontrol\u0119 w\u0142\u0105czania\/wy\u0142\u0105czania urz\u0105dzenia, powiadamianie o zmianach w g\u0142\u00f3wnym zasilaniu i zmianach stanu baterii. Dla przyk\u0142adu, HPSC104-SER mo\u017cna zaprogramowa\u0107 tak, aby wy\u0142\u0105cza\u0142 g\u0142\u00f3wne wyj\u015bcia w 60 sekund, a nast\u0119pnie w\u0142\u0105cza\u0142 je ponownie 12 godzin p\u00f3\u017aniej.<\/p>\n<p>Opr\u00f3cz inteligentnego \u0142adowania i zarz\u0105dzania energi\u0105, HPSC104-SER mo\u017ce monitorowa\u0107 do 16 r\u00f3\u017cnych temperatur za pomoc\u0105 cyfrowych czujnik\u00f3w temperatury I\u00b2C. HPSC104-SER jest dost\u0119pny jako RoHS, jest zgodny z PC\/104 i wystarczaj\u0105co wytrzyma\u0142y, aby spe\u0142ni\u0107 wymagania dotycz\u0105ce zasilaczy pojazd\u00f3w wojskowych i g\u00f3rniczych, w tym rozszerzonej temperatury od -40\u00b0C do +85\u00b0C.<\/p>\n<h4>Zalety:<\/h4>\n<ul>\n<li>Wysoka wydajno\u015b\u0107<\/li>\n<li>Praca w rozszerzonej temperaturze<\/li>\n<li>Wytrzyma\u0142a konstrukcja<\/li>\n<li>Czysta i filtrowana moc dla magistrali PC\/104<\/li>\n<li>Power\/OS<\/li>\n<li>Inteligentne \u0142adowanie<\/li>\n<\/ul>\n<h4>Parametry elektryczne:<\/h4>\n<ul>\n<li>5V output* 25A<\/li>\n<li>12V output 5A<\/li>\n<li>-5V output 400mA<\/li>\n<li>-12V output 500mA<\/li>\n<li>V5SBY 7A<\/li>\n<li>Maximum battery charger current 4A<\/li>\n<li>Battery Charger output voltage range 10 to 35V<\/li>\n<li>Input voltage range 6-40VDC<\/li>\n<\/ul>\n<h4>Parametry mechaniczne\/\u015brodowiskowe:<\/h4>\n<ul>\n<li>Temp range** -40 to 85C<\/li>\n<li>PC\/104 form factor compliant 3.55\u201dW x 3.775\u201dL x 0.6\u201dH<\/li>\n<\/ul>\n<h4>Charakterystyka wydajno\u015bci:<\/h4>\n<ul>\n<li>Load regulation &lt;60mV<\/li>\n<li>Line regulation +40mV<\/li>\n<li>Output temp drift &lt;40mV<\/li>\n<li>Switching frequency (5V, 12V, -12V &amp; 5VSBY) 310 to 320kHz<\/li>\n<li>Output ripple &lt;20mV<\/li>\n<li>Conducted Susceptibility &gt;57db<\/li>\n<li>Efficiency up to 95%<\/li>\n<\/ul>\n","protected":false},"excerpt":{"rendered":"<p>HPSC104-SER to konwerter DC-DC, kt\u00f3ry zawiera mikrokontroler oparty na pami\u0119ci flash i \u0142adowark\u0119 4A do zaawansowanego zarz\u0105dzania energi\u0105 i inteligentnego \u0142adowania baterii. W po\u0142\u0105czeniu ze standardowym zestawem akumulator\u00f3w Tri-M lub modu\u0142em super-cap, HPSC104-SER mo\u017ce by\u0107 u\u017cywany jako bezprzerwowe \u017ar\u00f3d\u0142o zasilania (UPS) dla systemu PC\/104. HPSC104-SER jest przeznaczony do niskoszumowych system\u00f3w komputerowych &#8222;embedded&#8221;, ma szeroki zakres wej\u015bciowy od 6 do 40V DC i jest idealny do akumulator\u00f3w lub nieregulowanych aplikacji wej\u015bciowych.<\/p>\n","protected":false},"featured_media":10960,"template":"","meta":{"_acf_changed":false,"inline_featured_image":false,"_monsterinsights_skip_tracking":false,"_monsterinsights_sitenote_active":false,"_monsterinsights_sitenote_note":"","_monsterinsights_sitenote_category":0},"product_brand":[],"product_cat":[1613,791,796,789],"product_tag":[],"class_list":{"0":"post-5977","1":"product","2":"type-product","3":"status-publish","4":"has-post-thumbnail","6":"product_cat-akcesoria-peryferia","7":"product_cat-power-ups-pl","8":"product_cat-smart-power-supplies-en-2","9":"product_cat-tri-m-pl","11":"first","12":"instock","13":"shipping-taxable","14":"product-type-simple"},"acf":[],"_links":{"self":[{"href":"https:\/\/quantum.com.pl\/pl\/wp-json\/wp\/v2\/product\/5977","targetHints":{"allow":["GET"]}}],"collection":[{"href":"https:\/\/quantum.com.pl\/pl\/wp-json\/wp\/v2\/product"}],"about":[{"href":"https:\/\/quantum.com.pl\/pl\/wp-json\/wp\/v2\/types\/product"}],"wp:featuredmedia":[{"embeddable":true,"href":"https:\/\/quantum.com.pl\/pl\/wp-json\/wp\/v2\/media\/10960"}],"wp:attachment":[{"href":"https:\/\/quantum.com.pl\/pl\/wp-json\/wp\/v2\/media?parent=5977"}],"wp:term":[{"taxonomy":"product_brand","embeddable":true,"href":"https:\/\/quantum.com.pl\/pl\/wp-json\/wp\/v2\/product_brand?post=5977"},{"taxonomy":"product_cat","embeddable":true,"href":"https:\/\/quantum.com.pl\/pl\/wp-json\/wp\/v2\/product_cat?post=5977"},{"taxonomy":"product_tag","embeddable":true,"href":"https:\/\/quantum.com.pl\/pl\/wp-json\/wp\/v2\/product_tag?post=5977"}],"curies":[{"name":"wp","href":"https:\/\/api.w.org\/{rel}","templated":true}]}}