{"id":5991,"date":"2019-11-21T12:32:52","date_gmt":"2019-11-21T11:32:52","guid":{"rendered":"https:\/\/quantum.com.pl\/?post_type=product&#038;p=5991"},"modified":"2020-08-26T00:02:26","modified_gmt":"2020-08-25T22:02:26","slug":"hesc104-60w","status":"publish","type":"product","link":"https:\/\/quantum.com.pl\/pl\/product\/hesc104-60w\/","title":{"rendered":"HESC104: 60W"},"content":{"rendered":"<h4>HESC104: Wysokowydajny zasilacz 60W PC104 z inteligentnym \u0142adowaniem<\/h4>\n<p>&nbsp;<\/p>\n<p>HESC104 to zasilacz PC104 DC-DC o mocy 60W, zawieraj\u0105cy mikrokontroler oparty na pami\u0119ci flash i \u0142adowark\u0119 4A do zaawansowanego zarz\u0105dzania energi\u0105 i inteligentnego \u0142adowania baterii. W po\u0142\u0105czeniu ze standardowym pakietem akumulator\u00f3w Tri-M lub modu\u0142em super-cap, HESC104 mo\u017ce by\u0107 u\u017cywany jako bezprzerwowe \u017ar\u00f3d\u0142o zasilania (UPS) dla systemu PC104.<\/p>\n<p>HESC104 jest przeznaczony do niskoszumowych system\u00f3w komputerowych &#8222;embedded&#8221;, ma szeroki zakres wej\u015bciowy 6-40V (&gt; 6:1) i jest idealny do zastosowa\u0144 z bateriami lub nieregulowanymi wej\u015bciami. HESC104 zosta\u0142 specjalnie zaprojektowany do trudnych warunk\u00f3w w zastosowaniach samochodowych i ma wytrzyma\u0142e t\u0142umiki przej\u015bciowe (5000W), kt\u00f3re utrzymuj\u0105 napi\u0119cie wej\u015bciowe na bezpiecznym poziomie, przy jednoczesnym zachowaniu normalnej pracy zasilacza. Wyj\u015bcia +\/-5V DC i +\/-12V DC s\u0105 kontrolowane przez regulator, kt\u00f3ry zapewnia doskona\u0142\u0105 odpowied\u017a przej\u015bciow\u0105 linii i obci\u0105\u017cenia.<\/p>\n<p>HESC104 zapewnia do czterech etap\u00f3w \u0142adowania baterii i mo\u017ce \u0142adowa\u0107 akumulatory SLA, NiCd i NiMh oraz akumulatory drugiego i trzeciego poziomu zgodne z SMBus. Pr\u0105dy \u0142adowania wynosz\u0105 do 4A, a napi\u0119cia \u0142adowania akumulatora od 9.5 do 19.5V. HESC104 ma zaawansowane funkcje zarz\u0105dzania energi\u0105, kt\u00f3re pozwalaj\u0105 na sterowanie czasowe w\u0142\u0105czania\/wy\u0142\u0105czania HESC104, powiadamianie o zmianach w g\u0142\u00f3wnym zasilaniu i zmianach stanu akumulatora. Dla przyk\u0142adu, HESC104 mo\u017cna zaprogramowa\u0107 tak, aby wy\u0142\u0105cza\u0142 g\u0142\u00f3wne wyj\u015bcia w 60 sekund, a nast\u0119pnie w\u0142\u0105cza\u0142 je ponownie 12 godzin p\u00f3\u017aniej. Opr\u00f3cz inteligentnego \u0142adowania i zarz\u0105dzania zasilaniem, HESC104 mo\u017ce monitorowa\u0107 do 16 r\u00f3\u017cnych temperatur za pomoc\u0105 cyfrowych czujnik\u00f3w temperatury I\u00b2C. HESC104 jest dost\u0119pny jako RoHS, jest zgodny z PC\/104, a zakres od -40\u00b0C do +85\u00b0C jest standardem.<\/p>\n<h4>Zalety:<\/h4>\n<ul>\n<li>Wysoka wydajno\u015b\u0107<\/li>\n<li>Praca w rozszerzonej temperaturze<\/li>\n<li>Wytrzyma\u0142a konstrukcja<\/li>\n<li>Power\/OS<\/li>\n<li>Inteligentne \u0142adowanie<\/li>\n<li>Czysta i filtrowana moc dla magistrali PC104<\/li>\n<\/ul>\n<h4>Parametry elektryczne:<\/h4>\n<ul class=\"gkCircle1\">\n<li>+5V output* 12.0A<\/li>\n<li>+12V output 2.5A<\/li>\n<li>-5V output 0.4A<\/li>\n<li>-12V output 0.5A<\/li>\n<li>Input Voltage 6 to 40VDC<\/li>\n<\/ul>\n<h4>\u0141adowanie:<\/h4>\n<ul class=\"gkCircle1\">\n<li>Charge Current 0A to 4.0 A<\/li>\n<li>Charging Voltage***** 9.5V to 19.5V<\/li>\n<\/ul>\n<h4>Parametry mechaniczne\/\u015brodowiskowe:<\/h4>\n<ul class=\"gkCircle1\">\n<li>Size (W x L x H)**** 3.55\u201d x 3.75\u201d x 0.55\u201d<\/li>\n<li>Weight 6.56oz \/ 185.92g<\/li>\n<li>Temperature Range -40 to +85\u00b0C<\/li>\n<\/ul>\n<h4>Wydajno\u015b\u0107:<\/h4>\n<ul class=\"gkCircle1\">\n<li>Peak to Peak ripple* &lt;20mV<\/li>\n<li>Load Regulation** &lt;60mV<\/li>\n<li>Line Regulation** 40mV<\/li>\n<li>Output Temp. Drift** &lt;40mV<\/li>\n<li>Output Ripple** 20mV<\/li>\n<li>Quiescent Current*** 2mA<\/li>\n<li>Soft Start 5V start up risetime = 10 msec<\/li>\n<li>Efficiency Up to 95%<\/li>\n<\/ul>\n","protected":false},"excerpt":{"rendered":"<p>HESC104 to zasilacz PC104 DC-DC o mocy 60W, zawieraj\u0105cy mikrokontroler oparty na pami\u0119ci flash i \u0142adowark\u0119 4A do zaawansowanego zarz\u0105dzania energi\u0105 i inteligentnego \u0142adowania baterii. W po\u0142\u0105czeniu ze standardowym pakietem akumulator\u00f3w Tri-M lub modu\u0142em super-cap, HESC104 mo\u017ce by\u0107 u\u017cywany jako bezprzerwowe \u017ar\u00f3d\u0142o zasilania (UPS) dla systemu PC104.<\/p>\n","protected":false},"featured_media":10954,"template":"","meta":{"_acf_changed":false,"inline_featured_image":false,"_monsterinsights_skip_tracking":false,"_monsterinsights_sitenote_active":false,"_monsterinsights_sitenote_note":"","_monsterinsights_sitenote_category":0},"product_brand":[],"product_cat":[1613,791,796,789],"product_tag":[],"class_list":{"0":"post-5991","1":"product","2":"type-product","3":"status-publish","4":"has-post-thumbnail","6":"product_cat-akcesoria-peryferia","7":"product_cat-power-ups-pl","8":"product_cat-smart-power-supplies-en-2","9":"product_cat-tri-m-pl","11":"first","12":"instock","13":"shipping-taxable","14":"product-type-simple"},"acf":[],"_links":{"self":[{"href":"https:\/\/quantum.com.pl\/pl\/wp-json\/wp\/v2\/product\/5991","targetHints":{"allow":["GET"]}}],"collection":[{"href":"https:\/\/quantum.com.pl\/pl\/wp-json\/wp\/v2\/product"}],"about":[{"href":"https:\/\/quantum.com.pl\/pl\/wp-json\/wp\/v2\/types\/product"}],"wp:featuredmedia":[{"embeddable":true,"href":"https:\/\/quantum.com.pl\/pl\/wp-json\/wp\/v2\/media\/10954"}],"wp:attachment":[{"href":"https:\/\/quantum.com.pl\/pl\/wp-json\/wp\/v2\/media?parent=5991"}],"wp:term":[{"taxonomy":"product_brand","embeddable":true,"href":"https:\/\/quantum.com.pl\/pl\/wp-json\/wp\/v2\/product_brand?post=5991"},{"taxonomy":"product_cat","embeddable":true,"href":"https:\/\/quantum.com.pl\/pl\/wp-json\/wp\/v2\/product_cat?post=5991"},{"taxonomy":"product_tag","embeddable":true,"href":"https:\/\/quantum.com.pl\/pl\/wp-json\/wp\/v2\/product_tag?post=5991"}],"curies":[{"name":"wp","href":"https:\/\/api.w.org\/{rel}","templated":true}]}}