{"id":6022,"date":"2019-11-21T13:32:15","date_gmt":"2019-11-21T12:32:15","guid":{"rendered":"https:\/\/quantum.com.pl\/?post_type=product&#038;p=6022"},"modified":"2020-08-26T00:02:25","modified_gmt":"2020-08-25T22:02:25","slug":"tpc1000","status":"publish","type":"product","link":"https:\/\/quantum.com.pl\/pl\/product\/tpc1000\/","title":{"rendered":"TPC1000"},"content":{"rendered":"<p>TPC1000 to konwerter DC-DC typu Small Form Factor z wyj\u015bciem programowalnym od 6 do 24V DC. Szeroki zakres napi\u0119\u0107 wej\u015bciowych, t\u0142umienie stan\u00f3w przej\u015bciowych i wtykowe wsp\u00f3\u0142pracuj\u0105ce z\u0142\u0105cza sprawiaj\u0105, \u017ce TPC1000 jest idealny do stosowania w wymagaj\u0105cych i nieprzyjaznych aplikacjach. Produkt ten zosta\u0142 zaprojektowany z my\u015bl\u0105 o trudnych warunkach, w tym standardach wojskowych, MIL-STD-810, MIL-STD-1275, uderzeniach, wibracjach i podwy\u017cszonej temperaturze.<\/p>\n<h4>Wsparcie ultakondesatora:<\/h4>\n<p>TPC1000 zawiera inteligentn\u0105 \u0142adowark\u0119 do ultrakondensator\u00f3w, a po pod\u0142\u0105czeniu do zewn\u0119trznych ultrakondensator\u00f3w zapewnia bezproblemowe tworzenie kopii zapasowych UPS. Z TPC1000 mo\u017cna stosowa\u0107 nast\u0119puj\u0105ce zestawy ultra kondensator\u00f3w:<\/p>\n<ul>\n<li>TBP4K50-EXT (500 joules)<\/li>\n<li>TBP41K0-EXT (1,000 joules)<\/li>\n<li>TBP42K0-EXT (2,000 joules)<\/li>\n<li>TBP44K0-EXT (4,000 joules)<\/li>\n<li>Customized versions (please contact us for details)<\/li>\n<\/ul>\n<h4>Zalety:<\/h4>\n<ul>\n<li>Programowalne wyj\u015bcie g\u0142\u00f3wne<\/li>\n<li>Zabezpieczenie przej\u015bciowe 10000W<\/li>\n<li>Szeroki zakres wej\u015bciowy od 7 do 33V DC<\/li>\n<li>Wysoka wydajno\u015b\u0107<\/li>\n<li>Praca w rozszerzonej temperaturze<\/li>\n<li>Odporno\u015b\u0107 na udar mechaniczny i wibracje zgodnie z MIL-STD-810<\/li>\n<li>Footprint PC\/104<\/li>\n<\/ul>\n<h4>Zakres napi\u0119cia wej\u015bciowego i ochrona:<\/h4>\n<ul>\n<li>7 to 33VDC input range<\/li>\n<li>Transient surge stopper designed to MIL-STD-1275<\/li>\n<\/ul>\n<h4>Moc wyj\u015bciowa:<\/h4>\n<ul>\n<li>Main output: 6 to 24VDC, 36watt<\/li>\n<\/ul>\n<h4>Wymiary i waga:<\/h4>\n<ul>\n<li>Footprint: 3.55 x 3.775&#8243; [90 x 96mm]<\/li>\n<li>Height overall: 0.55&#8243; [14mm]<\/li>\n<li>Height components on top of pcb: 0.4&#8243; [10.16mm]<\/li>\n<li>Weight: 2.4 oz [68 grams]<\/li>\n<\/ul>\n<h4>Parametry \u015brodowiskowe:<\/h4>\n<ul>\n<li>Operating Temperature: -40 to 185degG [-40 to 85degC]<\/li>\n<\/ul>\n","protected":false},"excerpt":{"rendered":"<p>TPC1000 to konwerter DC-DC typu Small Form Factor z wyj\u015bciem programowalnym od 6 do 24V DC. Szeroki zakres napi\u0119\u0107 wej\u015bciowych, t\u0142umienie stan\u00f3w przej\u015bciowych i wtykowe wsp\u00f3\u0142pracuj\u0105ce z\u0142\u0105cza sprawiaj\u0105, \u017ce TPC1000 jest idealny do stosowania w wymagaj\u0105cych i nieprzyjaznych aplikacjach. Produkt ten zosta\u0142 zaprojektowany z my\u015bl\u0105 o trudnych warunkach, w tym standardach wojskowych, MIL-STD-810, MIL-STD-1275, uderzeniach, wibracjach i podwy\u017cszonej temperaturze.<\/p>\n","protected":false},"featured_media":10962,"template":"","meta":{"_acf_changed":false,"inline_featured_image":false,"_monsterinsights_skip_tracking":false,"_monsterinsights_sitenote_active":false,"_monsterinsights_sitenote_note":"","_monsterinsights_sitenote_category":0},"product_brand":[],"product_cat":[1613,791,796,789],"product_tag":[],"class_list":{"0":"post-6022","1":"product","2":"type-product","3":"status-publish","4":"has-post-thumbnail","6":"product_cat-akcesoria-peryferia","7":"product_cat-power-ups-pl","8":"product_cat-smart-power-supplies-en-2","9":"product_cat-tri-m-pl","11":"first","12":"instock","13":"shipping-taxable","14":"product-type-simple"},"acf":[],"_links":{"self":[{"href":"https:\/\/quantum.com.pl\/pl\/wp-json\/wp\/v2\/product\/6022","targetHints":{"allow":["GET"]}}],"collection":[{"href":"https:\/\/quantum.com.pl\/pl\/wp-json\/wp\/v2\/product"}],"about":[{"href":"https:\/\/quantum.com.pl\/pl\/wp-json\/wp\/v2\/types\/product"}],"wp:featuredmedia":[{"embeddable":true,"href":"https:\/\/quantum.com.pl\/pl\/wp-json\/wp\/v2\/media\/10962"}],"wp:attachment":[{"href":"https:\/\/quantum.com.pl\/pl\/wp-json\/wp\/v2\/media?parent=6022"}],"wp:term":[{"taxonomy":"product_brand","embeddable":true,"href":"https:\/\/quantum.com.pl\/pl\/wp-json\/wp\/v2\/product_brand?post=6022"},{"taxonomy":"product_cat","embeddable":true,"href":"https:\/\/quantum.com.pl\/pl\/wp-json\/wp\/v2\/product_cat?post=6022"},{"taxonomy":"product_tag","embeddable":true,"href":"https:\/\/quantum.com.pl\/pl\/wp-json\/wp\/v2\/product_tag?post=6022"}],"curies":[{"name":"wp","href":"https:\/\/api.w.org\/{rel}","templated":true}]}}