{"id":6033,"date":"2019-11-21T14:06:26","date_gmt":"2019-11-21T13:06:26","guid":{"rendered":"https:\/\/quantum.com.pl\/?post_type=product&#038;p=6033"},"modified":"2020-08-26T00:02:26","modified_gmt":"2020-08-25T22:02:26","slug":"hps3524","status":"publish","type":"product","link":"https:\/\/quantum.com.pl\/pl\/product\/hps3524\/","title":{"rendered":"HPS3524"},"content":{"rendered":"<h4>HPS3524: 203W Max PC104 PSU z wyj\u015bciem 24V<\/h4>\n<p>&nbsp;<\/p>\n<p>HPS3524 to zasilacz PC104 o wysokiej mocy i wysokiej wydajno\u015bci, zapewniaj\u0105cy wyj\u015bcia +3.3V, +5V i +24V. HPS3524 zawiera r\u00f3wnie\u017c mikrokontroler oparty na pami\u0119ci flash, kt\u00f3ry pozwala na zaawansowane zarz\u0105dzanie energi\u0105, oraz port szeregowy RS232. HPS3524 jest przeznaczony do niskoszumowych system\u00f3w komputerowych &#8222;embedded&#8221;, ma szeroki zakres wej\u015bciowy 6-40V (&gt; 6:1) i jest idealny do zastosowa\u0144 z bateriami lub nieregulowanymi wej\u015bciami. HPS3524 zosta\u0142 specjalnie zaprojektowany do zastosowa\u0144 w pojazdach i ma wytrzyma\u0142e t\u0142umiki przej\u015bciowe (do 18000W), kt\u00f3re utrzymuj\u0105 napi\u0119cie wej\u015bciowe na bezpiecznym poziomie, jednocze\u015bnie zapewniaj\u0105c normalne dzia\u0142anie zasilacza.<\/p>\n<p>HPS3524 to najnowocze\u015bniejsza konstrukcja oparta na Mosfecie, kt\u00f3ra zapewnia znakomit\u0105 regulacj\u0119 linii i obci\u0105\u017cenia przy wydajno\u015bci do 90 procent. Organiczne kondensatory p\u00f3\u0142przewodnikowe (OSC-CON) i polimeryzowane organiczne kondensatory p\u00f3\u0142przewodnikowe (POSCAP) zapewniaj\u0105 filtrowanie, kt\u00f3re redukuje szum t\u0119tnienia poni\u017cej 20 mV. Niski poziom ha\u0142asu sprawia, \u017ce \u200b\u200bHPS3524 jest idealny do u\u017cytku na pok\u0142adzie samolotu, w wojsku lub wsz\u0119dzie tam, gdzie nale\u017cy zminimalizowa\u0107 EMI lub RFI. Odpowiednie kontrolery zapewniaj\u0105 doskona\u0142\u0105 odpowied\u017a przej\u015bciow\u0105 linii i obci\u0105\u017cenia na wyj\u015bciach + 5VDC i + 24VDC.<\/p>\n<p>HPS3524 ma zaawansowane funkcje zarz\u0105dzania zasilaniem, pozwalaj\u0105ce na sterowanie czasowe w\u0142\u0105czania\/wy\u0142\u0105czania HPS3524, powiadamianie o zmianach w g\u0142\u00f3wnym zasilaniu i statusie zasilania wt\u00f3rnego. Na przyk\u0142ad, HPS3524 mo\u017cna zaprogramowa\u0107 tak, aby wy\u0142\u0105cza\u0142 wyj\u015bcia w 60 sekund, a nast\u0119pnie w\u0142\u0105cza\u0142 si\u0119 ponownie dopiero 12 godzin p\u00f3\u017aniej.<\/p>\n<p>Rozmiar HPS3524 to 3.55 x 3.775 cala, co odpowiada rozmiarem standardowi PC\/104 i ma taki sam wz\u00f3r otwor\u00f3w monta\u017cowych jak standard PC\/104. Jednak HPS3524 nie zawiera z\u0142\u0105czy magistrali PC\/104. Wszystkie generowane napi\u0119cia s\u0105 dostarczane do wymiennego headera. Wyjmowana wtyczka pozwala na \u0142atw\u0105 instalacj\u0119 HPS3524. Port szeregowy RS232 znajduje si\u0119 na headerze pinowym 2 x 5 rz\u0119d\u00f3w.<\/p>\n<p>HPS3524 mo\u017cna skonfigurowa\u0107 tak, aby spe\u0142nia\u0142 prawie wszystkie wymagania zwi\u0105zane z zasilaniem i zasilaniem bateryjnym dla aplikacji &#8222;embedded&#8221;, niezale\u017cnie od tego, czy jest to prosta aplikacja +5V, czy te\u017c zapewnia zasilanie dla pod\u015bwietlanych paneli LCD.<\/p>\n<h4>Zalety:<\/h4>\n<ul>\n<li>Wysoka wydajno\u015b\u0107<\/li>\n<li>Szeroki zakres wej\u015bciowy od 6 do 40V DC<\/li>\n<li>Praca w rozszerzonej temperaturze<\/li>\n<li>Wytrzyma\u0142a konstrukcja<\/li>\n<li>Przej\u015bciowe t\u0142umienie<\/li>\n<li>Power\/OS<\/li>\n<li>Zasilacz Smart PC104<\/li>\n<\/ul>\n<h4>Wyj\u015bcia:<\/h4>\n<ul>\n<li>+3.3V output 10A<\/li>\n<li>+5 output 15A<\/li>\n<li>+24V output 2.5A<\/li>\n<li>+5VSB output 7A<\/li>\n<li>maksymalna moc wyj\u015bciowa: 203 W<\/li>\n<\/ul>\n<h4>Zwi\u0119kszona ochrona:<\/h4>\n<ul>\n<li>T\u0142umienie stan\u00f3w przej\u015bciowych 18000W (kombinacja g\u0142\u00f3wna i wt\u00f3rna)<\/li>\n<\/ul>\n<h4>Napi\u0119cie wej\u015bciowe:<\/h4>\n<ul>\n<li>6 to 40VDC<\/li>\n<\/ul>\n<h4>Parametry mechaniczne\/\u015brodowiskowe:<\/h4>\n<ul>\n<li>Size (W x L x H)**** 3.55\u201d x 3.775\u201d x 0.6\u201d<\/li>\n<li>Weight 7.30oz \/ 206.95g<\/li>\n<li>Temperature Range: -40 to +85\u00b0C<\/li>\n<\/ul>\n<h4>Cyfrowy czujnik temperatury:<\/h4>\n<ul>\n<li>Jeden na pok\u0142adzie. Obs\u0142uguje siedem zewn\u0119trznych czujnik\u00f3w temperatury I2C<\/li>\n<\/ul>\n","protected":false},"excerpt":{"rendered":"<p>HPS3524 to zasilacz PC104 o wysokiej mocy i wysokiej wydajno\u015bci, zapewniaj\u0105cy wyj\u015bcia +3.3V, +5V i +24V. HPS3524 zawiera r\u00f3wnie\u017c mikrokontroler oparty na pami\u0119ci flash, kt\u00f3ry pozwala na zaawansowane zarz\u0105dzanie energi\u0105, oraz port szeregowy RS232. HPS3524 jest przeznaczony do niskoszumowych system\u00f3w komputerowych &#8222;embedded&#8221;, ma szeroki zakres wej\u015bciowy 6-40V (&gt; 6:1) i jest idealny do zastosowa\u0144 z bateriami lub nieregulowanymi wej\u015bciami. HPS3524 zosta\u0142 specjalnie zaprojektowany do zastosowa\u0144 w pojazdach i ma wytrzyma\u0142e t\u0142umiki przej\u015bciowe (do 18000W), kt\u00f3re utrzymuj\u0105 napi\u0119cie wej\u015bciowe na bezpiecznym poziomie, jednocze\u015bnie zapewniaj\u0105c normalne dzia\u0142anie zasilacza.<\/p>\n","protected":false},"featured_media":10956,"template":"","meta":{"_acf_changed":false,"inline_featured_image":false,"_monsterinsights_skip_tracking":false,"_monsterinsights_sitenote_active":false,"_monsterinsights_sitenote_note":"","_monsterinsights_sitenote_category":0},"product_brand":[],"product_cat":[1613,791,796,789],"product_tag":[],"class_list":{"0":"post-6033","1":"product","2":"type-product","3":"status-publish","4":"has-post-thumbnail","6":"product_cat-akcesoria-peryferia","7":"product_cat-power-ups-pl","8":"product_cat-smart-power-supplies-en-2","9":"product_cat-tri-m-pl","11":"first","12":"instock","13":"shipping-taxable","14":"product-type-simple"},"acf":[],"_links":{"self":[{"href":"https:\/\/quantum.com.pl\/pl\/wp-json\/wp\/v2\/product\/6033","targetHints":{"allow":["GET"]}}],"collection":[{"href":"https:\/\/quantum.com.pl\/pl\/wp-json\/wp\/v2\/product"}],"about":[{"href":"https:\/\/quantum.com.pl\/pl\/wp-json\/wp\/v2\/types\/product"}],"wp:featuredmedia":[{"embeddable":true,"href":"https:\/\/quantum.com.pl\/pl\/wp-json\/wp\/v2\/media\/10956"}],"wp:attachment":[{"href":"https:\/\/quantum.com.pl\/pl\/wp-json\/wp\/v2\/media?parent=6033"}],"wp:term":[{"taxonomy":"product_brand","embeddable":true,"href":"https:\/\/quantum.com.pl\/pl\/wp-json\/wp\/v2\/product_brand?post=6033"},{"taxonomy":"product_cat","embeddable":true,"href":"https:\/\/quantum.com.pl\/pl\/wp-json\/wp\/v2\/product_cat?post=6033"},{"taxonomy":"product_tag","embeddable":true,"href":"https:\/\/quantum.com.pl\/pl\/wp-json\/wp\/v2\/product_tag?post=6033"}],"curies":[{"name":"wp","href":"https:\/\/api.w.org\/{rel}","templated":true}]}}