{"id":6045,"date":"2019-11-21T16:34:30","date_gmt":"2019-11-21T15:34:30","guid":{"rendered":"https:\/\/quantum.com.pl\/?post_type=product&#038;p=6045"},"modified":"2020-08-26T00:02:25","modified_gmt":"2020-08-25T22:02:25","slug":"tup1000-ultrakondensator-ups","status":"publish","type":"product","link":"https:\/\/quantum.com.pl\/pl\/product\/tup1000-ultrakondensator-ups\/","title":{"rendered":"TUP1000"},"content":{"rendered":"<h4>TUP1000: Zasilacz Single Board PC\/104 &amp; ultrakondendator UPS<\/h4>\n<p>&nbsp;<\/p>\n<p>TUP1000 to konwerter DC-DC typu Small Form Factor wykorzystuj\u0105cy ultrakondensatory versus baterie, aby zapewni\u0107 bezproblemowe tworzenie kopii zapasowych UPS. Ten wysokowydajny zasilacz mo\u017ce wytwarza\u0107 35 wat\u00f3w przy +5V DC lub 42 wat\u00f3w przy +12V DC.<\/p>\n<p>Konstrukcja PC\/104 obs\u0142uguje wiele system\u00f3w &#8222;embedded&#8221; o ma\u0142ej mocy wymagaj\u0105cych kr\u00f3tkotrwa\u0142ego zasilania, kiedy je utrac\u0105.<\/p>\n<p>TUP1000 ma w pe\u0142ni programowaln\u0105 moc wyj\u015bciow\u0105 od +4.5V DC do +12.6V DC &#8211; jego wytrzyma\u0142a konstrukcja obejmuje przej\u015bciowe t\u0142umienie i wtyczki wsp\u00f3\u0142pracuj\u0105ce z zaciskami blokuj\u0105cymi.<\/p>\n<h4>Zalety:<\/h4>\n<ul>\n<li>Wysoka wydajno\u015b\u0107<\/li>\n<li>Praca w rozszerzonej temperaturze<\/li>\n<li>Wytrzyma\u0142a konstrukcja<\/li>\n<li>Przej\u015bciowe t\u0142umienie<\/li>\n<li>Power\/OS<\/li>\n<li>Pe\u0142ny UPS z inteligentnym \u0142adowaniem<\/li>\n<li>Ultrakondensatory o d\u0142ugiej \u017cywotno\u015bci<\/li>\n<li>Forma PC\/104<\/li>\n<\/ul>\n<h4>Cechy szczeg\u00f3lne:<\/h4>\n\n<table id=\"tablepress-262\" class=\"tablepress tablepress-id-262\">\n<thead>\n<tr class=\"row-1\">\n\t<th class=\"column-1\">CPU<\/th><th class=\"column-2\">\tIntel\u00ae Core\u2122 i3-8300 Processor (4 x 3.70 GHz, 8 MB SmartCache, 62 W)<br \/>\nIntel\u00ae Core\u2122 i3-8300T Processor (4 x 3.20 GHz, 8 MB SmartCache, 25 W)<br \/>\nIntel\u00ae Core\u2122 i5-8400 Processor (6 x 2.80 GHz \/ 4.00 GHz, 9 MB SmartCache, 65 W)<br \/>\nIntel\u00ae Core\u2122 i5-8400T Processor (6 x 1.70 GHz \/ 3.30 GHz, 9 MB SmartCache, 25 W)<br \/>\nIntel\u00ae Core\u2122 i5-8500T Processor (6 x 2.10 GHz \/ 3.50 GHz, 9 MB SmartCache, 25 W)<br \/>\nIntel\u00ae Core\u2122 i5-8500 Processor (6 x 3.00 GHz \/ 4.10 GHz, 9 MB SmartCache, 65 W)<br \/>\nIntel\u00ae Core\u2122 i5-8600 Processor (6 x 3.10 GHz \/ 4.30 GHz, 9 MB SmartCache, 65 W)<br \/>\nIntel\u00ae Core\u2122 i5-8600T Processor (6 x 2.30 GHz \/ 3.70 GHz, 9 MB SmartCache, 25 W)<br \/>\nIntel\u00ae Core\u2122 i7-8700 Processor (6 x 3.20 GHz \/ 4.60 GHz, 12 MB SmartCache, 65 W)<br \/>\nIntel\u00ae Core\u2122 i7-8700T Processor (6 x 2.40 GHz \/ 4.00 GHz, 12 MB SmartCache, 25 W)<br \/>\nIntel\u00ae Pentium\u00ae Gold G5400 Processor (2 x 3.70 GHz, 4 MB SmartCache, 58 W)<br \/>\nIntel\u00ae Pentium\u00ae Gold G5400T Processor (2 x 3.10 GHz, 4 MB SmartCache, 25 W)<br \/>\nIntel\u00ae Pentium\u00ae Gold G5500 Processor (2 x 3.80 GHz, 4 MB SmartCache, 54 W)<br \/>\nIntel\u00ae Pentium\u00ae Gold G5500T Processor (2 x 3.20 GHz, 4 MB SmartCache, 35 W)<br \/>\nIntel\u00ae Pentium\u00ae Gold G5600 Processor (2 x 3.90 GHz, 4 MB SmartCache, 54 W)<br \/>\nIntel\u00ae Celeron\u00ae G4900 Processor (2 x 3.10 GHz, 2 MB SmartCache, 54 W)<br \/>\nIntel\u00ae Celeron\u00ae G4900T Processor (2 x 2.90 GHz, 2 MB SmartCache, 35 W)<br \/>\nIntel\u00ae Celeron\u00ae G4920 Processor (2 x 3.20 GHz, 2 MB SmartCache, 54 W)<br \/>\nIntel\u00ae Core\u2122 i3-8100 Processor (4 x 3.60 GHz, 6 MB SmartCache, 65 W)<br \/>\nIntel\u00ae Core\u2122 i3-8100T Processor (4 x 3.10 GHz, 6 MB SmartCache, 35 W)<\/th>\n<\/tr>\n<\/thead>\n<tbody class=\"row-striping row-hover\">\n<tr class=\"row-2\">\n\t<td class=\"column-1\">Format<\/td><td class=\"column-2\">Mini-ITX<br \/>\n<\/td>\n<\/tr>\n<tr class=\"row-3\">\n\t<td class=\"column-1\">Chipset<\/td><td class=\"column-2\">Intel\u00ae Q370<br \/>\n<\/td>\n<\/tr>\n<tr class=\"row-4\">\n\t<td class=\"column-1\">DRAM<\/td><td class=\"column-2\">Up to 64GB DDR4-2133 Non-ECC SDRAM on two pin SO-DIMM sockets<br \/>\n<\/td>\n<\/tr>\n<tr class=\"row-5\">\n\t<td class=\"column-1\">Graphic Controller<\/td><td class=\"column-2\">Intel\u00ae Gen 9 Graphics supports DirectX 12, OpenGL 4.6, Video decode HW acceleration support for H.264, H.265, MPEG2, VC-1\/WMV9, JPEG, VP8, and VP9<br \/>\n<\/td>\n<\/tr>\n<tr class=\"row-6\">\n\t<td class=\"column-1\">Display Interface<\/td><td class=\"column-2\">Dual channel 2bit LVDS on board, resolution up to 1920 x1200 Dual DP ports on rear I\/O, resolution up to 4K (4096x2340@24Hz) One VGA port on rear I\/O resolution up to 1920x1200 @60Hz<br \/>\n<\/td>\n<\/tr>\n<tr class=\"row-7\">\n\t<td class=\"column-1\">USB<\/td><td class=\"column-2\">4x USB3.0 on rear I\/O 4x USB2.0 on board pin header<br \/>\n<\/td>\n<\/tr>\n<tr class=\"row-8\">\n\t<td class=\"column-1\">Audio<\/td><td class=\"column-2\">Realtek AL887 High Definition Audio integrated in Intel SoC Audio Jack on rear I\/O with Line-out\/ Mic-in<br \/>\n<\/td>\n<\/tr>\n<tr class=\"row-9\">\n\t<td class=\"column-1\">Network<\/td><td class=\"column-2\">Intel\u00ae I219LM &amp; I210AT Ethernet controller 2x RJ45 connectors on rear I\/O<br \/>\n<\/td>\n<\/tr>\n<tr class=\"row-10\">\n\t<td class=\"column-1\">Storage<\/td><td class=\"column-2\">Supports four SATAIII ports<br \/>\n<\/td>\n<\/tr>\n<tr class=\"row-11\">\n\t<td class=\"column-1\">Expansion<\/td><td class=\"column-2\">1x PCIe x16 1x M.2 Type E socket (2230) for Wireless 1x M.2 Type M socket (2242\/2260\/2280) for SSD<br \/>\n<\/td>\n<\/tr>\n<tr class=\"row-12\">\n\t<td class=\"column-1\">Firmware<\/td><td class=\"column-2\">AMI UEFI BIOS<br \/>\n<\/td>\n<\/tr>\n<tr class=\"row-13\">\n\t<td class=\"column-1\">Serial Interface<\/td><td class=\"column-2\">2x RS-232\/422\/485 ports on REAR I\/O 3x RS-232 ports on board pin header<br \/>\n<\/td>\n<\/tr>\n<tr class=\"row-14\">\n\t<td class=\"column-1\">Miscellaneous<\/td><td class=\"column-2\">Super I\/O (Embedded Controller) - NCT6116D GPIO - 8-bit configurable controlled by embedded controller<br \/>\n<\/td>\n<\/tr>\n<tr class=\"row-15\">\n\t<td class=\"column-1\">Operating Temperature<\/td><td class=\"column-2\">0\u00b0C - 60\u00b0C<br \/>\n<\/td>\n<\/tr>\n<tr class=\"row-16\">\n\t<td class=\"column-1\">Storage Temperature<\/td><td class=\"column-2\">-20\u00b0C to 80\u00b0C<br \/>\n<\/td>\n<\/tr>\n<tr class=\"row-17\">\n\t<td class=\"column-1\">Power Requirement<\/td><td class=\"column-2\">ATX power input<br \/>\n<\/td>\n<\/tr>\n<tr class=\"row-18\">\n\t<td class=\"column-1\">Dimensions<\/td><td class=\"column-2\">170x170x16 mmm<br \/>\n<\/td>\n<\/tr>\n<tr class=\"row-19\">\n\t<td class=\"column-1\">MTBF<\/td><td class=\"column-2\">Over 100,000 hours at 40\u00b0C<br \/>\n<\/td>\n<\/tr>\n<\/tbody>\n<\/table>\n<!-- #tablepress-262 from cache -->\n","protected":false},"excerpt":{"rendered":"<p>TUP1000 to konwerter DC-DC typu Small Form Factor wykorzystuj\u0105cy ultrakondensatory versus baterie, aby zapewni\u0107 bezproblemowe tworzenie kopii zapasowych UPS. Ten wysokowydajny zasilacz mo\u017ce wytwarza\u0107 35 wat\u00f3w przy +5V DC lub 42 wat\u00f3w przy +12V DC.<\/p>\n","protected":false},"featured_media":10972,"template":"","meta":{"_acf_changed":false,"inline_featured_image":false,"_monsterinsights_skip_tracking":false,"_monsterinsights_sitenote_active":false,"_monsterinsights_sitenote_note":"","_monsterinsights_sitenote_category":0},"product_brand":[],"product_cat":[1613,791,797,789],"product_tag":[],"class_list":{"0":"post-6045","1":"product","2":"type-product","3":"status-publish","4":"has-post-thumbnail","6":"product_cat-akcesoria-peryferia","7":"product_cat-power-ups-pl","8":"product_cat-smart-ups-pl","9":"product_cat-tri-m-pl","11":"first","12":"instock","13":"shipping-taxable","14":"product-type-simple"},"acf":[],"_links":{"self":[{"href":"https:\/\/quantum.com.pl\/pl\/wp-json\/wp\/v2\/product\/6045","targetHints":{"allow":["GET"]}}],"collection":[{"href":"https:\/\/quantum.com.pl\/pl\/wp-json\/wp\/v2\/product"}],"about":[{"href":"https:\/\/quantum.com.pl\/pl\/wp-json\/wp\/v2\/types\/product"}],"wp:featuredmedia":[{"embeddable":true,"href":"https:\/\/quantum.com.pl\/pl\/wp-json\/wp\/v2\/media\/10972"}],"wp:attachment":[{"href":"https:\/\/quantum.com.pl\/pl\/wp-json\/wp\/v2\/media?parent=6045"}],"wp:term":[{"taxonomy":"product_brand","embeddable":true,"href":"https:\/\/quantum.com.pl\/pl\/wp-json\/wp\/v2\/product_brand?post=6045"},{"taxonomy":"product_cat","embeddable":true,"href":"https:\/\/quantum.com.pl\/pl\/wp-json\/wp\/v2\/product_cat?post=6045"},{"taxonomy":"product_tag","embeddable":true,"href":"https:\/\/quantum.com.pl\/pl\/wp-json\/wp\/v2\/product_tag?post=6045"}],"curies":[{"name":"wp","href":"https:\/\/api.w.org\/{rel}","templated":true}]}}