{"id":6058,"date":"2019-11-21T17:00:17","date_gmt":"2019-11-21T16:00:17","guid":{"rendered":"https:\/\/quantum.com.pl\/?post_type=product&#038;p=6058"},"modified":"2020-08-26T00:02:24","modified_gmt":"2020-08-25T22:02:24","slug":"v5sc-ser-ups","status":"publish","type":"product","link":"https:\/\/quantum.com.pl\/pl\/product\/v5sc-ser-ups\/","title":{"rendered":"V5SC-SER-UPS"},"content":{"rendered":"<p>V5SC-SER-UPS to inteligentny zasilacz DC-DC 35W z wyj\u015bciem +5V DC. Zawiera mikrokontroler oparty na pami\u0119ci flash, zapewniaj\u0105cy zaawansowane zarz\u0105dzanie energi\u0105, inteligentn\u0105 \u0142adowark\u0119 baterii i port szeregowy RS232. V5SC przeznaczony jest do system\u00f3w komputerowych &#8222;embedded&#8221; o niskim poziomie ha\u0142asu, ma rozmiar PC\/104, aby zmie\u015bci\u0142 si\u0119 w stosie PC\/104, szeroki zakres wej\u015bciowy 6-40V (&gt;6:1) i jest idealny do zastosowa\u0144 z bateriami lub nieregulowanymi wej\u015bciami.<\/p>\n<h4>Cechy szczeg\u00f3lne:<\/h4>\n<ul>\n<li>rejestracja godzin pracy \/ rejestracja dzia\u0142ania w nadmiernej temperaturze lub wstrz\u0105sach i wibracjach \/ rejestracja napi\u0119cia wej\u015bciowego i zdarzenia przej\u015bciowego \/ rejestracja napi\u0119cia wyj\u015bciowego i obci\u0105\u017cenia<\/li>\n<li>ustawienia parametr\u00f3w operacyjnych, takich jak maksymalna i minimalna temperatura robocza<\/li>\n<li>numer ESN do jednoznacznej identyfikacji ka\u017cdej jednostki<\/li>\n<li>wykorzystanie wielostopniowego \u0142adowania zar\u00f3wno akumulator\u00f3w wbudowanych, jak i zewn\u0119trznych<\/li>\n<li>wbudowana funkcja zarz\u0105dzania energi\u0105 pozwala na czasowe w\u0142\u0105czanie\/wy\u0142\u0105czanie sterowania V5SC, powiadamianie o zmianach w g\u0142\u00f3wnym zasilaniu i zmianach stanu akumulatora<\/li>\n<\/ul>\n<h4>Mo\u017cliwo\u015bci:<\/h4>\n<ul>\n<li>regulator zapewnia doskona\u0142\u0105 odpowied\u017a przej\u015bciow\u0105 linii i obci\u0105\u017cenia dla wyj\u015bcia + 5VDC<\/li>\n<li>wytrzyma\u0142e t\u0142umienie stan\u00f3w nieustalonych do 6000W<\/li>\n<li>t\u0119tnienie zredukowane do poni\u017cej 20 mV<\/li>\n<li>wbudowany akumulator NiMh 750mA-h 8.4V, kt\u00f3ry jest \u0142adowany przez \u0142adowark\u0119 V5SC<\/li>\n<li>najnowocze\u015bniejsza konstrukcja oparta na MOSFET zapewnia znakomit\u0105 regulacj\u0119 linii i obci\u0105\u017cenia przy wydajno\u015bci do 95 procent<\/li>\n<li>obs\u0142uguje zewn\u0119trzne zestawy akumulator\u00f3w, takie jak BAT104-NiMh lub zestaw inny ni\u017c PC\/104, kt\u00f3ry jest pod\u0142\u0105czony do z\u0142\u0105cza akumulatora CN1<\/li>\n<li>zapewnia do czterech etap\u00f3w \u0142adowania baterii i mo\u017ce \u0142adowa\u0107 akumulatory Lead-Acid, NiCd i NiMh, a tak\u017ce jest kompatybilny z SMBus poziomu 3 (pr\u0105dy \u0142adowania wynosz\u0105 do 1.5A, a napi\u0119cia \u0142adowania akumulatora od 9.5 do 19.5V)<\/li>\n<\/ul>\n<h4>Aplikacje:<\/h4>\n<ul>\n<li>specjalnie zaprojektowany do zastosowa\u0144 w pojazdach i ma wytrzyma\u0142e t\u0142umiki przej\u015bciowe (6000W), kt\u00f3re utrzymuj\u0105 napi\u0119cie wej\u015bciowe na bezpiecznym poziomie, zachowuj\u0105c przy tym normalne dzia\u0142anie zasilacza<\/li>\n<li>niski poziom ha\u0142asu sprawia, \u017ce \u200b\u200bV5SC idealnie nadaje si\u0119 do stosowania na pok\u0142adzie samolotu, w wojsku lub wsz\u0119dzie tam, gdzie nale\u017cy zminimalizowa\u0107 EMI lub RFI<\/li>\n<li>mo\u017cna zaprogramowa\u0107 przyk\u0142adowo tak, aby wy\u0142\u0105cza\u0142 wyj\u015bcia w 60 sekund, a nast\u0119pnie w\u0142\u0105cza\u0142 ponownie 12 godzin p\u00f3\u017aniej<\/li>\n<li>mo\u017ce by\u0107 skonfigurowany tak, aby zaspokoi\u0107 prawie wszystkie potrzeby zwi\u0105zane z zasilaniem i \u0142adowaniem akumulator\u00f3w w aplikacjach &#8222;embedded&#8221;, niezale\u017cnie od tego, czy jest to prosta aplikacja +5V, czy te\u017c zapewnia zasilanie dla pod\u015bwietlanych paneli LCD lub pe\u0142nego zasilacza UPS NiMh (konfiguracja z zasilaczem bezprzerwowym)<\/li>\n<li>wszystkie generowane napi\u0119cia s\u0105 dostarczane do zacisk\u00f3w \u015brubowych. Port szeregowy RS232 znajduje si\u0119 na headerze pinowym 2 x 5<\/li>\n<\/ul>\n<h4>Zalety:<\/h4>\n<ul>\n<li>Wysoka wydajno\u015b\u0107<\/li>\n<li>Praca w rozszerzonej temperaturze<\/li>\n<li>Wytrzyma\u0142a konstrukcja<\/li>\n<li>Przej\u015bciowe t\u0142umienie<\/li>\n<li>Power\/OS<\/li>\n<li>Pe\u0142ny UPS z inteligentnym \u0142adowaniem<\/li>\n<li>PC\/104 &#8222;stackable&#8221;<\/li>\n<\/ul>\n<h4>Specyfikacja elektryczna:<\/h4>\n<ul>\n<li>5V output 7A<\/li>\n<\/ul>\n<h4>Napi\u0119cie wej\u015bciowe:<\/h4>\n<ul>\n<li>6 to 40VDC<\/li>\n<\/ul>\n<h4>Parametry mechaniczne\/\u015brodowiskowe:<\/h4>\n<ul>\n<li>Size (W x L x H)**** 3.55\u201d x 3.75\u201d x 0.55\u201d<\/li>\n<li>Weight 6.08 oz\/172.37 grams<\/li>\n<li>Temperature Range 0\u00b0C to +70\u00b0C<\/li>\n<\/ul>\n<h4>Wydajno\u015b\u0107:<\/h4>\n<ul>\n<li>Peak to Peak ripple &lt;20mV<\/li>\n<li>Load Regulation &lt;60mV<\/li>\n<li>Line Regulation +\/- 40mV<\/li>\n<li>Output Temp. Drift &lt;40mV<\/li>\n<li>Output Ripple 20mV<\/li>\n<li>Switching Frequency 320-330kHz<\/li>\n<li>Maximum Input Transient 125V for100Msec<\/li>\n<li>Efficiency up to 90%<\/li>\n<\/ul>\n","protected":false},"excerpt":{"rendered":"<p>V5SC-SER-UPS to inteligentny zasilacz DC-DC 35W z wyj\u015bciem +5V DC. Zawiera mikrokontroler oparty na pami\u0119ci flash, zapewniaj\u0105cy zaawansowane zarz\u0105dzanie energi\u0105, inteligentn\u0105 \u0142adowark\u0119 baterii i port szeregowy RS232. V5SC przeznaczony jest do system\u00f3w komputerowych &#8222;embedded&#8221; o niskim poziomie ha\u0142asu, ma rozmiar PC\/104, aby zmie\u015bci\u0142 si\u0119 w stosie PC\/104, szeroki zakres wej\u015bciowy 6-40V (&gt;6:1) i jest idealny do zastosowa\u0144 z bateriami lub nieregulowanymi wej\u015bciami.<\/p>\n","protected":false},"featured_media":10976,"template":"","meta":{"_acf_changed":false,"inline_featured_image":false,"_monsterinsights_skip_tracking":false,"_monsterinsights_sitenote_active":false,"_monsterinsights_sitenote_note":"","_monsterinsights_sitenote_category":0},"product_brand":[],"product_cat":[1613,791,797,789],"product_tag":[],"class_list":{"0":"post-6058","1":"product","2":"type-product","3":"status-publish","4":"has-post-thumbnail","6":"product_cat-akcesoria-peryferia","7":"product_cat-power-ups-pl","8":"product_cat-smart-ups-pl","9":"product_cat-tri-m-pl","11":"first","12":"instock","13":"shipping-taxable","14":"product-type-simple"},"acf":[],"_links":{"self":[{"href":"https:\/\/quantum.com.pl\/pl\/wp-json\/wp\/v2\/product\/6058","targetHints":{"allow":["GET"]}}],"collection":[{"href":"https:\/\/quantum.com.pl\/pl\/wp-json\/wp\/v2\/product"}],"about":[{"href":"https:\/\/quantum.com.pl\/pl\/wp-json\/wp\/v2\/types\/product"}],"wp:featuredmedia":[{"embeddable":true,"href":"https:\/\/quantum.com.pl\/pl\/wp-json\/wp\/v2\/media\/10976"}],"wp:attachment":[{"href":"https:\/\/quantum.com.pl\/pl\/wp-json\/wp\/v2\/media?parent=6058"}],"wp:term":[{"taxonomy":"product_brand","embeddable":true,"href":"https:\/\/quantum.com.pl\/pl\/wp-json\/wp\/v2\/product_brand?post=6058"},{"taxonomy":"product_cat","embeddable":true,"href":"https:\/\/quantum.com.pl\/pl\/wp-json\/wp\/v2\/product_cat?post=6058"},{"taxonomy":"product_tag","embeddable":true,"href":"https:\/\/quantum.com.pl\/pl\/wp-json\/wp\/v2\/product_tag?post=6058"}],"curies":[{"name":"wp","href":"https:\/\/api.w.org\/{rel}","templated":true}]}}