{"id":6072,"date":"2019-11-21T17:25:32","date_gmt":"2019-11-21T16:25:32","guid":{"rendered":"https:\/\/quantum.com.pl\/?post_type=product&#038;p=6072"},"modified":"2020-08-26T00:02:24","modified_gmt":"2020-08-25T22:02:24","slug":"ultraups","status":"publish","type":"product","link":"https:\/\/quantum.com.pl\/pl\/product\/ultraups\/","title":{"rendered":"UltraUPS"},"content":{"rendered":"<h4>Zasilacz UPS dla niesprzyjaj\u0105cych \u015brodowisk<\/h4>\n<p>UltraUPS to seria rezerwowych rozwi\u0105za\u0144 zasilania dla wymagaj\u0105cych i nieprzyjaznych \u015brodowisk, w kt\u00f3rych przestoje w serwisowaniu i awarie zasilania s\u0105 niedopuszczalne lub nieekonomiczne. Wszystkie urz\u0105dzenia ultraUPS dzia\u0142aj\u0105 w temperaturach do -40\u00b0C, a ultrakondensatory do 85\u00b0C. Urz\u0105dzenia Li-Ion ultraUPS maj\u0105 zakres temperatur roboczych od -40\u00b0C do 70\u00b0C i energi\u0119 podtrzymuj\u0105c\u0105 2.2 megad\u017cula (617 watogodzin). To wystarczaj\u0105ca ilo\u015b\u0107 energii, aby VDX104 Tri-M dzia\u0142a\u0142 przez ponad dwa tygodnie! Ultrakondensatory maj\u0105 zakres temperatur roboczych od -40\u00b0C do 85\u00b0C z energi\u0105 podtrzymuj\u0105c\u0105 do 15 kilod\u017culi (4.2 watogodzin). Wyj\u015bcie 6A w ultraUPS mo\u017ce by\u0107 programowane w zakresie od 5V do 16V. G\u0142\u00f3wne wej\u015bcie ultraUPS chroni przed \u201ezrzutami \u0142adunku\u201d i przej\u015bciami i jest zaprojektowane zgodnie z wymaganiami MIL-STD-1275. Urz\u0105dzenia ultraUPS obs\u0142uguj\u0105 r\u00f3wnie\u017c zasilanie bezpo\u015brednio z paneli s\u0142onecznych 15V lub 30V.<\/p>\n<h4>Zalety:<\/h4>\n<ul>\n<li>Wytrzyma\u0142a aluminiowa obudowa jest wyposa\u017cona w podk\u0142adk\u0119 przeciwwstrz\u0105sow\u0105<\/li>\n<li>Port komunikacyjny RS232 do monitorowania i sterowania<\/li>\n<li>Zasilanie dobrego sygna\u0142u, zdalna linia kontroli on\/off i zasilanie rezerwowe 5V<\/li>\n<li>Obs\u0142uga paneli s\u0142onecznych 15V i 30V do g\u0142\u00f3wnego zasilania<\/li>\n<li>Programowalne napi\u0119cie wyj\u015bciowe 6A mi\u0119dzy 5V a 16V<\/li>\n<li>Zakres temperatury roboczej -40\u00b0C do 85\u00b0C (modele capUPS)<\/li>\n<li>Zakres temperatury roboczej -40\u00b0 C do 70\u00b0C (model Li-Ion)<\/li>\n<li>Trzy diody LED informuj\u0105ce o stanie mocy wej\u015bciowej, energii zapasowej i mocy wyj\u015bciowej<\/li>\n<\/ul>\n<p>&nbsp;<\/p>\n","protected":false},"excerpt":{"rendered":"<p>UltraUPS to seria rezerwowych rozwi\u0105za\u0144 zasilania dla wymagaj\u0105cych i nieprzyjaznych \u015brodowisk, w kt\u00f3rych przestoje w serwisowaniu i awarie zasilania s\u0105 niedopuszczalne lub nieekonomiczne.<\/p>\n","protected":false},"featured_media":10907,"template":"","meta":{"_acf_changed":false,"inline_featured_image":false,"_monsterinsights_skip_tracking":false,"_monsterinsights_sitenote_active":false,"_monsterinsights_sitenote_note":"","_monsterinsights_sitenote_category":0},"product_brand":[],"product_cat":[1613,950,1615,791,797,789,804],"product_tag":[],"class_list":{"0":"post-6072","1":"product","2":"type-product","3":"status-publish","4":"has-post-thumbnail","6":"product_cat-akcesoria-peryferia","7":"product_cat-kompletne-rozwiazania-systemowe-pl","8":"product_cat-komputery-przemyslowe-2","9":"product_cat-power-ups-pl","10":"product_cat-smart-ups-pl","11":"product_cat-tri-m-pl","12":"product_cat-ultra-ups","14":"first","15":"instock","16":"shipping-taxable","17":"product-type-simple"},"acf":[],"_links":{"self":[{"href":"https:\/\/quantum.com.pl\/pl\/wp-json\/wp\/v2\/product\/6072","targetHints":{"allow":["GET"]}}],"collection":[{"href":"https:\/\/quantum.com.pl\/pl\/wp-json\/wp\/v2\/product"}],"about":[{"href":"https:\/\/quantum.com.pl\/pl\/wp-json\/wp\/v2\/types\/product"}],"wp:featuredmedia":[{"embeddable":true,"href":"https:\/\/quantum.com.pl\/pl\/wp-json\/wp\/v2\/media\/10907"}],"wp:attachment":[{"href":"https:\/\/quantum.com.pl\/pl\/wp-json\/wp\/v2\/media?parent=6072"}],"wp:term":[{"taxonomy":"product_brand","embeddable":true,"href":"https:\/\/quantum.com.pl\/pl\/wp-json\/wp\/v2\/product_brand?post=6072"},{"taxonomy":"product_cat","embeddable":true,"href":"https:\/\/quantum.com.pl\/pl\/wp-json\/wp\/v2\/product_cat?post=6072"},{"taxonomy":"product_tag","embeddable":true,"href":"https:\/\/quantum.com.pl\/pl\/wp-json\/wp\/v2\/product_tag?post=6072"}],"curies":[{"name":"wp","href":"https:\/\/api.w.org\/{rel}","templated":true}]}}