{"id":6089,"date":"2019-11-25T10:21:44","date_gmt":"2019-11-25T09:21:44","guid":{"rendered":"https:\/\/quantum.com.pl\/?post_type=product&#038;p=6089"},"modified":"2020-08-26T00:02:26","modified_gmt":"2020-08-25T22:02:26","slug":"tbp4xxx","status":"publish","type":"product","link":"https:\/\/quantum.com.pl\/pl\/product\/tbp4xxx\/","title":{"rendered":"TBP4xxx"},"content":{"rendered":"<h4>Modu\u0142y zasilania rezerwowego dla HESC &amp; HPSC<\/h4>\n<p>&nbsp;<\/p>\n<p>Modu\u0142y TBP4xxx to bezobs\u0142ugowe modu\u0142y o wysokiej cykliczno\u015bci, podtrzymuj\u0105ce energi\u0119 w podwy\u017cszonej temperaturze, tworz\u0105ce w po\u0142\u0105czeniu z inteligentnym rozwi\u0105zaniem do \u0142adowania HESC lub HPSC firmy Tri-M kompletny system zasilania bezprzerwowego (UPS) w obudowie PC\/104. TBP4xxx przeznaczone s\u0105 do nieprzyjaznego \u015brodowiska, charakteryzuj\u0105cego si\u0119 ekstremalnymi temperaturami i wibracjami. Te wytrzyma\u0142e modu\u0142y zasilania rezerwowego s\u0105 idealne do zastosowa\u0144, kt\u00f3re maj\u0105 du\u017c\u0105 liczb\u0119 cykli roz\u0142adowania lub potrzeb\u0119 rozwi\u0105zania \u201ebezobs\u0142ugowego\u201d, jak odleg\u0142e i trudno dost\u0119pne miejsca.<\/p>\n<p>Modu\u0142y TBP4xxx s\u0105 dost\u0119pne w 500, 1000, 2000 i 4000 d\u017culi i wsp\u00f3\u0142pracuj\u0105 bezpo\u015brednio z dnem zasilaczy HESC lub HPSC.<\/p>\n<h4>Dane techniczne:<\/h4>\n<ul>\n<li>Ca\u0142kowite na\u0142adowanie w mniej ni\u017c minut\u0119<\/li>\n<li>500 000 cykli \u0142adowania<\/li>\n<li>Odporno\u015b\u0107 na g\u0142\u0119bokie roz\u0142adowanie<\/li>\n<li>Praca w ekstremalnych temperaturach<\/li>\n<li>Mo\u017cliwo\u015b\u0107 du\u017cych wysoko\u015bci<\/li>\n<li>Zaprojektowany do \u015brodowisk o wysokiej wibracji i wstrz\u0105sach<\/li>\n<li>Rozmiar PC\/104<\/li>\n<li>\u0141\u0105czenie bez kabli z HESC i HPSC<\/li>\n<\/ul>\n<h4>Zalety:<\/h4>\n<ul>\n<li>Zaprojektowany zgodnie ze standardami MIL<\/li>\n<li>Zapobiega utracie danych lub uszkodzeniu z powodu niezawodnego zasilania kopii zapasowej systemu<\/li>\n<li>Skr\u00f3cony czas przestoju dzi\u0119ki bezobs\u0142ugowej eksploatacji<\/li>\n<li>Footprint PC\/104<\/li>\n<li>Zwi\u0119kszona niezawodno\u015b\u0107 dzi\u0119ki integracji kablowej HESC i HPSC<\/li>\n<\/ul>\n<h4>Aplikacje:<\/h4>\n<ul>\n<li>Pojazdy wojskowe i cywilne<\/li>\n<li>Lotnictwo i obrona<\/li>\n<li>Automatyka przemys\u0142owa<\/li>\n<li>Telekomunikacja<\/li>\n<li>Transport podmorski i morski<\/li>\n<\/ul>\n<h4>Szczeg\u00f3\u0142y:<\/h4>\n\n<table id=\"tablepress-263\" class=\"tablepress tablepress-id-263\">\n<thead>\n<tr class=\"row-1\">\n\t<th class=\"column-1\">CPU<\/th><th class=\"column-2\">Intel\u00ae Core\u2122 i3-6100 Processor (2 x 3.70 GHz, 3 MB SmartCache, 51 W)<br \/>\nIntel\u00ae Core\u2122 i5-6500 Processor (4 x 3.20 GHz \/ 3.60 GHz, 6 MB SmartCache, 65 W)<br \/>\nIntel\u00ae Core\u2122 i7-6700 Processor (4 x 3.40 GHz \/ 4.00 GHz, 8 MB SmartCache, 65 W)<br \/>\nIntel\u00ae Core\u2122 i3-6100TE Processor (2 x 2.70 GHz, 4 MB SmartCache, 35 W)<br \/>\nIntel\u00ae Celeron\u00ae Processor G3900TE (2 x 2.30 GHz, 2 MB SmartCache, 35 W)<br \/>\nIntel\u00ae Celeron\u00ae Processor G3930TE (2 x 2.70 GHz, 2 MB, 35 W)<br \/>\nIntel\u00ae Core\u2122 i5-6500TE Processor (4 x 2.30 GHz \/ 3.30 GHz, 6 MB SmartCache, 35 W)<br \/>\nIntel\u00ae Core\u2122 i7-6700TE Processor (4 x 2.40 GHz \/ 3.40 GHz, 8 MB SmartCache, 35 W)<br \/>\nIntel\u00ae Core\u2122 i3-7101TE Processor (2 x 3.40 GHz, 3 MB SmartCache, 35 W)<br \/>\nIntel\u00ae Core\u2122 i5-7500T Processor (4 x 2.70 GHz \/ 3.30 GHz, 6 MB SmartCache, 35 W)<br \/>\nIntel\u00ae Core\u2122 i5-7500 Processor (4 x 3.40 GHz \/ 3.80 GHz, 6 MB SmartCache, 65 W)<br \/>\nIntel\u00ae Core\u2122 i7-7700T Processor (4 x 2.90 GHz \/ 3.80 GHz, 8 MB SmartCache, 35 W)<br \/>\nIntel\u00ae Core\u2122 i7-7700 Processor (4 x 3.60 GHz \/ 4.20 GHz, 8 MB SmartCache, 65 W)<\/th>\n<\/tr>\n<\/thead>\n<tbody class=\"row-striping row-hover\">\n<tr class=\"row-2\">\n\t<td class=\"column-1\">Storage Temperature<\/td><td class=\"column-2\">-20\u00b0C to 80\u00b0C<br \/>\n<\/td>\n<\/tr>\n<tr class=\"row-3\">\n\t<td class=\"column-1\">Operating Temperature<\/td><td class=\"column-2\">0\u00b0C - 60\u00b0C<br \/>\n<\/td>\n<\/tr>\n<tr class=\"row-4\">\n\t<td class=\"column-1\">Power Requirement<\/td><td class=\"column-2\">ATX power input<br \/>\n<\/td>\n<\/tr>\n<tr class=\"row-5\">\n\t<td class=\"column-1\">Firmware<\/td><td class=\"column-2\">AMI UEFI BIOS<br \/>\n<\/td>\n<\/tr>\n<tr class=\"row-6\">\n\t<td class=\"column-1\">Miscellaneous<\/td><td class=\"column-2\">System monitor (Voltage, Fan Speed and Temperature)<br \/>\n<\/td>\n<\/tr>\n<tr class=\"row-7\">\n\t<td class=\"column-1\">Audio<\/td><td class=\"column-2\">High Definition Audio, Audio Jack on rear I\/O with Line-out\/ Mic-in<br \/>\n<\/td>\n<\/tr>\n<tr class=\"row-8\">\n\t<td class=\"column-1\">USB<\/td><td class=\"column-2\">4x USB3.0 on rear I\/O, 4x USB2.0 on pin header<br \/>\n<\/td>\n<\/tr>\n<tr class=\"row-9\">\n\t<td class=\"column-1\">Serial Interface<\/td><td class=\"column-2\">2x RS-232 on REAR I\/O, 4x RS-232 on board 2x20 pin header<br \/>\n<\/td>\n<\/tr>\n<tr class=\"row-10\">\n\t<td class=\"column-1\">Expansion<\/td><td class=\"column-2\">1x PCIe x16, 1x mini-PCIe socket ( support mSATA \/ USB2.0)<br \/>\n<\/td>\n<\/tr>\n<tr class=\"row-11\">\n\t<td class=\"column-1\">Network<\/td><td class=\"column-2\">Realtek 8111H chip, 2x RJ45 connectors on rear I\/O<br \/>\n<\/td>\n<\/tr>\n<tr class=\"row-12\">\n\t<td class=\"column-1\">Storage<\/td><td class=\"column-2\">Supports two SATAIII ports<br \/>\n<\/td>\n<\/tr>\n<tr class=\"row-13\">\n\t<td class=\"column-1\">Display Interface<\/td><td class=\"column-2\">LVDSDual channel 2bit LVDS on board, resolution up to 1920x1200, HDMIOne HDMI port on rear I\/O, resolution up to 4K (4096x2160@24Hz), VGAOne VGA port on rear I\/O resolutoin up to 1920x1200 @ 60Hz<br \/>\n<\/td>\n<\/tr>\n<tr class=\"row-14\">\n\t<td class=\"column-1\">Graphic Controller<\/td><td class=\"column-2\">Intel\u00ae Gen 9 Graphics supports DirectX 12, OpenGL 4.2 \/ OpenCL 2.0, Video decode HW acceleration support for H.264, H.265, MPEG2, VC-1\/WMV9, JPEG, VP8, and VP9<br \/>\n<\/td>\n<\/tr>\n<tr class=\"row-15\">\n\t<td class=\"column-1\">DRAM<\/td><td class=\"column-2\">Up to 32GB DDR4-2133 Non-ECC SDRAM on two 260 pin SO-DIMM sockets<br \/>\n<\/td>\n<\/tr>\n<tr class=\"row-16\">\n\t<td class=\"column-1\">Chipset<\/td><td class=\"column-2\">Intel\u00ae H110<br \/>\n<\/td>\n<\/tr>\n<tr class=\"row-17\">\n\t<td class=\"column-1\">Format<\/td><td class=\"column-2\">Mini-ITX<br \/>\n<\/td>\n<\/tr>\n<tr class=\"row-18\">\n\t<td class=\"column-1\">Dimensions<\/td><td class=\"column-2\">170x170 mm<br \/>\n<\/td>\n<\/tr>\n<\/tbody>\n<\/table>\n<!-- #tablepress-263 from cache -->\n","protected":false},"excerpt":{"rendered":"<p>Modu\u0142y TBP4xxx to bezobs\u0142ugowe modu\u0142y o wysokiej cykliczno\u015bci, podtrzymuj\u0105ce energi\u0119 w podwy\u017cszonej temperaturze, tworz\u0105ce w po\u0142\u0105czeniu z inteligentnym rozwi\u0105zaniem do \u0142adowania HESC lub HPSC firmy Tri-M kompletny system zasilania bezprzerwowego (UPS) w obudowie PC\/104.<\/p>\n","protected":false},"featured_media":10958,"template":"","meta":{"_acf_changed":false,"inline_featured_image":false,"_monsterinsights_skip_tracking":false,"_monsterinsights_sitenote_active":false,"_monsterinsights_sitenote_note":"","_monsterinsights_sitenote_category":0},"product_brand":[],"product_cat":[1613,791,789,800],"product_tag":[],"class_list":{"0":"post-6089","1":"product","2":"type-product","3":"status-publish","4":"has-post-thumbnail","6":"product_cat-akcesoria-peryferia","7":"product_cat-power-ups-pl","8":"product_cat-tri-m-pl","9":"product_cat-ultra-capacitor-packs-pl","11":"first","12":"instock","13":"shipping-taxable","14":"product-type-simple"},"acf":[],"_links":{"self":[{"href":"https:\/\/quantum.com.pl\/pl\/wp-json\/wp\/v2\/product\/6089","targetHints":{"allow":["GET"]}}],"collection":[{"href":"https:\/\/quantum.com.pl\/pl\/wp-json\/wp\/v2\/product"}],"about":[{"href":"https:\/\/quantum.com.pl\/pl\/wp-json\/wp\/v2\/types\/product"}],"wp:featuredmedia":[{"embeddable":true,"href":"https:\/\/quantum.com.pl\/pl\/wp-json\/wp\/v2\/media\/10958"}],"wp:attachment":[{"href":"https:\/\/quantum.com.pl\/pl\/wp-json\/wp\/v2\/media?parent=6089"}],"wp:term":[{"taxonomy":"product_brand","embeddable":true,"href":"https:\/\/quantum.com.pl\/pl\/wp-json\/wp\/v2\/product_brand?post=6089"},{"taxonomy":"product_cat","embeddable":true,"href":"https:\/\/quantum.com.pl\/pl\/wp-json\/wp\/v2\/product_cat?post=6089"},{"taxonomy":"product_tag","embeddable":true,"href":"https:\/\/quantum.com.pl\/pl\/wp-json\/wp\/v2\/product_tag?post=6089"}],"curies":[{"name":"wp","href":"https:\/\/api.w.org\/{rel}","templated":true}]}}