{"id":6103,"date":"2019-11-25T11:10:03","date_gmt":"2019-11-25T10:10:03","guid":{"rendered":"https:\/\/quantum.com.pl\/?post_type=product&#038;p=6103"},"modified":"2020-12-01T23:15:43","modified_gmt":"2020-12-01T22:15:43","slug":"bat-nimh45","status":"publish","type":"product","link":"https:\/\/quantum.com.pl\/pl\/product\/bat-nimh45\/","title":{"rendered":"BAT-NiMh45"},"content":{"rendered":"<h4>Modu\u0142 zapasowego akumulatora NiMh do zasilaczy serii HESC, V5SC i HPSC<\/h4>\n<p>&nbsp;<\/p>\n<p>BAT-NiMh45 tworzy system UPS przez bezpo\u015brednie pod\u0142\u0105czenie do dolnej cz\u0119\u015bci zasilaczy Vehicle HESC (w tym V5SC-SER i HPSC). Ka\u017cda BAT-NiMh45 zawiera siedem baterii 4.5 Ahr rozmiaru \u201eA\u201d o nominalnym napi\u0119ciu podtrzymuj\u0105cym 8.4 wolta. BAT-NiMh45 jest zatem w stanie dostarczy\u0107 \u0142\u0105cznie 37.8 wat mocy zapasowej i mo\u017ce dostarcza\u0107 zapasow\u0105 energi\u0119 przez okres do sze\u015b\u0107dziesi\u0119ciu minut dla obci\u0105\u017cenia 37.8 wat.<\/p>\n<p>BAT-NiMh45 zawiera tranzystory Mosfet do zapobiegania g\u0142\u0119bokim roz\u0142adowaniom podczas przed\u0142u\u017caj\u0105cych si\u0119 przerw w dostawie pr\u0105du. Tranzystory Mosfet izoluj\u0105 elektrycznie BAT-NiMh45 od HESC, ilekro\u0107 moc wyj\u015bciowa BE w HESC jest zmieniona (podwy\u017cszona do 5V).<\/p>\n<p>W przypadku zam\u00f3wienia z opcj\u0105 zegara czasu rzeczywistego, BAT-NiMh45-RTC mo\u017ce \u201eobudzi\u0107 si\u0119\u201d z trybu u\u015bpienia w zaprogramowanym czasie rozruchu. Chwilowy \u201esuchy\u201d kontakt na CN3 r\u00f3wnie\u017c mo\u017ce zast\u0105pi\u0107 tryb u\u015bpienia i obudzi\u0107 BAT-NiMh45-RTC. Zasilacze Tri-M obs\u0142uguj\u0105ce oprogramowanie HESC-UPS18 mog\u0105 programowa\u0107 i odczytywa\u0107 RTC na BAT-NiMh45-RTC. Zasilacze Tri-M z oprogramowaniem HESC-UPS mog\u0105 wykorzystywa\u0107 BAT-NiMh45 dla systemu UPS, ale bez wsparcia RTC.<\/p>\n<p>BAT-NiMh45 ma zar\u00f3wno bezpiecznik termiczny, jak i bezpiecznik pr\u0105dowy do ochrony przed prze\u0142adowaniem oraz zwarciem na wyj\u015bciu akumulatora.<\/p>\n<p>Cyfrowy czujnik temperatury I2C wykrywa temperatur\u0119 akumulatora podczas \u0142adowania, kt\u00f3r\u0105 mo\u017ce odczyta\u0107 HESC.<\/p>\n<h4>Zalety:<\/h4>\n<ul>\n<li>Mo\u017cliwe p\u0142ynne zamkni\u0119cie systemu<\/li>\n<li>Pe\u0142na funkcjonalno\u015b\u0107 UPS przy po\u0142\u0105czeniu z zasilaczem Power\/OS<\/li>\n<li>PC\/104 &#8222;stackable&#8221;<\/li>\n<li>Akumulatory niklowo-wodorkowe<\/li>\n<li>Cyfrowy czujnik temperatury I2C do wykrywania temperatury akumulatora<\/li>\n<\/ul>\n<h4>Specyfikacja eleketryczna:<\/h4>\n<ul>\n<li>Batteries: NiMh, Size A, 4.5A-Hr.<\/li>\n<li>Nominal Battery Voltage: 8.4 volts (seven cells * 1.2 volts)<\/li>\n<li>Maximum Capacity: 37.8 watt-hours<\/li>\n<li>Max Charging Current 4.0A<\/li>\n<li>Max Charging Voltage 19.5V<\/li>\n<\/ul>\n<h4>Parametry \u015brodowiskowe:<\/h4>\n<ul>\n<li>Charging Temperature Range 0\u00b0C to 45\u00b0C<\/li>\n<li>Discharge Temerature Range -10\u00b0C to 64\u00b0C<\/li>\n<\/ul>\n<h4>Parametry mechaniczne:<\/h4>\n<ul>\n<li>PC\/104 footprint size: 3.55&#8243; x 3.775&#8243;, no PC\/104 bus<\/li>\n<li>Weight: 521 grams (including mounting hardware)<\/li>\n<\/ul>\n<p>&nbsp;<\/p>\n","protected":false},"excerpt":{"rendered":"<p>BAT-NiMh45 tworzy system UPS przez bezpo\u015brednie pod\u0142\u0105czenie do dolnej cz\u0119\u015bci zasilaczy Vehicle HESC (w tym V5SC-SER i HPSC). Ka\u017cda BAT-NiMh45 zawiera siedem baterii 4.5 Ahr rozmiaru \u201eA\u201d o nominalnym napi\u0119ciu podtrzymuj\u0105cym 8.4 wolta. BAT-NiMh45 jest zatem w stanie dostarczy\u0107 \u0142\u0105cznie 37.8 wat mocy zapasowej i mo\u017ce dostarcza\u0107 zapasow\u0105 energi\u0119 przez okres do sze\u015b\u0107dziesi\u0119ciu minut dla obci\u0105\u017cenia 37.8 wat.<\/p>\n","protected":false},"featured_media":10927,"template":"","meta":{"_acf_changed":false,"inline_featured_image":false,"_monsterinsights_skip_tracking":false,"_monsterinsights_sitenote_active":false,"_monsterinsights_sitenote_note":"","_monsterinsights_sitenote_category":0},"product_brand":[],"product_cat":[1613,801,791,789],"product_tag":[],"class_list":{"0":"post-6103","1":"product","2":"type-product","3":"status-publish","4":"has-post-thumbnail","6":"product_cat-akcesoria-peryferia","7":"product_cat-battery-backup-packs-pl","8":"product_cat-power-ups-pl","9":"product_cat-tri-m-pl","11":"first","12":"instock","13":"shipping-taxable","14":"product-type-simple"},"acf":[],"_links":{"self":[{"href":"https:\/\/quantum.com.pl\/pl\/wp-json\/wp\/v2\/product\/6103","targetHints":{"allow":["GET"]}}],"collection":[{"href":"https:\/\/quantum.com.pl\/pl\/wp-json\/wp\/v2\/product"}],"about":[{"href":"https:\/\/quantum.com.pl\/pl\/wp-json\/wp\/v2\/types\/product"}],"wp:featuredmedia":[{"embeddable":true,"href":"https:\/\/quantum.com.pl\/pl\/wp-json\/wp\/v2\/media\/10927"}],"wp:attachment":[{"href":"https:\/\/quantum.com.pl\/pl\/wp-json\/wp\/v2\/media?parent=6103"}],"wp:term":[{"taxonomy":"product_brand","embeddable":true,"href":"https:\/\/quantum.com.pl\/pl\/wp-json\/wp\/v2\/product_brand?post=6103"},{"taxonomy":"product_cat","embeddable":true,"href":"https:\/\/quantum.com.pl\/pl\/wp-json\/wp\/v2\/product_cat?post=6103"},{"taxonomy":"product_tag","embeddable":true,"href":"https:\/\/quantum.com.pl\/pl\/wp-json\/wp\/v2\/product_tag?post=6103"}],"curies":[{"name":"wp","href":"https:\/\/api.w.org\/{rel}","templated":true}]}}