{"id":6114,"date":"2019-11-25T11:30:23","date_gmt":"2019-11-25T10:30:23","guid":{"rendered":"https:\/\/quantum.com.pl\/?post_type=product&#038;p=6114"},"modified":"2020-08-26T00:02:28","modified_gmt":"2020-08-25T22:02:28","slug":"bat104-nimh","status":"publish","type":"product","link":"https:\/\/quantum.com.pl\/pl\/product\/bat104-nimh\/","title":{"rendered":"BAT104-NiMh"},"content":{"rendered":"<h4>Akumulator zapasowy niklowo-wodorkowy do zasilacza HESC104 lub HESC-SER<\/h4>\n<p>&nbsp;<\/p>\n<p>BAT104-NiMh tworzy kompletny system UPS NiMh przez pod\u0142\u0105czenie bezpo\u015brednio do dolnej cz\u0119\u015bci zasilaczy Vehicle HESC (w tym V5SC-SER). BAT104-NiMh zawiera siedem akumulator\u00f3w NiMh 2300mAh, co daje \u0142\u0105cznie 19.3 Wh mocy. W\u0142a\u015bnie dlatego BAT104-NiMh mo\u017ce dostarcza\u0107 zasilanie zapasowe przez maksymalnie sze\u015b\u0107dziesi\u0105t minut przy obci\u0105\u017ceniu 19.3W.<\/p>\n<p>BAT104-NiMh zawiera tranzystory Mosfet do zapobiegania g\u0142\u0119bokim roz\u0142adowaniom podczas przed\u0142u\u017caj\u0105cych si\u0119 przerw w dostawie pr\u0105du. Tranzystory Mosfet izoluj\u0105 elektrycznie BAT104-NiMh od HESC, ilekro\u0107 moc wyj\u015bciowa BE w HESC jest zmieniona (podwy\u017cszona do 5V).<\/p>\n<p>BAT104-NiMh ma zar\u00f3wno bezpiecznik termiczny, jak i bezpiecznik pr\u0105dowy do ochrony przed prze\u0142adowaniem oraz zwarciem na wyj\u015bciu akumulatora.<\/p>\n<p>Cyfrowy czujnik temperatury I2C wykrywa temperatur\u0119 akumulatora podczas \u0142adowania, co mo\u017ce odczyta\u0107 HESC.<\/p>\n<h4>Zalety:<\/h4>\n<ul>\n<li>Mo\u017cliwo\u015b\u0107 p\u0142ynnego zamkni\u0119cia systemu<\/li>\n<li>Pe\u0142na funkcjonalno\u015b\u0107 UPS w po\u0142\u0105czeniu z zasilaczem Power\/OS<\/li>\n<li>Forma PC\/104<\/li>\n<li>Akumulatory niklowo-wodorkowe<\/li>\n<\/ul>\n<h4>Parametry mechaniczne:<\/h4>\n<ul>\n<li>Nickel Metal Hydride batteries<\/li>\n<li>7AA x 2.7A Hr. with digital temp. sensor<\/li>\n<li>Size: 3.78&#8243; x 3.50&#8243; x 0.592&#8243;<\/li>\n<li>Weight: 7.78oz \/ 220.45g<\/li>\n<\/ul>\n<h4>Zakres temperatur:<\/h4>\n<ul>\n<li>Standard charge 0 to 40C.<\/li>\n<li>Discharge 0 to 50C.<\/li>\n<li>Storage &lt; 1month -20 to 50C<\/li>\n<\/ul>\n","protected":false},"excerpt":{"rendered":"<p>BAT104-NiMh tworzy kompletny system UPS NiMh przez pod\u0142\u0105czenie bezpo\u015brednio do dolnej cz\u0119\u015bci zasilaczy Vehicle HESC (w tym V5SC-SER). BAT104-NiMh zawiera siedem akumulator\u00f3w NiMh 2300mAh, co daje \u0142\u0105cznie 19.3 Wh mocy. W\u0142a\u015bnie dlatego BAT104-NiMh mo\u017ce dostarcza\u0107 zasilanie zapasowe przez maksymalnie sze\u015b\u0107dziesi\u0105t minut przy obci\u0105\u017ceniu 19.3W.<\/p>\n","protected":false},"featured_media":10936,"template":"","meta":{"_acf_changed":false,"inline_featured_image":false,"_monsterinsights_skip_tracking":false,"_monsterinsights_sitenote_active":false,"_monsterinsights_sitenote_note":"","_monsterinsights_sitenote_category":0},"product_brand":[],"product_cat":[1613,801,791,789],"product_tag":[],"class_list":{"0":"post-6114","1":"product","2":"type-product","3":"status-publish","4":"has-post-thumbnail","6":"product_cat-akcesoria-peryferia","7":"product_cat-battery-backup-packs-pl","8":"product_cat-power-ups-pl","9":"product_cat-tri-m-pl","11":"first","12":"instock","13":"shipping-taxable","14":"product-type-simple"},"acf":[],"_links":{"self":[{"href":"https:\/\/quantum.com.pl\/pl\/wp-json\/wp\/v2\/product\/6114","targetHints":{"allow":["GET"]}}],"collection":[{"href":"https:\/\/quantum.com.pl\/pl\/wp-json\/wp\/v2\/product"}],"about":[{"href":"https:\/\/quantum.com.pl\/pl\/wp-json\/wp\/v2\/types\/product"}],"wp:featuredmedia":[{"embeddable":true,"href":"https:\/\/quantum.com.pl\/pl\/wp-json\/wp\/v2\/media\/10936"}],"wp:attachment":[{"href":"https:\/\/quantum.com.pl\/pl\/wp-json\/wp\/v2\/media?parent=6114"}],"wp:term":[{"taxonomy":"product_brand","embeddable":true,"href":"https:\/\/quantum.com.pl\/pl\/wp-json\/wp\/v2\/product_brand?post=6114"},{"taxonomy":"product_cat","embeddable":true,"href":"https:\/\/quantum.com.pl\/pl\/wp-json\/wp\/v2\/product_cat?post=6114"},{"taxonomy":"product_tag","embeddable":true,"href":"https:\/\/quantum.com.pl\/pl\/wp-json\/wp\/v2\/product_tag?post=6114"}],"curies":[{"name":"wp","href":"https:\/\/api.w.org\/{rel}","templated":true}]}}