{"id":6139,"date":"2019-11-25T12:09:36","date_gmt":"2019-11-25T11:09:36","guid":{"rendered":"https:\/\/quantum.com.pl\/?post_type=product&#038;p=6139"},"modified":"2020-08-26T00:02:28","modified_gmt":"2020-08-25T22:02:28","slug":"bat-sla25-45","status":"publish","type":"product","link":"https:\/\/quantum.com.pl\/pl\/product\/bat-sla25-45\/","title":{"rendered":"BAT-SLA(25\/45)"},"content":{"rendered":"<h4>Hermetyczny akumulator kwasowo-o\u0142owiowy dla inteligentnych zasilaczy<\/h4>\n<p>&nbsp;<\/p>\n<p>Seria BAT-SLA obejmuje BAT-SLA25 i BAT-SLA45. Produkty BAT-SLA maj\u0105 footprint PC\/104 i tworz\u0105 kompletny system UPS przez pod\u0142\u0105czenie bezpo\u015brednio do dolnej cz\u0119\u015bci zasilaczy Vehicles HESC (w tym V5SC-SER). Ka\u017cda BAT104-SLA zawiera pi\u0119\u0107 akumulator\u00f3w SLA o nominalnym napi\u0119ciu podtrzymuj\u0105cym 10 wolt\u00f3w. BAT104-SLA25 wykorzystuje akumulatory 2.5 Ah, co daje \u0142\u0105cznie 25Wh wsparcia, a BAT104-SLA45 wykorzystuje akumulatory 4.5 Ah, co daje \u0142\u0105cznie 45Wh wsparcia. W\u0142a\u015bnie dlatego BAT104-SLA45 mo\u017ce dostarcza\u0107 zasilanie zapasowe przez maksymalnie sze\u015b\u0107dziesi\u0105t minut przy obci\u0105\u017ceniu 45W.<\/p>\n<p>BAT104-SLA zawiera tranzystory Mosfet do zapobiegania g\u0142\u0119bokim roz\u0142adowaniom podczas przed\u0142u\u017caj\u0105cych si\u0119 przerw w dostawie pr\u0105du. Tranzystory Mosfet izoluj\u0105 elektrycznie BAT104-SLA od HESC, ilekro\u0107 moc wyj\u015bciowa BE w HESC jest zmieniona (podwy\u017cszona do 5V).<\/p>\n<p>BAT104-SLA ma aktywowany pr\u0105dowo bezpiecznik chroni\u0105cy przed zwarciem na wyj\u015bciu akumulatora.<\/p>\n<p>Cyfrowy czujnik temperatury I2C zapewnia informacje o temperaturze otoczenia, co mo\u017ce odczyta\u0107 HESC.<\/p>\n<h4>Zalety:<\/h4>\n<ul>\n<li>Mo\u017cliwo\u015b\u0107 p\u0142ynnego zamkni\u0119cia systemu<\/li>\n<li>Pe\u0142na funkcjonalno\u015b\u0107 UPS w po\u0142\u0105czeniu z zasilaczem Power\/OS zapewnia<\/li>\n<li>PC\/104 &#8222;stackable&#8221;<\/li>\n<li>Uszczelnione akumulatory kwasowo-o\u0142owiowe<\/li>\n<\/ul>\n<h4>BAT-SLA25:<\/h4>\n<ul>\n<li>Uszczelnione akumulatory kwasowo-o\u0142owiowe<\/li>\n<li>5D x 2.5A Hr. z cyfrowym czujnikiem temperatury<\/li>\n<li>3.78&#8243; x 3.50&#8243; x 2.80&#8243;<\/li>\n<li>Waga: 40.77oz \/ 1155.75g<\/li>\n<li>Zakres temperatur: -40\u00b0C do 80\u00b0C<\/li>\n<\/ul>\n<h4>BAT-SLA45:<\/h4>\n<ul>\n<li>Uszczelnione akumulatory kwasowo-o\u0142owiowe<\/li>\n<li>5DD x 4.5A Hr. z cyfrowym czujnikiem temperatury<\/li>\n<li>3.78&#8243; x 3.50&#8243; x 4.15&#8243;<\/li>\n<li>Waga: 52.13oz \/ 1477.80g<\/li>\n<li>Zakres temperatur: -40\u00b0C do 80\u00b0C<\/li>\n<\/ul>\n<p>&nbsp;<\/p>\n","protected":false},"excerpt":{"rendered":"<p>Seria BAT-SLA obejmuje BAT-SLA25 i BAT-SLA45. Produkty BAT-SLA maj\u0105 footprint PC\/104 i tworz\u0105 kompletny system UPS przez pod\u0142\u0105czenie bezpo\u015brednio do dolnej cz\u0119\u015bci zasilaczy Vehicles HESC (w tym V5SC-SER). Ka\u017cda BAT104-SLA zawiera pi\u0119\u0107 akumulator\u00f3w SLA o nominalnym napi\u0119ciu podtrzymuj\u0105cym 10 wolt\u00f3w.<\/p>\n","protected":false},"featured_media":10929,"template":"","meta":{"_acf_changed":false,"inline_featured_image":false,"_monsterinsights_skip_tracking":false,"_monsterinsights_sitenote_active":false,"_monsterinsights_sitenote_note":"","_monsterinsights_sitenote_category":0},"product_brand":[],"product_cat":[1613,801,791,789],"product_tag":[],"class_list":{"0":"post-6139","1":"product","2":"type-product","3":"status-publish","4":"has-post-thumbnail","6":"product_cat-akcesoria-peryferia","7":"product_cat-battery-backup-packs-pl","8":"product_cat-power-ups-pl","9":"product_cat-tri-m-pl","11":"first","12":"instock","13":"shipping-taxable","14":"product-type-simple"},"acf":[],"_links":{"self":[{"href":"https:\/\/quantum.com.pl\/pl\/wp-json\/wp\/v2\/product\/6139","targetHints":{"allow":["GET"]}}],"collection":[{"href":"https:\/\/quantum.com.pl\/pl\/wp-json\/wp\/v2\/product"}],"about":[{"href":"https:\/\/quantum.com.pl\/pl\/wp-json\/wp\/v2\/types\/product"}],"wp:featuredmedia":[{"embeddable":true,"href":"https:\/\/quantum.com.pl\/pl\/wp-json\/wp\/v2\/media\/10929"}],"wp:attachment":[{"href":"https:\/\/quantum.com.pl\/pl\/wp-json\/wp\/v2\/media?parent=6139"}],"wp:term":[{"taxonomy":"product_brand","embeddable":true,"href":"https:\/\/quantum.com.pl\/pl\/wp-json\/wp\/v2\/product_brand?post=6139"},{"taxonomy":"product_cat","embeddable":true,"href":"https:\/\/quantum.com.pl\/pl\/wp-json\/wp\/v2\/product_cat?post=6139"},{"taxonomy":"product_tag","embeddable":true,"href":"https:\/\/quantum.com.pl\/pl\/wp-json\/wp\/v2\/product_tag?post=6139"}],"curies":[{"name":"wp","href":"https:\/\/api.w.org\/{rel}","templated":true}]}}