{"id":6156,"date":"2019-11-25T12:29:18","date_gmt":"2019-11-25T11:29:18","guid":{"rendered":"https:\/\/quantum.com.pl\/?post_type=product&#038;p=6156"},"modified":"2020-08-26T00:02:27","modified_gmt":"2020-08-25T22:02:27","slug":"hdts1275-db","status":"publish","type":"product","link":"https:\/\/quantum.com.pl\/pl\/product\/hdts1275-db\/","title":{"rendered":"HDTS1275-DB"},"content":{"rendered":"<h4>Ochrona wej\u015bcia &#8222;heavy duty&#8221;<\/h4>\n<p>&nbsp;<\/p>\n<p>HDTS1275-DB to ogranicznik przepi\u0119\u0107 przej\u015bciowych, chroni\u0105cy elektronik\u0119 przed wysok\u0105 energi\u0105 transjent\u00f3w i zrzut\u00f3w obci\u0105\u017cenia. HDTS1275-DB chroni elektronik\u0119 r\u00f3wnie\u017c wtedy, gdy zasilanie jest pod\u0142\u0105czone do ty\u0142u. Styl i rozmiar z\u0142\u0105cza umo\u017cliwia monta\u017c w standardowym otworze panelu DB9, co zdecydowanie u\u0142atwia integracj\u0119. HDTS1275-DB zosta\u0142 zaprojektowany zgodnie z wymogami MIL-STD-1275 oraz poziomem wstrz\u0105s\u00f3w i wibracji MIL-STD-810.<\/p>\n<h4>Zalety:<\/h4>\n<ul>\n<li>Ma\u0142y rozmiar<\/li>\n<li>Standardowe g\u0142\u00f3wne z\u0142\u0105cze zasilania w stylu i rozmiarze DB9<\/li>\n<li>Wtykana g\u0142owica z ko\u0142nierzami z blokad\u0105 \u015brubow\u0105 dla mocy wyj\u015bciowej<\/li>\n<li>Wskazanie &#8222;transient fault mode&#8221;<\/li>\n<li>Zakres temperatury roboczej: -40 do 85\u00b0C<\/li>\n<\/ul>\n","protected":false},"excerpt":{"rendered":"<p>HDTS1275-DB to ogranicznik przepi\u0119\u0107 przej\u015bciowych, chroni\u0105cy elektronik\u0119 przed wysok\u0105 energi\u0105 transjent\u00f3w i zrzut\u00f3w obci\u0105\u017cenia.<\/p>\n","protected":false},"featured_media":10934,"template":"","meta":{"_acf_changed":false,"inline_featured_image":false,"_monsterinsights_skip_tracking":false,"_monsterinsights_sitenote_active":false,"_monsterinsights_sitenote_note":"","_monsterinsights_sitenote_category":0},"product_brand":[],"product_cat":[1613,805,791,789],"product_tag":[],"class_list":{"0":"post-6156","1":"product","2":"type-product","3":"status-publish","4":"has-post-thumbnail","6":"product_cat-akcesoria-peryferia","7":"product_cat-heavy-duty-transient-stopper-pl","8":"product_cat-power-ups-pl","9":"product_cat-tri-m-pl","11":"first","12":"instock","13":"shipping-taxable","14":"product-type-simple"},"acf":[],"_links":{"self":[{"href":"https:\/\/quantum.com.pl\/pl\/wp-json\/wp\/v2\/product\/6156","targetHints":{"allow":["GET"]}}],"collection":[{"href":"https:\/\/quantum.com.pl\/pl\/wp-json\/wp\/v2\/product"}],"about":[{"href":"https:\/\/quantum.com.pl\/pl\/wp-json\/wp\/v2\/types\/product"}],"wp:featuredmedia":[{"embeddable":true,"href":"https:\/\/quantum.com.pl\/pl\/wp-json\/wp\/v2\/media\/10934"}],"wp:attachment":[{"href":"https:\/\/quantum.com.pl\/pl\/wp-json\/wp\/v2\/media?parent=6156"}],"wp:term":[{"taxonomy":"product_brand","embeddable":true,"href":"https:\/\/quantum.com.pl\/pl\/wp-json\/wp\/v2\/product_brand?post=6156"},{"taxonomy":"product_cat","embeddable":true,"href":"https:\/\/quantum.com.pl\/pl\/wp-json\/wp\/v2\/product_cat?post=6156"},{"taxonomy":"product_tag","embeddable":true,"href":"https:\/\/quantum.com.pl\/pl\/wp-json\/wp\/v2\/product_tag?post=6156"}],"curies":[{"name":"wp","href":"https:\/\/api.w.org\/{rel}","templated":true}]}}