{"id":6166,"date":"2019-11-26T12:04:02","date_gmt":"2019-11-26T11:04:02","guid":{"rendered":"https:\/\/quantum.com.pl\/?post_type=product&#038;p=6166"},"modified":"2020-08-25T23:58:43","modified_gmt":"2020-08-25T21:58:43","slug":"vdx104-vdx104","status":"publish","type":"product","link":"https:\/\/quantum.com.pl\/pl\/product\/vdx104-vdx104\/","title":{"rendered":"VDX104\/VDX104+"},"content":{"rendered":"<h4>Modu\u0142 Vortex86DX 800MHz PC104-Plus z podw\u00f3jn\u0105 sieci\u0105 LAN<\/h4>\n<p>&nbsp;<\/p>\n<p>VDX104+ to kontroler systemowy &#8222;rugged&#8221; zgodny z PC104-Plus, cechuj\u0105cy si\u0119 wymiarami zaledwie 3.55 na 3.775 cala. Dzi\u0119ki procesorowi 800MHz, VDX104+ oferuje najszybsz\u0105 drog\u0119 integracji komputera w pe\u0142ni zgodnego ze standardem AT x86 w aplikacji steruj\u0105cej &#8222;embedded&#8221; przy u\u017cyciu formy PC\/104+. Ponadto, wbudowane urz\u0105dzenia peryferyjne, takie jak Dual Ethernet, minimalizuj\u0105 liczb\u0119 wymaganych dodatkowych modu\u0142\u00f3w. Dzi\u0119ki po\u0142\u0105czeniu sprz\u0119tu systemowego z rozszerzon\u0105 tolerancj\u0105 temperatury, wbudowanym 512MB SDRAM, I\/O, oprogramowaniem (zintegrowany obraz systemu operacyjnego) i p\u00f3\u0142przewodnikow\u0105 pami\u0119ci\u0105 masow\u0105, VDX104+ zmniejsza potencjalne ryzyko niespe\u0142nienia wymaga\u0144 i znacznie obni\u017ca koszty.<\/p>\n<p>Pe\u0142na kompatybilno\u015b\u0107 VDX104+ z popularn\u0105 magistral\u0105 rozszerze\u0144 &#8222;embedded&#8221; PC\/104+ pozwala \u0142atwo zintegrowa\u0107 szeroki wyb\u00f3r niedrogich sprz\u0119towych urz\u0105dze\u0144 peryferyjnych. Liczne funkcje zapewniaj\u0105 ekonomiczne rozwi\u0105zanie zar\u00f3wno wydajno\u015bciowe, jak i cenowe.<\/p>\n<h4>Zalety:<\/h4>\n<ul>\n<li>Komputer w pe\u0142ni zgodny z AT x86<\/li>\n<li>Niska moc<\/li>\n<li>Praca w rozszerzonej temperaturze<\/li>\n<li>Wytrzyma\u0142a konstrukcja<\/li>\n<li>Zgodny z PC104-Plus<\/li>\n<\/ul>\n<h4>System:<\/h4>\n<ul>\n<li>CPU DM&amp;P SoC CPU Vortex86DX-800MHz<\/li>\n<li>BIOS AMI BIOS<\/li>\n<li>Cache 16K I-Cache, 16K D-Cache<\/li>\n<li>System Chipset Vortex86DX<\/li>\n<li>I\/O Chipset Vortex86DX<\/li>\n<li>Ethernet Chipset Vortex86DX<br \/>\nSMSC USB controller LAN9500A<\/li>\n<li>Ethernet Interface 2x 10\/100Base-T<\/li>\n<li>Expansion PC\/104plus standard compliant<\/li>\n<li>Speaker Out Onboard speaker<\/li>\n<li>Real Time Clock RTC with lithium battery backup<\/li>\n<li>Watchdog Timer Yes<\/li>\n<\/ul>\n<h4>Interfejs:<\/h4>\n<ul>\n<li>Serial Port 4x 16550-compatible serial ports, RS-232<\/li>\n<li>LAN Port 2x 10\/100 Ethernet<\/li>\n<li>EIDE 2x EIDE (Ultra DMA 100)<\/li>\n<li>Parallel Port 1x bi-directional AT-compatible printer port<\/li>\n<li>USB Port 2x USB 2.0<\/li>\n<li>K\/B &amp; Mouse PS\/2<\/li>\n<li>GPIO 1x 8-bit GPIO port<\/li>\n<li>Redundancy 1x Redundancy port<\/li>\n<li>SPI 1x External SPI port<\/li>\n<\/ul>\n<h4>Pami\u0119\u0107:<\/h4>\n<ul>\n<li>Wbudowana pami\u0119\u0107 512MB DDR2 RAM<\/li>\n<li>8MB wbudowanej pami\u0119ci SPI flash (floppy emulation), Type I CompactFlash&#x2122; socket, microSD socket<\/li>\n<\/ul>\n<h4>Wsparcie oprogramowania:<\/h4>\n<ul>\n<li>System operacyjny (O\/S) AMI PC BIOS &#8211; 100% kompatybilny x86, DOS, MSDOS, DRDOS, LINUX, Windows&#x2122;CE<\/li>\n<\/ul>\n<h4>Parametry elektryczne:<\/h4>\n<ul>\n<li>Power Input Single 5V DC operation<\/li>\n<li>Power Consumption 2.5 watt, (+5V@500mA)<\/li>\n<\/ul>\n<h4>Parametry \u015brodowiskowe\/mechaniczne:<\/h4>\n<ul>\n<li>Temperatura pracy: -40\u00b0 do 85\u00b0C<\/li>\n<li>Temperatura przechowywania: -50\u00b0 do 125\u00b0C<\/li>\n<li>Wilgotno\u015b\u0107 wzgl\u0119dna 5 to 90% @ 40\u00baC, wilgotno\u015b\u0107 wzgl\u0119dna, bez kondensacji<\/li>\n<li>Wymiary: (LxWxH) 3.55\u201d x 3.775\u201d x 0.9\u201d<\/li>\n<li>Waga: 53g (w\u0142\u0105czaj\u0105c baterie)<\/li>\n<\/ul>\n","protected":false},"excerpt":{"rendered":"<p>VDX104+ to kontroler systemowy &#8222;rugged&#8221; zgodny z PC104-Plus, cechuj\u0105cy si\u0119 wymiarami zaledwie 3.55 na 3.775 cala. Dzi\u0119ki procesorowi 800MHz, VDX104+ oferuje najszybsz\u0105 drog\u0119 integracji komputera w pe\u0142ni zgodnego ze standardem AT x86 w aplikacji steruj\u0105cej &#8222;embedded&#8221; przy u\u017cyciu formy PC\/104+.<\/p>\n","protected":false},"featured_media":10909,"template":"","meta":{"_acf_changed":false,"inline_featured_image":false,"_monsterinsights_skip_tracking":false,"_monsterinsights_sitenote_active":false,"_monsterinsights_sitenote_note":"","_monsterinsights_sitenote_category":0},"product_brand":[],"product_cat":[1584,885,891,789],"product_tag":[],"class_list":{"0":"post-6166","1":"product","2":"type-product","3":"status-publish","4":"has-post-thumbnail","6":"product_cat-komputery-jednoplytkowe-sbc-2","7":"product_cat-komputery-jednoplytkowe-sbc-pl","8":"product_cat-pc104plus-pl","9":"product_cat-tri-m-pl","11":"first","12":"instock","13":"shipping-taxable","14":"product-type-simple"},"acf":[],"_links":{"self":[{"href":"https:\/\/quantum.com.pl\/pl\/wp-json\/wp\/v2\/product\/6166","targetHints":{"allow":["GET"]}}],"collection":[{"href":"https:\/\/quantum.com.pl\/pl\/wp-json\/wp\/v2\/product"}],"about":[{"href":"https:\/\/quantum.com.pl\/pl\/wp-json\/wp\/v2\/types\/product"}],"wp:featuredmedia":[{"embeddable":true,"href":"https:\/\/quantum.com.pl\/pl\/wp-json\/wp\/v2\/media\/10909"}],"wp:attachment":[{"href":"https:\/\/quantum.com.pl\/pl\/wp-json\/wp\/v2\/media?parent=6166"}],"wp:term":[{"taxonomy":"product_brand","embeddable":true,"href":"https:\/\/quantum.com.pl\/pl\/wp-json\/wp\/v2\/product_brand?post=6166"},{"taxonomy":"product_cat","embeddable":true,"href":"https:\/\/quantum.com.pl\/pl\/wp-json\/wp\/v2\/product_cat?post=6166"},{"taxonomy":"product_tag","embeddable":true,"href":"https:\/\/quantum.com.pl\/pl\/wp-json\/wp\/v2\/product_tag?post=6166"}],"curies":[{"name":"wp","href":"https:\/\/api.w.org\/{rel}","templated":true}]}}