{"id":6180,"date":"2019-11-26T12:26:10","date_gmt":"2019-11-26T11:26:10","guid":{"rendered":"https:\/\/quantum.com.pl\/?post_type=product&#038;p=6180"},"modified":"2020-08-25T23:58:43","modified_gmt":"2020-08-25T21:58:43","slug":"vsx104","status":"publish","type":"product","link":"https:\/\/quantum.com.pl\/pl\/product\/vsx104\/","title":{"rendered":"VSX104"},"content":{"rendered":"<h4>Modu\u0142 PC\/104 Vortex86SX 300MHz<\/h4>\n<p>&nbsp;<\/p>\n<p>VSX104 to modu\u0142 CPU 300MHz typu &#8222;fanless&#8221;, oferuj\u0105cy szereg korzystnych funkcji, takich jak praca w podwy\u017cszonej temperaturze i wlutowana pami\u0119\u0107 DDR2 RAM, zawartych w produkcie o ma\u0142ej formie i niskim poborze mocy. VSX104 jest zgodny z RoHS i kompatybilny z PC\/104, co pozwala u\u017cytkownikom na \u0142atwe dodawanie szerokiej gamy dodatkowych, niedrogich opcji I\/O.<\/p>\n<p>System VSX104 300MHz DM&amp;P Vortex86SX System-on-Chip (SoC) to wysokowydajny i w pe\u0142ni statyczny 32-bitowy procesor x86 zaprojektowany do pracy z systemami operacyjnymi &#8222;embedded&#8221;, w tym Windows\u00ae CE, Linux, DOS i najpopularniejszy 32-bitowy RTOS. Standardowe funkcje VSX104 obejmuj\u0105 128MB wlutowanych na DDR2 RAM, cztery porty COM, dwa porty USB 2.0 i jeden port Ethernet 10\/100. Opr\u00f3cz 2MB wbudowanej pami\u0119ci flash SPI (floppy emulation), zawiera tak\u017ce gniazdo CompactFlash&#x2122; typu I oraz gniazdo microSD. Wbudowany port redundancji pozwala na zestawianie ze sob\u0105 dw\u00f3ch modu\u0142\u00f3w VSX14, a rozbudowa systemu obs\u0142ugiwana jest przez interfejs PC\/104.<\/p>\n<p>VSX104 jest kompaktow\u0105 konstrukcj\u0105 o wymiarach 3.55&#8243; x 3.775&#8243; x 0.9&#8243; i pracuje w temperaturach od -40\u00b0C do +85\u00b0C. Pojedyncze zasilanie +5V DC jest dostarczane przez magistral\u0119 PC\/104 lub 2-pozycyjny zacisk \u015brubowy, a \u0142\u0105czny pob\u00f3r mocy wynosi zaledwie 1.85W.<\/p>\n<h4>Zalety:<\/h4>\n<ul>\n<li>300MHz Vortex86SX SoC, 4 porty COM, 2 USB 2.0, 10\/100 LAN<\/li>\n<li>CompactFlash&#x2122; typu I i microSD<\/li>\n<li>Praca w rozszerzonej temperaturze, typ &#8222;fanless&#8221;<\/li>\n<li>Wbudowana, lutowana pami\u0119\u0107 DDR2 RAM<\/li>\n<\/ul>\n","protected":false},"excerpt":{"rendered":"<p>VSX104 to modu\u0142 CPU 300MHz typu &#8222;fanless&#8221;, oferuj\u0105cy szereg korzystnych funkcji, takich jak praca w podwy\u017cszonej temperaturze i wlutowana pami\u0119\u0107 DDR2 RAM, zawartych w produkcie o ma\u0142ej formie i niskim poborze mocy.<\/p>\n","protected":false},"featured_media":10911,"template":"","meta":{"_acf_changed":false,"inline_featured_image":false,"_monsterinsights_skip_tracking":false,"_monsterinsights_sitenote_active":false,"_monsterinsights_sitenote_note":"","_monsterinsights_sitenote_category":0},"product_brand":[],"product_cat":[1584,885,888,789],"product_tag":[],"class_list":{"0":"post-6180","1":"product","2":"type-product","3":"status-publish","4":"has-post-thumbnail","6":"product_cat-komputery-jednoplytkowe-sbc-2","7":"product_cat-komputery-jednoplytkowe-sbc-pl","8":"product_cat-pc104-pl","9":"product_cat-tri-m-pl","11":"first","12":"instock","13":"shipping-taxable","14":"product-type-simple"},"acf":[],"_links":{"self":[{"href":"https:\/\/quantum.com.pl\/pl\/wp-json\/wp\/v2\/product\/6180","targetHints":{"allow":["GET"]}}],"collection":[{"href":"https:\/\/quantum.com.pl\/pl\/wp-json\/wp\/v2\/product"}],"about":[{"href":"https:\/\/quantum.com.pl\/pl\/wp-json\/wp\/v2\/types\/product"}],"wp:featuredmedia":[{"embeddable":true,"href":"https:\/\/quantum.com.pl\/pl\/wp-json\/wp\/v2\/media\/10911"}],"wp:attachment":[{"href":"https:\/\/quantum.com.pl\/pl\/wp-json\/wp\/v2\/media?parent=6180"}],"wp:term":[{"taxonomy":"product_brand","embeddable":true,"href":"https:\/\/quantum.com.pl\/pl\/wp-json\/wp\/v2\/product_brand?post=6180"},{"taxonomy":"product_cat","embeddable":true,"href":"https:\/\/quantum.com.pl\/pl\/wp-json\/wp\/v2\/product_cat?post=6180"},{"taxonomy":"product_tag","embeddable":true,"href":"https:\/\/quantum.com.pl\/pl\/wp-json\/wp\/v2\/product_tag?post=6180"}],"curies":[{"name":"wp","href":"https:\/\/api.w.org\/{rel}","templated":true}]}}