{"id":6188,"date":"2019-11-26T12:41:36","date_gmt":"2019-11-26T11:41:36","guid":{"rendered":"https:\/\/quantum.com.pl\/?post_type=product&#038;p=6188"},"modified":"2020-08-25T23:58:43","modified_gmt":"2020-08-25T21:58:43","slug":"vsx104-2","status":"publish","type":"product","link":"https:\/\/quantum.com.pl\/pl\/product\/vsx104-2\/","title":{"rendered":"VSX104+"},"content":{"rendered":"<h4>Modu\u0142 CPU PC\/104+ x86, IDE, cztery porty szeregowe, Dual Ethernet, USB 2.0, Parallel Port i Compact Flash<\/h4>\n<p>&nbsp;<\/p>\n<p>VSX104+ to kontroler systemowy zgodny z PC\/104+ i cechuj\u0105cy si\u0119 wymiarami 3.55 na 3.775 cala. VSX104+ oferuje najszybsz\u0105 drog\u0119 integracji komputera w pe\u0142ni zgodnego ze standardem AT x86 w aplikacji steruj\u0105cej \u201eembedded\u201d przy u\u017cyciu formy PC\/104+. Ponadto, wbudowane urz\u0105dzenia peryferyjne minimalizuj\u0105 liczb\u0119 wymaganych dodatkowych modu\u0142\u00f3w. Dzi\u0119ki po\u0142\u0105czeniu sprz\u0119tu systemowego z I\/O, oprogramowaniem (zintegrowany obraz systemu operacyjnego) i p\u00f3\u0142przewodnikow\u0105 pami\u0119ci\u0105 masow\u0105, VSX104+ zmniejsza potencjalne ryzyko zwi\u0105zane z rozwojem i znacznie obni\u017ca koszty.<\/p>\n<p>Pe\u0142na kompatybilno\u015b\u0107 VSX104+ z popularn\u0105 magistral\u0105 rozszerze\u0144 \u201eembedded\u201d PC\/104+ pozwala \u0142atwo zintegrowa\u0107 szeroki wyb\u00f3r niedrogich sprz\u0119towych urz\u0105dze\u0144 peryferyjnych. Liczne funkcje zapewniaj\u0105 ekonomiczne rozwi\u0105zanie zar\u00f3wno wydajno\u015bciowe, jak i cenowe.<\/p>\n<h4>Zalety:<\/h4>\n<ul>\n<li>Modu\u0142 procesora PC\/104-Plus z 300MHz DM&amp;P Vortex86SX SoC<\/li>\n<li>W pe\u0142ni statyczny 32-bitowy procesor x86 zaprojektowany do pracy z systemami operacyjnymi &#8222;embedded&#8221;, w\u0142\u0105czaj\u0105c Windows CE, Linux, DOS i najpopularniejszy 32-bitowy RTOS<\/li>\n<li>128MB lutowanej pami\u0119ci DDR2 RAM<\/li>\n<li>Zintegrowany Dual LAN 10\/100, 4x RS-232, 2x USB 2.0, 1x LPT, 8-bitowy GPIO, klawiatura, mysz<\/li>\n<li>2MB wbudowanej pami\u0119ci flash SPI, CompactFlash typu I, gniazdo microSD<\/li>\n<li>Typ &#8222;fanless&#8221;<\/li>\n<li>Opcja rozszerzonej temperatury od -40\u00b0C do +85\u00b0C<\/li>\n<li>Zgodny z RoHS<\/li>\n<li>Pojedyncze zasilanie +5VDC dostarczane przez magistral\u0119 PC\/104 lub 2-pozycyjny zacisk \u015brubowy<\/li>\n<li>Ca\u0142kowity pob\u00f3r mocy 2.5W<\/li>\n<\/ul>\n","protected":false},"excerpt":{"rendered":"<p>Modu\u0142 CPU PC\/104+ x86, IDE, cztery porty szeregowe, Dual Ethernet, USB 2.0, Parallel Port i Compact Flash<\/p>\n","protected":false},"featured_media":10913,"template":"","meta":{"_acf_changed":false,"inline_featured_image":false,"_monsterinsights_skip_tracking":false,"_monsterinsights_sitenote_active":false,"_monsterinsights_sitenote_note":"","_monsterinsights_sitenote_category":0},"product_brand":[],"product_cat":[1584,885,891,789],"product_tag":[],"class_list":{"0":"post-6188","1":"product","2":"type-product","3":"status-publish","4":"has-post-thumbnail","6":"product_cat-komputery-jednoplytkowe-sbc-2","7":"product_cat-komputery-jednoplytkowe-sbc-pl","8":"product_cat-pc104plus-pl","9":"product_cat-tri-m-pl","11":"first","12":"instock","13":"shipping-taxable","14":"product-type-simple"},"acf":[],"_links":{"self":[{"href":"https:\/\/quantum.com.pl\/pl\/wp-json\/wp\/v2\/product\/6188","targetHints":{"allow":["GET"]}}],"collection":[{"href":"https:\/\/quantum.com.pl\/pl\/wp-json\/wp\/v2\/product"}],"about":[{"href":"https:\/\/quantum.com.pl\/pl\/wp-json\/wp\/v2\/types\/product"}],"wp:featuredmedia":[{"embeddable":true,"href":"https:\/\/quantum.com.pl\/pl\/wp-json\/wp\/v2\/media\/10913"}],"wp:attachment":[{"href":"https:\/\/quantum.com.pl\/pl\/wp-json\/wp\/v2\/media?parent=6188"}],"wp:term":[{"taxonomy":"product_brand","embeddable":true,"href":"https:\/\/quantum.com.pl\/pl\/wp-json\/wp\/v2\/product_brand?post=6188"},{"taxonomy":"product_cat","embeddable":true,"href":"https:\/\/quantum.com.pl\/pl\/wp-json\/wp\/v2\/product_cat?post=6188"},{"taxonomy":"product_tag","embeddable":true,"href":"https:\/\/quantum.com.pl\/pl\/wp-json\/wp\/v2\/product_tag?post=6188"}],"curies":[{"name":"wp","href":"https:\/\/api.w.org\/{rel}","templated":true}]}}