{"id":6196,"date":"2019-11-26T15:04:39","date_gmt":"2019-11-26T14:04:39","guid":{"rendered":"https:\/\/quantum.com.pl\/?post_type=product&#038;p=6196"},"modified":"2020-05-16T19:57:08","modified_gmt":"2020-05-16T17:57:08","slug":"io104-60in","status":"publish","type":"product","link":"https:\/\/quantum.com.pl\/pl\/product\/io104-60in\/","title":{"rendered":"IO104-60IN"},"content":{"rendered":"<h4>IO104-60IN: Cyfrowy modu\u0142 IO PC104<\/h4>\n<p>&nbsp;<\/p>\n<p>Karta IO104-60IN jest prost\u0105 optoizolowan\u0105 kart\u0105 wej\u015bciow\u0105 PC104, cechuj\u0105c\u0105 si\u0119 60 wej\u015bciami.<\/p>\n<p>Wej\u015bcia s\u0105 dost\u0119pne poprzez odczyty pami\u0119ci I\/O. 60 wej\u015b\u0107 jest zgrupowanych jako siedem zestaw\u00f3w po osiem wej\u015b\u0107 i jeden zestaw czterech wej\u015b\u0107. Ka\u017cda grupa wej\u015b\u0107 jest dost\u0119pna poprzez adres pami\u0119ci I\/O, b\u0119d\u0105cy przesuni\u0119ciem wzgl\u0119dem podstawowego adresu dekodowania.<\/p>\n<h4>Zalety:<\/h4>\n<ul>\n<li>Zakres wej\u015bciowy: 3V do 24V AC lub DC<\/li>\n<li>Wej\u015bcia na standardowych 40-pinowych z\u0142\u0105czach 0.1&#8243; pitch<\/li>\n<li>Dost\u0119p I\/O poprzez mapowane I\/O<\/li>\n<li>Mo\u017cna uk\u0142ada\u0107 wiele p\u0142yt IO104-60IN<\/li>\n<li>Zgodno\u015b\u0107 z PC\/104, 3.75&#8243; W x 3.55&#8243; L<\/li>\n<\/ul>\n<h4>Specyfikacja:<\/h4>\n<ul>\n<li>60 optoizolowanych wej\u015b\u0107<\/li>\n<li>Wej\u015bcia na standardowych 40-pinowych z\u0142\u0105czach 0.1&#8243; pitch<\/li>\n<li>Dost\u0119p I\/O poprzez mapowane I\/O<\/li>\n<li>Wszystkie wej\u015bcia s\u0105 optoizolowane<\/li>\n<li>Zakres wej\u015bciowy: 3V do 24V AC lub DC<\/li>\n<li>Mo\u017cna uk\u0142ada\u0107 wiele p\u0142yt IO104-60IN<\/li>\n<li>Zgodno\u015b\u0107 z PC\/104, 3.75&#8243; x 3.55&#8243;<\/li>\n<li>Waga: 2.27 uncji \/ 64 gram\u00f3w<\/li>\n<\/ul>\n","protected":false},"excerpt":{"rendered":"<p>Karta IO104-60IN jest prost\u0105 optoizolowan\u0105 kart\u0105 wej\u015bciow\u0105 PC104, cechuj\u0105c\u0105 si\u0119 60 wej\u015bciami.<\/p>\n","protected":false},"featured_media":10901,"template":"","meta":{"_acf_changed":false,"inline_featured_image":false,"_monsterinsights_skip_tracking":false,"_monsterinsights_sitenote_active":false,"_monsterinsights_sitenote_note":"","_monsterinsights_sitenote_category":0},"product_brand":[],"product_cat":[896,789],"product_tag":[],"class_list":{"0":"post-6196","1":"product","2":"type-product","3":"status-publish","4":"has-post-thumbnail","6":"product_cat-io-pl","7":"product_cat-tri-m-pl","9":"first","10":"instock","11":"shipping-taxable","12":"product-type-simple"},"acf":[],"_links":{"self":[{"href":"https:\/\/quantum.com.pl\/pl\/wp-json\/wp\/v2\/product\/6196","targetHints":{"allow":["GET"]}}],"collection":[{"href":"https:\/\/quantum.com.pl\/pl\/wp-json\/wp\/v2\/product"}],"about":[{"href":"https:\/\/quantum.com.pl\/pl\/wp-json\/wp\/v2\/types\/product"}],"wp:featuredmedia":[{"embeddable":true,"href":"https:\/\/quantum.com.pl\/pl\/wp-json\/wp\/v2\/media\/10901"}],"wp:attachment":[{"href":"https:\/\/quantum.com.pl\/pl\/wp-json\/wp\/v2\/media?parent=6196"}],"wp:term":[{"taxonomy":"product_brand","embeddable":true,"href":"https:\/\/quantum.com.pl\/pl\/wp-json\/wp\/v2\/product_brand?post=6196"},{"taxonomy":"product_cat","embeddable":true,"href":"https:\/\/quantum.com.pl\/pl\/wp-json\/wp\/v2\/product_cat?post=6196"},{"taxonomy":"product_tag","embeddable":true,"href":"https:\/\/quantum.com.pl\/pl\/wp-json\/wp\/v2\/product_tag?post=6196"}],"curies":[{"name":"wp","href":"https:\/\/api.w.org\/{rel}","templated":true}]}}