{"id":6210,"date":"2019-11-26T15:35:16","date_gmt":"2019-11-26T14:35:16","guid":{"rendered":"https:\/\/quantum.com.pl\/?post_type=product&#038;p=6210"},"modified":"2020-05-16T19:57:32","modified_gmt":"2020-05-16T17:57:32","slug":"ir104","status":"publish","type":"product","link":"https:\/\/quantum.com.pl\/pl\/product\/ir104\/","title":{"rendered":"IR104"},"content":{"rendered":"<h4>IR104: p\u0142yta przeka\u017anikowa &#8222;rugged&#8221; PC\/104<\/h4>\n<p>&nbsp;<\/p>\n<p>IR104 to przemys\u0142owy modu\u0142 przeka\u017anikowy typu &#8222;rugged&#8221; PC104 z 20 optoizolowanymi wej\u015bciami cyfrowymi i 20 wyj\u015bciami przeka\u017anikowymi, co jest wystarczaj\u0105ce do wielu aplikacji sterowania przemys\u0142owego. Ka\u017cde wej\u015bcie mo\u017ce przyjmowa\u0107 napi\u0119cia pr\u0105du przemiennego lub sta\u0142ego o zakresie 3-24V i jest dost\u0119pne przez 40-pinowe z\u0142\u0105cze, kt\u00f3re wsp\u00f3\u0142pracuje ze standardowym kablem ta\u015bmowym. Przeka\u017aniki 20 SPST (Forma A) maj\u0105 d\u0142ug\u0105 \u017cywotno\u015b\u0107 (20,000,000 operacji, 100,000 przy pe\u0142nym obci\u0105\u017ceniu) i szybki czas zadzia\u0142ania. Przeka\u017aniki s\u0105 dostarczane z napi\u0119ciem znamionowym 250V AC lub 30V DC przy 5A, dzi\u0119ki czemu IR104 mo\u017ce bezpo\u015brednio sterowa\u0107 prze\u0142\u0105cznikami ma\u0142ych silnik\u00f3w lub solenoid\u00f3w. Przeka\u017aniki s\u0105 w stanie otwartym, gdy s\u0105 wy\u0142\u0105czone.<\/p>\n<p>Aby umo\u017cliwi\u0107 szybk\u0105 i wygodn\u0105 instalacj\u0119, para 20-pozycyjnych od\u0142\u0105czanych listew zaciskowych akceptuje rozmiary przewod\u00f3w 14-28AWG. IR104 jest kompaktow\u0105 konstrukcj\u0105 o wymiarach 3.550&#8243; x 3.775&#8243; z maksymalnym sk\u0142adnikiem \u00f3semkowym 0,492&#8243;. Co wi\u0119cej, do\u0142\u0105czono tak\u017ce 16-bitow\u0105 magistral\u0119 PC\/104, aby umo\u017cliwi\u0107 \u0142atw\u0105 integracj\u0119 z systemami &#8222;embedded&#8221; lub u\u0142o\u017cenie razem maksymalnie 4 modu\u0142\u00f3w IR104.<\/p>\n<p>IR104 dzia\u0142a na pojedynczym napi\u0119ciu 5V DC, ma zakres temperatur roboczych od -25\u00b0 do +70\u00b0 C i jest zgodny z RoHS.<\/p>\n<h4>Zalety:<\/h4>\n<ul>\n<li>Moc wyj\u015bciowa 5A @ 250V AC lub 30V DC<\/li>\n<li>Wej\u015bcie 3V do 24V AC lub DC<\/li>\n<li>Mapowane I\/O<\/li>\n<li>Wszystkie wej\u015bcia s\u0105 optoizolowane<\/li>\n<li>20 optoizolowanych wej\u015b\u0107 i 20 przeka\u017anik\u00f3w wyj\u015bciowych<\/li>\n<li>Konstrukcja &#8222;rugged&#8221;<\/li>\n<\/ul>\n<h4>Parametry elektryczne:<\/h4>\n<ul>\n<li>Supply Voltage +5V DC<\/li>\n<li>Supply Current 1A max., Typ. 110mA (all relays off)<\/li>\n<\/ul>\n<h4>Parametry mechaniczne:<\/h4>\n<ul>\n<li>Wymiary zgodne z PC\/104, 90 \u00d7 96 \u00d7 23mm, (3.55 \u00d7 3.78 \u00d7 0.49&#8243;)<\/li>\n<li>Waga 127.12g (4.48oz)<\/li>\n<\/ul>\n<h4>Parametry \u015brodowiskowe:<\/h4>\n<ul>\n<li>Zakres temperatur pracy:\u00a0 -25\u00b0C so +70\u00b0C (-13\u00b0F so +158\u00b0F)<\/li>\n<\/ul>\n<h4>MTBF:<\/h4>\n<ul>\n<li>57,098 godzin @ 30\u00b0C (86\u00b0F) temperatury otoczenia<\/li>\n<\/ul>\n<h4>I\/O:<\/h4>\n<ul>\n<li>Optoizolowane wej\u015bcia: dwukierunkowa ochrona 3kV, 3V do 24V AC lub DC<\/li>\n<li>Przeka\u017aniki wyj\u015bciowe: 5A @ 30VDC lub 250VAC max., 20,000,000 cykli \u017cycia, Operate 10ms max., Release 5ms max.<\/li>\n<\/ul>\n<h4>Konfiguracja:<\/h4>\n<ul>\n<li>I\/O Map: Kontrola wyj\u015bcia przeka\u017anikowego, odczyt wej\u015bcia cyfrowego, flagi zmiany wej\u015bcia, rejestr kontroli przerwania RoHS<\/li>\n<\/ul>\n","protected":false},"excerpt":{"rendered":"<p>IR104 to przemys\u0142owy modu\u0142 przeka\u017anikowy typu &#8222;rugged&#8221; PC104 z 20 optoizolowanymi wej\u015bciami cyfrowymi i 20 wyj\u015bciami przeka\u017anikowymi, co jest wystarczaj\u0105ce do wielu aplikacji sterowania przemys\u0142owego. Ka\u017cde wej\u015bcie mo\u017ce przyjmowa\u0107 napi\u0119cia pr\u0105du przemiennego lub sta\u0142ego o zakresie 3-24V i jest dost\u0119pne przez 40-pinowe z\u0142\u0105cze, kt\u00f3re wsp\u00f3\u0142pracuje ze standardowym kablem ta\u015bmowym.<\/p>\n","protected":false},"featured_media":10903,"template":"","meta":{"_acf_changed":false,"inline_featured_image":false,"_monsterinsights_skip_tracking":false,"_monsterinsights_sitenote_active":false,"_monsterinsights_sitenote_note":"","_monsterinsights_sitenote_category":0},"product_brand":[],"product_cat":[896,789],"product_tag":[],"class_list":{"0":"post-6210","1":"product","2":"type-product","3":"status-publish","4":"has-post-thumbnail","6":"product_cat-io-pl","7":"product_cat-tri-m-pl","9":"first","10":"instock","11":"shipping-taxable","12":"product-type-simple"},"acf":[],"_links":{"self":[{"href":"https:\/\/quantum.com.pl\/pl\/wp-json\/wp\/v2\/product\/6210","targetHints":{"allow":["GET"]}}],"collection":[{"href":"https:\/\/quantum.com.pl\/pl\/wp-json\/wp\/v2\/product"}],"about":[{"href":"https:\/\/quantum.com.pl\/pl\/wp-json\/wp\/v2\/types\/product"}],"wp:featuredmedia":[{"embeddable":true,"href":"https:\/\/quantum.com.pl\/pl\/wp-json\/wp\/v2\/media\/10903"}],"wp:attachment":[{"href":"https:\/\/quantum.com.pl\/pl\/wp-json\/wp\/v2\/media?parent=6210"}],"wp:term":[{"taxonomy":"product_brand","embeddable":true,"href":"https:\/\/quantum.com.pl\/pl\/wp-json\/wp\/v2\/product_brand?post=6210"},{"taxonomy":"product_cat","embeddable":true,"href":"https:\/\/quantum.com.pl\/pl\/wp-json\/wp\/v2\/product_cat?post=6210"},{"taxonomy":"product_tag","embeddable":true,"href":"https:\/\/quantum.com.pl\/pl\/wp-json\/wp\/v2\/product_tag?post=6210"}],"curies":[{"name":"wp","href":"https:\/\/api.w.org\/{rel}","templated":true}]}}