{"id":6225,"date":"2019-11-26T16:02:23","date_gmt":"2019-11-26T15:02:23","guid":{"rendered":"https:\/\/quantum.com.pl\/?post_type=product&#038;p=6225"},"modified":"2020-08-25T23:59:49","modified_gmt":"2020-08-25T21:59:49","slug":"tcb1000","status":"publish","type":"product","link":"https:\/\/quantum.com.pl\/pl\/product\/tcb1000\/","title":{"rendered":"TCB1000"},"content":{"rendered":"<h4>Wszechstronne rozwi\u0105zanie komunikacyjne PC\/104<\/h4>\n<p>&nbsp;<\/p>\n<p>Seria TCB1000 firmy Tri-M to nowe i innowacyjne karty komunikacyjne. Ta konstrukcja o du\u017cej g\u0119sto\u015bci integruje sterowniki CANbus, porty szeregowe oraz funkcje przewodowe\/bezprzewodowe w jednym rozwi\u0105zaniu. TCB1000 znacznie zmniejsza rozmiar, wag\u0119 i koszty rozwi\u0105za\u0144 &#8222;embedded&#8221;, jednocze\u015bnie zwi\u0119kszaj\u0105c wydajno\u015b\u0107 i funkcjonalno\u015b\u0107 aplikacji M2M, telematyki i rejestrowania danych.<\/p>\n<p>Dzi\u0119ki podw\u00f3jnym izolowanym kontrolerom CANbus, dw\u00f3m uniwersalnym gniazdom kompatybilnym z MultiTech, czterem izolowanym portom szeregowym RS-232 i jednemu izolowanemu portowi szeregowemu RS-485, TCB1000 jest naprawd\u0119 wszechstronnym rozwi\u0105zaniem komunikacyjnym. Jego zintegrowana konstrukcja oferuje tw\u00f3rcom system\u00f3w niespotykan\u0105 dot\u0105d wszechstronno\u015b\u0107, umo\u017cliwiaj\u0105c im projektowanie tylko z jednej p\u0142yty, oferuj\u0105c jednocze\u015bnie u\u017cytkownikom ko\u0144cowym dowoln\u0105 liczb\u0119 konfiguracji komunikacji. W celu dalszego zwi\u0119kszenia elastyczno\u015bci rozwi\u0105zania dost\u0119pne s\u0105 opcje kompilacji dla \u201el\u017cejszych\u201d wersji, kt\u00f3re zawieraj\u0105 tylko okre\u015blone funkcje wymagane w bardziej wyspecjalizowanych aplikacjach.<\/p>\n<p>Wszystkie produkty Tri-M zosta\u0142y zbudowane z my\u015bl\u0105 o wyj\u0105tkowej wydajno\u015bci i niezawodno\u015bci w trudnych warunkach. Te same cechy konstrukcyjne typu &#8222;rugged&#8221; s\u0105 wykorzystywane w TCB, dzi\u0119ki czemu produkt ten doskonale nadaje si\u0119 do pracy w nieprzyjaznych \u015brodowiskach, w kt\u00f3rych trzeba dostosowa\u0107 si\u0119 do temperatury oraz tolerowa\u0107 wstrz\u0105sy i wibracje.<\/p>\n<h4>Zalety:<\/h4>\n<ul>\n<li>Zintegrowana funkcjonalno\u015b\u0107: Porty CANbus, szeregowe i COM<\/li>\n<li>Ni\u017cszy koszt posiadania: p\u0142yta komunikacyjna o du\u017cej g\u0119sto\u015bci<\/li>\n<li>Usprawniona konfiguracja: Ponowna konfiguracja bez demonta\u017cu<\/li>\n<li>Zwi\u0119kszona ochrona: izolacja systemu i bezpieczne ustawienia<\/li>\n<\/ul>\n<h4>Parametry elektryczne:<\/h4>\n<ul>\n<li>Supply Voltage +5V DC<\/li>\n<li>Aux Port Output Current 200mA per port<\/li>\n<li>Aux Port Output Isolation 2500V maximum<\/li>\n<\/ul>\n<h4>Parametry mechaniczne i \u015brodowiskowe:<\/h4>\n<ul>\n<li>Zgodno\u015b\u0107 z PC\/104<\/li>\n<li>90 \u00d7 96 \u00d7 15mm (3.55 \u00d7 3.78 \u00d7 0.6&#8243;)<\/li>\n<li>Waga 52.5g<\/li>\n<li>Temperatura pracy: -40\u00b0C do +85\u00b0C (-40\u00b0F do +185\u00b0F)<\/li>\n<\/ul>\n<h4>Komunikacja:<\/h4>\n<ul>\n<li>Kontrolery CAN Bus 2 x SJA1000, 1 Mb\/s max<\/li>\n<li>4x izolowane porty RS-232, maksymalnie 921 Kbp\/s<\/li>\n<li>Izolowany port RS-485, maksymalnie 921 Kbp\/s (mo\u017cna skonfigurowa\u0107 jako J1708)<\/li>\n<li>Uniwersalna \u0142\u0105czno\u015b\u0107 gniazd 2 x gniazdo kompatybilne z Multi-Tech\u00ae Modem\u00ae 921Kbp\/s Max<\/li>\n<li>Izolowane porty LED 5 x program do wyboru, wbudowane rezystory ograniczaj\u0105ce<\/li>\n<li>Port USB\/JTAG dla \u0142atwej konfiguracji instalacji<\/li>\n<\/ul>\n<h4>Konfiguracja:<\/h4>\n<ul>\n<li>Konstrukcja &#8222;embedded&#8221;<\/li>\n<li>Konfiguracja portu USB\/JTAG, programowanie CPLD i MCU<\/li>\n<li>PC\/104 przez port konfiguracyjny UART2 PORT4<\/li>\n<li>Obs\u0142uga I\/O Linux kernels 2.6.25 i nowsze<\/li>\n<\/ul>\n","protected":false},"excerpt":{"rendered":"<p>Seria TCB1000 firmy Tri-M to nowe i innowacyjne karty komunikacyjne. Ta konstrukcja o du\u017cej g\u0119sto\u015bci integruje sterowniki CANbus, porty szeregowe oraz funkcje przewodowe\/bezprzewodowe w jednym rozwi\u0105zaniu. TCB1000 znacznie zmniejsza rozmiar, wag\u0119 i koszty rozwi\u0105za\u0144 &#8222;embedded&#8221;, jednocze\u015bnie zwi\u0119kszaj\u0105c wydajno\u015b\u0107 i funkcjonalno\u015b\u0107 aplikacji M2M, telematyki i rejestrowania danych.<\/p>\n","protected":false},"featured_media":10917,"template":"","meta":{"_acf_changed":false,"inline_featured_image":false,"_monsterinsights_skip_tracking":false,"_monsterinsights_sitenote_active":false,"_monsterinsights_sitenote_note":"","_monsterinsights_sitenote_category":0},"product_brand":[],"product_cat":[1613,899,789],"product_tag":[],"class_list":{"0":"post-6225","1":"product","2":"type-product","3":"status-publish","4":"has-post-thumbnail","6":"product_cat-akcesoria-peryferia","7":"product_cat-komunikacja-pl","8":"product_cat-tri-m-pl","10":"first","11":"instock","12":"shipping-taxable","13":"product-type-simple"},"acf":[],"_links":{"self":[{"href":"https:\/\/quantum.com.pl\/pl\/wp-json\/wp\/v2\/product\/6225","targetHints":{"allow":["GET"]}}],"collection":[{"href":"https:\/\/quantum.com.pl\/pl\/wp-json\/wp\/v2\/product"}],"about":[{"href":"https:\/\/quantum.com.pl\/pl\/wp-json\/wp\/v2\/types\/product"}],"wp:featuredmedia":[{"embeddable":true,"href":"https:\/\/quantum.com.pl\/pl\/wp-json\/wp\/v2\/media\/10917"}],"wp:attachment":[{"href":"https:\/\/quantum.com.pl\/pl\/wp-json\/wp\/v2\/media?parent=6225"}],"wp:term":[{"taxonomy":"product_brand","embeddable":true,"href":"https:\/\/quantum.com.pl\/pl\/wp-json\/wp\/v2\/product_brand?post=6225"},{"taxonomy":"product_cat","embeddable":true,"href":"https:\/\/quantum.com.pl\/pl\/wp-json\/wp\/v2\/product_cat?post=6225"},{"taxonomy":"product_tag","embeddable":true,"href":"https:\/\/quantum.com.pl\/pl\/wp-json\/wp\/v2\/product_tag?post=6225"}],"curies":[{"name":"wp","href":"https:\/\/api.w.org\/{rel}","templated":true}]}}