{"id":6247,"date":"2019-11-27T09:04:17","date_gmt":"2019-11-27T08:04:17","guid":{"rendered":"https:\/\/quantum.com.pl\/?post_type=product&#038;p=6247"},"modified":"2020-08-26T00:00:49","modified_gmt":"2020-08-25T22:00:49","slug":"versatainer","status":"publish","type":"product","link":"https:\/\/quantum.com.pl\/pl\/product\/versatainer\/","title":{"rendered":"VersaTainer"},"content":{"rendered":"<h4>VersaTainer: Obudowa &#8222;rugged&#8221; PC\/104 i EBX<\/h4>\n<p>&nbsp;<\/p>\n<p>VersaTainer (VT104) to obudowy &#8222;rugged&#8221; EBX i PC\/104 zbudowane z 125&#8243; aluminium i zaprojektowane dla nieprzyjaznych i trudnych \u015brodowisk. VersaTainer posiada podw\u00f3jny system izolacji przeciwwstrz\u0105sowej i przeciwwibracyjnej, sk\u0142adaj\u0105cy si\u0119 z wewn\u0119trznych gumowych naro\u017cnych szyn poch\u0142aniaj\u0105cych wysok\u0105 cz\u0119stotliwo\u015b\u0107 wibracji, podczas gdy ca\u0142a obudowa jest zamontowana na platformie g\u0142\u00f3wnej za pomoc\u0105 grubej gumowej podk\u0142adki, kt\u00f3ra poch\u0142ania G-forces niskich cz\u0119stotliwo\u015bci. Gumow\u0105 podk\u0142adk\u0119 mo\u017cna usun\u0105\u0107 w celu uzyskania opcjonalnych rozwi\u0105za\u0144 monta\u017cowych.<\/p>\n<p>VersaTainer mo\u017ce pomie\u015bci\u0107 \u0142adunki PC\/104 i EBX. W przypadku PC\/104 stos montuje si\u0119 osiowo na ca\u0142ej d\u0142ugo\u015bci korpusu obudowy. W przypadku EBX dost\u0119pna jest opcjonalna p\u0142yta monta\u017cowa EBX (VT-EBX) do zamontowania SBC w pozycji poziomej z wystarczaj\u0105c\u0105 ilo\u015bci\u0105 miejsca na dodatkowe zainstalowanie kilku kart akcesori\u00f3w PC\/104. Modu\u0142y dodatkowe, takie jak dyski twarde wi\u0119ksze ni\u017c 3.550&#8243; x 3.775&#8243;, mo\u017cna zamontowa\u0107 na opcjonalnej p\u0142ycie przegrody, kt\u00f3ra instaluje si\u0119 pionowo w szynach biegn\u0105cych na ca\u0142ej d\u0142ugo\u015bci obudowy. W przypadku mniejszych przedmiot\u00f3w opcjonalna aluminiowa p\u0142ytka PC\/104 pozwala na bezpo\u015bredni monta\u017c w stosie PC\/104.<\/p>\n<p>Przekr\u00f3j obudowy VersaTainer ma szeroko\u015b\u0107 7.10&#8243; i wysoko\u015b\u0107 5.70&#8243; (bez podk\u0142adki monta\u017cowej) i jest dost\u0119pny w standardowych d\u0142ugo\u015bciach od 4&#8243;do 12&#8243; i niestandardowych d\u0142ugo\u015bciach do 48&#8243;. Ka\u017cdy VersaTainer jest dost\u0119pny jako zestaw z akcesoriami monta\u017cowymi. Puste i wst\u0119pnie zaprojektowane za\u015blepki s\u0105 dost\u0119pne z magazynu lub klient mo\u017ce zaprojektowa\u0107 w\u0142asne wyci\u0119cia przy u\u017cyciu jednego z szablon\u00f3w nasadek VersaTainer. VersaTainer i jego standardowe akcesoria s\u0105 zgodne z RoHS. Te wytrzyma\u0142e obudowy chroni\u0105 systemy PC104 na ca\u0142ym \u015bwiecie w najtrudniejszych warunkach: w g\u00f3rnictwie, transporcie, wojsku, a nawet w przemy\u015ble lotniczym i kosmicznym.<\/p>\n<h4>Zalety:<\/h4>\n<ul>\n<li>VT104 VersaTainer to aluminiowa obudowa &#8222;rugged&#8221;, kt\u00f3ra mo\u017ce by\u0107 u\u017cywana jako obudowa PC\/104, PC\/104 + lub EBX<\/li>\n<li>Solidny jednocz\u0119\u015bciowy wyt\u0142aczany korpus zapewnia podw\u00f3jn\u0105 ochron\u0119 przed wstrz\u0105sami i wibracjami<\/li>\n<li>Zapewniono du\u017c\u0105 przestrze\u0144 wewn\u0119trzn\u0105 na potrzeby z\u0142\u0105czy i okablowania<\/li>\n<li>W przypadku rozmiar\u00f3w VT8 i wi\u0119kszych, mo\u017cna doda\u0107 opcjonalne mocowanie EBX<\/li>\n<li>Zawiera dwie za\u015blepki, VT-EC00 i VT-EC02<\/li>\n<li>Zestawy obud\u00f3w s\u0105 dostarczane z prowadnicami naro\u017cnymi, gumowymi ogranicznikami, klejem, \u015brubami za\u015blepiaj\u0105cymi<\/li>\n<li>Chroni\/zwi\u0119ksza niezawodno\u015b\u0107 zwi\u0105zk\u00f3w wewn\u0119trznych<\/li>\n<li>Dost\u0119pna dowolna d\u0142ugo\u015b\u0107 do 48 cali<\/li>\n<\/ul>\n<h4>Specyfikacja:<\/h4>\n<ul>\n<li>Anodowana aluminiowa obudowa z gumowym izoluj\u0105cym mocowaniem amortyzuj\u0105cym i wewn\u0119trznym mocowaniem przeciwwibracyjnym stosu<\/li>\n<li>Wymiary: 7.1 x 5.7 x d\u0142ugo\u015b\u0107<\/li>\n<li>Aluminiowe \u015bcianki boczne o grubo\u015bci 0.125 cala z \u017cebrami rozpraszaj\u0105cymi ciep\u0142o<\/li>\n<\/ul>\n<h4>Zestaw zawiera:<\/h4>\n<ul>\n<li>1x korpus VersaTainer 4\u201d, 5\u201d, 6\u201d, 8\u201d, 10\u201d lub 12\u201d<\/li>\n<li>1x antypo\u015blizgowa podk\u0142adka monta\u017cowa<\/li>\n<li>2x uszczelki VT-EC<\/li>\n<li>4x naro\u017cniki<\/li>\n<li>8x naro\u017cniki gumowe<\/li>\n<li>1x klej CA<\/li>\n<li>16x za\u015blepki<\/li>\n<\/ul>\n","protected":false},"excerpt":{"rendered":"<p>VersaTainer: Obudowa PC\/104 lub EBX; Standardowe rozmiary: 4\u201d, 5\u201d, 6\u201d, 8\u201d, 10\u201d i 12\u201d; Dodatkowe miejsce na kable i akcesoria<\/p>\n","protected":false},"featured_media":10925,"template":"","meta":{"_acf_changed":false,"inline_featured_image":false,"_monsterinsights_skip_tracking":false,"_monsterinsights_sitenote_active":false,"_monsterinsights_sitenote_note":"","_monsterinsights_sitenote_category":0},"product_brand":[],"product_cat":[912,1595,789],"product_tag":[],"class_list":{"0":"post-6247","1":"product","2":"type-product","3":"status-publish","4":"has-post-thumbnail","6":"product_cat-obudowy-pl","7":"product_cat-obudowy-serwery","8":"product_cat-tri-m-pl","10":"first","11":"instock","12":"shipping-taxable","13":"product-type-simple"},"acf":[],"_links":{"self":[{"href":"https:\/\/quantum.com.pl\/pl\/wp-json\/wp\/v2\/product\/6247","targetHints":{"allow":["GET"]}}],"collection":[{"href":"https:\/\/quantum.com.pl\/pl\/wp-json\/wp\/v2\/product"}],"about":[{"href":"https:\/\/quantum.com.pl\/pl\/wp-json\/wp\/v2\/types\/product"}],"wp:featuredmedia":[{"embeddable":true,"href":"https:\/\/quantum.com.pl\/pl\/wp-json\/wp\/v2\/media\/10925"}],"wp:attachment":[{"href":"https:\/\/quantum.com.pl\/pl\/wp-json\/wp\/v2\/media?parent=6247"}],"wp:term":[{"taxonomy":"product_brand","embeddable":true,"href":"https:\/\/quantum.com.pl\/pl\/wp-json\/wp\/v2\/product_brand?post=6247"},{"taxonomy":"product_cat","embeddable":true,"href":"https:\/\/quantum.com.pl\/pl\/wp-json\/wp\/v2\/product_cat?post=6247"},{"taxonomy":"product_tag","embeddable":true,"href":"https:\/\/quantum.com.pl\/pl\/wp-json\/wp\/v2\/product_tag?post=6247"}],"curies":[{"name":"wp","href":"https:\/\/api.w.org\/{rel}","templated":true}]}}