{"id":6255,"date":"2019-11-27T09:34:01","date_gmt":"2019-11-27T08:34:01","guid":{"rendered":"https:\/\/quantum.com.pl\/?post_type=product&#038;p=6255"},"modified":"2020-08-26T00:00:49","modified_gmt":"2020-08-25T22:00:49","slug":"cantainer","status":"publish","type":"product","link":"https:\/\/quantum.com.pl\/pl\/product\/cantainer\/","title":{"rendered":"CanTainer"},"content":{"rendered":"<h4>CanTainer: Obudowa PC104<\/h4>\n<p>&nbsp;<\/p>\n<p>CanTainer to obudowa \u201erugged\u201d PC\/104 zbudowana z 125\u2033 aluminium i zaprojektowana dla nieprzyjaznych i trudnych \u015brodowisk. CanTainer posiada podw\u00f3jny system izolacji od wstrz\u0105s\u00f3w i wibracji: modu\u0142y PC\/104 s\u0105 zamontowane w obudowie osiowo za pomoc\u0105 czterech wewn\u0119trznych gumowych naro\u017cnych szyn poch\u0142aniaj\u0105cych wibracje o wysokiej cz\u0119stotliwo\u015bci, podczas gdy ca\u0142a obudowa jest zamontowana na platformie g\u0142\u00f3wnej za pomoc\u0105 grubej gumowej podk\u0142adki, kt\u00f3ra poch\u0142ania G-forces niskich cz\u0119stotliwo\u015bci. Gumow\u0105 podk\u0142adk\u0119 mo\u017cna usun\u0105\u0107 w celu uzyskania opcjonalnych rozwi\u0105za\u0144 monta\u017cowych.<\/p>\n<p>Przekr\u00f3j obudowy CanTainer ma szeroko\u015b\u0107 6.00&#8243; i wysoko\u015b\u0107 5.45&#8243; (bez podk\u0142adki monta\u017cowej) i jest przeznaczony do monta\u017cu p\u0142yt PC\/104 osiowo na ca\u0142ej d\u0142ugo\u015bci korpusu obudowy. Obudowa jest dost\u0119pna w standardowych d\u0142ugo\u015bciach od 2\u201d i 12\u201d oraz niestandardowych d\u0142ugo\u015bciach do 48\u201d.<\/p>\n<p>Do monta\u017cu p\u0142yt innych ni\u017c PC\/104 lub przedmiot\u00f3w takich, jak dyski twarde, kt\u00f3re s\u0105 wi\u0119ksze ni\u017c 3.550&#8243; x 3.775&#8243;, dost\u0119pna jest opcjonalna p\u0142ytka przegrodowa. Te instaluje si\u0119 pionowo w szynach biegn\u0105cych na ca\u0142ej d\u0142ugo\u015bci obudowy. W przypadku mniejszych przedmiot\u00f3w opcjonalna aluminiowa p\u0142ytka PC\/104 pozwala na bezpo\u015bredni monta\u017c w stosie PC\/104. Ka\u017cdy CanTainer jest dost\u0119pny jako zestaw z akcesoriami monta\u017cowymi. Puste i wst\u0119pnie zaprojektowane za\u015blepki s\u0105 dost\u0119pne osobno lub klient mo\u017ce zaprojektowa\u0107 w\u0142asne wyci\u0119cia przy u\u017cyciu jednego z gotowych szablon\u00f3w za\u015blepek CanTainer. Te wytrzyma\u0142e obudowy chroni\u0105 systemy PC104 na ca\u0142ym \u015bwiecie w najtrudniejszych warunkach, jakie towarzysz\u0105 zastosowaniom w g\u00f3rnictwie, transporcie, wojsku czy przemy\u015ble lotniczym.<\/p>\n<h4>Zalety:<\/h4>\n<ul>\n<li>CT104 CanTainer to anodowana aluminiowa obudowa &#8222;rugged&#8221; PC\/104 zaprojektowana do trudnych warunk\u00f3w<\/li>\n<li>Dzi\u0119ki izolacyjnemu uchwytowi amortyzacyjnemu i wewn\u0119trznemu uchwytowi wibracyjnemu, CT104 zapewnia maksymaln\u0105 ochron\u0119 przed drganiami o wysokiej cz\u0119stotliwo\u015bci i G-forces o niskiej cz\u0119stotliwo\u015bci<\/li>\n<li>Wewn\u0119trzne gumowe prowadnice naro\u017cnik\u00f3w umo\u017cliwiaj\u0105 \u0142atwe wk\u0142adanie modu\u0142\u00f3w PC\/104<\/li>\n<li>Standardowe rozmiary 2\u201d, 4\u201d, 5\u201d, 6\u201d, 8\u201d, 10\u201d i 12\u201d<\/li>\n<li>Dost\u0119pne rozmiary niestandardowe i za\u015blepki<\/li>\n<li>Podw\u00f3jny system izolowania i poch\u0142aniania wstrz\u0105s\u00f3w<\/li>\n<li>Prowadnice naro\u017cne, ograniczniki gumowe, klej, \u015bruby za\u015blepiaj\u0105ce<\/li>\n<li>Chroni i zwi\u0119ksza niezawodno\u015b\u0107 komponent\u00f3w PC\/104<\/li>\n<\/ul>\n<h4>Specyfikacja:<\/h4>\n<ul>\n<li>Anodowana aluminiowa obudowa z gumowym izoluj\u0105cym mocowaniem amortyzuj\u0105cym i wewn\u0119trznym mocowaniem wibracyjnym stosu<\/li>\n<li>Wymiary: 5.4&#8243; x 6.0&#8243; x d\u0142ugo\u015b\u0107<\/li>\n<li>Aluminiowe \u015bcianki boczne o grubo\u015bci 0.125 cala z \u017cebrami rozpraszaj\u0105cymi ciep\u0142o<\/li>\n<\/ul>\n<h4>Zestaw zawiera:<\/h4>\n<ul>\n<li>1x korpus CanTainer 2\u201d, 4\u201d, 5\u201d, 6\u201d, 8\u201d, 10\u201d lub 12\u201d<\/li>\n<li>1x antypo\u015blizgowa podk\u0142adka monta\u017cowa<\/li>\n<li>2x uszczelki CT-EC<\/li>\n<li>4x naro\u017cniki<\/li>\n<li>8x naro\u017cniki gumowe<\/li>\n<li>1x klej CA<\/li>\n<li>16x za\u015blepki<\/li>\n<\/ul>\n","protected":false},"excerpt":{"rendered":"<p>Zaprojektowany do przenoszenia stosu PC\/104; Rozmiary standardowe: 2\u201d, 4\u201d, 5\u201d, 6\u201d, 8\u201d, 10\u201d i 12\u201d; Dost\u0119pne d\u0142ugo\u015bci niestandardowe<\/p>\n","protected":false},"featured_media":10921,"template":"","meta":{"_acf_changed":false,"inline_featured_image":false,"_monsterinsights_skip_tracking":false,"_monsterinsights_sitenote_active":false,"_monsterinsights_sitenote_note":"","_monsterinsights_sitenote_category":0},"product_brand":[],"product_cat":[912,1595,789],"product_tag":[],"class_list":{"0":"post-6255","1":"product","2":"type-product","3":"status-publish","4":"has-post-thumbnail","6":"product_cat-obudowy-pl","7":"product_cat-obudowy-serwery","8":"product_cat-tri-m-pl","10":"first","11":"instock","12":"shipping-taxable","13":"product-type-simple"},"acf":[],"_links":{"self":[{"href":"https:\/\/quantum.com.pl\/pl\/wp-json\/wp\/v2\/product\/6255","targetHints":{"allow":["GET"]}}],"collection":[{"href":"https:\/\/quantum.com.pl\/pl\/wp-json\/wp\/v2\/product"}],"about":[{"href":"https:\/\/quantum.com.pl\/pl\/wp-json\/wp\/v2\/types\/product"}],"wp:featuredmedia":[{"embeddable":true,"href":"https:\/\/quantum.com.pl\/pl\/wp-json\/wp\/v2\/media\/10921"}],"wp:attachment":[{"href":"https:\/\/quantum.com.pl\/pl\/wp-json\/wp\/v2\/media?parent=6255"}],"wp:term":[{"taxonomy":"product_brand","embeddable":true,"href":"https:\/\/quantum.com.pl\/pl\/wp-json\/wp\/v2\/product_brand?post=6255"},{"taxonomy":"product_cat","embeddable":true,"href":"https:\/\/quantum.com.pl\/pl\/wp-json\/wp\/v2\/product_cat?post=6255"},{"taxonomy":"product_tag","embeddable":true,"href":"https:\/\/quantum.com.pl\/pl\/wp-json\/wp\/v2\/product_tag?post=6255"}],"curies":[{"name":"wp","href":"https:\/\/api.w.org\/{rel}","templated":true}]}}