{"id":6266,"date":"2019-11-27T09:48:13","date_gmt":"2019-11-27T08:48:13","guid":{"rendered":"https:\/\/quantum.com.pl\/?post_type=product&#038;p=6266"},"modified":"2020-08-26T00:00:49","modified_gmt":"2020-08-25T22:00:49","slug":"flextainer","status":"publish","type":"product","link":"https:\/\/quantum.com.pl\/pl\/product\/flextainer\/","title":{"rendered":"FlexTainer"},"content":{"rendered":"<h4>FlexTainer: Obudowa EPIC, MITX, EBX<\/h4>\n<p>&nbsp;<\/p>\n<p>FlexTainer to obudowa &#8222;rugged&#8221; do pakowania \u0142adunk\u00f3w procesor\u00f3w EPIC, EBX lub Mini-ITX. Wykonana jest z .125\u201d aluminium oraz przeznaczona do nieprzyjaznych i trudnych \u015brodowisk. FlexTainer posiada podw\u00f3jny system izolacji od wstrz\u0105s\u00f3w i wibracji: obci\u0105\u017cenie procesora jest zamontowane w obudowie poziomo z dwoma wewn\u0119trznymi naro\u017cnymi gumowymi szynami poch\u0142aniaj\u0105cymi wibracje o wysokiej cz\u0119stotliwo\u015bci, podczas gdy ca\u0142a obudowa jest zamontowana na platformie g\u0142\u00f3wnej za pomoc\u0105 grubej gumowej podk\u0142adki, kt\u00f3ra poch\u0142ania G-forces niskich cz\u0119stotliwo\u015bci. Gumow\u0105 podk\u0142adk\u0119 mo\u017cna usun\u0105\u0107 w przypadku opcjonalnych rozwi\u0105za\u0144 monta\u017cowych.<\/p>\n<h4>Zalety:<\/h4>\n<ul>\n<li>Podw\u00f3jny system ochrony przed wstrz\u0105sami i wibracjami<\/li>\n<li>Monta\u017c EPIC, Mini-ITX i EBX<\/li>\n<li>Pasywnie ch\u0142odzony<\/li>\n<li>\u0141atwo dostosowywane: d\u0142ugo\u015b\u0107, pow\u0142oka, akwaforta, frezowanie, monta\u017c<\/li>\n<li>Wyt\u0142aczane aluminium 6036-T5<\/li>\n<li>Wyt\u0142aczana guma wysokiej jako\u015bci<\/li>\n<li>Dost\u0119pne w standardowych d\u0142ugo\u015bciach: 4.55&#8243; (EPIC), 6.75&#8243; (Mini-ITX) i 10&#8243; (EBX)<\/li>\n<li>Zgodno\u015b\u0107 z RoHS<\/li>\n<\/ul>\n","protected":false},"excerpt":{"rendered":"<p>System mocowania EPIC, Mini-ITX, i EBX<\/p>\n","protected":false},"featured_media":10923,"template":"","meta":{"_acf_changed":false,"inline_featured_image":false,"_monsterinsights_skip_tracking":false,"_monsterinsights_sitenote_active":false,"_monsterinsights_sitenote_note":"","_monsterinsights_sitenote_category":0},"product_brand":[],"product_cat":[912,1595,789],"product_tag":[],"class_list":{"0":"post-6266","1":"product","2":"type-product","3":"status-publish","4":"has-post-thumbnail","6":"product_cat-obudowy-pl","7":"product_cat-obudowy-serwery","8":"product_cat-tri-m-pl","10":"first","11":"instock","12":"shipping-taxable","13":"product-type-simple"},"acf":[],"_links":{"self":[{"href":"https:\/\/quantum.com.pl\/pl\/wp-json\/wp\/v2\/product\/6266","targetHints":{"allow":["GET"]}}],"collection":[{"href":"https:\/\/quantum.com.pl\/pl\/wp-json\/wp\/v2\/product"}],"about":[{"href":"https:\/\/quantum.com.pl\/pl\/wp-json\/wp\/v2\/types\/product"}],"wp:featuredmedia":[{"embeddable":true,"href":"https:\/\/quantum.com.pl\/pl\/wp-json\/wp\/v2\/media\/10923"}],"wp:attachment":[{"href":"https:\/\/quantum.com.pl\/pl\/wp-json\/wp\/v2\/media?parent=6266"}],"wp:term":[{"taxonomy":"product_brand","embeddable":true,"href":"https:\/\/quantum.com.pl\/pl\/wp-json\/wp\/v2\/product_brand?post=6266"},{"taxonomy":"product_cat","embeddable":true,"href":"https:\/\/quantum.com.pl\/pl\/wp-json\/wp\/v2\/product_cat?post=6266"},{"taxonomy":"product_tag","embeddable":true,"href":"https:\/\/quantum.com.pl\/pl\/wp-json\/wp\/v2\/product_tag?post=6266"}],"curies":[{"name":"wp","href":"https:\/\/api.w.org\/{rel}","templated":true}]}}