{"id":6277,"date":"2019-11-27T10:24:37","date_gmt":"2019-11-27T09:24:37","guid":{"rendered":"https:\/\/quantum.com.pl\/?post_type=product&#038;p=6277"},"modified":"2020-08-25T23:53:27","modified_gmt":"2020-08-25T21:53:27","slug":"flexcom104-gps-2","status":"publish","type":"product","link":"https:\/\/quantum.com.pl\/pl\/product\/flexcom104-gps-2\/","title":{"rendered":"FlexCom104-GPS"},"content":{"rendered":"<h4>PC104 GPS i Multitech Socket Module Carrier Board<\/h4>\n<p>&nbsp;<\/p>\n<p>FlexCom104-GPS to modu\u0142 PC104 GPS i elastyczny modu\u0142 komunikacyjny, kt\u00f3ry zapewnia kompletne rozwi\u0105zanie I\/O dla aplikacji wymagaj\u0105cych komunikacji GPS, szeregowej oraz bezprzewodowej lub przewodowej. Obs\u0142uguje maksymalnie dwa urz\u0105dzenia zgodne z Multitech Universal Socket, w tym GSM\/GPRS, WiFi\u00ae i Bluetooth\u00ae, 16-kana\u0142owy odbiornik ANTARIS 4 GPS oraz port szeregowy RS-232. Istnieje mo\u017cliwo\u015b\u0107 wyboru adres\u00f3w I\/O i IRQ, a modu\u0142 ma temperatur\u0119 robocz\u0105 w zakresie od -20\u00b0 do +60\u00b0C.<\/p>\n<p>Podobnie jak w przypadku wszystkich produkt\u00f3w Tri-M, FlexCom104-GPS zosta\u0142 zaprojektowany do pracy w trudnych warunkach. Wlutowany odbiornik GPS i izolacja portu RS-232 to tylko niekt\u00f3re z element\u00f3w konstrukcyjnych, kt\u00f3re sprawiaj\u0105, \u017ce to rozwi\u0105zanie jest odpowiednie do wymagaj\u0105cych \u015brodowisk, w kt\u00f3rych nara\u017cenie na py\u0142, wstrz\u0105sy i wibracje mo\u017ce mie\u0107 negatywny wp\u0142yw na systemy &#8222;embedded&#8221;.<\/p>\n<p>Do zastosowa\u0144, w kt\u00f3rych niezb\u0119dna jest informacja o lokalizacji, a tak\u017ce komunikacja zar\u00f3wno przewodowa, jak i bezprzewodowa, FlexCom104-GPS nadaje si\u0119 idealnie.<\/p>\n<h4>Zalety:<\/h4>\n<ul>\n<li>Obs\u0142uguje do dw\u00f3ch 5V Multi-Tech Socket Modem<\/li>\n<li>16-kana\u0142owy ANTARIS 4 GPS<\/li>\n<li>Jeden port szeregowy RS-232<\/li>\n<li>Do wyboru adres I\/O i IRQ<\/li>\n<li>Temperatura pracy: od -20\u00b0C do +60\u00b0C<\/li>\n<li>Zgodny z PC\/104<\/li>\n<li>Zgodny z RoHS<\/li>\n<\/ul>\n<h4>Modu\u0142:<\/h4>\n<ul>\n<li>Port szeregowy RS-232<\/li>\n<li>RS-232 RX, TX, CTS, RTS, COM<\/li>\n<li>Zasilanie +5V dostarczane przez magistral\u0119 PC\/104<\/li>\n<li>Dostarczana cz\u0119stotliwo\u015b\u0107 oscylatora 14.7456MHz<\/li>\n<\/ul>\n<h4>Specyfikacja UART:<\/h4>\n<ul>\n<li>Model STC16C554DIQ64<\/li>\n<li>FIFOs 16 bajt\u00f3w<\/li>\n<li>4 porty<\/li>\n<\/ul>\n<h4>Modu\u0142y komunikacyjne:<\/h4>\n<ul>\n<li>2 uniwersalne gniazda<\/li>\n<li>Manufacturer Multi-Tech Systems, Inc.<\/li>\n<li>Napi\u0119cie 5V<\/li>\n<li>Typy GSM\/GPRS, CDMA, EDGE,<\/li>\n<li>CELL,Wi-Fi (802.11b), Bluetooth\u00ae<\/li>\n<\/ul>\n<h4>GPS:<\/h4>\n<ul>\n<li>Modu\u0142 odbiornika FV-5H<\/li>\n<li>50 kana\u0142\u00f3w<\/li>\n<li>Z\u0142\u0105cze SMA (Female)<\/li>\n<\/ul>\n<h4>Konfiguracja:<\/h4>\n<ul>\n<li>Modu\u0142 GPS Pr\u0119dko\u015b\u0107 9600 N81 baud<\/li>\n<li>Konfigurowalny w systemie operacyjnym<\/li>\n<li>Status GPS 1 Pulse-Per-Second LED<\/li>\n<\/ul>\n<h4>Parametry mechaniczne\/\u015brodowiskowe:<\/h4>\n<ul>\n<li>Wymiary zgodne z form\u0105\u00a0 PC\/104<\/li>\n<li>90 \u00d7 96 \u00d7 15mm (3.55 \u00d7 3.75 \u00d7 0.60\u201d)<\/li>\n<li>Waga 43.5g \/ 1.53oz<\/li>\n<li>Temperatura pracy: -20\u00b0C do +60\u00b0C (-4\u00b0F do +140\u00b0F)<\/li>\n<li>Wilgotno\u015b\u0107 wzgl\u0119dna 5% do 95% (bez kondensacji)<\/li>\n<\/ul>\n","protected":false},"excerpt":{"rendered":"<p>16-kana\u0142owy ANTARIS 4 GPS, Jeden port szeregowy, Dwa uniwersalne gniazda MultiTech<\/p>\n","protected":false},"featured_media":10891,"template":"","meta":{"_acf_changed":false,"inline_featured_image":false,"_monsterinsights_skip_tracking":false,"_monsterinsights_sitenote_active":false,"_monsterinsights_sitenote_note":"","_monsterinsights_sitenote_category":0},"product_brand":[],"product_cat":[1613,925,922,789],"product_tag":[],"class_list":{"0":"post-6277","1":"product","2":"type-product","3":"status-publish","4":"has-post-thumbnail","6":"product_cat-akcesoria-peryferia","7":"product_cat-gps-i-plyty-sieciowe-pl","8":"product_cat-gps-i-siec-pl","9":"product_cat-tri-m-pl","11":"first","12":"instock","13":"shipping-taxable","14":"product-type-simple"},"acf":[],"_links":{"self":[{"href":"https:\/\/quantum.com.pl\/pl\/wp-json\/wp\/v2\/product\/6277","targetHints":{"allow":["GET"]}}],"collection":[{"href":"https:\/\/quantum.com.pl\/pl\/wp-json\/wp\/v2\/product"}],"about":[{"href":"https:\/\/quantum.com.pl\/pl\/wp-json\/wp\/v2\/types\/product"}],"wp:featuredmedia":[{"embeddable":true,"href":"https:\/\/quantum.com.pl\/pl\/wp-json\/wp\/v2\/media\/10891"}],"wp:attachment":[{"href":"https:\/\/quantum.com.pl\/pl\/wp-json\/wp\/v2\/media?parent=6277"}],"wp:term":[{"taxonomy":"product_brand","embeddable":true,"href":"https:\/\/quantum.com.pl\/pl\/wp-json\/wp\/v2\/product_brand?post=6277"},{"taxonomy":"product_cat","embeddable":true,"href":"https:\/\/quantum.com.pl\/pl\/wp-json\/wp\/v2\/product_cat?post=6277"},{"taxonomy":"product_tag","embeddable":true,"href":"https:\/\/quantum.com.pl\/pl\/wp-json\/wp\/v2\/product_tag?post=6277"}],"curies":[{"name":"wp","href":"https:\/\/api.w.org\/{rel}","templated":true}]}}