{"id":6288,"date":"2019-11-27T10:50:12","date_gmt":"2019-11-27T09:50:12","guid":{"rendered":"https:\/\/quantum.com.pl\/?post_type=product&#038;p=6288"},"modified":"2020-08-25T23:53:27","modified_gmt":"2020-08-25T21:53:27","slug":"mighty-mouse-iii","status":"publish","type":"product","link":"https:\/\/quantum.com.pl\/pl\/product\/mighty-mouse-iii\/","title":{"rendered":"Mighty Mouse III"},"content":{"rendered":"<h4>Mighty Mouse III: ma\u0142a mobilna antena GPS 26 dB Gain Active<\/h4>\n<p>&nbsp;<\/p>\n<p>MM3-GPS to ma\u0142a aktywna antena GPS 26dB Gain Active z zakresem wej\u015bciowym od 2.5V do 5.5V DC i maksymalnym zu\u017cyciem 6mA. Wsp\u00f3lne cechy swoich poprzednik\u00f3w, myszy Mighty Mouse i Mighty Mouse II, obejmuj\u0105 kabel o d\u0142ugo\u015bci 5 m, kombinacj\u0119 mocowania magnetycznego lub \u015brubowego oraz uniwersalne z\u0142\u0105cze FME umo\u017cliwiaj\u0105ce \u0142atw\u0105 wymian\u0119 z\u0142\u0105cz (SMA, SMB, BNC, MCX, TNC lub N-Type) w celu dopasowania do konkretnej aplikacji.<\/p>\n<h4>Zalety:<\/h4>\n<ul>\n<li>Antena GPS 26dB Gain Active<\/li>\n<li>Pob\u00f3r pr\u0105du maks. 6 mA<\/li>\n<li>Zakres wej\u015bciowy: 2.5V DC do 5.5V DC<\/li>\n<li>Wzmacniacz 3-stopniowy i filtracja pasmowa<\/li>\n<li>Ekstremalnie niska moc<\/li>\n<li>Monta\u017c magnetyczny lub \u015brubowy<\/li>\n<li>Zakres pracy od -40 do +85\u00b0C, w pe\u0142ni wodoodporny<\/li>\n<li>Wybierz jeden dla nast\u0119puj\u0105cych z\u0142\u0105czy: SMA, SMB, BNC, MCX, TNC lub NTYPE<\/li>\n<li>Dost\u0119pne z\u0142\u0105cze k\u0105towe<\/li>\n<\/ul>\n","protected":false},"excerpt":{"rendered":"<p>Gain active 26dB, Maksymalne zu\u017cycie 6mA, Monta\u017c magnetyczny lub \u015brubowy, zakres temperatur pracy: -40 do +85\u00b0C<\/p>\n","protected":false},"featured_media":10889,"template":"","meta":{"_acf_changed":false,"inline_featured_image":false,"_monsterinsights_skip_tracking":false,"_monsterinsights_sitenote_active":false,"_monsterinsights_sitenote_note":"","_monsterinsights_sitenote_category":0},"product_brand":[],"product_cat":[1613,926,922,789],"product_tag":[],"class_list":{"0":"post-6288","1":"product","2":"type-product","3":"status-publish","4":"has-post-thumbnail","6":"product_cat-akcesoria-peryferia","7":"product_cat-anteny-pl","8":"product_cat-gps-i-siec-pl","9":"product_cat-tri-m-pl","11":"first","12":"instock","13":"shipping-taxable","14":"product-type-simple"},"acf":[],"_links":{"self":[{"href":"https:\/\/quantum.com.pl\/pl\/wp-json\/wp\/v2\/product\/6288","targetHints":{"allow":["GET"]}}],"collection":[{"href":"https:\/\/quantum.com.pl\/pl\/wp-json\/wp\/v2\/product"}],"about":[{"href":"https:\/\/quantum.com.pl\/pl\/wp-json\/wp\/v2\/types\/product"}],"wp:featuredmedia":[{"embeddable":true,"href":"https:\/\/quantum.com.pl\/pl\/wp-json\/wp\/v2\/media\/10889"}],"wp:attachment":[{"href":"https:\/\/quantum.com.pl\/pl\/wp-json\/wp\/v2\/media?parent=6288"}],"wp:term":[{"taxonomy":"product_brand","embeddable":true,"href":"https:\/\/quantum.com.pl\/pl\/wp-json\/wp\/v2\/product_brand?post=6288"},{"taxonomy":"product_cat","embeddable":true,"href":"https:\/\/quantum.com.pl\/pl\/wp-json\/wp\/v2\/product_cat?post=6288"},{"taxonomy":"product_tag","embeddable":true,"href":"https:\/\/quantum.com.pl\/pl\/wp-json\/wp\/v2\/product_tag?post=6288"}],"curies":[{"name":"wp","href":"https:\/\/api.w.org\/{rel}","templated":true}]}}