{"id":6296,"date":"2019-11-27T11:03:32","date_gmt":"2019-11-27T10:03:32","guid":{"rendered":"https:\/\/quantum.com.pl\/?post_type=product&#038;p=6296"},"modified":"2020-08-25T23:53:27","modified_gmt":"2020-08-25T21:53:27","slug":"micro-mouse","status":"publish","type":"product","link":"https:\/\/quantum.com.pl\/pl\/product\/micro-mouse\/","title":{"rendered":"Micro Mouse"},"content":{"rendered":"<h4>Micro Mouse: mobilna antena Mikro GPS 24dB Gain<\/h4>\n<p>&nbsp;<\/p>\n<p>Micro-Mouse to najbardziej kompaktowa antena GPS dost\u0119pna na obecnym rynku. Najnowocze\u015bniejsza technologia pozwala na ma\u0142e rozmiary, dzi\u0119ki czemu produkt ten jest idealny wtedy, kiedy istotne s\u0105 przestrze\u0144 i waga. Dzi\u0119ki dobremu pokryciu prawie do samego horyzontu, doskonale sprawdza si\u0119 zar\u00f3wno w \u015brodowisku naturalnym, jak i miejskim \u2013 nawet w obecno\u015bci zak\u0142\u00f3ce\u0144 elektromagnetycznych! Dzi\u0119ki niewielkiej i wytrzyma\u0142ej obudowie oraz niezr\u00f3wnanej wydajno\u015bci, Micro-Mouse jest kompatybilna z prawie ka\u017cdym modelem odbiornika GPS na rynku i stanowi doskona\u0142\u0105 alternatyw\u0119 dla szerokiej gamy aplikacji GPS, w tym AVL, nawigacji samochodowej, lotnictwa i wojska.<\/p>\n<h4>Zalety:<\/h4>\n<ul>\n<li>Aktywna antena GPS 24dB Gain Active<\/li>\n<li>Pob\u00f3r pr\u0105du maks. 12mA<\/li>\n<li>Zakres wej\u015bciowy: 2.5V DC do 5.5V DC<\/li>\n<li>30 gram\u00f3w (plus kabel)<\/li>\n<li>Zakres temperatur pracy: od -30 do +85\u00b0C, w pe\u0142ni wodoodporna<\/li>\n<li>Wybierz jeden dla nast\u0119puj\u0105cych z\u0142\u0105czy: SMA, SMB, BNC, MCX, TNC lub NTYPE<\/li>\n<li>Dost\u0119pne z\u0142\u0105cze k\u0105towe<\/li>\n<\/ul>\n","protected":false},"excerpt":{"rendered":"<p>24dB Gain, Maksymalne zu\u017cycie 12mA, 30 gram\u00f3w (plus kabel), Zakres temperatur pracy: -30 do +85\u00b0C<\/p>\n","protected":false},"featured_media":10893,"template":"","meta":{"_acf_changed":false,"inline_featured_image":false,"_monsterinsights_skip_tracking":false,"_monsterinsights_sitenote_active":false,"_monsterinsights_sitenote_note":"","_monsterinsights_sitenote_category":0},"product_brand":[],"product_cat":[1613,926,922,789],"product_tag":[],"class_list":{"0":"post-6296","1":"product","2":"type-product","3":"status-publish","4":"has-post-thumbnail","6":"product_cat-akcesoria-peryferia","7":"product_cat-anteny-pl","8":"product_cat-gps-i-siec-pl","9":"product_cat-tri-m-pl","11":"first","12":"instock","13":"shipping-taxable","14":"product-type-simple"},"acf":[],"_links":{"self":[{"href":"https:\/\/quantum.com.pl\/pl\/wp-json\/wp\/v2\/product\/6296","targetHints":{"allow":["GET"]}}],"collection":[{"href":"https:\/\/quantum.com.pl\/pl\/wp-json\/wp\/v2\/product"}],"about":[{"href":"https:\/\/quantum.com.pl\/pl\/wp-json\/wp\/v2\/types\/product"}],"wp:featuredmedia":[{"embeddable":true,"href":"https:\/\/quantum.com.pl\/pl\/wp-json\/wp\/v2\/media\/10893"}],"wp:attachment":[{"href":"https:\/\/quantum.com.pl\/pl\/wp-json\/wp\/v2\/media?parent=6296"}],"wp:term":[{"taxonomy":"product_brand","embeddable":true,"href":"https:\/\/quantum.com.pl\/pl\/wp-json\/wp\/v2\/product_brand?post=6296"},{"taxonomy":"product_cat","embeddable":true,"href":"https:\/\/quantum.com.pl\/pl\/wp-json\/wp\/v2\/product_cat?post=6296"},{"taxonomy":"product_tag","embeddable":true,"href":"https:\/\/quantum.com.pl\/pl\/wp-json\/wp\/v2\/product_tag?post=6296"}],"curies":[{"name":"wp","href":"https:\/\/api.w.org\/{rel}","templated":true}]}}