{"id":6304,"date":"2019-11-27T11:14:23","date_gmt":"2019-11-27T10:14:23","guid":{"rendered":"https:\/\/quantum.com.pl\/?post_type=product&#038;p=6304"},"modified":"2020-08-25T23:53:27","modified_gmt":"2020-08-25T21:53:27","slug":"big-brother","status":"publish","type":"product","link":"https:\/\/quantum.com.pl\/pl\/product\/big-brother\/","title":{"rendered":"Big Brother"},"content":{"rendered":"<h4>Big Brother: mobilna antena GPS 30 dB Gain<\/h4>\n<p>&nbsp;<\/p>\n<p>Big Brother to integracja wysokowydajnej anteny GPS i wzmacniacza o niskim poziomie ha\u0142asu z najnowocze\u015bniejsz\u0105 niskoprofilow\u0105 \/ wyj\u0105tkowo kompaktow\u0105 \/ ca\u0142kowicie wodoodporn\u0105 obudow\u0105 anteny. Urz\u0105dzenie to zapewnia doskona\u0142e wzmocnienie dowolnego odbiornika GPS z moc\u0105 anteny +5V DC na \u015brodkowym styku.<\/p>\n<h4>Zalety:<\/h4>\n<ul>\n<li>Aktywna antena GPS 30dB Gain Active<\/li>\n<li>Max. pob\u00f3r pr\u0105du 28mA<\/li>\n<li>Wej\u015bcie @ 5VDC<\/li>\n<li>Niski d\u017awi\u0119k<\/li>\n<li>Monta\u017c magnetyczny lub \u015brubowy<\/li>\n<li>Zakres temperatur pracy: od -30\u00b0C do +85\u00b0C<\/li>\n<li>Pe\u0142na wodoodporno\u015b\u0107<\/li>\n<li>Wybierz jeden dla nast\u0119puj\u0105cych z\u0142\u0105czy: SMA, SMB, BNC, MCX, TNC lub NTYPE<\/li>\n<li>Dost\u0119pne z\u0142\u0105cze k\u0105towe<\/li>\n<\/ul>\n","protected":false},"excerpt":{"rendered":"<p>30dB Gain Active, Maksymalne zu\u017cycie 28mA, Monta\u017c magnetyczny lub \u015brubowy, Zakres temperatur pracy: -30 do +85\u00b0C<\/p>\n","protected":false},"featured_media":10889,"template":"","meta":{"_acf_changed":false,"inline_featured_image":false,"_monsterinsights_skip_tracking":false,"_monsterinsights_sitenote_active":false,"_monsterinsights_sitenote_note":"","_monsterinsights_sitenote_category":0},"product_brand":[],"product_cat":[1613,926,922,789],"product_tag":[],"class_list":{"0":"post-6304","1":"product","2":"type-product","3":"status-publish","4":"has-post-thumbnail","6":"product_cat-akcesoria-peryferia","7":"product_cat-anteny-pl","8":"product_cat-gps-i-siec-pl","9":"product_cat-tri-m-pl","11":"first","12":"instock","13":"shipping-taxable","14":"product-type-simple"},"acf":[],"_links":{"self":[{"href":"https:\/\/quantum.com.pl\/pl\/wp-json\/wp\/v2\/product\/6304","targetHints":{"allow":["GET"]}}],"collection":[{"href":"https:\/\/quantum.com.pl\/pl\/wp-json\/wp\/v2\/product"}],"about":[{"href":"https:\/\/quantum.com.pl\/pl\/wp-json\/wp\/v2\/types\/product"}],"wp:featuredmedia":[{"embeddable":true,"href":"https:\/\/quantum.com.pl\/pl\/wp-json\/wp\/v2\/media\/10889"}],"wp:attachment":[{"href":"https:\/\/quantum.com.pl\/pl\/wp-json\/wp\/v2\/media?parent=6304"}],"wp:term":[{"taxonomy":"product_brand","embeddable":true,"href":"https:\/\/quantum.com.pl\/pl\/wp-json\/wp\/v2\/product_brand?post=6304"},{"taxonomy":"product_cat","embeddable":true,"href":"https:\/\/quantum.com.pl\/pl\/wp-json\/wp\/v2\/product_cat?post=6304"},{"taxonomy":"product_tag","embeddable":true,"href":"https:\/\/quantum.com.pl\/pl\/wp-json\/wp\/v2\/product_tag?post=6304"}],"curies":[{"name":"wp","href":"https:\/\/api.w.org\/{rel}","templated":true}]}}