{"id":6312,"date":"2019-11-27T11:32:58","date_gmt":"2019-11-27T10:32:58","guid":{"rendered":"https:\/\/quantum.com.pl\/?post_type=product&#038;p=6312"},"modified":"2020-08-25T23:53:27","modified_gmt":"2020-08-25T21:53:27","slug":"super-radiator","status":"publish","type":"product","link":"https:\/\/quantum.com.pl\/pl\/product\/super-radiator\/","title":{"rendered":"Super-Radiator"},"content":{"rendered":"<h4>Super-Radiator: Wewn\u0119trzny System GPS Re-Radiator<\/h4>\n<p>&nbsp;<\/p>\n<p>System &#8222;Re-Radiator&#8221; Super-Radiator GPS to kompletna zewn\u0119trzna antena GPS &#8222;high gain&#8221; z mocowaniem na twardo i pasywna antena wewn\u0119trzna GPS &#8222;re-radiating&#8221; typu Helix. Wystarczy przymocowa\u0107 sta\u0142\u0105 anten\u0119 GPS na zewn\u0105trz, zamocowa\u0107 mniejsz\u0105 anten\u0119 GPS &#8222;re-radiating&#8221; wewn\u0105trz pomieszczenia za pomoc\u0105 \u015bruby lub do\u0142\u0105czonych przyssawek i pod\u0142\u0105czy\u0107 j\u0105 do 40-metrowego kabla sygna\u0142owego. Do\u0142\u0105czony zasilacz sieciowy zasila obydwa urz\u0105dzenia. Sygna\u0142y GPS mo\u017cna teraz odbiera\u0107 od 5 do 10 metr\u00f3w od anteny &#8222;re-radiating&#8221; \u2013 pozwala to na korzystanie z urz\u0105dze\u0144 GPS praktycznie w ka\u017cdym zamkni\u0119tym obszarze.<\/p>\n<p>Super-Radiator jest najcz\u0119\u015bciej stosowany w laboratoriach i podziemnych gara\u017cach lub innych budynkach wymagaj\u0105cych wewn\u0105trz sygna\u0142u GPS. Powszechne zastosowanie to hale przeciwpo\u017carowe, gdzie Super-Radiator dostarcza sygna\u0142 GPS do woz\u00f3w stra\u017cackich znajduj\u0105cych si\u0119 w gara\u017cu, skracaj\u0105c czas reakcji w momencie, kiedy wozy s\u0105 nagle potrzebne.<\/p>\n<h4>Zalety:<\/h4>\n<ul>\n<li>Odleg\u0142o\u015b\u0107 GPS &#8222;re-radiating&#8221; wynosi od 5 do 10 metr\u00f3w<\/li>\n<li>Jedna antena zewn\u0119trzna dla r\u00f3\u017cnych r\u0119cznych odbiornik\u00f3w GPS<\/li>\n<li>Niezale\u017cne \u017ar\u00f3d\u0142o zasilania<\/li>\n<li>Ponowne przesy\u0142anie sygna\u0142\u00f3w GPS do niedost\u0119pnej lokalizacji<\/li>\n<li>Antena zewn\u0119trzna: trwa\u0142y monta\u017c \u015brubowy<\/li>\n<li>Wewn\u0119trzny re-radiator: \u015bruby lub przyssawki<\/li>\n<\/ul>\n","protected":false},"excerpt":{"rendered":"<p>Zasi\u0119g 10 metr\u00f3w, Zewn\u0119trzne mocowanie \u015brubowe, Wewn\u0119trzne mocowanie ss\u0105ce, Zasilanie AC<\/p>\n","protected":false},"featured_media":10897,"template":"","meta":{"_acf_changed":false,"inline_featured_image":false,"_monsterinsights_skip_tracking":false,"_monsterinsights_sitenote_active":false,"_monsterinsights_sitenote_note":"","_monsterinsights_sitenote_category":0},"product_brand":[],"product_cat":[1613,922,929,789],"product_tag":[],"class_list":{"0":"post-6312","1":"product","2":"type-product","3":"status-publish","4":"has-post-thumbnail","6":"product_cat-akcesoria-peryferia","7":"product_cat-gps-i-siec-pl","8":"product_cat-re-radiators-pl","9":"product_cat-tri-m-pl","11":"first","12":"instock","13":"shipping-taxable","14":"product-type-simple"},"acf":[],"_links":{"self":[{"href":"https:\/\/quantum.com.pl\/pl\/wp-json\/wp\/v2\/product\/6312","targetHints":{"allow":["GET"]}}],"collection":[{"href":"https:\/\/quantum.com.pl\/pl\/wp-json\/wp\/v2\/product"}],"about":[{"href":"https:\/\/quantum.com.pl\/pl\/wp-json\/wp\/v2\/types\/product"}],"wp:featuredmedia":[{"embeddable":true,"href":"https:\/\/quantum.com.pl\/pl\/wp-json\/wp\/v2\/media\/10897"}],"wp:attachment":[{"href":"https:\/\/quantum.com.pl\/pl\/wp-json\/wp\/v2\/media?parent=6312"}],"wp:term":[{"taxonomy":"product_brand","embeddable":true,"href":"https:\/\/quantum.com.pl\/pl\/wp-json\/wp\/v2\/product_brand?post=6312"},{"taxonomy":"product_cat","embeddable":true,"href":"https:\/\/quantum.com.pl\/pl\/wp-json\/wp\/v2\/product_cat?post=6312"},{"taxonomy":"product_tag","embeddable":true,"href":"https:\/\/quantum.com.pl\/pl\/wp-json\/wp\/v2\/product_tag?post=6312"}],"curies":[{"name":"wp","href":"https:\/\/api.w.org\/{rel}","templated":true}]}}