{"id":6320,"date":"2019-11-27T13:05:42","date_gmt":"2019-11-27T12:05:42","guid":{"rendered":"https:\/\/quantum.com.pl\/?post_type=product&#038;p=6320"},"modified":"2020-08-25T23:53:28","modified_gmt":"2020-08-25T21:53:28","slug":"xtreme-radiator","status":"publish","type":"product","link":"https:\/\/quantum.com.pl\/pl\/product\/xtreme-radiator\/","title":{"rendered":"Xtreme-Radiator"},"content":{"rendered":"<h4>Xtreme-Radiator: Repeater L1 GPS\u00a0o rozszerzonym zasi\u0119gu<\/h4>\n<p>&nbsp;<\/p>\n<p>Xtreme-Radiator to ulepszona wersja Super-Radiatora marki Tri-M \u2013 to produkt o szerszym zasi\u0119gu sygna\u0142u, wynosz\u0105cym 30 metr\u00f3w. Ten doskona\u0142y zestaw GPS L1 z powtarzalnym sygna\u0142em pasmowym jest wyposa\u017cony w dwie anteny, kt\u00f3re re-transmituj\u0105 zewn\u0119trzny odbi\u00f3r satelitarny GPS w czasie rzeczywistym do \u015brodowiska wewn\u0119trznego.<\/p>\n<p>Zestawy systemowe, zaprojektowane do dzia\u0142ania jako ca\u0142o\u015b\u0107, sk\u0142adaj\u0105 si\u0119 z bardzo czu\u0142ej zewn\u0119trznej anteny GPS, precyzyjnie skalibrowanego obwodu wzmacniacza z wewn\u0119trzn\u0105 anten\u0105 &#8222;repeating&#8221; typu Helix i wbudowanego regulatora zasilania. System anteny wewn\u0119trznej typu Helix umo\u017cliwia wielu u\u017cytkownikom odbiornik\u00f3w GPS wykonywanie normalnej pracy odbiornika &#8222;on-the-fly&#8221; w zamkni\u0119tym otoczeniu, podczas gdy g\u0142\u00f3wna antena GPS jest zainstalowana w bezza\u0142ogowym miejscu na zewn\u0105trz.<\/p>\n<p>Xtreme-Radiator jest najcz\u0119\u015bciej stosowany w laboratoriach i podziemnych gara\u017cach lub innych budynkach wymagaj\u0105cych wewn\u0105trz sygna\u0142u GPS. Powszechne zastosowanie to hale przeciwpo\u017carowe, gdzie Xtreme-Radiator dostarcza sygna\u0142 GPS do woz\u00f3w stra\u017cackich znajduj\u0105cych si\u0119 w gara\u017cu, skracaj\u0105c czas reakcji w momencie, kiedy wozy s\u0105 nagle potrzebne.<\/p>\n<h4>Zalety:<\/h4>\n<ul>\n<li>Odleg\u0142o\u015b\u0107 sygna\u0142u GPS &#8222;repeating&#8221; wynosi oko\u0142o 30 metr\u00f3w<\/li>\n<li>Jedna antena zewn\u0119trzna dla r\u00f3\u017cnych r\u0119cznych odbiornik\u00f3w GPS<\/li>\n<li>Niezale\u017cne \u017ar\u00f3d\u0142o zasilania<\/li>\n<li>Re-transmisja sygna\u0142\u00f3w GPS do niedost\u0119pnej lokalizacji<\/li>\n<li>Antena zewn\u0119trzna: monta\u017c \u015brubowy<\/li>\n<li>Wewn\u0119trzny re-radiator: monta\u017c \u015brubowy lub przyssawkowy<\/li>\n<\/ul>\n","protected":false},"excerpt":{"rendered":"<p>Zasi\u0119g 30 metr\u00f3w, Zewn\u0119trzne mocowanie \u015brubowe, Wewn\u0119trzne mocowanie ss\u0105ce, Zasilanie AC<\/p>\n","protected":false},"featured_media":10897,"template":"","meta":{"_acf_changed":false,"inline_featured_image":false,"_monsterinsights_skip_tracking":false,"_monsterinsights_sitenote_active":false,"_monsterinsights_sitenote_note":"","_monsterinsights_sitenote_category":0},"product_brand":[],"product_cat":[1613,922,929,789],"product_tag":[],"class_list":{"0":"post-6320","1":"product","2":"type-product","3":"status-publish","4":"has-post-thumbnail","6":"product_cat-akcesoria-peryferia","7":"product_cat-gps-i-siec-pl","8":"product_cat-re-radiators-pl","9":"product_cat-tri-m-pl","11":"first","12":"instock","13":"shipping-taxable","14":"product-type-simple"},"acf":[],"_links":{"self":[{"href":"https:\/\/quantum.com.pl\/pl\/wp-json\/wp\/v2\/product\/6320","targetHints":{"allow":["GET"]}}],"collection":[{"href":"https:\/\/quantum.com.pl\/pl\/wp-json\/wp\/v2\/product"}],"about":[{"href":"https:\/\/quantum.com.pl\/pl\/wp-json\/wp\/v2\/types\/product"}],"wp:featuredmedia":[{"embeddable":true,"href":"https:\/\/quantum.com.pl\/pl\/wp-json\/wp\/v2\/media\/10897"}],"wp:attachment":[{"href":"https:\/\/quantum.com.pl\/pl\/wp-json\/wp\/v2\/media?parent=6320"}],"wp:term":[{"taxonomy":"product_brand","embeddable":true,"href":"https:\/\/quantum.com.pl\/pl\/wp-json\/wp\/v2\/product_brand?post=6320"},{"taxonomy":"product_cat","embeddable":true,"href":"https:\/\/quantum.com.pl\/pl\/wp-json\/wp\/v2\/product_cat?post=6320"},{"taxonomy":"product_tag","embeddable":true,"href":"https:\/\/quantum.com.pl\/pl\/wp-json\/wp\/v2\/product_tag?post=6320"}],"curies":[{"name":"wp","href":"https:\/\/api.w.org\/{rel}","templated":true}]}}