{"id":6328,"date":"2019-11-27T13:20:35","date_gmt":"2019-11-27T12:20:35","guid":{"rendered":"https:\/\/quantum.com.pl\/?post_type=product&#038;p=6328"},"modified":"2020-08-25T23:53:27","modified_gmt":"2020-08-25T21:53:27","slug":"vehicle-gps-repeater","status":"publish","type":"product","link":"https:\/\/quantum.com.pl\/pl\/product\/vehicle-gps-repeater\/","title":{"rendered":"Vehicle GPS Repeater"},"content":{"rendered":"<h4>Vehicle GPS Repeater: Zestaw repeatera GPS do pojazd\u00f3w<\/h4>\n<p>&nbsp;<\/p>\n<p><span style=\"font-weight: 400;\">Ten doskona\u0142y zestaw GPS L1 z powtarzalnym sygna\u0142em pasmowym jest wyposa\u017cony w dwie anteny, kt\u00f3re re-transmituj\u0105 zewn\u0119trzny odbi\u00f3r satelitarny GPS w czasie rzeczywistym do \u015brodowiska wewn\u0119trznego.<\/span> Wewn\u0119trzna antena &#8222;repeating&#8221; <span style=\"font-weight: 400;\">umo\u017cliwia wielu u\u017cytkownikom odbiornik\u00f3w GPS wykonywanie normalnej pracy odbiornika \u201eon-the-fly\u201d w zamkni\u0119tym otoczeniu, podczas gdy g\u0142\u00f3wna antena GPS jest zainstalowana na zewn\u0105trz.<\/span><\/p>\n<h4>Opis systemu:<\/h4>\n<p>Zestawy systemowe s\u0105 przeznaczone do dzia\u0142ania jako ca\u0142o\u015b\u0107 i zawieraj\u0105 zewn\u0119trzn\u0105 anten\u0119 GPS High Gain, precyzyjnie skalibrowany obw\u00f3d wzmacniacza z anten\u0105 wewn\u0119trzn\u0105 typu Helix i wbudowany regulator zasilania.<\/p>\n<h4>Zastosowanie\/zasi\u0119g:<\/h4>\n<p>Obw\u00f3d wewn\u0119trzny &#8222;re-radiating&#8221; z anten\u0105 typu Helix mo\u017ce obs\u0142ugiwa\u0107 dowolny typ odbiornik\u00f3w GPS wykorzystuj\u0105cych pasmo L1 o cz\u0119stotliwo\u015bci 1575.42 MHz. Mo\u017ce zapewnia\u0107 dobry odbi\u00f3r sygna\u0142u na odleg\u0142o\u015b\u0107 od 1 do 2 metr\u00f3w, w zale\u017cno\u015bci od ha\u0142asu w pomieszczeniu. Zazwyczaj zestawy te s\u0105 u\u017cywane w pojazdach, przede wszystkim w celu poprawy sygna\u0142u GPS w samochodzie lub ci\u0119\u017car\u00f3wce.<\/p>\n<h4>Zalety:<\/h4>\n<ul>\n<li>Zakres 1~2 metry GPS &#8222;re-radiating&#8221;<\/li>\n<li>Niski pob\u00f3r mocy: 30mA<\/li>\n<li>Magnetyczna antena dachowa<\/li>\n<li>Temperatura pracy: od -30\u00b0C do +85\u00b0C<\/li>\n<\/ul>\n<p>&nbsp;<\/p>\n","protected":false},"excerpt":{"rendered":"<p>Zasi\u0119g 1~2 metry, Zewn\u0119trzna antena magnetyczna, Wewn\u0119trzny Combine Repeater &amp; Zasilacz Cigar Plug<\/p>\n","protected":false},"featured_media":10895,"template":"","meta":{"_acf_changed":false,"inline_featured_image":false,"_monsterinsights_skip_tracking":false,"_monsterinsights_sitenote_active":false,"_monsterinsights_sitenote_note":"","_monsterinsights_sitenote_category":0},"product_brand":[],"product_cat":[1613,922,929,789],"product_tag":[],"class_list":{"0":"post-6328","1":"product","2":"type-product","3":"status-publish","4":"has-post-thumbnail","6":"product_cat-akcesoria-peryferia","7":"product_cat-gps-i-siec-pl","8":"product_cat-re-radiators-pl","9":"product_cat-tri-m-pl","11":"first","12":"instock","13":"shipping-taxable","14":"product-type-simple"},"acf":[],"_links":{"self":[{"href":"https:\/\/quantum.com.pl\/pl\/wp-json\/wp\/v2\/product\/6328","targetHints":{"allow":["GET"]}}],"collection":[{"href":"https:\/\/quantum.com.pl\/pl\/wp-json\/wp\/v2\/product"}],"about":[{"href":"https:\/\/quantum.com.pl\/pl\/wp-json\/wp\/v2\/types\/product"}],"wp:featuredmedia":[{"embeddable":true,"href":"https:\/\/quantum.com.pl\/pl\/wp-json\/wp\/v2\/media\/10895"}],"wp:attachment":[{"href":"https:\/\/quantum.com.pl\/pl\/wp-json\/wp\/v2\/media?parent=6328"}],"wp:term":[{"taxonomy":"product_brand","embeddable":true,"href":"https:\/\/quantum.com.pl\/pl\/wp-json\/wp\/v2\/product_brand?post=6328"},{"taxonomy":"product_cat","embeddable":true,"href":"https:\/\/quantum.com.pl\/pl\/wp-json\/wp\/v2\/product_cat?post=6328"},{"taxonomy":"product_tag","embeddable":true,"href":"https:\/\/quantum.com.pl\/pl\/wp-json\/wp\/v2\/product_tag?post=6328"}],"curies":[{"name":"wp","href":"https:\/\/api.w.org\/{rel}","templated":true}]}}