{"id":6333,"date":"2019-11-27T13:53:00","date_gmt":"2019-11-27T12:53:00","guid":{"rendered":"https:\/\/quantum.com.pl\/?post_type=product&#038;p=6333"},"modified":"2020-08-25T23:56:35","modified_gmt":"2020-08-25T21:56:35","slug":"hecs1000","status":"publish","type":"product","link":"https:\/\/quantum.com.pl\/pl\/product\/hecs1000\/","title":{"rendered":"HECS1000"},"content":{"rendered":"<h4>HECS1000: rozwi\u0105zanie systemowe dla nieprzyjaznego \u015brodowiska<\/h4>\n<p>&nbsp;<\/p>\n<p>HECS to trwa\u0142y i solidny system procesor\u00f3w idealny do aplikacji danych i koncentracji. To rozwi\u0105zanie systemowe o niskiej mocy wykorzystuje ponad 20 lat do\u015bwiadczenia firmy Tri-M w budowaniu i dostarczaniu rozwi\u0105za\u0144 PC\/104. Odporny na wstrz\u0105sy, wibracje i temperatur\u0119, HECS spe\u0142nia wszystkie twoje potrzeby przemys\u0142owe.<\/p>\n<h4>Akcesoria i opcje:<\/h4>\n<ul>\n<li>Zasilacz Mil Std 1275<\/li>\n<li>UPS<\/li>\n<li>Linux O\/S<\/li>\n<li>GPS<\/li>\n<li>WiFi<\/li>\n<li>Obudowa<\/li>\n<li>Niestandardowe za\u015blepki<\/li>\n<li>Niestandardowe z\u0142\u0105cza<\/li>\n<\/ul>\n<h4>CPU:<\/h4>\n<ul>\n<li>Vortex86DX-800Mhz<\/li>\n<li>Compact Flash Socket Typ 1<\/li>\n<li>512MB DDR2 RAM<\/li>\n<\/ul>\n<h4>Komunikacja:<\/h4>\n<ul>\n<li>4 porty RS232<\/li>\n<li>1 izolowany port RS485<\/li>\n<li>2 izolowane CANbus, (sterownik SJA1000)<\/li>\n<li>2 Multi-Tech Universal Sockets<\/li>\n<li>5 izolowanych port\u00f3w LED<\/li>\n<\/ul>\n<h4>Zasilanie:<\/h4>\n<ul>\n<li>Przej\u015bciowa ochrona<\/li>\n<li>Ochrona przed odwrotn\u0105 polaryzacj\u0105<\/li>\n<li>Zakres wej\u015bciowy 6VDC &#8211; 40VDC<\/li>\n<\/ul>\n<h4>Wydajno\u015b\u0107 systemowa:<\/h4>\n<ul>\n<li>Pob\u00f3r mocy poni\u017cej 5W<\/li>\n<li>Modu\u0142y przetestowane zgodnie z Mil Std 810<\/li>\n<li>Odporno\u015b\u0107 na wstrz\u0105sy i wibracje<\/li>\n<li>Temperatura pracy: -40 do 85<\/li>\n<\/ul>\n","protected":false},"excerpt":{"rendered":"<p>HECS to trwa\u0142y i solidny system procesor\u00f3w idealny do aplikacji danych i koncentracji.<\/p>\n","protected":false},"featured_media":10905,"template":"","meta":{"_acf_changed":false,"inline_featured_image":false,"_monsterinsights_skip_tracking":false,"_monsterinsights_sitenote_active":false,"_monsterinsights_sitenote_note":"","_monsterinsights_sitenote_category":0},"product_brand":[],"product_cat":[950,1615,789],"product_tag":[],"class_list":{"0":"post-6333","1":"product","2":"type-product","3":"status-publish","4":"has-post-thumbnail","6":"product_cat-kompletne-rozwiazania-systemowe-pl","7":"product_cat-komputery-przemyslowe-2","8":"product_cat-tri-m-pl","10":"first","11":"instock","12":"shipping-taxable","13":"product-type-simple"},"acf":[],"_links":{"self":[{"href":"https:\/\/quantum.com.pl\/pl\/wp-json\/wp\/v2\/product\/6333","targetHints":{"allow":["GET"]}}],"collection":[{"href":"https:\/\/quantum.com.pl\/pl\/wp-json\/wp\/v2\/product"}],"about":[{"href":"https:\/\/quantum.com.pl\/pl\/wp-json\/wp\/v2\/types\/product"}],"wp:featuredmedia":[{"embeddable":true,"href":"https:\/\/quantum.com.pl\/pl\/wp-json\/wp\/v2\/media\/10905"}],"wp:attachment":[{"href":"https:\/\/quantum.com.pl\/pl\/wp-json\/wp\/v2\/media?parent=6333"}],"wp:term":[{"taxonomy":"product_brand","embeddable":true,"href":"https:\/\/quantum.com.pl\/pl\/wp-json\/wp\/v2\/product_brand?post=6333"},{"taxonomy":"product_cat","embeddable":true,"href":"https:\/\/quantum.com.pl\/pl\/wp-json\/wp\/v2\/product_cat?post=6333"},{"taxonomy":"product_tag","embeddable":true,"href":"https:\/\/quantum.com.pl\/pl\/wp-json\/wp\/v2\/product_tag?post=6333"}],"curies":[{"name":"wp","href":"https:\/\/api.w.org\/{rel}","templated":true}]}}