{"id":6342,"date":"2019-11-27T14:15:39","date_gmt":"2019-11-27T13:15:39","guid":{"rendered":"https:\/\/quantum.com.pl\/?post_type=product&#038;p=6342"},"modified":"2020-08-26T00:03:02","modified_gmt":"2020-08-25T22:03:02","slug":"pc104-t","status":"publish","type":"product","link":"https:\/\/quantum.com.pl\/pl\/product\/pc104-t\/","title":{"rendered":"PC104-T"},"content":{"rendered":"<p>Terminacja AC zapewnia zwi\u0119kszon\u0105 odporno\u015b\u0107 na zak\u0142\u00f3cenia w aplikacjach mobilnych PC\/104, poniewa\u017c EMI, skoki napi\u0119cia i inne \u017ar\u00f3d\u0142a ha\u0142asu mog\u0105 zak\u0142\u00f3ca\u0107 prawid\u0142owe dzia\u0142anie magistrali i uszkodzi\u0107 przesy\u0142anie danych. Prezentowana p\u0142yta terminacji AC pod\u0142\u0105cza si\u0119 do ko\u0144ca stosu PC\/104, aby wyciszy\u0107 sygna\u0142y magistrali i zwi\u0119kszy\u0107 integralno\u015b\u0107 systemu bardziej skutecznie ni\u017c prosta terminacja rezystancyjna. PC104-T mo\u017ce by\u0107 u\u017cywany z dowolnym systemem PC\/104, z modu\u0142em zasilaj\u0105cym PC\/104 lub bez niego. Przy zamawianiu modu\u0142\u00f3w zasilaj\u0105cych HE104, nale\u017cy zam\u00f3wi\u0107 opcj\u0119-T, a komponenty terminacji magistrali zostan\u0105 zamontowane bezpo\u015brednio na module p\u0142ytki, bez zajmowania dodatkowej wysoko\u015bci na stosie PC\/104.<\/p>\n<h4>Zalety:<\/h4>\n<ul>\n<li>Poprawa jako\u015bci sygna\u0142u na magistrali PC\/104<\/li>\n<li>Mo\u017cliwo\u015b\u0107 pod\u0142\u0105czenia do dowolnego komputera PC\/104 lub wbudowania w modu\u0142y<\/li>\n<li>Sygna\u0142 magistrali PC\/104 zako\u0144czony sieci\u0105 47R i 47P RC<\/li>\n<li>Sygna\u0142y s\u0105 zako\u0144czone dyskretnymi komponentami: TC C1 (330pF)<\/li>\n<li>Reset C20 (330pF)<\/li>\n<li>Kompaktowo\u015b\u0107, 3.55&#8243; x 1.15&#8243;<\/li>\n<li>Waga: 0,99 uncji \/ 28,15 g<\/li>\n<\/ul>\n<h4>Specyfikacja:<\/h4>\n<ul>\n<li>Wymiary: 3.550&#8243; x 1.15&#8243;<\/li>\n<li>Waga: 28.15g<\/li>\n<li>Temperatura pracy: -40 do +85\u00b0C<\/li>\n<li>Wilgotno\u015b\u0107: 5% do 95% (bez kondensacji)<\/li>\n<li>Zgodno\u015b\u0107 z ROHS<\/li>\n<\/ul>\n","protected":false},"excerpt":{"rendered":"<p>16-bitowy modu\u0142 terminacji AC dla magistrali PC104<\/p>\n","protected":false},"featured_media":10986,"template":"","meta":{"_acf_changed":false,"inline_featured_image":false,"_monsterinsights_skip_tracking":false,"_monsterinsights_sitenote_active":false,"_monsterinsights_sitenote_note":"","_monsterinsights_sitenote_category":0},"product_brand":[],"product_cat":[1613,953,789],"product_tag":[],"class_list":{"0":"post-6342","1":"product","2":"type-product","3":"status-publish","4":"has-post-thumbnail","6":"product_cat-akcesoria-peryferia","7":"product_cat-produkty-wspierajace-i-akcesoria-pl","8":"product_cat-tri-m-pl","10":"first","11":"instock","12":"shipping-taxable","13":"product-type-simple"},"acf":[],"_links":{"self":[{"href":"https:\/\/quantum.com.pl\/pl\/wp-json\/wp\/v2\/product\/6342","targetHints":{"allow":["GET"]}}],"collection":[{"href":"https:\/\/quantum.com.pl\/pl\/wp-json\/wp\/v2\/product"}],"about":[{"href":"https:\/\/quantum.com.pl\/pl\/wp-json\/wp\/v2\/types\/product"}],"wp:featuredmedia":[{"embeddable":true,"href":"https:\/\/quantum.com.pl\/pl\/wp-json\/wp\/v2\/media\/10986"}],"wp:attachment":[{"href":"https:\/\/quantum.com.pl\/pl\/wp-json\/wp\/v2\/media?parent=6342"}],"wp:term":[{"taxonomy":"product_brand","embeddable":true,"href":"https:\/\/quantum.com.pl\/pl\/wp-json\/wp\/v2\/product_brand?post=6342"},{"taxonomy":"product_cat","embeddable":true,"href":"https:\/\/quantum.com.pl\/pl\/wp-json\/wp\/v2\/product_cat?post=6342"},{"taxonomy":"product_tag","embeddable":true,"href":"https:\/\/quantum.com.pl\/pl\/wp-json\/wp\/v2\/product_tag?post=6342"}],"curies":[{"name":"wp","href":"https:\/\/api.w.org\/{rel}","templated":true}]}}