{"id":6350,"date":"2019-11-28T10:20:20","date_gmt":"2019-11-28T09:20:20","guid":{"rendered":"https:\/\/quantum.com.pl\/?post_type=product&#038;p=6350"},"modified":"2020-08-26T00:03:03","modified_gmt":"2020-08-25T22:03:03","slug":"extract104","status":"publish","type":"product","link":"https:\/\/quantum.com.pl\/pl\/product\/extract104\/","title":{"rendered":"Extract104"},"content":{"rendered":"<p>Sfrustrowany wygi\u0119tymi lub uszkodzonymi pinami headera? EXTRACT104 to ekonomiczne i \u0142atwe w u\u017cyciu narz\u0119dzie zaprojektowane do szybkiego i profesjonalnego oddzielenia modu\u0142\u00f3w PC\/104 i PC\/104+ od stosu lub sprz\u0119tu testowego. Wystarczy ustawi\u0107 narz\u0119dzie na kraw\u0119dzi z\u0142\u0105cza i \u015bcisn\u0105\u0107; piny PC\/104 s\u0105 p\u0142ynnie wyci\u0105gane z s\u0105siedniego gniazda PC\/104. To wytrzyma\u0142e, niklowane urz\u0105dzenie stalowe jest niezb\u0119dnym wyposa\u017ceniem do wszystkich stanowisk testowych, naprawczych i produkcyjnych.<\/p>\n<h4>Zalety:<\/h4>\n<ul>\n<li>Wytrzyma\u0142a niklowana stal<\/li>\n<li>Szybkie i wydajne rozdzielanie p\u0142yt PC\/104 i PC\/104+<\/li>\n<li>Idealny do zastosowa\u0144 programistycznych i produkcyjnych<\/li>\n<li>Oddziela modu\u0142y PC\/104 od komputer\u00f3w jednop\u0142ytkowych<\/li>\n<\/ul>\n","protected":false},"excerpt":{"rendered":"<p>Sfrustrowany wygi\u0119tymi lub uszkodzonymi pinami headera? EXTRACT104 to ekonomiczne i \u0142atwe w u\u017cyciu narz\u0119dzie zaprojektowane do szybkiego i profesjonalnego oddzielenia modu\u0142\u00f3w PC\/104 i PC\/104+ od stosu lub sprz\u0119tu testowego.<\/p>\n","protected":false},"featured_media":10980,"template":"","meta":{"_acf_changed":false,"inline_featured_image":false,"_monsterinsights_skip_tracking":false,"_monsterinsights_sitenote_active":false,"_monsterinsights_sitenote_note":"","_monsterinsights_sitenote_category":0},"product_brand":[],"product_cat":[1613,953,789],"product_tag":[],"class_list":{"0":"post-6350","1":"product","2":"type-product","3":"status-publish","4":"has-post-thumbnail","6":"product_cat-akcesoria-peryferia","7":"product_cat-produkty-wspierajace-i-akcesoria-pl","8":"product_cat-tri-m-pl","10":"first","11":"instock","12":"shipping-taxable","13":"product-type-simple"},"acf":[],"_links":{"self":[{"href":"https:\/\/quantum.com.pl\/pl\/wp-json\/wp\/v2\/product\/6350","targetHints":{"allow":["GET"]}}],"collection":[{"href":"https:\/\/quantum.com.pl\/pl\/wp-json\/wp\/v2\/product"}],"about":[{"href":"https:\/\/quantum.com.pl\/pl\/wp-json\/wp\/v2\/types\/product"}],"wp:featuredmedia":[{"embeddable":true,"href":"https:\/\/quantum.com.pl\/pl\/wp-json\/wp\/v2\/media\/10980"}],"wp:attachment":[{"href":"https:\/\/quantum.com.pl\/pl\/wp-json\/wp\/v2\/media?parent=6350"}],"wp:term":[{"taxonomy":"product_brand","embeddable":true,"href":"https:\/\/quantum.com.pl\/pl\/wp-json\/wp\/v2\/product_brand?post=6350"},{"taxonomy":"product_cat","embeddable":true,"href":"https:\/\/quantum.com.pl\/pl\/wp-json\/wp\/v2\/product_cat?post=6350"},{"taxonomy":"product_tag","embeddable":true,"href":"https:\/\/quantum.com.pl\/pl\/wp-json\/wp\/v2\/product_tag?post=6350"}],"curies":[{"name":"wp","href":"https:\/\/api.w.org\/{rel}","templated":true}]}}